{"id":1408,"date":"2025-08-23T07:09:57","date_gmt":"2025-08-23T07:09:57","guid":{"rendered":"https:\/\/sinobreaker.com\/?post_type=product&#038;p=1408"},"modified":"2025-08-25T10:02:12","modified_gmt":"2025-08-25T10:02:12","slug":"ht-15-boite-de-distribution-etanche","status":"publish","type":"product","link":"https:\/\/sinobreaker.com\/fr\/products\/ht-15-waterproof-distribution-box\/","title":{"rendered":"Bo\u00eete de distribution \u00e9tanche HT-15"},"content":{"rendered":"<style>\n  .product-section h2{font-size:1.6em;margin-top:1.2em;margin-bottom:0.6em;color:#0f172a}<br \/>\n  .product-section p{font-size:1.1em;line-height:1.7em;color:#1e293b}<br \/>\n  .product-section table{width:100%;border-collapse:collapse;margin:1em 0;font-size:1.05em}<br \/>\n  .product-section table th,.product-section table td{border:1px solid #cfcfcf;padding:10px 14px;text-align:left}<br \/>\n  .product-section table th{background:#f8fafc;font-weight:bold}<br \/>\n  .product-section details{margin:.5em 0;font-size:1.05em}<br \/>\n<\/style>\n<div class=\"product-section\">\n<h2>Vue d'ensemble<\/h2>\n<p>Le <strong>Bo\u00eete de distribution \u00e9tanche HT-15<\/strong> fournit <strong>15 circuits<\/strong> dans un bo\u00eetier durable avec un<br \/>\n<strong>couvercle \u00e0 charni\u00e8re \u00e0 ouverture lat\u00e9rale<\/strong>. Construit avec un <strong>Base en ABS<\/strong> et <strong>Couvercle transparent en PC<\/strong>,<br \/>\nle bo\u00eetier offre une r\u00e9sistance aux chocs et une durabilit\u00e9 \u00e0 long terme. Caract\u00e9ristiques <strong>IP65<\/strong>Il assure une protection contre la poussi\u00e8re<br \/>\net l'eau, ce qui permet de l'utiliser aussi bien \u00e0 l'int\u00e9rieur qu'\u00e0 l'ext\u00e9rieur. Structure renforc\u00e9e de la boucle de verrouillage, borne en cuivre<br \/>\n(essai au fil chaud \u00e0 960 \u00b0C), et les d\u00e9bouchures \u00e0 anneaux multiples am\u00e9liorent la s\u00e9curit\u00e9 et la commodit\u00e9 de l'installation. Pour l'ensemble des<br \/>\nvoir la s\u00e9rie <a href=\"\/fr\/produits\/boite-de-distribution-etanche\/\">S\u00e9rie de bo\u00eetes de distribution \u00e9tanches<\/a>.<\/p>\n<p>Le <strong>Bo\u00eete de distribution \u00e9tanche HT-15<\/strong> peut \u00eatre \u00e9quip\u00e9 de<br \/>\n<a href=\"\/fr\/produits\/fusible-cc\/\">Fusible DC<\/a>, <a href=\"\/fr\/produits\/dc-spd\/\">Dispositif de protection contre les surtensions (SPD)<\/a>,<br \/>\n<a href=\"\/fr\/produits\/interrupteur-sectionneur-c-c\/\">Interrupteur D\u00e9connecteur<\/a>ou<br \/>\n<a href=\"\/fr\/produits\/dc-circuit-breaker\/\">Disjoncteur DC<\/a>Le syst\u00e8me d'alimentation en eau de l'usine de traitement de l'eau permet des applications dans des b\u00e2timents r\u00e9sidentiels et commerciaux de plus grande taille,<br \/>\net <a href=\"\/fr\/solutions\/boite-de-raccordement-pv\/\">Solutions de bo\u00eetiers combin\u00e9s PV<\/a>.<\/p>\n<h2 id=\"specification\">Sp\u00e9cification du bo\u00eetier de distribution \u00e9tanche HT-15<\/h2>\n<table>\n<thead>\n<tr>\n<th>Param\u00e8tres<\/th>\n<th>Valeur<\/th>\n<\/tr>\n<\/thead>\n<tbody>\n<tr>\n<td>Mod\u00e8le<\/td>\n<td>HT-15<\/td>\n<\/tr>\n<tr>\n<td>Nombre de circuits<\/td>\n<td>15 voies (rang\u00e9e unique)<\/td>\n<\/tr>\n<tr>\n<td>Dimensions globales (L\u00d7L\u00d7H)<\/td>\n<td>280 \u00d7 225 \u00d7 110 mm<\/td>\n<\/tr>\n<tr>\n<td>Z\u00e9ro \/ trous dans la rang\u00e9e du sol<\/td>\n<td>Rang\u00e9e z\u00e9ro : 10 trous \/ Rang\u00e9e de terre : 10 trous<\/td>\n<\/tr>\n<tr>\n<td>Indice de protection<\/td>\n<td>IP65 - voir <a href=\"https:\/\/en.wikipedia.org\/wiki\/IP_Code\" target=\"_blank\" rel=\"noopener\">Code IP<\/a> \/<br \/>\n<a href=\"https:\/\/www.iec.ch\/standards\" target=\"_blank\" rel=\"noopener\">IEC 60529<\/a><\/td>\n<\/tr>\n<tr>\n<td>Mat\u00e9riau<\/td>\n<td>Base et cadre en ABS ; couvercle transparent en PC<\/td>\n<\/tr>\n<tr>\n<td>Taille de la bo\u00eete ext\u00e9rieure (L\u00d7L\u00d7H)<\/td>\n<td>600 \u00d7 440 \u00d7 560 mm<\/td>\n<\/tr>\n<tr>\n<td>Poids brut (bo\u00eete enti\u00e8re)<\/td>\n<td>21,0 kg<\/td>\n<\/tr>\n<tr>\n<td>Quantit\u00e9 d'emballage<\/td>\n<td>16 pi\u00e8ces<\/td>\n<\/tr>\n<tr>\n<td>Type d'ouverture<\/td>\n<td>Ouverture lat\u00e9rale (couvercle \u00e0 charni\u00e8re &gt;115\u00b0)<\/td>\n<\/tr>\n<tr>\n<td>Caract\u00e9ristiques structurelles<\/td>\n<td>Structure \u00e0 boucle de verrouillage ; couvercle \u00e0 charni\u00e8re ; assemblage de bornes en cuivre ; d\u00e9flecteur de circuit ; d\u00e9bouchures \u00e0 anneaux multiples<\/td>\n<\/tr>\n<tr>\n<td>Normes<\/td>\n<td>GB\/T 17466.1 ; GB\/T 17466.24 ; IEC 60529 (IP65)<\/td>\n<\/tr>\n<\/tbody>\n<\/table>\n<h2 id=\"diagram\">Sch\u00e9ma<\/h2>\n<p>Vous trouverez ci-dessous le sch\u00e9ma d'installation du <strong>Bo\u00eete de distribution \u00e9tanche HT-15<\/strong> (avant \/ c\u00f4t\u00e9 \/ arri\u00e8re).<br \/>\n<img loading=\"lazy\" decoding=\"async\" class=\"alignnone  wp-image-1410\" src=\"https:\/\/sinobreaker.com\/wp-content\/uploads\/2025\/08\/HT-15D-300x185.png\" alt=\"Sch\u00e9ma du bo\u00eetier de distribution \u00e9tanche HT-15\" width=\"688\" height=\"424\" srcset=\"https:\/\/sinobreaker.com\/wp-content\/uploads\/2025\/08\/HT-15D-300x185.png 300w, https:\/\/sinobreaker.com\/wp-content\/uploads\/2025\/08\/HT-15D-768x474.png 768w, https:\/\/sinobreaker.com\/wp-content\/uploads\/2025\/08\/HT-15D-600x371.png 600w, https:\/\/sinobreaker.com\/wp-content\/uploads\/2025\/08\/HT-15D.png 824w\" sizes=\"auto, (max-width: 688px) 100vw, 688px\" \/><\/p>\n<h2 id=\"faq\">FAQ<\/h2>\n<details>\n<summary>Quelles sont les dimensions globales du bo\u00eetier de distribution \u00e9tanche HT-15 ?<\/summary>\n<div>280 \u00d7 225 \u00d7 110 mm (L\u00d7L\u00d7H).<\/div>\n<\/details>\n<details>\n<summary>Combien de circuits le HT-15 prend-il en charge ?<\/summary>\n<div>Le HT-15 prend en charge 15 circuits dans une disposition \u00e0 une rang\u00e9e. Rang\u00e9e z\u00e9ro : 10 trous ; rang\u00e9e de terre : 10 trous.<\/div>\n<\/details>\n<details>\n<summary>Le HT-15 est-il adapt\u00e9 aux applications ext\u00e9rieures ?<\/summary>\n<div>Oui. <strong>Bo\u00eete de distribution \u00e9tanche HT-15<\/strong> est conforme \u00e0 la norme IP65 et convient aux applications int\u00e9rieures et ext\u00e9rieures<br \/>\n(r\u00e9f\u00e9rence : <a href=\"https:\/\/en.wikipedia.org\/wiki\/IP_Code\" target=\"_blank\" rel=\"noopener\">Code IP<\/a> \/<br \/>\n<a href=\"https:\/\/www.iec.ch\/standards\" target=\"_blank\" rel=\"noopener\">IEC 60529<\/a>).<\/div>\n<\/details>\n<details>\n<summary>Le HT-15 peut-il \u00eatre configur\u00e9 comme une bo\u00eete de raccordement PV ?<\/summary>\n<div>Oui. Lorsqu'il est \u00e9quip\u00e9 d'un <a href=\"\/fr\/produits\/fusible-cc\/\">Fusible DC<\/a>,<br \/>\n<a href=\"\/fr\/produits\/dc-spd\/\">Dispositif de protection contre les surtensions (SPD)<\/a>et un<br \/>\n<a href=\"\/fr\/produits\/interrupteur-sectionneur-c-c\/\">Interrupteur DC D\u00e9connecteur<\/a> ou<br \/>\n<a href=\"\/fr\/produits\/dc-circuit-breaker\/\">Disjoncteur DC<\/a>Le HT-15 peut \u00eatre utilis\u00e9 comme solution de combinaison photovolta\u00efque.<\/div>\n<\/details>\n<\/div>","protected":false},"excerpt":{"rendered":"<ul data-start=\"110\" data-end=\"466\">\n<li data-start=\"110\" data-end=\"226\">\n<p data-start=\"112\" data-end=\"226\"><strong data-start=\"112\" data-end=\"150\">Bo\u00eete de distribution \u00e9tanche \u00e0 15 voies<\/strong> avec <strong data-start=\"156\" data-end=\"185\">couvercle \u00e0 charni\u00e8re \u00e0 ouverture lat\u00e9rale<\/strong> pour faciliter le c\u00e2blage et l'entretien.<\/p>\n<\/li>\n<li data-start=\"227\" data-end=\"348\">\n<p data-start=\"229\" data-end=\"348\"><strong data-start=\"229\" data-end=\"264\">Base en ABS + couvercle transparent en PC<\/strong>Boucle de verrouillage renforc\u00e9e, class\u00e9e <strong data-start=\"296\" data-end=\"304\">IP65<\/strong> pour une fiabilit\u00e9 \u00e0 l'\u00e9preuve de la poussi\u00e8re et de l'eau.<\/p>\n<\/li>\n<li data-start=\"349\" data-end=\"466\">\n<p data-start=\"351\" data-end=\"466\">Id\u00e9al pour les habitations, les commerces et les <strong data-start=\"390\" data-end=\"409\">Bo\u00eete de raccordement PV<\/strong> applications avec fusible, SPD, sectionneur ou disjoncteur.<\/p>\n<\/li>\n<\/ul>","protected":false},"featured_media":1409,"comment_status":"open","ping_status":"closed","template":"","meta":[],"product_brand":[],"product_cat":[29],"product_tag":[],"class_list":{"0":"post-1408","1":"product","2":"type-product","3":"status-publish","4":"has-post-thumbnail","6":"product_cat-waterproof-distribution-box","8":"first","9":"instock","10":"shipping-taxable","11":"product-type-simple"},"_links":{"self":[{"href":"https:\/\/sinobreaker.com\/fr\/wp-json\/wp\/v2\/product\/1408","targetHints":{"allow":["GET"]}}],"collection":[{"href":"https:\/\/sinobreaker.com\/fr\/wp-json\/wp\/v2\/product"}],"about":[{"href":"https:\/\/sinobreaker.com\/fr\/wp-json\/wp\/v2\/types\/product"}],"replies":[{"embeddable":true,"href":"https:\/\/sinobreaker.com\/fr\/wp-json\/wp\/v2\/comments?post=1408"}],"wp:featuredmedia":[{"embeddable":true,"href":"https:\/\/sinobreaker.com\/fr\/wp-json\/wp\/v2\/media\/1409"}],"wp:attachment":[{"href":"https:\/\/sinobreaker.com\/fr\/wp-json\/wp\/v2\/media?parent=1408"}],"wp:term":[{"taxonomy":"product_brand","embeddable":true,"href":"https:\/\/sinobreaker.com\/fr\/wp-json\/wp\/v2\/product_brand?post=1408"},{"taxonomy":"product_cat","embeddable":true,"href":"https:\/\/sinobreaker.com\/fr\/wp-json\/wp\/v2\/product_cat?post=1408"},{"taxonomy":"product_tag","embeddable":true,"href":"https:\/\/sinobreaker.com\/fr\/wp-json\/wp\/v2\/product_tag?post=1408"}],"curies":[{"name":"wp","href":"https:\/\/api.w.org\/{rel}","templated":true}]}}