{"id":1414,"date":"2025-08-23T07:17:14","date_gmt":"2025-08-23T07:17:14","guid":{"rendered":"https:\/\/sinobreaker.com\/?post_type=product&#038;p=1414"},"modified":"2025-08-23T07:17:14","modified_gmt":"2025-08-23T07:17:14","slug":"ht-24-boite-de-distribution-etanche","status":"publish","type":"product","link":"https:\/\/sinobreaker.com\/fr\/products\/ht-24-waterproof-distribution-box\/","title":{"rendered":"Bo\u00eete de distribution \u00e9tanche HT-24"},"content":{"rendered":"<style>\n  .product-section h2{font-size:1.6em;margin-top:1.2em;margin-bottom:0.6em;color:#0f172a}<br \/>\n  .product-section p{font-size:1.1em;line-height:1.7em;color:#1e293b}<br \/>\n  .product-section table{width:100%;border-collapse:collapse;margin:1em 0;font-size:1.05em}<br \/>\n  .product-section table th,.product-section table td{border:1px solid #cfcfcf;padding:10px 14px;text-align:left}<br \/>\n  .product-section table th{background:#f8fafc;font-weight:bold}<br \/>\n  .product-section details{margin:.5em 0;font-size:1.05em}<br \/>\n<\/style>\n<div class=\"product-section\">\n<h2>Vue d'ensemble<\/h2>\n<p>Le <strong>Bo\u00eete de distribution \u00e9tanche HT-24<\/strong> offre une solution de grande capacit\u00e9 avec <strong>24 circuits<\/strong><br \/>\ndans un design \u00e0 une seule rang\u00e9e. Dot\u00e9 d'un <strong>couvercle \u00e0 charni\u00e8re \u00e0 ouverture lat\u00e9rale<\/strong>Il permet d'acc\u00e9der facilement au c\u00e2blage,<br \/>\nl'entretien et l'inspection. Construit avec un <strong>Base en ABS<\/strong> et <strong>Couvercle transparent en PC<\/strong>, l'enceinte<br \/>\noffre une robustesse, une r\u00e9sistance aux chocs et une durabilit\u00e9 \u00e0 long terme. Ses <strong>Indice de protection IP65<\/strong> assure une \u00e9tanch\u00e9it\u00e9 totale<br \/>\net \u00e0 l'\u00e9preuve de la poussi\u00e8re. Les caract\u00e9ristiques suppl\u00e9mentaires comprennent des boucles de verrouillage renforc\u00e9es, des d\u00e9bouchures \u00e0 anneaux multiples, un assemblage de bornes en cuivre.<br \/>\ntest\u00e9 \u00e0 960 \u00b0C, et des vis de cadre anti-desserrage. Pour une gamme compl\u00e8te d'options, visitez le site<br \/>\n<a href=\"\/fr\/produits\/boite-de-distribution-etanche\/\">S\u00e9rie de bo\u00eetes de distribution \u00e9tanches<\/a>.<\/p>\n<p>Le <strong>Bo\u00eete de distribution \u00e9tanche HT-24<\/strong> peut \u00eatre configur\u00e9 avec<br \/>\n<a href=\"\/fr\/produits\/fusible-cc\/\">Fusible DC<\/a>, <a href=\"\/fr\/produits\/dc-spd\/\">Dispositif de protection contre les surtensions (SPD)<\/a>,<br \/>\n<a href=\"\/fr\/produits\/interrupteur-sectionneur-c-c\/\">Interrupteur D\u00e9connecteur<\/a>ou<br \/>\n<a href=\"\/fr\/produits\/dc-circuit-breaker\/\">Disjoncteur DC<\/a>. Il convient \u00e0 la distribution \u00e9lectrique \u00e0 grande \u00e9chelle<br \/>\ndans les secteurs r\u00e9sidentiel, commercial et <a href=\"\/fr\/solutions\/boite-de-raccordement-pv\/\">Syst\u00e8mes de couplage PV<\/a>.<\/p>\n<h2 id=\"specification\">Sp\u00e9cification du bo\u00eetier de distribution \u00e9tanche HT-24<\/h2>\n<table>\n<thead>\n<tr>\n<th>Param\u00e8tres<\/th>\n<th>Valeur<\/th>\n<\/tr>\n<\/thead>\n<tbody>\n<tr>\n<td>Mod\u00e8le<\/td>\n<td>HT-24<\/td>\n<\/tr>\n<tr>\n<td>Nombre de circuits<\/td>\n<td>24 voies (rang\u00e9e unique)<\/td>\n<\/tr>\n<tr>\n<td>Dimensions globales (L\u00d7L\u00d7H)<\/td>\n<td>380 \u00d7 225 \u00d7 110 mm<\/td>\n<\/tr>\n<tr>\n<td>Z\u00e9ro \/ trous dans la rang\u00e9e du sol<\/td>\n<td>Rang\u00e9e z\u00e9ro : 16 trous \/ Rang\u00e9e de terre : 16 trous<\/td>\n<\/tr>\n<tr>\n<td>Indice de protection<\/td>\n<td>IP65 - voir <a href=\"https:\/\/en.wikipedia.org\/wiki\/IP_Code\" target=\"_blank\" rel=\"noopener\">Code IP<\/a> \/<br \/>\n<a href=\"https:\/\/www.iec.ch\/standards\" target=\"_blank\" rel=\"noopener\">IEC 60529<\/a><\/td>\n<\/tr>\n<tr>\n<td>Mat\u00e9riau<\/td>\n<td>Base et cadre en ABS ; couvercle transparent en PC<\/td>\n<\/tr>\n<tr>\n<td>Taille de la bo\u00eete ext\u00e9rieure (L\u00d7L\u00d7H)<\/td>\n<td>640 \u00d7 500 \u00d7 640 mm<\/td>\n<\/tr>\n<tr>\n<td>Poids brut (bo\u00eete enti\u00e8re)<\/td>\n<td>27,0 kg<\/td>\n<\/tr>\n<tr>\n<td>Quantit\u00e9 d'emballage<\/td>\n<td>10 pi\u00e8ces<\/td>\n<\/tr>\n<tr>\n<td>Type d'ouverture<\/td>\n<td>Ouverture lat\u00e9rale (couvercle \u00e0 charni\u00e8re &gt;115\u00b0)<\/td>\n<\/tr>\n<tr>\n<td>Caract\u00e9ristiques structurelles<\/td>\n<td>Structure \u00e0 boucle de verrouillage ; couvercle \u00e0 charni\u00e8re ; assemblage de bornes en cuivre ; d\u00e9flecteur de circuit ; d\u00e9bouchures \u00e0 anneaux multiples<\/td>\n<\/tr>\n<tr>\n<td>Normes<\/td>\n<td>GB\/T 17466.1 ; GB\/T 17466.24 ; IEC 60529 (IP65)<\/td>\n<\/tr>\n<\/tbody>\n<\/table>\n<h2 id=\"diagram\">Sch\u00e9ma<\/h2>\n<p>Vous trouverez ci-dessous le sch\u00e9ma d'installation du <strong>Bo\u00eete de distribution \u00e9tanche HT-24<\/strong> (avant \/ c\u00f4t\u00e9 \/ arri\u00e8re).<\/p>\n<p><img loading=\"lazy\" decoding=\"async\" class=\"alignnone  wp-image-1416\" src=\"https:\/\/sinobreaker.com\/wp-content\/uploads\/2025\/08\/HT-24D-300x188.png\" alt=\"Sch\u00e9ma de la bo\u00eete de distribution \u00e9tanche HT-24\" width=\"705\" height=\"442\" srcset=\"https:\/\/sinobreaker.com\/wp-content\/uploads\/2025\/08\/HT-24D-300x188.png 300w, https:\/\/sinobreaker.com\/wp-content\/uploads\/2025\/08\/HT-24D-768x482.png 768w, https:\/\/sinobreaker.com\/wp-content\/uploads\/2025\/08\/HT-24D-600x376.png 600w, https:\/\/sinobreaker.com\/wp-content\/uploads\/2025\/08\/HT-24D.png 832w\" sizes=\"auto, (max-width: 705px) 100vw, 705px\" \/><\/p>\n<h2 id=\"faq\">FAQ<\/h2>\n<details>\n<summary>Quelles sont les dimensions globales du bo\u00eetier de distribution \u00e9tanche HT-24 ?<\/summary>\n<div>380 \u00d7 225 \u00d7 110 mm (L\u00d7L\u00d7H).<\/div>\n<\/details>\n<details>\n<summary>Combien de circuits le HT-24 prend-il en charge ?<\/summary>\n<div>Le HT-24 prend en charge 24 circuits dans une disposition \u00e0 une rang\u00e9e. Rang\u00e9e z\u00e9ro : 16 trous ; rang\u00e9e de terre : 16 trous.<\/div>\n<\/details>\n<details>\n<summary>Le HT-24 est-il adapt\u00e9 aux applications ext\u00e9rieures ?<\/summary>\n<div>Oui. <strong>Bo\u00eete de distribution \u00e9tanche HT-24<\/strong> Class\u00e9 IP65 et fabriqu\u00e9 en ABS\/PC, il garantit un fonctionnement s\u00fbr \u00e0 l'int\u00e9rieur comme \u00e0 l'ext\u00e9rieur.<br \/>\n(r\u00e9f\u00e9rence : <a href=\"https:\/\/en.wikipedia.org\/wiki\/IP_Code\" target=\"_blank\" rel=\"noopener\">Code IP<\/a> \/<br \/>\n<a href=\"https:\/\/www.iec.ch\/standards\" target=\"_blank\" rel=\"noopener\">IEC 60529<\/a>).<\/div>\n<\/details>\n<details>\n<summary>Le HT-24 peut-il \u00eatre configur\u00e9 comme un bo\u00eetier de combinaison PV ?<\/summary>\n<div>Oui. Lorsqu'il est \u00e9quip\u00e9 d'un <a href=\"\/fr\/produits\/fusible-cc\/\">Fusible DC<\/a>,<br \/>\n<a href=\"\/fr\/produits\/dc-spd\/\">Dispositif de protection contre les surtensions (SPD)<\/a>et un<br \/>\n<a href=\"\/fr\/produits\/interrupteur-sectionneur-c-c\/\">Interrupteur DC D\u00e9connecteur<\/a> ou<br \/>\n<a href=\"\/fr\/produits\/dc-circuit-breaker\/\">Disjoncteur DC<\/a>Le HT-24 peut \u00eatre utilis\u00e9 comme solution de combinaison PV.<\/div>\n<\/details>\n<\/div>","protected":false},"excerpt":{"rendered":"<ul data-start=\"124\" data-end=\"469\">\n<li data-start=\"124\" data-end=\"233\">\n<p data-start=\"126\" data-end=\"233\"><strong data-start=\"126\" data-end=\"164\">Bo\u00eete de distribution \u00e9tanche \u00e0 24 voies<\/strong> avec <strong data-start=\"170\" data-end=\"199\">couvercle \u00e0 charni\u00e8re \u00e0 ouverture lat\u00e9rale<\/strong> pour une distribution \u00e0 grande capacit\u00e9.<\/p>\n<\/li>\n<li data-start=\"234\" data-end=\"355\">\n<p data-start=\"236\" data-end=\"355\">Fabriqu\u00e9 \u00e0 partir de <strong data-start=\"253\" data-end=\"288\">Base en ABS + couvercle transparent en PC<\/strong>, \u00e9valu\u00e9e <strong data-start=\"296\" data-end=\"304\">IP65<\/strong> pour une meilleure \u00e9tanch\u00e9it\u00e9 \u00e0 l'eau et \u00e0 la poussi\u00e8re.<\/p>\n<\/li>\n<li data-start=\"356\" data-end=\"469\">\n<p data-start=\"358\" data-end=\"469\">Convient pour <strong data-start=\"371\" data-end=\"425\">solutions de combinaisons r\u00e9sidentielles, commerciales et photovolta\u00efques<\/strong> \u00e0 l'aide d'un fusible, d'un SPD, d'un sectionneur ou d'un disjoncteur.<\/p>\n<\/li>\n<\/ul>","protected":false},"featured_media":1415,"comment_status":"open","ping_status":"closed","template":"","meta":[],"product_brand":[],"product_cat":[29],"product_tag":[],"class_list":{"0":"post-1414","1":"product","2":"type-product","3":"status-publish","4":"has-post-thumbnail","6":"product_cat-waterproof-distribution-box","8":"first","9":"instock","10":"shipping-taxable","11":"product-type-simple"},"_links":{"self":[{"href":"https:\/\/sinobreaker.com\/fr\/wp-json\/wp\/v2\/product\/1414","targetHints":{"allow":["GET"]}}],"collection":[{"href":"https:\/\/sinobreaker.com\/fr\/wp-json\/wp\/v2\/product"}],"about":[{"href":"https:\/\/sinobreaker.com\/fr\/wp-json\/wp\/v2\/types\/product"}],"replies":[{"embeddable":true,"href":"https:\/\/sinobreaker.com\/fr\/wp-json\/wp\/v2\/comments?post=1414"}],"wp:featuredmedia":[{"embeddable":true,"href":"https:\/\/sinobreaker.com\/fr\/wp-json\/wp\/v2\/media\/1415"}],"wp:attachment":[{"href":"https:\/\/sinobreaker.com\/fr\/wp-json\/wp\/v2\/media?parent=1414"}],"wp:term":[{"taxonomy":"product_brand","embeddable":true,"href":"https:\/\/sinobreaker.com\/fr\/wp-json\/wp\/v2\/product_brand?post=1414"},{"taxonomy":"product_cat","embeddable":true,"href":"https:\/\/sinobreaker.com\/fr\/wp-json\/wp\/v2\/product_cat?post=1414"},{"taxonomy":"product_tag","embeddable":true,"href":"https:\/\/sinobreaker.com\/fr\/wp-json\/wp\/v2\/product_tag?post=1414"}],"curies":[{"name":"wp","href":"https:\/\/api.w.org\/{rel}","templated":true}]}}