{"id":1442,"date":"2025-08-25T07:31:37","date_gmt":"2025-08-25T07:31:37","guid":{"rendered":"https:\/\/sinobreaker.com\/?post_type=product&#038;p=1442"},"modified":"2025-08-25T07:42:02","modified_gmt":"2025-08-25T07:42:02","slug":"pv-combiner-box-1-in-1-out-1000vdc","status":"publish","type":"product","link":"https:\/\/sinobreaker.com\/fr\/products\/pv-combiner-box-1-in-1-out-1000vdc\/","title":{"rendered":"PV Combiner Box 1 in 1 out 1000VDC | HS Series avec Fuse, SPD &amp; Switch"},"content":{"rendered":"<section id=\"overview\">\n<h2>S\u00e9rie HS - PV Combiner Box 1 in 1 out 1000VDC<\/h2>\n<p>Le <strong>S\u00e9rie HS<\/strong> <strong>pv combiner box 1 in 1 out<\/strong> est con\u00e7u pour les circuits photovolta\u00efques \u00e0 cha\u00eene unique n\u00e9cessitant une protection fiable contre les surintensit\u00e9s, les surtensions et une isolation s\u00fbre. Il int\u00e8gre un<br \/>\n<a href=\"\/fr\/fusible-cc\/\">Fusible DC<\/a>, a <a href=\"\/fr\/dc-spd\/\">DOCUP de type 2<\/a>et un <a href=\"\/fr\/dc-disconnector\/\">Interrupteur-sectionneur DC<\/a>.<br \/>\nLe bo\u00eetier robuste du PC est class\u00e9 <strong>IP65<\/strong> et <strong>IK09<\/strong> pour une utilisation en ext\u00e9rieur.<\/p>\n<p>D\u00e9couvrez d'autres mod\u00e8les sur le site <a href=\"\/fr\/boite-de-raccordement-pv\/\">Page d'atterrissage de la bo\u00eete de combinaison PV<\/a>et s'informer sur la production et l'OEM sur le site Web de la Commission europ\u00e9enne.<br \/>\n<a href=\"\/fr\/pv-combiner-manufacturer\/\">PV Combiner Box page du fabricant<\/a>. Pour les variantes bas\u00e9es sur les disjoncteurs, voir <a href=\"\/fr\/dc-breaker\/\">Disjoncteurs DC (MCB)<\/a>. Besoin d'un devis ? <a href=\"\/fr\/nous-contacter\/\">Contactez nous<\/a>.<\/p>\n<\/section>\n<section id=\"key-features\">\n<h3>Caract\u00e9ristiques principales<\/h3>\n<ul>\n<li><strong>Topologie :<\/strong> Bo\u00eete combin\u00e9e PV 1 in 1 out (string PV unique)<\/li>\n<li><strong>Tension du syst\u00e8me :<\/strong> 1000V DC<\/li>\n<li><strong>Ensemble de protection :<\/strong> <a href=\"\/fr\/fusible-cc\/\">10\u00d738 mm Fusible DC<\/a> (typ. 16 A), <a href=\"\/fr\/dc-spd\/\">DOCUP de type 2<\/a> (40 kA), <a href=\"\/fr\/dc-disconnector\/\">Interrupteur-sectionneur DC<\/a> (32 A)<\/li>\n<li><strong>La cl\u00f4ture :<\/strong> PC, <strong>IP65<\/strong> entr\u00e9e &amp; <strong>IK09<\/strong> note d'impact<\/li>\n<li><strong>C\u00e2blage :<\/strong> Presse-\u00e9toupes d'entr\u00e9e PG09 et de sortie PG21 ; conducteur 2,5-16 mm\u00b2.<\/li>\n<li><strong>Normes :<\/strong> Le DOCUP s'aligne sur<br \/>\n<a href=\"https:\/\/www.iec.ch\/\" target=\"_blank\" rel=\"nofollow noopener\">IEC\/EN 61643-31<\/a>;<br \/>\nle respect des r\u00e8gles du march\u00e9 par <a href=\"https:\/\/single-market-economy.ec.europa.eu\/single-market\/european-standards\/harmonised-standards_en\" target=\"_blank\" rel=\"nofollow noopener\">Normes harmonis\u00e9es CE<\/a><br \/>\net <a href=\"https:\/\/www.ul.com\/\" target=\"_blank\" rel=\"nofollow noopener\">UL<\/a> (le cas \u00e9ch\u00e9ant).<\/li>\n<\/ul>\n<\/section>\n<section id=\"specifications\">\n<h3>Sp\u00e9cifications techniques<\/h3>\n<table>\n<thead>\n<tr>\n<th>Sp\u00e9cifications<\/th>\n<th>Valeur<\/th>\n<\/tr>\n<\/thead>\n<tbody>\n<tr>\n<td>S\u00e9rie<\/td>\n<td>HS<\/td>\n<\/tr>\n<tr>\n<td>Entr\u00e9e \/ Sortie<\/td>\n<td>1 entr\u00e9e \/ 1 sortie (corde unique)<\/td>\n<\/tr>\n<tr>\n<td>Tension maximale du syst\u00e8me<\/td>\n<td>1000V DC<\/td>\n<\/tr>\n<tr>\n<td>Courant de court-circuit CC maximal (par entr\u00e9e)<\/td>\n<td>16 A (modifiable)<\/td>\n<\/tr>\n<tr>\n<td>Courant de sortie maximal<\/td>\n<td>32 A<\/td>\n<\/tr>\n<tr>\n<td>Dispositif de protection contre les surtensions<\/td>\n<td>Type 2, 40 kA, IEC\/EN 61643-31<\/td>\n<\/tr>\n<tr>\n<td>Fusible<\/td>\n<td>10\u00d738 mm Fusible DC, typ. 16 A, en option Indicateur LED<\/td>\n<\/tr>\n<tr>\n<td>Interrupteur D\u00e9connecteur<\/td>\n<td>Interrupteur-sectionneur DC, 32 A, 1200V isolation<\/td>\n<\/tr>\n<tr>\n<td>Enceinte<\/td>\n<td>PC<\/td>\n<\/tr>\n<tr>\n<td>Indice de protection<\/td>\n<td>IP65<\/td>\n<\/tr>\n<tr>\n<td>R\u00e9sistance aux chocs<\/td>\n<td>IK09<\/td>\n<\/tr>\n<tr>\n<td>Dimensions (L\u00d7H\u00d7P)<\/td>\n<td>218 \u00d7 200 \u00d7 100 mm<\/td>\n<\/tr>\n<tr>\n<td>Entr\u00e9es de c\u00e2bles<\/td>\n<td>PG09 (entr\u00e9e), PG21 (sortie)<\/td>\n<\/tr>\n<tr>\n<td>Taille du conducteur<\/td>\n<td>2,5-16 mm\u00b2<\/td>\n<\/tr>\n<tr>\n<td>Temp\u00e9rature de fonctionnement<\/td>\n<td>-20 \u2103 ~ +60 \u2103<\/td>\n<\/tr>\n<tr>\n<td>Humidit\u00e9<\/td>\n<td>\u2264 99%<\/td>\n<\/tr>\n<tr>\n<td>Altitude<\/td>\n<td>\u2264 2000 m<\/td>\n<\/tr>\n<tr>\n<td>Installation<\/td>\n<td>Fixation murale<\/td>\n<\/tr>\n<\/tbody>\n<\/table>\n<\/section>\n<section id=\"wiring-diagram\">\n<h3>Sch\u00e9ma de c\u00e2blage<\/h3>\n<figure><!-- Replace with actual diagram asset --><img loading=\"lazy\" decoding=\"async\" class=\"alignnone wp-image-1443\" src=\"https:\/\/sinobreaker.com\/wp-content\/uploads\/2025\/08\/DHS1-1D-300x122.png\" alt=\"Diagramme HS1-1\" width=\"689\" height=\"280\" srcset=\"https:\/\/sinobreaker.com\/wp-content\/uploads\/2025\/08\/DHS1-1D-300x122.png 300w, https:\/\/sinobreaker.com\/wp-content\/uploads\/2025\/08\/DHS1-1D-600x244.png 600w, https:\/\/sinobreaker.com\/wp-content\/uploads\/2025\/08\/DHS1-1D.png 615w\" sizes=\"auto, (max-width: 689px) 100vw, 689px\" \/><figcaption>Cha\u00eene PV \u2192 Fusible \u2192 SPD \u2192 Interrupteur DC D\u00e9connecteur \u2192 MPPT\/Inverseur<\/figcaption><\/figure>\n<\/section>\n<section id=\"applications\">\n<h3>Applications<\/h3>\n<ul>\n<li>PV r\u00e9sidentielle sur toiture (monobranche)<\/li>\n<li>Petits r\u00e9seaux photovolta\u00efques C&amp;I n\u00e9cessitant une protection contre les surtensions et l'isolement<\/li>\n<li>Installations ext\u00e9rieures n\u00e9cessitant IP65 &amp; IK09<\/li>\n<\/ul>\n<p>Composants connexes : <a href=\"\/fr\/fusible-cc\/\">Fusible DC<\/a>, <a href=\"\/fr\/dc-spd\/\">DC SPD<\/a>, <a href=\"\/fr\/dc-disconnector\/\">Interrupteur DC D\u00e9connecteur<\/a>, <a href=\"\/fr\/dc-breaker\/\">Disjoncteur DC<\/a>.<\/p>\n<\/section>\n<section id=\"faq\">\n<h3>FAQ<\/h3>\n<div class=\"faq-item\">\n<h4>Qu'est-ce qu'une bo\u00eete combin\u00e9e pv 1 in 1 out ?<\/h4>\n<p>Bo\u00eetier de raccordement pour une seule cha\u00eene PV, int\u00e9grant un fusible CC, un SPD de type 2 et un interrupteur-sectionneur CC pour l'isolation et la s\u00e9curit\u00e9 de la maintenance. Voir la page <a href=\"\/fr\/boite-de-raccordement-pv\/\">Page d'atterrissage de la bo\u00eete de combinaison PV<\/a> pour d'autres mod\u00e8les.<\/p>\n<\/div>\n<div class=\"faq-item\">\n<h4>Est-il conforme aux normes de protection contre les surtensions ?<\/h4>\n<p>Oui. Le DOCUP s'aligne sur <a href=\"https:\/\/www.iec.ch\/\" target=\"_blank\" rel=\"nofollow noopener\">IEC\/EN 61643-31<\/a>. L'acc\u00e8s au march\u00e9 peut n\u00e9cessiter <a href=\"https:\/\/single-market-economy.ec.europa.eu\/single-market\/european-standards\/harmonised-standards_en\" target=\"_blank\" rel=\"nofollow noopener\">Normes harmonis\u00e9es CE<\/a> et <a href=\"https:\/\/www.ul.com\/\" target=\"_blank\" rel=\"nofollow noopener\">UL<\/a> la conformit\u00e9, le cas \u00e9ch\u00e9ant.<\/p>\n<\/div>\n<div class=\"faq-item\">\n<h4>Quels sont les c\u00e2bles qui peuvent \u00eatre connect\u00e9s ?<\/h4>\n<p>Les presse-\u00e9toupes d'entr\u00e9e PG09 et de sortie PG21 acceptent des conducteurs de 2,5-16 mm\u00b2.<\/p>\n<\/div>\n<div class=\"faq-item\">\n<h4>O\u00f9 puis-je obtenir des informations sur les prix ou sur les \u00e9quipementiers ?<\/h4>\n<p><a href=\"\/fr\/nous-contacter\/\">Contactez nous<\/a> pour un devis et visitez notre <a href=\"\/fr\/pv-combiner-manufacturer\/\">page du fabricant<\/a> pour les d\u00e9tails concernant la production et les OEM.<\/p>\n<\/div>\n<\/section>\n<section id=\"cta\">\n<h3>Demande de devis<\/h3>\n<p>Communiquez-nous le courant de votre cha\u00eene photovolta\u00efque et la taille du c\u00e2ble ; nous configurerons les fusibles et les presse-\u00e9toupes en cons\u00e9quence. <a href=\"\/fr\/nous-contacter\/\">Obtenir un devis \u2192<\/a><\/p>\n<\/section>","protected":false},"excerpt":{"rendered":"<p>(1) <strong data-start=\"441\" data-end=\"471\">Bo\u00eete de raccordement PV 1 entr\u00e9e 1 sortie<\/strong> pour <strong data-start=\"476\" data-end=\"487\">1000VDC<\/strong> des syst\u00e8mes d'alimentation en eau.<br data-start=\"496\" data-end=\"499\" \/>(2) Int\u00e9gr\u00e9 <strong data-start=\"514\" data-end=\"563\">Fusible DC + SPD type 2 + interrupteur-sectionneur DC<\/strong> pour l'isolation des surintensit\u00e9s, des surtensions et de la s\u00e9curit\u00e9.<br data-start=\"606\" data-end=\"609\" \/>(3) Ext\u00e9rieur <strong data-start=\"621\" data-end=\"636\">IP65 \/ IK09<\/strong> Bo\u00eetier PC, montage mural, presse-\u00e9toupes PG 2,5-16 mm\u00b2.<\/p>","protected":false},"featured_media":1444,"comment_status":"open","ping_status":"closed","template":"","meta":[],"product_brand":[],"product_cat":[30],"product_tag":[],"class_list":{"0":"post-1442","1":"product","2":"type-product","3":"status-publish","4":"has-post-thumbnail","6":"product_cat-pv-combiner-box","8":"first","9":"instock","10":"shipping-taxable","11":"product-type-simple"},"_links":{"self":[{"href":"https:\/\/sinobreaker.com\/fr\/wp-json\/wp\/v2\/product\/1442","targetHints":{"allow":["GET"]}}],"collection":[{"href":"https:\/\/sinobreaker.com\/fr\/wp-json\/wp\/v2\/product"}],"about":[{"href":"https:\/\/sinobreaker.com\/fr\/wp-json\/wp\/v2\/types\/product"}],"replies":[{"embeddable":true,"href":"https:\/\/sinobreaker.com\/fr\/wp-json\/wp\/v2\/comments?post=1442"}],"wp:featuredmedia":[{"embeddable":true,"href":"https:\/\/sinobreaker.com\/fr\/wp-json\/wp\/v2\/media\/1444"}],"wp:attachment":[{"href":"https:\/\/sinobreaker.com\/fr\/wp-json\/wp\/v2\/media?parent=1442"}],"wp:term":[{"taxonomy":"product_brand","embeddable":true,"href":"https:\/\/sinobreaker.com\/fr\/wp-json\/wp\/v2\/product_brand?post=1442"},{"taxonomy":"product_cat","embeddable":true,"href":"https:\/\/sinobreaker.com\/fr\/wp-json\/wp\/v2\/product_cat?post=1442"},{"taxonomy":"product_tag","embeddable":true,"href":"https:\/\/sinobreaker.com\/fr\/wp-json\/wp\/v2\/product_tag?post=1442"}],"curies":[{"name":"wp","href":"https:\/\/api.w.org\/{rel}","templated":true}]}}