{"id":1456,"date":"2025-08-25T09:23:25","date_gmt":"2025-08-25T09:23:25","guid":{"rendered":"https:\/\/sinobreaker.com\/?post_type=product&#038;p=1456"},"modified":"2025-08-25T09:23:25","modified_gmt":"2025-08-25T09:23:25","slug":"pv-combiner-box-4-in-2-out","status":"publish","type":"product","link":"https:\/\/sinobreaker.com\/fr\/products\/pv-combiner-box-4-in-2-out\/","title":{"rendered":"PV Combiner Box 4 in 2 out 1000VDC | HS Series with Fuse, SPD &amp; Switch"},"content":{"rendered":"<section id=\"overview\">\n<h2>S\u00e9rie HS - PV Combiner Box 4 in 2 out 1000VDC<\/h2>\n<p>Le <strong>S\u00e9rie HS<\/strong> <strong>pv combiner box 4 in 2 out<\/strong> est con\u00e7u pour les syst\u00e8mes photovolta\u00efques combinant quatre entr\u00e9es CC en deux sorties ind\u00e9pendantes. Il int\u00e8gre<br \/>\n<a href=\"\/fr\/fusible-cc\/\">Fusibles DC<\/a>, a <a href=\"\/fr\/dc-spd\/\">DOCUP de type 2<\/a>et un <a href=\"\/fr\/dc-disconnector\/\">Interrupteur-sectionneur DC<\/a>Le syst\u00e8me d'alimentation en eau est dot\u00e9 d'une protection contre les surintensit\u00e9s, d'une suppression des surtensions et d'une isolation s\u00fbre pendant l'entretien.<\/p>\n<p>D\u00e9couvrez d'autres mod\u00e8les sur le site <a href=\"\/fr\/boite-de-raccordement-pv\/\">Page d'atterrissage de la bo\u00eete de combinaison PV<\/a>et d\u00e9couvrez nos services OEM sur le site <a href=\"\/fr\/pv-combiner-manufacturer\/\">page du fabricant<\/a>. Pour les variantes bas\u00e9es sur les disjoncteurs, voir <a href=\"\/fr\/dc-breaker\/\">Mod\u00e8les de disjoncteurs DC<\/a>. Contactez-nous pour obtenir un devis via le <a href=\"\/fr\/nous-contacter\/\">page de contact<\/a>.<\/p>\n<\/section>\n<section id=\"key-features\">\n<h3>Caract\u00e9ristiques principales<\/h3>\n<ul>\n<li><strong>Topologie :<\/strong> 4 in 2 out (quatre entr\u00e9es de cha\u00eenes PV, deux sorties)<\/li>\n<li><strong>Tension du syst\u00e8me :<\/strong> 1000V DC<\/li>\n<li><strong>Dispositifs de protection :<\/strong> 4 \u00d7 <a href=\"\/fr\/fusible-cc\/\">10\u00d738 mm Fusibles DC<\/a> (16 A), <a href=\"\/fr\/dc-spd\/\">DOCUP de type 2<\/a> (40 kA), <a href=\"\/fr\/dc-disconnector\/\">Interrupteur-sectionneur DC<\/a><\/li>\n<li><strong>La cl\u00f4ture :<\/strong> Polycarbonate, <strong>IP65<\/strong> entr\u00e9e &amp; <strong>IK09<\/strong> protection contre les chocs<\/li>\n<li><strong>C\u00e2blage :<\/strong> Entr\u00e9es PG09 et sorties PG21, gamme de conducteurs 2,5-16 mm\u00b2.<\/li>\n<li><strong>Normes :<\/strong> Le DOCUP a \u00e9t\u00e9 test\u00e9 pour<br \/>\n<a href=\"https:\/\/www.iec.ch\/\" target=\"_blank\" rel=\"nofollow noopener\">IEC\/EN 61643-31<\/a>; conforme \u00e0<br \/>\n<a href=\"https:\/\/single-market-economy.ec.europa.eu\/single-market\/european-standards\/harmonised-standards_en\" target=\"_blank\" rel=\"nofollow noopener\">CE<\/a> et<br \/>\n<a href=\"https:\/\/www.ul.com\/\" target=\"_blank\" rel=\"nofollow noopener\">UL<\/a> (le cas \u00e9ch\u00e9ant).<\/li>\n<\/ul>\n<\/section>\n<section id=\"specifications\">\n<h3>Sp\u00e9cifications techniques<\/h3>\n<table>\n<thead>\n<tr>\n<th>Sp\u00e9cifications<\/th>\n<th>Valeur<\/th>\n<\/tr>\n<\/thead>\n<tbody>\n<tr>\n<td>S\u00e9rie<\/td>\n<td>HS<\/td>\n<\/tr>\n<tr>\n<td>Entr\u00e9e \/ Sortie<\/td>\n<td>4 entr\u00e9es \/ 2 sorties (sorties ind\u00e9pendantes)<\/td>\n<\/tr>\n<tr>\n<td>Tension maximale du syst\u00e8me<\/td>\n<td>1000V DC<\/td>\n<\/tr>\n<tr>\n<td>Courant d'entr\u00e9e maximal<\/td>\n<td>16 A par corde<\/td>\n<\/tr>\n<tr>\n<td>Courant de sortie maximal<\/td>\n<td>2 \u00d7 32 A<\/td>\n<\/tr>\n<tr>\n<td>Dispositif de protection contre les surtensions<\/td>\n<td>Type 2 SPD, 40 kA<\/td>\n<\/tr>\n<tr>\n<td>Fusible<\/td>\n<td>4 \u00d7 10\u00d738 mm Fusibles DC, typ. 16 A<\/td>\n<\/tr>\n<tr>\n<td>Interrupteur D\u00e9connecteur<\/td>\n<td>Interrupteur-sectionneur DC, 32-63 A<\/td>\n<\/tr>\n<tr>\n<td>Enceinte<\/td>\n<td>PC, IP65<\/td>\n<\/tr>\n<tr>\n<td>R\u00e9sistance aux chocs<\/td>\n<td>IK09<\/td>\n<\/tr>\n<tr>\n<td>Dimensions<\/td>\n<td>~300 \u00d7 260 \u00d7 120 mm<\/td>\n<\/tr>\n<tr>\n<td>Entr\u00e9es de c\u00e2bles<\/td>\n<td>Entr\u00e9es PG09, sorties PG21<\/td>\n<\/tr>\n<tr>\n<td>Taille du conducteur<\/td>\n<td>2,5-16 mm\u00b2<\/td>\n<\/tr>\n<tr>\n<td>Temp\u00e9rature de fonctionnement<\/td>\n<td>-20 \u2103 ~ +60 \u2103<\/td>\n<\/tr>\n<tr>\n<td>Humidit\u00e9<\/td>\n<td>\u2264 99%<\/td>\n<\/tr>\n<tr>\n<td>Altitude<\/td>\n<td>\u2264 2000 m<\/td>\n<\/tr>\n<tr>\n<td>Installation<\/td>\n<td>Montage mural<\/td>\n<\/tr>\n<\/tbody>\n<\/table>\n<\/section>\n<section id=\"wiring-diagram\">\n<h3>Sch\u00e9ma de c\u00e2blage<\/h3>\n<figure><img loading=\"lazy\" decoding=\"async\" class=\"alignnone size-medium wp-image-1457\" src=\"https:\/\/sinobreaker.com\/wp-content\/uploads\/2025\/08\/HS4-2D-300x266.png\" alt=\"Bo\u00eetier combinateur PV 4 in 2 out Diagramme\" width=\"300\" height=\"266\" srcset=\"https:\/\/sinobreaker.com\/wp-content\/uploads\/2025\/08\/HS4-2D-300x266.png 300w, https:\/\/sinobreaker.com\/wp-content\/uploads\/2025\/08\/HS4-2D-14x12.png 14w, https:\/\/sinobreaker.com\/wp-content\/uploads\/2025\/08\/HS4-2D-600x532.png 600w, https:\/\/sinobreaker.com\/wp-content\/uploads\/2025\/08\/HS4-2D.png 675w\" sizes=\"auto, (max-width: 300px) 100vw, 300px\" \/><figcaption>Quatre cha\u00eenes PV \u2192 Fusibles \u2192 SPD \u2192 Interrupteur-sectionneur CC \u2192 Deux sorties ind\u00e9pendantes<\/figcaption><\/figure>\n<\/section>\n<section id=\"applications\">\n<h3>Applications<\/h3>\n<ul>\n<li>Syst\u00e8mes photovolta\u00efques r\u00e9sidentiels et petits commerces avec 4 branches<\/li>\n<li>R\u00e9seaux de toiture de taille moyenne n\u00e9cessitant des sorties prot\u00e9g\u00e9es doubles<\/li>\n<li>Projets solaires ext\u00e9rieurs r\u00e9pondant aux exigences IP65\/IK09<\/li>\n<\/ul>\n<p>Voir aussi <a href=\"\/fr\/fusible-cc\/\">Fusibles DC<\/a>, <a href=\"\/fr\/dc-spd\/\">Dispositifs de protection contre les surtensions<\/a>, <a href=\"\/fr\/dc-disconnector\/\">Interrupteurs-sectionneurs DC<\/a>, <a href=\"\/fr\/dc-breaker\/\">Disjoncteurs DC<\/a>.<\/p>\n<\/section>\n<section id=\"faq\">\n<h3>FAQ<\/h3>\n<div class=\"faq-item\">\n<h4>Qu'est-ce qu'une bo\u00eete de combinaison pv 4 in 2 out ?<\/h4>\n<p>Une bo\u00eete combin\u00e9e pour quatre entr\u00e9es de cha\u00eene PV et deux sorties, avec des fusibles, un SPD et un interrupteur-sectionneur pour la protection et l'isolation.<\/p>\n<\/div>\n<div class=\"faq-item\">\n<h4>Offre-t-il une protection contre les surtensions ?<\/h4>\n<p>Oui, il comprend un disjoncteur de type 2 de 40 kA, test\u00e9 selon les normes IEC\/EN 61643-31.<\/p>\n<\/div>\n<div class=\"faq-item\">\n<h4>Peut-on l'utiliser \u00e0 l'ext\u00e9rieur ?<\/h4>\n<p>Oui, le bo\u00eetier est en polycarbonate, r\u00e9sistant \u00e0 la p\u00e9n\u00e9tration IP65 et aux chocs IK09.<\/p>\n<\/div>\n<div class=\"faq-item\">\n<h4>Combien de sorties sont-elles possibles ?<\/h4>\n<p>Deux sorties ind\u00e9pendantes, chacune prot\u00e9g\u00e9e par des fusibles et connect\u00e9e via le sectionneur.<\/p>\n<\/div>\n<\/section>\n<section id=\"cta\">\n<h3>Demande de devis<\/h3>\n<p>Indiquez la configuration de votre cha\u00eene photovolta\u00efque et nous vous proposerons le bo\u00eetier de couplage HS ad\u00e9quat. <a href=\"\/fr\/nous-contacter\/\">Demande de devis \u2192<\/a><\/p>\n<\/section>","protected":false},"excerpt":{"rendered":"<p>(1) <strong data-start=\"315\" data-end=\"345\">Bo\u00eetier de raccordement PV 4 entr\u00e9es 2 sorties<\/strong> pour <strong data-start=\"350\" data-end=\"361\">1000VDC<\/strong> les syst\u00e8mes solaires photovolta\u00efques.<br data-start=\"379\" data-end=\"382\" \/>(2) Int\u00e9gr\u00e9 <strong data-start=\"397\" data-end=\"450\">4\u00d7 fusibles DC + SPD type 2 + interrupteur-sectionneur DC<\/strong> pour la s\u00e9curit\u00e9 des cha\u00eenes, la suppression des surtensions et l'isolation.<br data-start=\"503\" data-end=\"506\" \/>(3) R\u00e9sistant aux intemp\u00e9ries <strong data-start=\"523\" data-end=\"538\">IP65 \/ IK09<\/strong> bo\u00eetier en polycarbonate, montage mural, avec presse-\u00e9toupes PG 2,5-16 mm\u00b2.<\/p>","protected":false},"featured_media":1458,"comment_status":"open","ping_status":"closed","template":"","meta":[],"product_brand":[],"product_cat":[30],"product_tag":[],"class_list":{"0":"post-1456","1":"product","2":"type-product","3":"status-publish","4":"has-post-thumbnail","6":"product_cat-pv-combiner-box","8":"first","9":"instock","10":"shipping-taxable","11":"product-type-simple"},"_links":{"self":[{"href":"https:\/\/sinobreaker.com\/fr\/wp-json\/wp\/v2\/product\/1456","targetHints":{"allow":["GET"]}}],"collection":[{"href":"https:\/\/sinobreaker.com\/fr\/wp-json\/wp\/v2\/product"}],"about":[{"href":"https:\/\/sinobreaker.com\/fr\/wp-json\/wp\/v2\/types\/product"}],"replies":[{"embeddable":true,"href":"https:\/\/sinobreaker.com\/fr\/wp-json\/wp\/v2\/comments?post=1456"}],"wp:featuredmedia":[{"embeddable":true,"href":"https:\/\/sinobreaker.com\/fr\/wp-json\/wp\/v2\/media\/1458"}],"wp:attachment":[{"href":"https:\/\/sinobreaker.com\/fr\/wp-json\/wp\/v2\/media?parent=1456"}],"wp:term":[{"taxonomy":"product_brand","embeddable":true,"href":"https:\/\/sinobreaker.com\/fr\/wp-json\/wp\/v2\/product_brand?post=1456"},{"taxonomy":"product_cat","embeddable":true,"href":"https:\/\/sinobreaker.com\/fr\/wp-json\/wp\/v2\/product_cat?post=1456"},{"taxonomy":"product_tag","embeddable":true,"href":"https:\/\/sinobreaker.com\/fr\/wp-json\/wp\/v2\/product_tag?post=1456"}],"curies":[{"name":"wp","href":"https:\/\/api.w.org\/{rel}","templated":true}]}}