{"id":1459,"date":"2025-08-25T09:27:51","date_gmt":"2025-08-25T09:27:51","guid":{"rendered":"https:\/\/sinobreaker.com\/?post_type=product&#038;p=1459"},"modified":"2025-08-25T09:27:51","modified_gmt":"2025-08-25T09:27:51","slug":"pv-combiner-box-6-in-2-out","status":"publish","type":"product","link":"https:\/\/sinobreaker.com\/fr\/products\/pv-combiner-box-6-in-2-out\/","title":{"rendered":"PV Combiner Box 6 in 2 out 1000VDC | HS Series with Fuse, SPD &amp; Switch"},"content":{"rendered":"<section id=\"overview\">\n<h2>S\u00e9rie HS - PV Combiner Box 6 in 2 out 1000VDC<\/h2>\n<p>Le <strong>S\u00e9rie HS<\/strong> <strong>pv combiner box 6 in 2 out<\/strong> est con\u00e7u pour les r\u00e9seaux photovolta\u00efques de taille moyenne, combinant six entr\u00e9es de cha\u00eenes de courant continu en deux sorties prot\u00e9g\u00e9es. Chaque entr\u00e9e est prot\u00e9g\u00e9e par un fusible et le syst\u00e8me int\u00e8gre un dispositif de protection contre les surtensions. <a href=\"\/fr\/dc-spd\/\">DOCUP de type 2<\/a> et un <a href=\"\/fr\/dc-disconnector\/\">Interrupteur-sectionneur DC<\/a> pour une protection compl\u00e8te et une isolation s\u00fbre.<\/p>\n<p>Voir tous les mod\u00e8les sur le site <a href=\"\/fr\/boite-de-raccordement-pv\/\">Page d'atterrissage de la bo\u00eete de combinaison PV<\/a>et d'explorer les options OEM\/production sur le site web de l <a href=\"\/fr\/pv-combiner-manufacturer\/\">page du fabricant<\/a>. Pour les solutions bas\u00e9es sur les disjoncteurs, voir <a href=\"\/fr\/dc-breaker\/\">Disjoncteurs DC<\/a>. Besoin d'un devis ? <a href=\"\/fr\/nous-contacter\/\">Contactez nous<\/a>.<\/p>\n<\/section>\n<section id=\"key-features\">\n<h3>Caract\u00e9ristiques principales<\/h3>\n<ul>\n<li><strong>Topologie :<\/strong> 6 in 2 out (six cha\u00eenes PV combin\u00e9es en deux sorties)<\/li>\n<li><strong>Tension du syst\u00e8me :<\/strong> 1000V DC<\/li>\n<li><strong>Dispositifs de protection :<\/strong> 6 \u00d7 <a href=\"\/fr\/fusible-cc\/\">10\u00d738 mm Fusibles DC<\/a>, <a href=\"\/fr\/dc-spd\/\">DOCUP de type 2<\/a> (40 kA), <a href=\"\/fr\/dc-disconnector\/\">Interrupteur-sectionneur DC<\/a><\/li>\n<li><strong>La cl\u00f4ture :<\/strong> Polycarbonate, <strong>IP65<\/strong> entr\u00e9e &amp; <strong>IK09<\/strong> protection contre les chocs<\/li>\n<li><strong>C\u00e2blage :<\/strong> Entr\u00e9es PG09 et sorties PG21, c\u00e2bles 2,5-16 mm\u00b2.<\/li>\n<li><strong>Normes :<\/strong> Le DOCUP a \u00e9t\u00e9 test\u00e9 pour<br \/>\n<a href=\"https:\/\/www.iec.ch\/\" target=\"_blank\" rel=\"nofollow noopener\">IEC\/EN 61643-31<\/a>conforme \u00e0 la<br \/>\n<a href=\"https:\/\/single-market-economy.ec.europa.eu\/single-market\/european-standards\/harmonised-standards_en\" target=\"_blank\" rel=\"nofollow noopener\">CE<\/a> et<br \/>\n<a href=\"https:\/\/www.ul.com\/\" target=\"_blank\" rel=\"nofollow noopener\">UL<\/a>.<\/li>\n<\/ul>\n<\/section>\n<section id=\"specifications\">\n<h3>Sp\u00e9cifications techniques<\/h3>\n<table>\n<thead>\n<tr>\n<th>Sp\u00e9cifications<\/th>\n<th>Valeur<\/th>\n<\/tr>\n<\/thead>\n<tbody>\n<tr>\n<td>S\u00e9rie<\/td>\n<td>HS<\/td>\n<\/tr>\n<tr>\n<td>Entr\u00e9e \/ Sortie<\/td>\n<td>6 entr\u00e9es \/ 2 sorties<\/td>\n<\/tr>\n<tr>\n<td>Tension maximale du syst\u00e8me<\/td>\n<td>1000V DC<\/td>\n<\/tr>\n<tr>\n<td>Courant d'entr\u00e9e maximal<\/td>\n<td>16 A par corde<\/td>\n<\/tr>\n<tr>\n<td>Courant de sortie maximal<\/td>\n<td>2 \u00d7 48 A<\/td>\n<\/tr>\n<tr>\n<td>Dispositif de protection contre les surtensions<\/td>\n<td>Type 2 SPD, 40 kA<\/td>\n<\/tr>\n<tr>\n<td>Fusible<\/td>\n<td>6 \u00d7 10\u00d738 mm Fusibles DC, typ. 16 A<\/td>\n<\/tr>\n<tr>\n<td>Interrupteur D\u00e9connecteur<\/td>\n<td>Interrupteur-sectionneur DC, 63 A<\/td>\n<\/tr>\n<tr>\n<td>Enceinte<\/td>\n<td>PC, IP65<\/td>\n<\/tr>\n<tr>\n<td>R\u00e9sistance aux chocs<\/td>\n<td>IK09<\/td>\n<\/tr>\n<tr>\n<td>Dimensions<\/td>\n<td>~340 \u00d7 280 \u00d7 130 mm<\/td>\n<\/tr>\n<tr>\n<td>Entr\u00e9es de c\u00e2bles<\/td>\n<td>Entr\u00e9es PG09, sorties PG21<\/td>\n<\/tr>\n<tr>\n<td>Taille du conducteur<\/td>\n<td>2,5-16 mm\u00b2<\/td>\n<\/tr>\n<tr>\n<td>Temp\u00e9rature de fonctionnement<\/td>\n<td>-20 \u2103 ~ +60 \u2103<\/td>\n<\/tr>\n<tr>\n<td>Humidit\u00e9<\/td>\n<td>\u2264 99%<\/td>\n<\/tr>\n<tr>\n<td>Altitude<\/td>\n<td>\u2264 2000 m<\/td>\n<\/tr>\n<tr>\n<td>Installation<\/td>\n<td>Montage mural<\/td>\n<\/tr>\n<\/tbody>\n<\/table>\n<\/section>\n<section id=\"wiring-diagram\">\n<h3>Sch\u00e9ma de c\u00e2blage<\/h3>\n<figure><img loading=\"lazy\" decoding=\"async\" class=\"alignnone  wp-image-1460\" src=\"https:\/\/sinobreaker.com\/wp-content\/uploads\/2025\/08\/HS6-2D-300x265.png\" alt=\"Bo\u00eetier combinateur PV 6 in 2 out Diagramme\" width=\"440\" height=\"389\" srcset=\"https:\/\/sinobreaker.com\/wp-content\/uploads\/2025\/08\/HS6-2D-300x265.png 300w, https:\/\/sinobreaker.com\/wp-content\/uploads\/2025\/08\/HS6-2D-14x12.png 14w, https:\/\/sinobreaker.com\/wp-content\/uploads\/2025\/08\/HS6-2D-600x529.png 600w, https:\/\/sinobreaker.com\/wp-content\/uploads\/2025\/08\/HS6-2D.png 713w\" sizes=\"auto, (max-width: 440px) 100vw, 440px\" \/><figcaption>Six cha\u00eenes PV \u2192 Fusibles \u2192 SPD \u2192 Interrupteur-sectionneur CC \u2192 Deux sorties prot\u00e9g\u00e9es<\/figcaption><\/figure>\n<\/section>\n<section id=\"applications\">\n<h3>Applications<\/h3>\n<ul>\n<li>Syst\u00e8mes photovolta\u00efques de taille moyenne avec six branches<\/li>\n<li>Projets commerciaux sur toiture ou petits projets solaires au sol<\/li>\n<li>Installations solaires ext\u00e9rieures n\u00e9cessitant une protection IP65 \/ IK09<\/li>\n<\/ul>\n<p>Produits apparent\u00e9s : <a href=\"\/fr\/fusible-cc\/\">Fusibles DC<\/a>, <a href=\"\/fr\/dc-spd\/\">Dispositifs de protection contre les surtensions<\/a>, <a href=\"\/fr\/dc-disconnector\/\">Interrupteurs-sectionneurs DC<\/a>, <a href=\"\/fr\/dc-breaker\/\">Disjoncteurs DC<\/a>.<\/p>\n<\/section>\n<section id=\"faq\">\n<h3>FAQ<\/h3>\n<div class=\"faq-item\">\n<h4>Qu'est-ce qu'une bo\u00eete de combinaison pv 6 in 2 out ?<\/h4>\n<p>Bo\u00eete combin\u00e9e con\u00e7ue pour six entr\u00e9es de cha\u00eenes PV avec deux sorties, int\u00e9grant des fusibles, une protection contre les surtensions et un interrupteur-sectionneur.<\/p>\n<\/div>\n<div class=\"faq-item\">\n<h4>Quelles sont les protections incluses ?<\/h4>\n<p>Chaque entr\u00e9e est \u00e9quip\u00e9e d'un fusible, le SPD assure la suppression des surtensions et l'interrupteur-sectionneur permet une isolation s\u00fbre.<\/p>\n<\/div>\n<div class=\"faq-item\">\n<h4>Est-il pr\u00e9vu pour l'ext\u00e9rieur ?<\/h4>\n<p>Oui, le bo\u00eetier du PC est class\u00e9 IP65 et IK09 pour les installations solaires ext\u00e9rieures.<\/p>\n<\/div>\n<div class=\"faq-item\">\n<h4>Combien de sorties sont-elles possibles ?<\/h4>\n<p>Deux sorties prot\u00e9g\u00e9es, adapt\u00e9es \u00e0 la distribution de la puissance de six cha\u00eenes photovolta\u00efques.<\/p>\n<\/div>\n<\/section>\n<section id=\"cta\">\n<h3>Demande de devis<\/h3>\n<p>Contactez-nous avec les sp\u00e9cifications de votre syst\u00e8me photovolta\u00efque et nous configurerons le bo\u00eetier de couplage HS en cons\u00e9quence. <a href=\"\/fr\/nous-contacter\/\">Demande de devis \u2192<\/a><\/p>\n<\/section>","protected":false},"excerpt":{"rendered":"<p>(1) <strong data-start=\"329\" data-end=\"359\">Bo\u00eetier de raccordement PV 6 entr\u00e9es 2 sorties<\/strong> pour <strong data-start=\"364\" data-end=\"375\">1000VDC<\/strong> Panneaux photovolta\u00efques.<br data-start=\"386\" data-end=\"389\" \/>(2) Int\u00e9gr\u00e9 <strong data-start=\"404\" data-end=\"457\">6\u00d7 fusibles DC + SPD type 2 + interrupteur-sectionneur DC<\/strong> pour une protection fiable contre les surtensions et les cordes.<br data-start=\"499\" data-end=\"502\" \/>(3) R\u00e9sistant aux intemp\u00e9ries <strong data-start=\"519\" data-end=\"534\">IP65 \/ IK09<\/strong> Bo\u00eetier PC, montage mural, presse-\u00e9toupes PG pour c\u00e2bles 2,5-16 mm\u00b2.<\/p>","protected":false},"featured_media":1461,"comment_status":"open","ping_status":"closed","template":"","meta":[],"product_brand":[],"product_cat":[30],"product_tag":[],"class_list":{"0":"post-1459","1":"product","2":"type-product","3":"status-publish","4":"has-post-thumbnail","6":"product_cat-pv-combiner-box","8":"first","9":"instock","10":"shipping-taxable","11":"product-type-simple"},"_links":{"self":[{"href":"https:\/\/sinobreaker.com\/fr\/wp-json\/wp\/v2\/product\/1459","targetHints":{"allow":["GET"]}}],"collection":[{"href":"https:\/\/sinobreaker.com\/fr\/wp-json\/wp\/v2\/product"}],"about":[{"href":"https:\/\/sinobreaker.com\/fr\/wp-json\/wp\/v2\/types\/product"}],"replies":[{"embeddable":true,"href":"https:\/\/sinobreaker.com\/fr\/wp-json\/wp\/v2\/comments?post=1459"}],"wp:featuredmedia":[{"embeddable":true,"href":"https:\/\/sinobreaker.com\/fr\/wp-json\/wp\/v2\/media\/1461"}],"wp:attachment":[{"href":"https:\/\/sinobreaker.com\/fr\/wp-json\/wp\/v2\/media?parent=1459"}],"wp:term":[{"taxonomy":"product_brand","embeddable":true,"href":"https:\/\/sinobreaker.com\/fr\/wp-json\/wp\/v2\/product_brand?post=1459"},{"taxonomy":"product_cat","embeddable":true,"href":"https:\/\/sinobreaker.com\/fr\/wp-json\/wp\/v2\/product_cat?post=1459"},{"taxonomy":"product_tag","embeddable":true,"href":"https:\/\/sinobreaker.com\/fr\/wp-json\/wp\/v2\/product_tag?post=1459"}],"curies":[{"name":"wp","href":"https:\/\/api.w.org\/{rel}","templated":true}]}}