{"id":1465,"date":"2025-08-25T09:38:37","date_gmt":"2025-08-25T09:38:37","guid":{"rendered":"https:\/\/sinobreaker.com\/?post_type=product&#038;p=1465"},"modified":"2025-08-25T09:39:22","modified_gmt":"2025-08-25T09:39:22","slug":"boitier-combinateur-pv-a-2-branches","status":"publish","type":"product","link":"https:\/\/sinobreaker.com\/fr\/products\/2-string-pv-combiner-box\/","title":{"rendered":"2 String PV Combiner Box 1000VDC | HD Series avec Fuse, SPD &amp; Breaker"},"content":{"rendered":"<section id=\"overview\">\n<h2>S\u00e9rie HD - 2 String PV Combiner Box 1000VDC<\/h2>\n<p>Le <strong>S\u00e9rie HD<\/strong> <strong>Bo\u00eetier combinateur pv \u00e0 2 branches<\/strong> est con\u00e7u pour les entr\u00e9es de branches PV doubles dans les r\u00e9seaux solaires 1000VDC. Chaque branche est prot\u00e9g\u00e9e par un <a href=\"\/fr\/fusible-cc\/\">Fusible DC<\/a>, avec une <a href=\"\/fr\/dc-spd\/\">DOCUP de type 2<\/a> et un <a href=\"\/fr\/dc-breaker\/\">Disjoncteur DC (MCB)<\/a> pour une isolation s\u00fbre et une protection contre les surtensions.<\/p>\n<p>Voir toutes les options disponibles sur le site <a href=\"\/fr\/boite-de-raccordement-pv\/\">Page d'atterrissage de la bo\u00eete de combinaison PV<\/a>et visitez notre site web <a href=\"\/fr\/pv-combiner-manufacturer\/\">page du fabricant<\/a> pour les capacit\u00e9s OEM. Pour les mod\u00e8les bas\u00e9s sur des commutateurs, explorer les <a href=\"\/fr\/dc-disconnector\/\">Interrupteur-sectionneur DC<\/a> gamme. Pour obtenir un devis, <a href=\"\/fr\/nous-contacter\/\">nous contacter<\/a>.<\/p>\n<\/section>\n<section id=\"key-features\">\n<h3>Caract\u00e9ristiques principales<\/h3>\n<ul>\n<li><strong>Topologie :<\/strong> 2 cordes (2 entr\u00e9es \/ 1 sortie)<\/li>\n<li><strong>Tension du syst\u00e8me :<\/strong> 1000V DC<\/li>\n<li><strong>Dispositifs de protection :<\/strong> 2 \u00d7 <a href=\"\/fr\/fusible-cc\/\">Fusibles DC<\/a> (typ. 16 A), <a href=\"\/fr\/dc-spd\/\">DOCUP de type 2<\/a> (40 kA), <a href=\"\/fr\/dc-breaker\/\">Disjoncteur DC (MCB)<\/a> (32 A)<\/li>\n<li><strong>La cl\u00f4ture :<\/strong> Polycarbonate, <strong>IP65<\/strong> entr\u00e9e &amp; <strong>IK09<\/strong> note d'impact<\/li>\n<li><strong>C\u00e2blage :<\/strong> Entr\u00e9es PG09, sorties PG21 ; conducteurs 2,5-16 mm\u00b2.<\/li>\n<li><strong>Normes :<\/strong> Le DOCUP a \u00e9t\u00e9 test\u00e9 pour<br \/>\n<a href=\"https:\/\/www.iec.ch\/\" target=\"_blank\" rel=\"nofollow noopener\">IEC\/EN 61643-31<\/a>; CE et<br \/>\n<a href=\"https:\/\/www.ul.com\/\" target=\"_blank\" rel=\"nofollow noopener\">UL<\/a> conforme (le cas \u00e9ch\u00e9ant).<\/li>\n<\/ul>\n<\/section>\n<section id=\"specifications\">\n<h3>Sp\u00e9cifications techniques<\/h3>\n<table>\n<thead>\n<tr>\n<th>Sp\u00e9cifications<\/th>\n<th>Valeur<\/th>\n<\/tr>\n<\/thead>\n<tbody>\n<tr>\n<td>S\u00e9rie<\/td>\n<td>HD<\/td>\n<\/tr>\n<tr>\n<td>Entr\u00e9e \/ Sortie<\/td>\n<td>2 cordes (2 entr\u00e9es \/ 1 sortie)<\/td>\n<\/tr>\n<tr>\n<td>Tension maximale du syst\u00e8me<\/td>\n<td>1000V DC<\/td>\n<\/tr>\n<tr>\n<td>Courant d'entr\u00e9e maximal<\/td>\n<td>16 A par corde<\/td>\n<\/tr>\n<tr>\n<td>Courant de sortie maximal<\/td>\n<td>32 A<\/td>\n<\/tr>\n<tr>\n<td>Dispositif de protection contre les surtensions<\/td>\n<td>Type 2 SPD, 40 kA<\/td>\n<\/tr>\n<tr>\n<td>Fusible<\/td>\n<td>2 \u00d7 10\u00d738 mm Fusibles DC, typ. 16 A<\/td>\n<\/tr>\n<tr>\n<td>Brise-glace<\/td>\n<td>Disjoncteur DC (MCB), 32 A<\/td>\n<\/tr>\n<tr>\n<td>Enceinte<\/td>\n<td>PC, IP65<\/td>\n<\/tr>\n<tr>\n<td>R\u00e9sistance aux chocs<\/td>\n<td>IK09<\/td>\n<\/tr>\n<tr>\n<td>Dimensions<\/td>\n<td>~240 \u00d7 220 \u00d7 110 mm<\/td>\n<\/tr>\n<tr>\n<td>Entr\u00e9es de c\u00e2bles<\/td>\n<td>Entr\u00e9es PG09 ; sortie PG21<\/td>\n<\/tr>\n<tr>\n<td>Taille du conducteur<\/td>\n<td>2,5-16 mm\u00b2<\/td>\n<\/tr>\n<tr>\n<td>Temp\u00e9rature de fonctionnement<\/td>\n<td>-20 \u2103 ~ +60 \u2103<\/td>\n<\/tr>\n<tr>\n<td>Humidit\u00e9<\/td>\n<td>\u2264 99%<\/td>\n<\/tr>\n<tr>\n<td>Altitude<\/td>\n<td>\u2264 2000 m<\/td>\n<\/tr>\n<tr>\n<td>Installation<\/td>\n<td>Montage mural<\/td>\n<\/tr>\n<\/tbody>\n<\/table>\n<\/section>\n<section id=\"wiring-diagram\">\n<h3>Sch\u00e9ma de c\u00e2blage<\/h3>\n<figure><img loading=\"lazy\" decoding=\"async\" class=\"alignnone wp-image-1466\" src=\"https:\/\/sinobreaker.com\/wp-content\/uploads\/2025\/08\/HD2-1D-300x131.png\" alt=\"Sch\u00e9ma de la bo\u00eete combin\u00e9e PV \u00e0 2 branches\" width=\"433\" height=\"189\" srcset=\"https:\/\/sinobreaker.com\/wp-content\/uploads\/2025\/08\/HD2-1D-300x131.png 300w, https:\/\/sinobreaker.com\/wp-content\/uploads\/2025\/08\/HD2-1D-18x8.png 18w, https:\/\/sinobreaker.com\/wp-content\/uploads\/2025\/08\/HD2-1D-600x263.png 600w, https:\/\/sinobreaker.com\/wp-content\/uploads\/2025\/08\/HD2-1D.png 690w\" sizes=\"auto, (max-width: 433px) 100vw, 433px\" \/><figcaption>Deux cha\u00eenes PV \u2192 Fusibles \u2192 SPD \u2192 Disjoncteur DC \u2192 Onduleur<\/figcaption><\/figure>\n<\/section>\n<section id=\"applications\">\n<h3>Applications<\/h3>\n<ul>\n<li>Petits r\u00e9seaux photovolta\u00efques r\u00e9sidentiels \u00e0 deux branches<\/li>\n<li>Toitures photovolta\u00efques commerciales avec isolation par disjoncteur<\/li>\n<li>Installations photovolta\u00efques ext\u00e9rieures r\u00e9pondant aux exigences IP65\/IK09<\/li>\n<\/ul>\n<p>Voir aussi <a href=\"\/fr\/fusible-cc\/\">Fusibles DC<\/a>, <a href=\"\/fr\/dc-spd\/\">Dispositifs de protection contre les surtensions<\/a>, <a href=\"\/fr\/dc-disconnector\/\">Interrupteurs-sectionneurs DC<\/a>, <a href=\"\/fr\/dc-breaker\/\">Disjoncteurs DC<\/a>.<\/p>\n<\/section>\n<section id=\"faq\">\n<h3>FAQ<\/h3>\n<div class=\"faq-item\">\n<h4>Qu'est-ce qu'un bo\u00eetier de raccordement pv \u00e0 2 branches ?<\/h4>\n<p>Bo\u00eete de raccordement con\u00e7ue pour deux cha\u00eenes PV, int\u00e9grant des fusibles, un SPD et un disjoncteur CC pour la protection et l'isolation.<\/p>\n<\/div>\n<div class=\"faq-item\">\n<h4>Comprend-il un disjoncteur ?<\/h4>\n<p>Oui, les mod\u00e8les de la s\u00e9rie HD utilisent un disjoncteur \u00e0 courant continu (MCB) au lieu d'un interrupteur-sectionneur.<\/p>\n<\/div>\n<div class=\"faq-item\">\n<h4>Peut-on l'utiliser \u00e0 l'ext\u00e9rieur ?<\/h4>\n<p>Oui, avec l'indice de protection IP65 et l'indice d'impact IK09, le bo\u00eetier est con\u00e7u pour les environnements ext\u00e9rieurs.<\/p>\n<\/div>\n<div class=\"faq-item\">\n<h4>O\u00f9 puis-je trouver l'OEM\/le prix ?<\/h4>\n<p>Visitez notre <a href=\"\/fr\/pv-combiner-manufacturer\/\">page du fabricant<\/a> ou <a href=\"\/fr\/nous-contacter\/\">nous contacter<\/a> pour les citations.<\/p>\n<\/div>\n<\/section>\n<section id=\"cta\">\n<h3>Demande de devis<\/h3>\n<p>Indiquez les caract\u00e9ristiques de votre syst\u00e8me photovolta\u00efque et nous configurerons la bo\u00eete combin\u00e9e HD-2\/1 en cons\u00e9quence. <a href=\"\/fr\/nous-contacter\/\">Demande de devis \u2192<\/a><\/p>\n<\/section>","protected":false},"excerpt":{"rendered":"<p>(1) <strong data-start=\"359\" data-end=\"387\">Bo\u00eetier combinateur pv \u00e0 2 branches<\/strong> pour <strong data-start=\"392\" data-end=\"403\">1000VDC<\/strong> Syst\u00e8mes photovolta\u00efques.<br data-start=\"415\" data-end=\"418\" \/>(2) Int\u00e9gr\u00e9 <strong data-start=\"431\" data-end=\"480\">double fusible DC + SPD type 2 + disjoncteur DC (MCB)<\/strong> pour la protection contre les surtensions et les surintensit\u00e9s.<br data-start=\"518\" data-end=\"521\" \/>(3) Ext\u00e9rieur <strong data-start=\"533\" data-end=\"548\">IP65 \/ IK09<\/strong> avec presse-\u00e9toupes PG, capacit\u00e9 de 2,5-16 mm\u00b2.<\/p>","protected":false},"featured_media":1467,"comment_status":"open","ping_status":"closed","template":"","meta":[],"product_brand":[],"product_cat":[30],"product_tag":[],"class_list":{"0":"post-1465","1":"product","2":"type-product","3":"status-publish","4":"has-post-thumbnail","6":"product_cat-pv-combiner-box","8":"first","9":"instock","10":"shipping-taxable","11":"product-type-simple"},"_links":{"self":[{"href":"https:\/\/sinobreaker.com\/fr\/wp-json\/wp\/v2\/product\/1465","targetHints":{"allow":["GET"]}}],"collection":[{"href":"https:\/\/sinobreaker.com\/fr\/wp-json\/wp\/v2\/product"}],"about":[{"href":"https:\/\/sinobreaker.com\/fr\/wp-json\/wp\/v2\/types\/product"}],"replies":[{"embeddable":true,"href":"https:\/\/sinobreaker.com\/fr\/wp-json\/wp\/v2\/comments?post=1465"}],"wp:featuredmedia":[{"embeddable":true,"href":"https:\/\/sinobreaker.com\/fr\/wp-json\/wp\/v2\/media\/1467"}],"wp:attachment":[{"href":"https:\/\/sinobreaker.com\/fr\/wp-json\/wp\/v2\/media?parent=1465"}],"wp:term":[{"taxonomy":"product_brand","embeddable":true,"href":"https:\/\/sinobreaker.com\/fr\/wp-json\/wp\/v2\/product_brand?post=1465"},{"taxonomy":"product_cat","embeddable":true,"href":"https:\/\/sinobreaker.com\/fr\/wp-json\/wp\/v2\/product_cat?post=1465"},{"taxonomy":"product_tag","embeddable":true,"href":"https:\/\/sinobreaker.com\/fr\/wp-json\/wp\/v2\/product_tag?post=1465"}],"curies":[{"name":"wp","href":"https:\/\/api.w.org\/{rel}","templated":true}]}}