{"id":1478,"date":"2025-08-25T10:01:10","date_gmt":"2025-08-25T10:01:10","guid":{"rendered":"https:\/\/sinobreaker.com\/?post_type=product&#038;p=1478"},"modified":"2025-08-25T10:01:11","modified_gmt":"2025-08-25T10:01:11","slug":"boitier-combinateur-pv-6-cordes","status":"publish","type":"product","link":"https:\/\/sinobreaker.com\/fr\/products\/6-string-pv-combiner-box\/","title":{"rendered":"6 String PV Combiner Box with Dual Outputs 1000VDC | HD Series with Fuse, SPD &amp; Breaker"},"content":{"rendered":"<section id=\"overview\">\n<h2>S\u00e9rie HD - Bo\u00eetier combinateur PV 6 branches avec sorties doubles 1000VDC<\/h2>\n<p>Le <strong>S\u00e9rie HD<\/strong> <strong>Bo\u00eetier combinateur pv 6 branches avec double sortie<\/strong> est con\u00e7u pour les r\u00e9seaux photovolta\u00efques r\u00e9sidentiels et commerciaux de plus grande taille. Il prend en charge six entr\u00e9es de cha\u00eenes de courant continu et fournit deux sorties ind\u00e9pendantes. Chaque entr\u00e9e est prot\u00e9g\u00e9e par un fusible individuel, avec un <a href=\"\/fr\/dc-spd\/\">DOCUP de type 2<\/a> et un <a href=\"\/fr\/dc-breaker\/\">Disjoncteur DC (MCB)<\/a> garantissant un fonctionnement s\u00fbr, une suppression des surtensions et une isolation fiable.<\/p>\n<p>D\u00e9couvrez notre gamme compl\u00e8te de produits sur le site <a href=\"\/fr\/boite-de-raccordement-pv\/\">Page d'atterrissage de la bo\u00eete de combinaison PV<\/a>et visitez notre site web <a href=\"\/fr\/pv-combiner-manufacturer\/\">page du fabricant<\/a> pour plus de d\u00e9tails sur les \u00e9quipementiers. Pour les alternatives d'interrupteurs-d\u00e9connecteurs, voir la section <a href=\"\/fr\/dc-disconnector\/\">D\u00e9connecteur DC<\/a>. Pour demander un prix, <a href=\"\/fr\/nous-contacter\/\">nous contacter<\/a>.<\/p>\n<\/section>\n<section id=\"key-features\">\n<h3>Caract\u00e9ristiques principales<\/h3>\n<ul>\n<li><strong>Topologie :<\/strong> 6 cordes (6 entr\u00e9es \/ 2 sorties)<\/li>\n<li><strong>Tension du syst\u00e8me :<\/strong> 1000V DC<\/li>\n<li><strong>Dispositifs de protection :<\/strong> 6 \u00d7 <a href=\"\/fr\/fusible-cc\/\">10\u00d738 mm Fusibles DC<\/a>, <a href=\"\/fr\/dc-spd\/\">DOCUP de type 2<\/a> (40 kA), <a href=\"\/fr\/dc-breaker\/\">Disjoncteur DC (MCB)<\/a> (63 A)<\/li>\n<li><strong>La cl\u00f4ture :<\/strong> Polycarbonate, <strong>IP65<\/strong> entr\u00e9e &amp; <strong>IK09<\/strong> protection contre les chocs<\/li>\n<li><strong>C\u00e2blage :<\/strong> Entr\u00e9es PG09, sorties doubles PG21, conducteurs 2,5-16 mm\u00b2.<\/li>\n<li><strong>Normes :<\/strong> Le DOCUP a \u00e9t\u00e9 test\u00e9 pour<br \/>\n<a href=\"https:\/\/www.iec.ch\/\" target=\"_blank\" rel=\"nofollow noopener\">IEC\/EN 61643-31<\/a>; conforme \u00e0<br \/>\n<a href=\"https:\/\/single-market-economy.ec.europa.eu\/single-market\/european-standards\/harmonised-standards_en\" target=\"_blank\" rel=\"nofollow noopener\">CE<\/a> et<br \/>\n<a href=\"https:\/\/www.ul.com\/\" target=\"_blank\" rel=\"nofollow noopener\">UL<\/a>.<\/li>\n<\/ul>\n<\/section>\n<section id=\"specifications\">\n<h3>Sp\u00e9cifications techniques<\/h3>\n<table>\n<thead>\n<tr>\n<th>Sp\u00e9cifications<\/th>\n<th>Valeur<\/th>\n<\/tr>\n<\/thead>\n<tbody>\n<tr>\n<td>S\u00e9rie<\/td>\n<td>HD<\/td>\n<\/tr>\n<tr>\n<td>Entr\u00e9e \/ Sortie<\/td>\n<td>6 cordes (6 entr\u00e9es \/ 2 sorties)<\/td>\n<\/tr>\n<tr>\n<td>Tension maximale du syst\u00e8me<\/td>\n<td>1000V DC<\/td>\n<\/tr>\n<tr>\n<td>Courant d'entr\u00e9e maximal<\/td>\n<td>16 A par corde<\/td>\n<\/tr>\n<tr>\n<td>Courant de sortie maximal<\/td>\n<td>2 \u00d7 48 A<\/td>\n<\/tr>\n<tr>\n<td>Dispositif de protection contre les surtensions<\/td>\n<td>Type 2 SPD, 40 kA<\/td>\n<\/tr>\n<tr>\n<td>Fusible<\/td>\n<td>6 \u00d7 10\u00d738 mm Fusibles DC, typ. 16 A<\/td>\n<\/tr>\n<tr>\n<td>Brise-glace<\/td>\n<td>Disjoncteur DC (MCB), 63 A<\/td>\n<\/tr>\n<tr>\n<td>Enceinte<\/td>\n<td>PC, IP65<\/td>\n<\/tr>\n<tr>\n<td>R\u00e9sistance aux chocs<\/td>\n<td>IK09<\/td>\n<\/tr>\n<tr>\n<td>Dimensions<\/td>\n<td>~340 \u00d7 280 \u00d7 130 mm<\/td>\n<\/tr>\n<tr>\n<td>Entr\u00e9es de c\u00e2bles<\/td>\n<td>Entr\u00e9es PG09 ; sorties doubles PG21<\/td>\n<\/tr>\n<tr>\n<td>Taille du conducteur<\/td>\n<td>2,5-16 mm\u00b2<\/td>\n<\/tr>\n<tr>\n<td>Temp\u00e9rature de fonctionnement<\/td>\n<td>-20 \u2103 ~ +60 \u2103<\/td>\n<\/tr>\n<tr>\n<td>Humidit\u00e9<\/td>\n<td>\u2264 99%<\/td>\n<\/tr>\n<tr>\n<td>Altitude<\/td>\n<td>\u2264 2000 m<\/td>\n<\/tr>\n<tr>\n<td>Installation<\/td>\n<td>Montage mural<\/td>\n<\/tr>\n<\/tbody>\n<\/table>\n<\/section>\n<section id=\"wiring-diagram\">\n<h3>Sch\u00e9ma de c\u00e2blage<\/h3>\n<figure>Bo\u00eetier combinateur pv 6 cordes<figcaption>Six cha\u00eenes PV \u2192 Fusibles \u2192 SPD \u2192 Disjoncteur DC \u2192 Double sortie<\/figcaption><\/figure>\n<\/section>\n<section id=\"applications\">\n<h3>Applications<\/h3>\n<ul>\n<li>R\u00e9seaux photovolta\u00efques r\u00e9sidentiels de taille moyenne \u00e0 grande avec 6 branches<\/li>\n<li>Syst\u00e8mes photovolta\u00efques commerciaux sur toiture et au sol<\/li>\n<li>Projets ext\u00e9rieurs n\u00e9cessitant des bo\u00eetiers IP65 \/ IK09<\/li>\n<\/ul>\n<p>En rapport : <a href=\"\/fr\/fusible-cc\/\">Fusibles DC<\/a>, <a href=\"\/fr\/dc-spd\/\">Dispositifs de protection contre les surtensions<\/a>, <a href=\"\/fr\/dc-disconnector\/\">Interrupteurs-sectionneurs DC<\/a>, <a href=\"\/fr\/dc-breaker\/\">Disjoncteurs DC<\/a>.<\/p>\n<\/section>\n<section id=\"faq\">\n<h3>FAQ<\/h3>\n<div class=\"faq-item\">\n<h4>Qu'est-ce qu'une bo\u00eete combin\u00e9e pv \u00e0 6 branches avec double sortie ?<\/h4>\n<p>Bo\u00eetier de regroupement qui prend en charge six entr\u00e9es PV et fournit deux sorties, avec fusibles, SPD et disjoncteur int\u00e9gr\u00e9s.<\/p>\n<\/div>\n<div class=\"faq-item\">\n<h4>Offre-t-il une protection contre les surtensions ?<\/h4>\n<p>Oui, il int\u00e8gre un SPD de type 2 d'une capacit\u00e9 de 40 kA.<\/p>\n<\/div>\n<div class=\"faq-item\">\n<h4>Est-il pr\u00e9vu pour l'ext\u00e9rieur ?<\/h4>\n<p>Oui, le bo\u00eetier du PC est conforme aux normes IP65 et IK09 pour les applications solaires ext\u00e9rieures.<\/p>\n<\/div>\n<div class=\"faq-item\">\n<h4>Qu'est-ce qui le diff\u00e9rencie des mod\u00e8les plus petits ?<\/h4>\n<p>Le HD-6\/2 prend en charge le plus grand nombre de cha\u00eenes de la s\u00e9rie, ce qui est id\u00e9al pour les grands r\u00e9seaux photovolta\u00efques n\u00e9cessitant des sorties doubles.<\/p>\n<\/div>\n<\/section>\n<section id=\"cta\">\n<h3>Demande de devis<\/h3>\n<p>Partagez les d\u00e9tails de votre r\u00e9seau photovolta\u00efque et nous configurerons la bo\u00eete combin\u00e9e HD-6\/2 en cons\u00e9quence. <a href=\"\/fr\/nous-contacter\/\">Demande de devis \u2192<\/a><\/p>\n<\/section>","protected":false},"excerpt":{"rendered":"<p>(1) <strong data-start=\"441\" data-end=\"487\">Bo\u00eetier combinateur pv 6 branches avec double sortie<\/strong> pour <strong data-start=\"492\" data-end=\"503\">1000VDC<\/strong> les syst\u00e8mes solaires photovolta\u00efques.<br data-start=\"521\" data-end=\"524\" \/>(2) Int\u00e9gr\u00e9 <strong data-start=\"539\" data-end=\"586\">6\u00d7 fusibles DC + SPD type 2 + disjoncteur DC (MCB)<\/strong> pour une fiabilit\u00e9 maximale.<br data-start=\"611\" data-end=\"614\" \/>(3) Service intensif <strong data-start=\"629\" data-end=\"644\">IP65 \/ IK09<\/strong> Bo\u00eetier PC, montage mural, deux sorties avec presse-\u00e9toupes PG 2,5-16 mm\u00b2.<\/p>","protected":false},"featured_media":1480,"comment_status":"open","ping_status":"closed","template":"","meta":[],"product_brand":[],"product_cat":[30],"product_tag":[],"class_list":{"0":"post-1478","1":"product","2":"type-product","3":"status-publish","4":"has-post-thumbnail","6":"product_cat-pv-combiner-box","8":"first","9":"instock","10":"shipping-taxable","11":"product-type-simple"},"_links":{"self":[{"href":"https:\/\/sinobreaker.com\/fr\/wp-json\/wp\/v2\/product\/1478","targetHints":{"allow":["GET"]}}],"collection":[{"href":"https:\/\/sinobreaker.com\/fr\/wp-json\/wp\/v2\/product"}],"about":[{"href":"https:\/\/sinobreaker.com\/fr\/wp-json\/wp\/v2\/types\/product"}],"replies":[{"embeddable":true,"href":"https:\/\/sinobreaker.com\/fr\/wp-json\/wp\/v2\/comments?post=1478"}],"wp:featuredmedia":[{"embeddable":true,"href":"https:\/\/sinobreaker.com\/fr\/wp-json\/wp\/v2\/media\/1480"}],"wp:attachment":[{"href":"https:\/\/sinobreaker.com\/fr\/wp-json\/wp\/v2\/media?parent=1478"}],"wp:term":[{"taxonomy":"product_brand","embeddable":true,"href":"https:\/\/sinobreaker.com\/fr\/wp-json\/wp\/v2\/product_brand?post=1478"},{"taxonomy":"product_cat","embeddable":true,"href":"https:\/\/sinobreaker.com\/fr\/wp-json\/wp\/v2\/product_cat?post=1478"},{"taxonomy":"product_tag","embeddable":true,"href":"https:\/\/sinobreaker.com\/fr\/wp-json\/wp\/v2\/product_tag?post=1478"}],"curies":[{"name":"wp","href":"https:\/\/api.w.org\/{rel}","templated":true}]}}