{"id":992,"date":"2025-08-17T09:48:57","date_gmt":"2025-08-17T09:48:57","guid":{"rendered":"https:\/\/sinobreaker.com\/?post_type=product&#038;p=992"},"modified":"2025-08-18T08:47:00","modified_gmt":"2025-08-18T08:47:00","slug":"14x85mm-3050a-1500vdc-50ka-gpv-pv-solar-fuses","status":"publish","type":"product","link":"https:\/\/sinobreaker.com\/fr\/products\/14x85mm-3050a-1500vdc-50ka-gpv-pv-solar-fuses\/","title":{"rendered":"14x85mm 30~50A 1500VDC 50kA CFPV PV Solar Fuses"},"content":{"rendered":"<p>La s\u00e9rie de fusibles photovolta\u00efques 14x85mm est con\u00e7ue sp\u00e9cifiquement pour les syst\u00e8mes de production d'\u00e9nergie solaire photovolta\u00efque (PV), offrant une protection fiable avec une tension nominale \u00e9lev\u00e9e allant jusqu'\u00e0 1500V DC et un courant nominal allant jusqu'\u00e0 50A. Ces fusibles sont id\u00e9aux pour \u00eatre connect\u00e9s aux panneaux photovolta\u00efques et aux batteries afin de prot\u00e9ger les syst\u00e8mes \u00e0 d\u00e9bit variable en offrant une protection contre les courts-circuits dans les stations photovolta\u00efques et les syst\u00e8mes de production d'\u00e9nergie. Avec un pouvoir de coupure impressionnant de 50 kA, cette s\u00e9rie de fusibles est un composant essentiel pour garantir la s\u00e9curit\u00e9 et l'efficacit\u00e9 des applications d'\u00e9nergie solaire.<\/p>\n<p><strong>Caract\u00e9ristiques principales<\/strong><\/p>\n<ul>\n<li><strong>Compatibilit\u00e9 haute tension<\/strong>: Prend en charge jusqu'\u00e0 1500V DC, r\u00e9pondant aux exigences des syst\u00e8mes solaires \u00e0 haute tension.<\/li>\n<li><strong>Large gamme de courants<\/strong>: Courant nominal de 30A \u00e0 50A, avec des options jusqu'\u00e0 50A, pour s'adapter \u00e0 diverses applications photovolta\u00efques.<\/li>\n<li><strong>Capacit\u00e9 de rupture exceptionnelle<\/strong>: Avec un pouvoir de coupure nominal de 50 kA, il assure une protection fiable contre les courts-circuits.<\/li>\n<li><strong>Conformit\u00e9 de la classe GPV<\/strong>: Certifi\u00e9 comme fusible photovolta\u00efque de classe GPV, conforme aux normes IEC 60269-6, sp\u00e9cifiquement pour la protection photovolta\u00efque.<\/li>\n<li><strong>Temps de r\u00e9ponse rapide<\/strong>: Une constante de temps de 1-3ms assure une protection rapide et efficace des circuits.<\/li>\n<\/ul>\n<p>&nbsp;<\/p>\n<p><strong>Caract\u00e9ristiques \u00e9lectriques<\/strong><\/p>\n<div class=\"horizontal-scroll-wrapper\">\n<div class=\"table-block-component\">\n<div class=\"table-block\">\n<div class=\"table-content not-end-of-paragraph\">\n<table width=\"1046\" data-sourcepos=\"3:1-9:106\">\n<tbody>\n<tr data-sourcepos=\"3:1-3:81\">\n<th data-sourcepos=\"3:1-3:15\">Num\u00e9ro de s\u00e9rie<\/th>\n<th data-sourcepos=\"3:17-3:23\">Mod\u00e8le<\/th>\n<th data-sourcepos=\"3:25-3:43\">Courant nominal (A)<\/th>\n<th data-sourcepos=\"3:45-3:60\">Perte en watts (W)<\/th>\n<th data-sourcepos=\"3:62-3:79\">Int\u00e9grales d'\u00e9nergie<\/th>\n<\/tr>\n<tr data-sourcepos=\"5:1-5:103\">\n<td data-sourcepos=\"5:1-5:3\">1<\/td>\n<td data-sourcepos=\"5:5-5:23\">1500VDC\/14X85\/30A<\/td>\n<td data-sourcepos=\"5:25-5:28\">30<\/td>\n<td data-sourcepos=\"5:30-5:54\">0.8ln : 4.57, 1.0ln : 8.6<\/td>\n<td data-sourcepos=\"5:56-5:101\">Pr\u00e9-arcades 12t(A25) : 90, Total 12t(A2s) : 720<\/td>\n<\/tr>\n<tr data-sourcepos=\"6:1-6:104\">\n<td data-sourcepos=\"6:1-6:3\">2<\/td>\n<td data-sourcepos=\"6:5-6:23\">1500VDC\/14X85\/32A<\/td>\n<td data-sourcepos=\"6:25-6:28\">32<\/td>\n<td data-sourcepos=\"6:30-6:55\">0.8ln : 4.72, 1.0ln : 8.85<\/td>\n<td data-sourcepos=\"6:57-6:102\">12t(A25) avant le per\u00e7age : 95, Total 12t(A2s) : 730<\/td>\n<\/tr>\n<tr data-sourcepos=\"7:1-7:104\">\n<td data-sourcepos=\"7:1-7:3\">3<\/td>\n<td data-sourcepos=\"7:5-7:23\">1500VDC\/14X85\/35A<\/td>\n<td data-sourcepos=\"7:25-7:28\">35<\/td>\n<td data-sourcepos=\"7:30-7:55\">0.8ln : 5.12, 1.0ln : 9.35<\/td>\n<td data-sourcepos=\"7:57-7:102\">12t(A25) avant le per\u00e7age : 95, Total 12t(A2s) : 750<\/td>\n<\/tr>\n<tr data-sourcepos=\"8:1-8:105\">\n<td data-sourcepos=\"8:1-8:3\">4<\/td>\n<td data-sourcepos=\"8:5-8:23\">1500VDC\/14X85\/40A<\/td>\n<td data-sourcepos=\"8:25-8:28\">40<\/td>\n<td data-sourcepos=\"8:30-8:55\">0.8ln : 6.63, 1.0ln : 12.5<\/td>\n<td data-sourcepos=\"8:57-8:103\">Pr\u00e9-arcades 12t(A25) : 125, Total 12t(A2s) : 800<\/td>\n<\/tr>\n<tr data-sourcepos=\"9:1-9:106\">\n<td data-sourcepos=\"9:1-9:3\">5<\/td>\n<td data-sourcepos=\"9:5-9:23\">1500VDC\/14X85\/50A<\/td>\n<td data-sourcepos=\"9:25-9:28\">50<\/td>\n<td data-sourcepos=\"9:30-9:56\">0.8ln : 7.25, 1.0ln : 13.65<\/td>\n<td data-sourcepos=\"9:58-9:104\">Pr\u00e9-arcades 12t(A25) : 125, Total 12t(A2s) : 920<\/td>\n<\/tr>\n<\/tbody>\n<\/table>\n<\/div>\n<\/div>\n<\/div>\n<\/div>\n<p><strong>Sc\u00e9narios d'application<\/strong><\/p>\n<p>Ce fusible PV de 10x85mm est id\u00e9al pour une utilisation dans :<\/p>\n<ul>\n<li><strong>Syst\u00e8mes de production d'\u00e9nergie solaire<\/strong>: Prot\u00e8ge les installations photovolta\u00efques en isolant les d\u00e9fauts et en \u00e9vitant d'endommager les \u00e9quipements connect\u00e9s.<\/li>\n<li><strong>Panneaux photovolta\u00efques et connexions de la batterie<\/strong>: Offre une protection de courant stable pour les syst\u00e8mes de charge de batterie li\u00e9s aux panneaux photovolta\u00efques.<\/li>\n<li><strong>Stations photovolta\u00efques<\/strong>: Indispensable pour g\u00e9rer la s\u00e9curit\u00e9 et la fiabilit\u00e9 des centrales photovolta\u00efques pr\u00e9sentant des courants de d\u00e9faut \u00e9lev\u00e9s.<\/li>\n<\/ul>\n<p>Ces fusibles constituent un choix fiable pour les applications photovolta\u00efques, car ils offrent une protection, une durabilit\u00e9 et une s\u00e9curit\u00e9 accrues pour une production d'\u00e9nergie solaire durable.<\/p>","protected":false},"excerpt":{"rendered":"<ul>\n<li><strong>Courant nominal :<\/strong>30~50A<\/li>\n<li><strong>Tension nominale<\/strong>: 1500V DC<\/li>\n<li><strong>Capacit\u00e9 de rupture<\/strong>: 50KA<\/li>\n<li><strong>Classe<\/strong>: GPV<\/li>\n<li><strong>Normes de conformit\u00e9<\/strong>: UL248-19 \/ IEC60269-6 \/ GB\/T13539-6<\/li>\n<\/ul>","protected":false},"featured_media":1020,"comment_status":"closed","ping_status":"closed","template":"","meta":[],"product_brand":[],"product_cat":[26],"product_tag":[],"class_list":{"0":"post-992","1":"product","2":"type-product","3":"status-publish","4":"has-post-thumbnail","6":"product_cat-dc-fuse","8":"first","9":"instock","10":"shipping-taxable","11":"product-type-simple"},"_links":{"self":[{"href":"https:\/\/sinobreaker.com\/fr\/wp-json\/wp\/v2\/product\/992","targetHints":{"allow":["GET"]}}],"collection":[{"href":"https:\/\/sinobreaker.com\/fr\/wp-json\/wp\/v2\/product"}],"about":[{"href":"https:\/\/sinobreaker.com\/fr\/wp-json\/wp\/v2\/types\/product"}],"replies":[{"embeddable":true,"href":"https:\/\/sinobreaker.com\/fr\/wp-json\/wp\/v2\/comments?post=992"}],"wp:featuredmedia":[{"embeddable":true,"href":"https:\/\/sinobreaker.com\/fr\/wp-json\/wp\/v2\/media\/1020"}],"wp:attachment":[{"href":"https:\/\/sinobreaker.com\/fr\/wp-json\/wp\/v2\/media?parent=992"}],"wp:term":[{"taxonomy":"product_brand","embeddable":true,"href":"https:\/\/sinobreaker.com\/fr\/wp-json\/wp\/v2\/product_brand?post=992"},{"taxonomy":"product_cat","embeddable":true,"href":"https:\/\/sinobreaker.com\/fr\/wp-json\/wp\/v2\/product_cat?post=992"},{"taxonomy":"product_tag","embeddable":true,"href":"https:\/\/sinobreaker.com\/fr\/wp-json\/wp\/v2\/product_tag?post=992"}],"curies":[{"name":"wp","href":"https:\/\/api.w.org\/{rel}","templated":true}]}}