{"id":1367,"date":"2025-08-23T03:47:09","date_gmt":"2025-08-23T03:47:09","guid":{"rendered":"https:\/\/sinobreaker.com\/?post_type=product&#038;p=1367"},"modified":"2025-08-23T04:31:38","modified_gmt":"2025-08-23T04:31:38","slug":"a-4-scatola-di-distribuzione-impermeabile","status":"publish","type":"product","link":"https:\/\/sinobreaker.com\/it\/products\/at-4-waterproof-distribution-box\/","title":{"rendered":"Scatola di distribuzione impermeabile AT-4"},"content":{"rendered":"<h2>Panoramica<\/h2>\n<p>Il <strong>Scatola di distribuzione impermeabile AT-4<\/strong> fornisce <strong>4 circuiti<\/strong> in un contenitore compatto a fila singola.<br \/>\nIl suo <strong>apertura inferiore<\/strong> La struttura semplifica l'installazione e la manutenzione, mentre la <strong>IP65<\/strong> la sigillatura garantisce<br \/>\nfunzionamento affidabile in ambienti interni ed esterni difficili. L'alloggiamento utilizza <strong>PC\/ABS<\/strong> nuovo materiale con<br \/>\nstruttura rinforzata della fibbia, posizione riservata per il blocco antifurto, design del deflettore del circuito e terminale in rame di alta qualit\u00e0<br \/>\n(test del filo caldo a 960 \u00b0C).<br \/>\nPer una panoramica dell'intera serie, si veda la sezione<br \/>\n<a href=\"\/it\/prodotti\/scatola-di-distribuzione-impermeabile\/\">Serie AT (apertura inferiore)<\/a>.<\/p>\n<h2 id=\"specification\">Specifiche della scatola di distribuzione impermeabile AT-4<\/h2>\n<table>\n<thead>\n<tr>\n<th>Parametro<\/th>\n<th>Valore<\/th>\n<\/tr>\n<\/thead>\n<tbody>\n<tr>\n<td>Modello<\/td>\n<td>AT-4<\/td>\n<\/tr>\n<tr>\n<td>Numero di circuiti<\/td>\n<td>4 vie (fila singola)<\/td>\n<\/tr>\n<tr>\n<td>Dimensioni complessive (L\u00d7L\u00d7H)<\/td>\n<td>128 \u00d7 200 \u00d7 100 mm<\/td>\n<\/tr>\n<tr>\n<td>Zero \/ Fori della fila di terra<\/td>\n<td>3 \/ 3<\/td>\n<\/tr>\n<tr>\n<td>Grado di protezione<\/td>\n<td>IP65 - vedere <a href=\"https:\/\/en.wikipedia.org\/wiki\/IP_Code\" target=\"_blank\" rel=\"noopener\">Codice IP<\/a><br \/>\ne <a href=\"https:\/\/www.iec.ch\/standards\" target=\"_blank\" rel=\"noopener\">IEC 60529<\/a><\/td>\n<\/tr>\n<tr>\n<td>Materiale<\/td>\n<td>PC\/ABS<\/td>\n<\/tr>\n<tr>\n<td>Dimensioni della scatola esterna (L\u00d7L\u00d7H)<\/td>\n<td>545 \u00d7 425 \u00d7 555 mm<\/td>\n<\/tr>\n<tr>\n<td>Peso lordo (intera scatola)<\/td>\n<td>21,5 kg<\/td>\n<\/tr>\n<tr>\n<td>Quantit\u00e0 di imballaggio<\/td>\n<td>40 pezzi<\/td>\n<\/tr>\n<tr>\n<td>Tipo di apertura<\/td>\n<td>Apertura inferiore<\/td>\n<\/tr>\n<tr>\n<td>Standard (guscio\/telaio)<\/td>\n<td>GB\/T 17466.1; GB\/T 17466.24<\/td>\n<\/tr>\n<\/tbody>\n<\/table>\n<h2 id=\"diagram\">Scatola di distribuzione impermeabile AT-4 Schema<\/h2>\n<p><img loading=\"lazy\" decoding=\"async\" class=\"alignnone wp-image-1368\" src=\"https:\/\/sinobreaker.com\/wp-content\/uploads\/2025\/08\/AT-4D-300x151.png\" alt=\"Schema della scatola di distribuzione impermeabile AT-4\" width=\"644\" height=\"324\" srcset=\"https:\/\/sinobreaker.com\/wp-content\/uploads\/2025\/08\/AT-4D-300x151.png 300w, https:\/\/sinobreaker.com\/wp-content\/uploads\/2025\/08\/AT-4D-768x387.png 768w, https:\/\/sinobreaker.com\/wp-content\/uploads\/2025\/08\/AT-4D-600x302.png 600w, https:\/\/sinobreaker.com\/wp-content\/uploads\/2025\/08\/AT-4D.png 784w\" sizes=\"auto, (max-width: 644px) 100vw, 644px\" \/><\/p>\n<h2 id=\"faq\">AT-4 scatola di distribuzione impermeabile FAQ<\/h2>\n<details>\n<summary>L'AT-4 pu\u00f2 essere configurato come combinatore fotovoltaico?<\/summary>\n<div>S\u00ec. Quando \u00e8 dotato di<br \/>\n<a href=\"\/it\/prodotti\/fusibile-dc\/\">Fusibile CC<\/a>,<br \/>\n<a href=\"\/it\/prodotti\/dc-spd\/\">Dispositivo di protezione dalle sovratensioni (SPD)<\/a>, e un<br \/>\n<a href=\"\/it\/prodotti\/sezionatore-dc\/\">Sezionatore DC<\/a> o<br \/>\n<a href=\"\/it\/prodotti\/dc-circuit-breaker\/\">Interruttore CC<\/a>,<br \/>\nL'AT-4 pu\u00f2 fungere da combinatore fotovoltaico compatto.<br \/>\nPer le opzioni a livello di sistema, vedere<br \/>\n<a href=\"\/it\/solutions\/scatola-combinatore-pv\/\">Soluzioni per scatole combinate fotovoltaiche<\/a>.<\/div>\n<\/details>\n<details>\n<summary>Quali sono le dimensioni complessive dell'AT-4?<\/summary>\n<div>128 \u00d7 200 \u00d7 100 mm (L\u00d7L\u00d7H).<\/div>\n<\/details>\n<details>\n<summary>L'AT-4 \u00e8 adatto per applicazioni esterne?<\/summary>\n<div>S\u00ec. L'AT-4 \u00e8 classificato IP65 con strisce di tenuta stagna (riferimento:<br \/>\n<a href=\"https:\/\/en.wikipedia.org\/wiki\/IP_Code\" target=\"_blank\" rel=\"noopener\">Codice IP<\/a> \/<br \/>\n<a href=\"https:\/\/www.iec.ch\/standards\" target=\"_blank\" rel=\"noopener\">IEC 60529<\/a>), adatto per uso interno ed esterno.<\/div>\n<\/details>\n<details>\n<summary>Quanti circuiti supporta l'AT-4?<\/summary>\n<div>4 circuiti in un layout a fila singola. Fila di zero: 3 fori; fila di terra: 3 fori.<\/div>\n<\/details>\n<p class=\"note\">Componenti correlati:<br \/>\n<a href=\"\/it\/prodotti\/fusibile-dc\/\">Fusibile CC<\/a> -<br \/>\n<a href=\"\/it\/prodotti\/dc-spd\/\">SPD DC<\/a> -<br \/>\n<a href=\"\/it\/prodotti\/sezionatore-dc\/\">Sezionatore DC<\/a> -<br \/>\n<a href=\"\/it\/prodotti\/dc-circuit-breaker\/\">Interruttore CC<\/a><\/p>","protected":false},"excerpt":{"rendered":"<ul>\n<li data-start=\"182\" data-end=\"275\">\n<p data-start=\"185\" data-end=\"275\">Compatto <strong data-start=\"193\" data-end=\"230\">Scatola di distribuzione impermeabile a 4 vie<\/strong>, Protezione IP65 per prestazioni affidabili.<\/p>\n<\/li>\n<li data-start=\"276\" data-end=\"343\">\n<p data-start=\"279\" data-end=\"343\">Design con apertura dal basso per facilitare l'installazione e la manutenzione.<\/p>\n<\/li>\n<li data-start=\"344\" data-end=\"424\">\n<p data-start=\"347\" data-end=\"424\">Alloggiamento in PC\/ABS ad alta resistenza, adatto per applicazioni interne ed esterne.<\/p>\n<\/li>\n<\/ul>","protected":false},"featured_media":1369,"comment_status":"open","ping_status":"closed","template":"","meta":[],"product_brand":[],"product_cat":[29],"product_tag":[],"class_list":{"0":"post-1367","1":"product","2":"type-product","3":"status-publish","4":"has-post-thumbnail","6":"product_cat-waterproof-distribution-box","8":"first","9":"instock","10":"shipping-taxable","11":"product-type-simple"},"_links":{"self":[{"href":"https:\/\/sinobreaker.com\/it\/wp-json\/wp\/v2\/product\/1367","targetHints":{"allow":["GET"]}}],"collection":[{"href":"https:\/\/sinobreaker.com\/it\/wp-json\/wp\/v2\/product"}],"about":[{"href":"https:\/\/sinobreaker.com\/it\/wp-json\/wp\/v2\/types\/product"}],"replies":[{"embeddable":true,"href":"https:\/\/sinobreaker.com\/it\/wp-json\/wp\/v2\/comments?post=1367"}],"wp:featuredmedia":[{"embeddable":true,"href":"https:\/\/sinobreaker.com\/it\/wp-json\/wp\/v2\/media\/1369"}],"wp:attachment":[{"href":"https:\/\/sinobreaker.com\/it\/wp-json\/wp\/v2\/media?parent=1367"}],"wp:term":[{"taxonomy":"product_brand","embeddable":true,"href":"https:\/\/sinobreaker.com\/it\/wp-json\/wp\/v2\/product_brand?post=1367"},{"taxonomy":"product_cat","embeddable":true,"href":"https:\/\/sinobreaker.com\/it\/wp-json\/wp\/v2\/product_cat?post=1367"},{"taxonomy":"product_tag","embeddable":true,"href":"https:\/\/sinobreaker.com\/it\/wp-json\/wp\/v2\/product_tag?post=1367"}],"curies":[{"name":"wp","href":"https:\/\/api.w.org\/{rel}","templated":true}]}}