{"id":1395,"date":"2025-08-23T06:53:50","date_gmt":"2025-08-23T06:53:50","guid":{"rendered":"https:\/\/sinobreaker.com\/?post_type=product&#038;p=1395"},"modified":"2026-02-09T18:24:15","modified_gmt":"2026-02-09T18:24:15","slug":"ht-2-scatola-di-distribuzione-impermeabile","status":"publish","type":"product","link":"https:\/\/sinobreaker.com\/it\/products\/ht-2-waterproof-distribution-box\/","title":{"rendered":"Box di distribuzione impermeabile HT-2"},"content":{"rendered":"<style>\n  .product-section h2{font-size:1.6em;margin-top:1.2em;margin-bottom:0.6em;color:#0f172a}<br \/>\n  .product-section p{font-size:1.1em;line-height:1.7em;color:#1e293b}<br \/>\n  .product-section table{width:100%;border-collapse:collapse;margin:1em 0;font-size:1.05em}<br \/>\n  .product-section table th,.product-section table td{border:1px solid #cfcfcf;padding:10px 14px;text-align:left}<br \/>\n  .product-section table th{background:#f8fafc;font-weight:bold}<br \/>\n  .product-section details{margin:.5em 0;font-size:1.05em}<br \/>\n<\/style>\n<div class=\"product-section\">\n<h2>Panoramica<\/h2>\n<p>Il <strong>Scatola di distribuzione impermeabile HT-2<\/strong> offre un sistema compatto <strong>A 2 circuiti<\/strong> soluzione con un<br \/>\n<strong>apertura laterale, coperchio a cerniera<\/strong> che migliora l'accessibilit\u00e0 durante il cablaggio e la manutenzione. Dispone di<br \/>\nun <strong>ABS<\/strong> guscio inferiore e telaio di superficie con un <strong>PC<\/strong> copertura trasparente, che combina una buona<br \/>\ntenacit\u00e0 e alta resistenza agli urti per una lunga durata. Con <strong>IP65<\/strong> tenuta e chiusura rinforzata<br \/>\nLa struttura a fibbia del coperchio \u00e8 adatta all'uso in ambienti interni ed esterni. La cerniera del coperchio si apre a &gt;115\u00b0 e pu\u00f2 essere<br \/>\nfissata all'angolo massimo, e viene fornito un pacchetto di montaggio accessorio per facilitare l'installazione. Per altri modelli, visitate il sito<br \/>\n<a href=\"\/it\/prodotti\/scatola-di-distribuzione-impermeabile\/\">Serie di scatole di distribuzione impermeabili<\/a>.<\/p>\n<p>Il <strong>Scatola di distribuzione impermeabile HT-2<\/strong> pu\u00f2 essere dotato di<br \/>\n<a href=\"\/it\/prodotti\/fusibile-dc\/\">Fusibile CC<\/a>, <a href=\"\/it\/prodotti\/dc-spd\/\">SPD<\/a>,<br \/>\n<a href=\"\/it\/prodotti\/sezionatore-dc\/\">Interruttore sezionatore<\/a>, o<br \/>\n<a href=\"\/it\/prodotti\/dc-circuit-breaker\/\">Interruttore CC<\/a> per la protezione di base o per l'uso di un combinatore FV compatto.<\/p>\n<h2 id=\"specification\">Specifiche della scatola di distribuzione impermeabile HT-2<\/h2>\n<table>\n<thead>\n<tr>\n<th>Parametro<\/th>\n<th>Valore<\/th>\n<\/tr>\n<\/thead>\n<tbody>\n<tr>\n<td>Modello<\/td>\n<td>HT-2<\/td>\n<\/tr>\n<tr>\n<td>Numero di circuiti<\/td>\n<td>2 vie (fila singola)<\/td>\n<\/tr>\n<tr>\n<td>Dimensioni complessive (L\u00d7L\u00d7H)<\/td>\n<td>56 \u00d7 125 \u00d7 88 mm<\/td>\n<\/tr>\n<tr>\n<td>Zero \/ Fila di terra<\/td>\n<td>- (non in dotazione)<\/td>\n<\/tr>\n<tr>\n<td>Grado di protezione<\/td>\n<td>IP65 - vedere <a href=\"https:\/\/en.wikipedia.org\/wiki\/IP_Code\" target=\"_blank\" rel=\"noopener\">Codice IP<\/a> \/<br \/>\n<a href=\"https:\/\/www.iec.ch\/standards\" target=\"_blank\" rel=\"noopener\">IEC 60529<\/a><\/td>\n<\/tr>\n<tr>\n<td>Materiale<\/td>\n<td>Base e telaio in ABS; coperchio trasparente in PC<\/td>\n<\/tr>\n<tr>\n<td>Dimensioni della scatola esterna (L\u00d7L\u00d7H)<\/td>\n<td>540 \u00d7 320 \u00d7 480 mm<\/td>\n<\/tr>\n<tr>\n<td>Peso lordo (intera scatola)<\/td>\n<td>11,8 kg<\/td>\n<\/tr>\n<tr>\n<td>Quantit\u00e0 di imballaggio<\/td>\n<td>100 pezzi<\/td>\n<\/tr>\n<tr>\n<td>Tipo di apertura<\/td>\n<td>Apertura laterale (coperchio incernierato &gt;115\u00b0)<\/td>\n<\/tr>\n<tr>\n<td>Caratteristiche strutturali<\/td>\n<td>Struttura con fibbia di bloccaggio; fori multipli; deflettore del circuito; vite del telaio allentata (non allentabile); gruppo terminale in rame (test del filo caldo a 960 \u00b0C)<\/td>\n<\/tr>\n<tr>\n<td>Standard<\/td>\n<td>GB\/T 17466.1; GB\/T 17466.24; IEC 60529 (IP65)<\/td>\n<\/tr>\n<\/tbody>\n<\/table>\n<h2 id=\"diagram\">Diagramma<\/h2>\n<p>Posizionare lo schema di installazione del <strong>Scatola di distribuzione impermeabile HT-2<\/strong> (fronte\/lato\/retro) direttamente sotto questa sezione<br \/>\n<img loading=\"lazy\" decoding=\"async\" class=\"alignnone  wp-image-1396\" src=\"https:\/\/sinobreaker.com\/wp-content\/uploads\/2025\/08\/HT-2D-300x186.png\" alt=\"Schema della scatola di distribuzione impermeabile HT-2\" width=\"839\" height=\"520\" srcset=\"https:\/\/sinobreaker.com\/wp-content\/uploads\/2025\/08\/HT-2D-300x186.png 300w, https:\/\/sinobreaker.com\/wp-content\/uploads\/2025\/08\/HT-2D-600x372.png 600w, https:\/\/sinobreaker.com\/wp-content\/uploads\/2025\/08\/HT-2D.png 641w\" sizes=\"auto, (max-width: 839px) 100vw, 839px\" \/><\/p>\n<h2 id=\"faq\">FAQ<\/h2>\n<details>\n<summary>Quali sono le dimensioni complessive della scatola di distribuzione impermeabile HT-2?<\/summary>\n<div>56 \u00d7 125 \u00d7 88 mm (L\u00d7L\u00d7H).<\/div>\n<\/details>\n<details>\n<summary>Quanti circuiti supporta l'HT-2?<\/summary>\n<div>HT-2 supporta 2 circuiti (fila singola). Questo modello non \u00e8 dotato di sbarre di zero\/terra.<\/div>\n<\/details>\n<details>\n<summary>L'HT-2 \u00e8 adatto per applicazioni esterne?<\/summary>\n<div>S\u00ec. Il <strong>Scatola di distribuzione impermeabile HT-2<\/strong> \u00e8 classificato IP65 con strisce di tenuta e materiali robusti in ABS\/PC,<br \/>\nadatto sia all'interno che all'esterno (riferimento:<br \/>\n<a href=\"https:\/\/en.wikipedia.org\/wiki\/IP_Code\" target=\"_blank\" rel=\"noopener\">Codice IP<\/a> \/<br \/>\n<a href=\"https:\/\/www.iec.ch\/standards\" target=\"_blank\" rel=\"noopener\">IEC 60529<\/a>).<\/div>\n<\/details>\n<details>\n<summary>L'HT-2 pu\u00f2 essere configurato come combinatore fotovoltaico?<\/summary>\n<div>S\u00ec. Quando \u00e8 dotato di <a href=\"\/it\/prodotti\/fusibile-dc\/\">Fusibile CC<\/a>,<br \/>\n<a href=\"\/it\/prodotti\/dc-spd\/\">Dispositivo di protezione dalle sovratensioni (SPD)<\/a>, e un<br \/>\n<a href=\"\/it\/prodotti\/sezionatore-dc\/\">Sezionatore DC<\/a> o<br \/>\n<a href=\"\/it\/prodotti\/dc-circuit-breaker\/\">Interruttore CC<\/a>L'HT-2 pu\u00f2 fungere da combinatore fotovoltaico compatto.<br \/>\nVedi <a href=\"\/it\/solutions\/scatola-combinatore-pv\/\">Soluzioni per scatole combinate fotovoltaiche<\/a> per gli esempi di sistema.<\/div>\n<\/details>\n<\/div>","protected":false},"excerpt":{"rendered":"<ul data-start=\"209\" data-end=\"494\">\n<li data-start=\"209\" data-end=\"305\">\n<p data-start=\"211\" data-end=\"305\"><strong data-start=\"211\" data-end=\"248\">Scatola di distribuzione impermeabile a 2 vie<\/strong> con <strong data-start=\"254\" data-end=\"285\">coperchio ad apertura laterale (a cerniera)<\/strong> per un accesso rapido.<\/p>\n<\/li>\n<li data-start=\"306\" data-end=\"395\">\n<p data-start=\"308\" data-end=\"395\"><strong data-start=\"308\" data-end=\"316\">IP65<\/strong> sigillatura, base in ABS + coperchio trasparente in PC, resistente agli urti e alle intemperie.<\/p>\n<\/li>\n<li data-start=\"396\" data-end=\"494\">\n<p data-start=\"398\" data-end=\"494\">Supporta la distribuzione di base o compatta <strong data-start=\"437\" data-end=\"452\">Combinatore FV<\/strong> configurazione con fusibile\/SPD\/sezionatore\/interruttore.<\/p>\n<\/li>\n<\/ul>","protected":false},"featured_media":1397,"comment_status":"open","ping_status":"closed","template":"","meta":[],"product_brand":[],"product_cat":[29],"product_tag":[],"class_list":{"0":"post-1395","1":"product","2":"type-product","3":"status-publish","4":"has-post-thumbnail","6":"product_cat-waterproof-distribution-box","8":"first","9":"instock","10":"shipping-taxable","11":"product-type-simple"},"_links":{"self":[{"href":"https:\/\/sinobreaker.com\/it\/wp-json\/wp\/v2\/product\/1395","targetHints":{"allow":["GET"]}}],"collection":[{"href":"https:\/\/sinobreaker.com\/it\/wp-json\/wp\/v2\/product"}],"about":[{"href":"https:\/\/sinobreaker.com\/it\/wp-json\/wp\/v2\/types\/product"}],"replies":[{"embeddable":true,"href":"https:\/\/sinobreaker.com\/it\/wp-json\/wp\/v2\/comments?post=1395"}],"wp:featuredmedia":[{"embeddable":true,"href":"https:\/\/sinobreaker.com\/it\/wp-json\/wp\/v2\/media\/1397"}],"wp:attachment":[{"href":"https:\/\/sinobreaker.com\/it\/wp-json\/wp\/v2\/media?parent=1395"}],"wp:term":[{"taxonomy":"product_brand","embeddable":true,"href":"https:\/\/sinobreaker.com\/it\/wp-json\/wp\/v2\/product_brand?post=1395"},{"taxonomy":"product_cat","embeddable":true,"href":"https:\/\/sinobreaker.com\/it\/wp-json\/wp\/v2\/product_cat?post=1395"},{"taxonomy":"product_tag","embeddable":true,"href":"https:\/\/sinobreaker.com\/it\/wp-json\/wp\/v2\/product_tag?post=1395"}],"curies":[{"name":"wp","href":"https:\/\/api.w.org\/{rel}","templated":true}]}}