{"id":1367,"date":"2025-08-23T03:47:09","date_gmt":"2025-08-23T03:47:09","guid":{"rendered":"https:\/\/sinobreaker.com\/?post_type=product&#038;p=1367"},"modified":"2025-08-23T04:31:38","modified_gmt":"2025-08-23T04:31:38","slug":"4-%ea%b0%9c%ec%9d%98-%eb%b0%a9%ec%88%98-%eb%b6%84%eb%b0%b0-%ec%83%81%ec%9e%90%ec%97%90%ec%84%9c","status":"publish","type":"product","link":"https:\/\/sinobreaker.com\/ko\/products\/at-4-waterproof-distribution-box\/","title":{"rendered":"AT-4 \ubc29\uc218 \ubc30\uc804\ud568"},"content":{"rendered":"<h2>\uac1c\uc694<\/h2>\n<p>\uadf8\ub9ac\uace0 <strong>AT-4 \ubc29\uc218 \ubd84\ubc30 \ubc15\uc2a4<\/strong> \uc81c\uacf5 <strong>4\uac1c\uc758 \ud68c\ub85c<\/strong> \ucef4\ud329\ud2b8\ud55c 1\uc5f4 \uc778\ud074\ub85c\uc800\uc5d0 \ub2f4\uaca8 \uc788\uc2b5\ub2c8\ub2e4.<br \/>\n\uadf8\uac83\uc758 <strong>\ud558\ub2e8 \uac1c\uad6c\ubd80<\/strong> \uad6c\uc870\ub294 \uc124\uce58 \ubc0f \uc720\uc9c0 \uad00\ub9ac\ub97c \uac04\uc18c\ud654\ud558\uace0 <strong>IP65<\/strong> \uc530\ub9c1\uc73c\ub85c \ubcf4\uc7a5<br \/>\n\uc5f4\uc545\ud55c \uc2e4\ub0b4 \ubc0f \uc2e4\uc678 \ud658\uacbd\uc5d0\uc11c\ub3c4 \uc548\uc815\uc801\uc73c\ub85c \uc791\ub3d9\ud569\ub2c8\ub2e4. \ud558\uc6b0\uc9d5 \uc6a9\ub3c4 <strong>PC\/ABS<\/strong> \uc2e0\uc18c\uc7ac\ub97c \uc0ac\uc6a9\ud55c<br \/>\n\uac15\ud654 \ubc84\ud074 \uad6c\uc870, \ub3c4\ub09c \ubc29\uc9c0 \uc7a0\uae08 \uc7a5\uce58\ub97c \uc704\ud55c \uc608\uc57d \uc704\uce58, \ud68c\ub85c \ubc30\ud50c \uc124\uacc4 \ubc0f \uace0\ud488\uc9c8 \uad6c\ub9ac \ub2e8\uc790<br \/>\n\uc870\ub9bd(960\u00b0C \uc5f4\uc120 \ud14c\uc2a4\ud2b8).<br \/>\n\uc804\uccb4 \uc2dc\ub9ac\uc988\uc5d0 \ub300\ud55c \uac1c\uc694\ub294 \ub2e4\uc74c\uc744 \ucc38\uc870\ud558\uc138\uc694.<br \/>\n<a href=\"\/ko\/%ec%a0%9c%ed%92%88-2\/%eb%b0%a9%ec%88%98-%eb%b0%b0%ec%a0%84%ed%95%a8\/\">AT \uc2dc\ub9ac\uc988(\ud558\ub2e8 \uac1c\uad6c\ubd80)<\/a>.<\/p>\n<h2 id=\"specification\">AT-4 \ubc29\uc218 \ubc30\uc804\ud568 \uc0ac\uc591<\/h2>\n<table>\n<thead>\n<tr>\n<th>\ub9e4\uac1c\ubcc0\uc218<\/th>\n<th>\uac00\uce58<\/th>\n<\/tr>\n<\/thead>\n<tbody>\n<tr>\n<td>\ubaa8\ub378<\/td>\n<td>AT-4<\/td>\n<\/tr>\n<tr>\n<td>\ud68c\ub85c \uc218<\/td>\n<td>4\ubc29\ud5a5(\ub2e8\uc77c \ud589)<\/td>\n<\/tr>\n<tr>\n<td>\uc804\uccb4 \uce58\uc218(L\u00d7W\u00d7H)<\/td>\n<td>128 \u00d7 200 \u00d7 100mm<\/td>\n<\/tr>\n<tr>\n<td>\uc81c\ub85c \/ \uc811\uc9c0 \ud589 \uad6c\uba4d<\/td>\n<td>3 \/ 3<\/td>\n<\/tr>\n<tr>\n<td>\ubcf4\ud638 \ub4f1\uae09<\/td>\n<td>IP65 - \ucc38\uc870 <a href=\"https:\/\/en.wikipedia.org\/wiki\/IP_Code\" target=\"_blank\" rel=\"noopener\">IP \ucf54\ub4dc<\/a><br \/>\n\uadf8\ub9ac\uace0 <a href=\"https:\/\/www.iec.ch\/standards\" target=\"_blank\" rel=\"noopener\">IEC 60529<\/a><\/td>\n<\/tr>\n<tr>\n<td>\uc7ac\ub8cc<\/td>\n<td>PC\/ABS<\/td>\n<\/tr>\n<tr>\n<td>\uc678\ubd80 \uc0c1\uc790 \ud06c\uae30(L\u00d7W\u00d7H)<\/td>\n<td>545 \u00d7 425 \u00d7 555 mm<\/td>\n<\/tr>\n<tr>\n<td>\ucd1d \uc911\ub7c9(\uc0c1\uc790 \uc804\uccb4)<\/td>\n<td>21.5kg<\/td>\n<\/tr>\n<tr>\n<td>\ud3ec\uc7a5 \uc218\ub7c9<\/td>\n<td>40\uac1c<\/td>\n<\/tr>\n<tr>\n<td>\uac1c\ubc29\ud615<\/td>\n<td>\ud558\ub2e8 \uac1c\uad6c\ubd80<\/td>\n<\/tr>\n<tr>\n<td>\ud45c\uc900(\uc178\/\ud504\ub808\uc784)<\/td>\n<td>GB\/T 17466.1; GB\/T 17466.24<\/td>\n<\/tr>\n<\/tbody>\n<\/table>\n<h2 id=\"diagram\">AT-4 \ubc29\uc218 \ubd84\ubc30 \ubc15\uc2a4 \ub2e4\uc774\uc5b4\uadf8\ub7a8<\/h2>\n<p><img loading=\"lazy\" decoding=\"async\" class=\"alignnone wp-image-1368\" src=\"https:\/\/sinobreaker.com\/wp-content\/uploads\/2025\/08\/AT-4D-300x151.png\" alt=\"AT-4 \ubc29\uc218 \ubd84\ubc30 \ubc15\uc2a4 \ub2e4\uc774\uc5b4\uadf8\ub7a8\" width=\"644\" height=\"324\" srcset=\"https:\/\/sinobreaker.com\/wp-content\/uploads\/2025\/08\/AT-4D-300x151.png 300w, https:\/\/sinobreaker.com\/wp-content\/uploads\/2025\/08\/AT-4D-768x387.png 768w, https:\/\/sinobreaker.com\/wp-content\/uploads\/2025\/08\/AT-4D-600x302.png 600w, https:\/\/sinobreaker.com\/wp-content\/uploads\/2025\/08\/AT-4D.png 784w\" sizes=\"auto, (max-width: 644px) 100vw, 644px\" \/><\/p>\n<h2 id=\"faq\">AT-4 \ubc29\uc218 \ubc30\uc804\ud568 FAQ<\/h2>\n<details>\n<summary>AT-4\ub97c PV \ucef4\ubc14\uc774\ub108 \ubc15\uc2a4\ub85c \uad6c\uc131\ud560 \uc218 \uc788\ub098\uc694?<\/summary>\n<div>\uc608. \ub2e4\uc74c\uc744 \uac16\ucd98 \uacbd\uc6b0<br \/>\n<a href=\"\/ko\/%ec%a0%9c%ed%92%88-2\/dc-%ed%93%a8%ec%a6%88\/\">DC \ud4e8\uc988<\/a>,<br \/>\n<a href=\"\/ko\/%ec%a0%9c%ed%92%88-2\/dc-spd\/\">\uc11c\uc9c0 \ubcf4\ud638 \uc7a5\uce58(SPD)<\/a>\ubc0f<br \/>\n<a href=\"\/ko\/%ec%a0%9c%ed%92%88-2\/dc-%ec%8a%a4%ec%9c%84%ec%b9%98-%eb%8b%a8%eb%a1%9c%ea%b8%b0\/\">DC \uc2a4\uc704\uce58 \ub2e8\ub85c\uae30<\/a> \ub610\ub294<br \/>\n<a href=\"\/ko\/%ec%a0%9c%ed%92%88-2\/dc-circuit-breaker\/\">DC \ud68c\ub85c \ucc28\ub2e8\uae30<\/a>,<br \/>\nAT-4\ub294 \uc18c\ud615 PV \ucef4\ubc14\uc774\ub108 \ubc15\uc2a4\ub85c\ub3c4 \uc0ac\uc6a9\ud560 \uc218 \uc788\uc2b5\ub2c8\ub2e4.<br \/>\n\uc2dc\uc2a4\ud15c \uc218\uc900 \uc635\uc158\uc740 \ub2e4\uc74c\uc744 \ucc38\uc870\ud558\uc138\uc694.<br \/>\n<a href=\"\/ko\/solutions\/pv-%ec%bb%b4%eb%b0%94%ec%9d%b4%eb%84%88-%eb%b0%95%ec%8a%a4\/\">\ud0dc\uc591\uad11 \ucef4\ubc14\uc774\ub108 \ubc15\uc2a4 \uc194\ub8e8\uc158<\/a>.<\/div>\n<\/details>\n<details>\n<summary>AT-4\uc758 \uc804\uccb4 \ud06c\uae30\ub294 \uc5b4\ub5bb\uac8c \ub418\ub098\uc694?<\/summary>\n<div>128 \u00d7 200 \u00d7 100mm(L\u00d7W\u00d7H).<\/div>\n<\/details>\n<details>\n<summary>AT-4\ub294 \uc2e4\uc678 \ud658\uacbd\uc5d0 \uc801\ud569\ud569\ub2c8\uae4c?<\/summary>\n<div>\uc608. AT-4\ub294 \ubc29\uc218 \ubc00\ubd09 \uc2a4\ud2b8\ub9bd\uc774 \ud3ec\ud568\ub41c IP65 \ub4f1\uae09\uc785\ub2c8\ub2e4(\ucc38\uc870:<br \/>\n<a href=\"https:\/\/en.wikipedia.org\/wiki\/IP_Code\" target=\"_blank\" rel=\"noopener\">IP \ucf54\ub4dc<\/a> \/<br \/>\n<a href=\"https:\/\/www.iec.ch\/standards\" target=\"_blank\" rel=\"noopener\">IEC 60529<\/a>), \uc2e4\ub0b4 \ubc0f \uc2e4\uc678 \uc0ac\uc6a9\uc5d0 \uc801\ud569\ud569\ub2c8\ub2e4.<\/div>\n<\/details>\n<details>\n<summary>AT-4\ub294 \uba87 \uac1c\uc758 \ud68c\ub85c\ub97c \uc9c0\uc6d0\ud558\ub098\uc694?<\/summary>\n<div>\ub2e8\uc77c \ud589 \ub808\uc774\uc544\uc6c3\uc5d0 4\uac1c\uc758 \ud68c\ub85c\uac00 \uc788\uc2b5\ub2c8\ub2e4. \uc81c\ub85c \ud589: 3\uac1c\uc758 \uad6c\uba4d; \uc811\uc9c0 \ud589: 3\uac1c\uc758 \uad6c\uba4d.<\/div>\n<\/details>\n<p class=\"note\">\uad00\ub828 \uad6c\uc131 \uc694\uc18c:<br \/>\n<a href=\"\/ko\/%ec%a0%9c%ed%92%88-2\/dc-%ed%93%a8%ec%a6%88\/\">DC \ud4e8\uc988<\/a> -<br \/>\n<a href=\"\/ko\/%ec%a0%9c%ed%92%88-2\/dc-spd\/\">DC SPD<\/a> -<br \/>\n<a href=\"\/ko\/%ec%a0%9c%ed%92%88-2\/dc-%ec%8a%a4%ec%9c%84%ec%b9%98-%eb%8b%a8%eb%a1%9c%ea%b8%b0\/\">DC \uc2a4\uc704\uce58 \ub2e8\ub85c\uae30<\/a> -<br \/>\n<a href=\"\/ko\/%ec%a0%9c%ed%92%88-2\/dc-circuit-breaker\/\">DC \ud68c\ub85c \ucc28\ub2e8\uae30<\/a><\/p>","protected":false},"excerpt":{"rendered":"<ul>\n<li data-start=\"182\" data-end=\"275\">\n<p data-start=\"185\" data-end=\"275\">\ucef4\ud329\ud2b8 <strong data-start=\"193\" data-end=\"230\">4\ubc29\ud5a5 \ubc29\uc218 \ubd84\ubc30 \ubc15\uc2a4<\/strong>\uc548\uc815\uc801\uc778 \uc131\ub2a5\uc744 \uc704\ud55c IP65 \ubcf4\ud638 \uae30\ub2a5.<\/p>\n<\/li>\n<li data-start=\"276\" data-end=\"343\">\n<p data-start=\"279\" data-end=\"343\">\ud558\ub2e8 \uac1c\ubc29\ud615 \ub514\uc790\uc778\uc73c\ub85c \uc124\uce58\uc640 \uc720\uc9c0\ubcf4\uc218\uac00 \uac04\ud3b8\ud569\ub2c8\ub2e4.<\/p>\n<\/li>\n<li data-start=\"344\" data-end=\"424\">\n<p data-start=\"347\" data-end=\"424\">\uc2e4\ub0b4 \ubc0f \uc2e4\uc678 \ud658\uacbd\uc5d0 \uc801\ud569\ud55c \uace0\uac15\ub3c4 PC\/ABS \ud558\uc6b0\uc9d5.<\/p>\n<\/li>\n<\/ul>","protected":false},"featured_media":1369,"comment_status":"open","ping_status":"closed","template":"","meta":[],"product_brand":[],"product_cat":[29],"product_tag":[],"class_list":{"0":"post-1367","1":"product","2":"type-product","3":"status-publish","4":"has-post-thumbnail","6":"product_cat-waterproof-distribution-box","8":"first","9":"instock","10":"shipping-taxable","11":"product-type-simple"},"_links":{"self":[{"href":"https:\/\/sinobreaker.com\/ko\/wp-json\/wp\/v2\/product\/1367","targetHints":{"allow":["GET"]}}],"collection":[{"href":"https:\/\/sinobreaker.com\/ko\/wp-json\/wp\/v2\/product"}],"about":[{"href":"https:\/\/sinobreaker.com\/ko\/wp-json\/wp\/v2\/types\/product"}],"replies":[{"embeddable":true,"href":"https:\/\/sinobreaker.com\/ko\/wp-json\/wp\/v2\/comments?post=1367"}],"wp:featuredmedia":[{"embeddable":true,"href":"https:\/\/sinobreaker.com\/ko\/wp-json\/wp\/v2\/media\/1369"}],"wp:attachment":[{"href":"https:\/\/sinobreaker.com\/ko\/wp-json\/wp\/v2\/media?parent=1367"}],"wp:term":[{"taxonomy":"product_brand","embeddable":true,"href":"https:\/\/sinobreaker.com\/ko\/wp-json\/wp\/v2\/product_brand?post=1367"},{"taxonomy":"product_cat","embeddable":true,"href":"https:\/\/sinobreaker.com\/ko\/wp-json\/wp\/v2\/product_cat?post=1367"},{"taxonomy":"product_tag","embeddable":true,"href":"https:\/\/sinobreaker.com\/ko\/wp-json\/wp\/v2\/product_tag?post=1367"}],"curies":[{"name":"wp","href":"https:\/\/api.w.org\/{rel}","templated":true}]}}