{"id":1392,"date":"2025-08-23T05:14:44","date_gmt":"2025-08-23T05:14:44","guid":{"rendered":"https:\/\/sinobreaker.com\/?post_type=product&#038;p=1392"},"modified":"2025-08-23T05:15:24","modified_gmt":"2025-08-23T05:15:24","slug":"39-%eb%b0%a9%ec%88%98-%eb%b6%84%eb%b0%b0-%ec%83%81%ec%9e%90%ec%97%90%ec%84%9c","status":"publish","type":"product","link":"https:\/\/sinobreaker.com\/ko\/%ec%a0%9c%ed%92%88-2\/39-%eb%b0%a9%ec%88%98-%eb%b6%84%eb%b0%b0-%ec%83%81%ec%9e%90%ec%97%90%ec%84%9c\/","title":{"rendered":"AT-39 \ubc29\uc218 \ubc30\uc804\ud568"},"content":{"rendered":"<style>\n  .product-section h2{font-size:1.6em;margin-top:1.2em;margin-bottom:0.6em;color:#0f172a}<br \/>\n  .product-section p{font-size:1.1em;line-height:1.7em;color:#1e293b}<br \/>\n  .product-section table{width:100%;border-collapse:collapse;margin:1em 0;font-size:1.05em}<br \/>\n  .product-section table th,.product-section table td{border:1px solid #cfcfcf;padding:10px 14px;text-align:left}<br \/>\n  .product-section table th{background:#f8fafc;font-weight:bold}<br \/>\n  .product-section details{margin:.5em 0;font-size:1.05em}<br \/>\n<\/style>\n<div class=\"product-section\">\n<h2>\uac1c\uc694<\/h2>\n<p>\uadf8\ub9ac\uace0 <strong>AT-39 \ubc29\uc218 \ubd84\ubc30 \ubc15\uc2a4<\/strong> \uc81c\uacf5 <strong>39\uac1c \ud68c\ub85c<\/strong> \ub300\uc6a9\ub7c9 1\uc5f4 \uc778\ud074\ub85c\uc800\uc5d0 \ubcf4\uad00\ud560 \uc218 \uc788\uc2b5\ub2c8\ub2e4.<br \/>\n\uadf8\uac83\uc758 <strong>\ud558\ub2e8 \uac1c\uad6c\ubd80<\/strong> \uc124\uacc4\ub85c \uc124\uce58 \ubc0f \uc720\uc9c0 \uad00\ub9ac\uac00 \uac04\uc18c\ud654\ub418\uace0 <strong>IP65<\/strong> \ubc29\uc218<br \/>\n\uc530\ub9c1\uc73c\ub85c \uc2e4\ub0b4 \ubc0f \uc2e4\uc678 \ud658\uacbd \ubaa8\ub450\uc5d0\uc11c \uc624\ub798 \uc9c0\uc18d\ub418\ub294 \ubcf4\ud638 \uae30\ub2a5\uc744 \ubcf4\uc7a5\ud569\ub2c8\ub2e4. \uad6c\uc131 <strong>PC\/ABS<\/strong> \uc7ac\ub8cc,<br \/>\n\uac15\ud654 \ubc84\ud074 \ud504\ub808\uc784, \ub3c4\ub09c \ubc29\uc9c0 \ub798\uce58 \uc635\uc158, \ud68c\ub85c \ubc30\ud50c \ub514\uc790\uc778, \uace0\ud488\uc9c8 \uad6c\ub9ac \ub2e8\uc790 \ud14c\uc2a4\ud2b8\ub97c \uac70\uce5c \uac83\uc774 \ud2b9\uc9d5\uc785\ub2c8\ub2e4.<br \/>\n960\u00b0C \ud56b \uc640\uc774\uc5b4 \ud45c\uc900\uc744 \uc900\uc218\ud569\ub2c8\ub2e4. \uad00\ub828 \uc635\uc158\uc740<br \/>\n<a href=\"\/ko\/%ec%a0%9c%ed%92%88-2\/%eb%b0%a9%ec%88%98-%eb%b0%b0%ec%a0%84%ed%95%a8\/\">\ubc29\uc218 \ubc30\uc804\ud568 \uc2dc\ub9ac\uc988<\/a>.<\/p>\n<p>\uadf8\ub9ac\uace0 <strong>AT-39 \ubc29\uc218 \ubd84\ubc30 \ubc15\uc2a4<\/strong> \ub294 \uc8fc\uac70\uc6a9, \uc0c1\uc5c5\uc6a9\uc758 \uace0\uc6a9\ub7c9 \uc560\ud50c\ub9ac\ucf00\uc774\uc158\uc744 \uc704\ud574 \uc124\uacc4\ub418\uc5c8\uc2b5\ub2c8\ub2e4,<br \/>\n\ubc0f \uc0b0\uc5c5 \ud504\ub85c\uc81d\ud2b8\uc5d0\uc11c \uc5f4\uc545\ud55c \uc870\uac74\uc5d0\uc11c\ub3c4 \uc548\uc815\uc801\uc778 \ud68c\ub85c \uad00\ub9ac\uc640 \uc548\uc804\ud55c \ubc30\ud3ec\ub97c \uc81c\uacf5\ud569\ub2c8\ub2e4.<\/p>\n<h2 id=\"specification\">AT-39 \ubc29\uc218 \ubc30\uc804\ud568 \uc0ac\uc591<\/h2>\n<table>\n<thead>\n<tr>\n<th>\ub9e4\uac1c\ubcc0\uc218<\/th>\n<th>\uac00\uce58<\/th>\n<\/tr>\n<\/thead>\n<tbody>\n<tr>\n<td>\ubaa8\ub378<\/td>\n<td>AT-39<\/td>\n<\/tr>\n<tr>\n<td>\ud68c\ub85c \uc218<\/td>\n<td>39\ubc29\ud5a5(\ub2e8\uc5f4)<\/td>\n<\/tr>\n<tr>\n<td>\uc804\uccb4 \uce58\uc218(L\u00d7W\u00d7H)<\/td>\n<td>510 \u00d7 300 \u00d7 120mm<\/td>\n<\/tr>\n<tr>\n<td>\uc81c\ub85c \/ \uc811\uc9c0 \ud589 \uad6c\uba4d<\/td>\n<td>20 \/ 20<\/td>\n<\/tr>\n<tr>\n<td>\ubcf4\ud638 \ub4f1\uae09<\/td>\n<td>IP65 - \ucc38\uc870 <a href=\"https:\/\/en.wikipedia.org\/wiki\/IP_Code\" target=\"_blank\" rel=\"noopener\">IP \ucf54\ub4dc<\/a> \/<br \/>\n<a href=\"https:\/\/www.iec.ch\/standards\" target=\"_blank\" rel=\"noopener\">IEC 60529<\/a><\/td>\n<\/tr>\n<tr>\n<td>\uc7ac\ub8cc<\/td>\n<td>PC\/ABS<\/td>\n<\/tr>\n<tr>\n<td>\uc678\ubd80 \uc0c1\uc790 \ud06c\uae30(L\u00d7W\u00d7H)<\/td>\n<td>710 \u00d7 535 \u00d7 465mm<\/td>\n<\/tr>\n<tr>\n<td>\ucd1d \uc911\ub7c9(\uc0c1\uc790 \uc804\uccb4)<\/td>\n<td>33.0kg<\/td>\n<\/tr>\n<tr>\n<td>\ud3ec\uc7a5 \uc218\ub7c9<\/td>\n<td>8\uac1c<\/td>\n<\/tr>\n<tr>\n<td>\uac1c\ubc29\ud615<\/td>\n<td>\ud558\ub2e8 \uac1c\uad6c\ubd80<\/td>\n<\/tr>\n<tr>\n<td>\ud45c\uc900<\/td>\n<td>GB\/T 17466.1; GB\/T 17466.24; IEC 60529(IP65)<\/td>\n<\/tr>\n<\/tbody>\n<\/table>\n<h2 id=\"diagram\">\ub2e4\uc774\uc5b4\uadf8\ub7a8<\/h2>\n<p>\uc544\ub798\uc758 \uc124\uce58 \ub2e4\uc774\uc5b4\uadf8\ub7a8\uc740 <strong>AT-39 \ubc29\uc218 \ubd84\ubc30 \ubc15\uc2a4<\/strong> (\uc804\uba74\/\uce21\uba74\/\ud6c4\uba74).<br \/>\n<img loading=\"lazy\" decoding=\"async\" class=\"alignnone  wp-image-1393\" src=\"https:\/\/sinobreaker.com\/wp-content\/uploads\/2025\/08\/AT-39D-300x157.png\" alt=\"AT-39 \ubc29\uc218 \ubc30\uc804\ud568 \ub2e4\uc774\uc5b4\uadf8\ub7a8\" width=\"701\" height=\"367\" srcset=\"https:\/\/sinobreaker.com\/wp-content\/uploads\/2025\/08\/AT-39D-300x157.png 300w, https:\/\/sinobreaker.com\/wp-content\/uploads\/2025\/08\/AT-39D-600x315.png 600w, https:\/\/sinobreaker.com\/wp-content\/uploads\/2025\/08\/AT-39D.png 757w\" sizes=\"auto, (max-width: 701px) 100vw, 701px\" \/><\/p>\n<h2 id=\"faq\">\uc790\uc8fc \ubb3b\ub294 \uc9c8\ubb38<\/h2>\n<details>\n<summary>AT-39 \ubc29\uc218 \ubc30\uc804\ud568\uc758 \uc804\uccb4 \uce58\uc218\ub294 \uc5b4\ub5bb\uac8c \ub418\ub098\uc694?<\/summary>\n<div>510 \u00d7 300 \u00d7 120mm(L\u00d7W\u00d7H).<\/div>\n<\/details>\n<details>\n<summary>AT-39\ub294 \uba87 \uac1c\uc758 \ud68c\ub85c\ub97c \uc9c0\uc6d0\ud558\ub098\uc694?<\/summary>\n<div>AT-39\ub294 \ub2e8\uc77c \ud589 \ub808\uc774\uc544\uc6c3\uc5d0\uc11c 39\uac1c\uc758 \ud68c\ub85c\ub97c \uc9c0\uc6d0\ud569\ub2c8\ub2e4. \uc81c\ub85c \ud589: 20\uac1c \uad6c\uba4d; \uc811\uc9c0 \ud589: 20\uac1c \uad6c\uba4d.<\/div>\n<\/details>\n<details>\n<summary>AT-39\ub294 \uc2e4\uc678 \ud658\uacbd\uc5d0 \uc801\ud569\ud569\ub2c8\uae4c?<\/summary>\n<div>\uc608. <strong>AT-39 \ubc29\uc218 \ubd84\ubc30 \ubc15\uc2a4<\/strong> \ubc29\uc218 \ubc00\ubd09 \uc2a4\ud2b8\ub9bd\uc774 \uc788\ub294 IP65 \ub4f1\uae09\uc73c\ub85c \uc2e4\ub0b4 \ubc0f \uc2e4\uc678 \uc0ac\uc6a9\uc5d0 \ubaa8\ub450 \uc801\ud569\ud569\ub2c8\ub2e4.<br \/>\n(\ucc38\uace0: <a href=\"https:\/\/en.wikipedia.org\/wiki\/IP_Code\" target=\"_blank\" rel=\"noopener\">IP \ucf54\ub4dc<\/a> \/<br \/>\n<a href=\"https:\/\/www.iec.ch\/standards\" target=\"_blank\" rel=\"noopener\">IEC 60529<\/a>).<\/div>\n<\/details>\n<details>\n<summary>AT-39\ub97c PV \ucef4\ubc14\uc774\ub108 \ubc15\uc2a4\ub85c \uad6c\uc131\ud560 \uc218 \uc788\ub098\uc694?<\/summary>\n<div>\uc608. \ub2e4\uc74c\uc744 \uac16\ucd98 \uacbd\uc6b0 <a href=\"\/ko\/%ec%a0%9c%ed%92%88-2\/dc-%ed%93%a8%ec%a6%88\/\">DC \ud4e8\uc988<\/a>, <a href=\"\/ko\/%ec%a0%9c%ed%92%88-2\/dc-spd\/\">\uc11c\uc9c0 \ubcf4\ud638 \uc7a5\uce58(SPD)<\/a>,<br \/>\n\ubc0f <a href=\"\/ko\/%ec%a0%9c%ed%92%88-2\/dc-%ec%8a%a4%ec%9c%84%ec%b9%98-%eb%8b%a8%eb%a1%9c%ea%b8%b0\/\">DC \uc2a4\uc704\uce58 \ub2e8\ub85c\uae30<\/a> \ub610\ub294<br \/>\n<a href=\"\/ko\/%ec%a0%9c%ed%92%88-2\/dc-circuit-breaker\/\">DC \ud68c\ub85c \ucc28\ub2e8\uae30<\/a>AT-39 \ubc29\uc218 \ubc30\uc804\ud568\uc740 PV \ucef4\ubc14\uc774\ub108 \uc194\ub8e8\uc158\uc73c\ub85c \uc791\ub3d9\ud560 \uc218 \uc788\uc2b5\ub2c8\ub2e4.<br \/>\n\uc790\uc138\ud55c \ub0b4\uc6a9\uc740 \ub2e4\uc74c\uc744 \ucc38\uc870\ud558\uc138\uc694. <a href=\"\/ko\/solutions\/pv-%ec%bb%b4%eb%b0%94%ec%9d%b4%eb%84%88-%eb%b0%95%ec%8a%a4\/\">\ud0dc\uc591\uad11 \ucef4\ubc14\uc774\ub108 \ubc15\uc2a4 \uc194\ub8e8\uc158<\/a>.<\/div>\n<\/details>\n<\/div>","protected":false},"excerpt":{"rendered":"<ul>\n<li data-start=\"184\" data-end=\"282\">\n<p data-start=\"187\" data-end=\"282\"><strong data-start=\"187\" data-end=\"225\">39\ubc29\ud5a5 \ubc29\uc218 \ubc30\uc804\ud568<\/strong>\ud558\ub2e8 \uac1c\uad6c\ubd80\uac00 \uc788\ub294 \ub300\uc6a9\ub7c9 1\uc5f4 \ub514\uc790\uc778\uc785\ub2c8\ub2e4.<\/p>\n<\/li>\n<li data-start=\"283\" data-end=\"394\">\n<p data-start=\"286\" data-end=\"394\"><strong data-start=\"286\" data-end=\"315\">IP65 \ub4f1\uae09 PC\/ABS \ud558\uc6b0\uc9d5<\/strong> \ub294 \ub0b4\uad6c\uc131, \ub0b4\ucda9\uaca9\uc131, \uc548\uc815\uc801\uc778 \ub0b4\ud6c4\uc131 \ubcf4\ud638 \uae30\ub2a5\uc744 \ubcf4\uc7a5\ud569\ub2c8\ub2e4.<\/p>\n<\/li>\n<li data-start=\"395\" data-end=\"499\">\n<p data-start=\"398\" data-end=\"499\">\ub2e4\uc74c\uc73c\ub85c \uad6c\uc131 \uac00\ub2a5 <strong data-start=\"421\" data-end=\"463\">DC \ud4e8\uc988, SPD, \ub2e8\ub85c\uae30 \ub610\ub294 \ucc28\ub2e8\uae30<\/strong> \ub85c \uc0ac\uc6a9\ud558\uae30 \uc704\ud574 <strong data-start=\"477\" data-end=\"496\">PV \ucef4\ubc14\uc774\ub108 \ubc15\uc2a4<\/strong>.<\/p>\n<\/li>\n<\/ul>","protected":false},"featured_media":1394,"comment_status":"open","ping_status":"closed","template":"","meta":[],"product_brand":[],"product_cat":[29],"product_tag":[],"class_list":{"0":"post-1392","1":"product","2":"type-product","3":"status-publish","4":"has-post-thumbnail","6":"product_cat-waterproof-distribution-box","8":"first","9":"instock","10":"shipping-taxable","11":"product-type-simple"},"_links":{"self":[{"href":"https:\/\/sinobreaker.com\/ko\/wp-json\/wp\/v2\/product\/1392","targetHints":{"allow":["GET"]}}],"collection":[{"href":"https:\/\/sinobreaker.com\/ko\/wp-json\/wp\/v2\/product"}],"about":[{"href":"https:\/\/sinobreaker.com\/ko\/wp-json\/wp\/v2\/types\/product"}],"replies":[{"embeddable":true,"href":"https:\/\/sinobreaker.com\/ko\/wp-json\/wp\/v2\/comments?post=1392"}],"wp:featuredmedia":[{"embeddable":true,"href":"https:\/\/sinobreaker.com\/ko\/wp-json\/wp\/v2\/media\/1394"}],"wp:attachment":[{"href":"https:\/\/sinobreaker.com\/ko\/wp-json\/wp\/v2\/media?parent=1392"}],"wp:term":[{"taxonomy":"product_brand","embeddable":true,"href":"https:\/\/sinobreaker.com\/ko\/wp-json\/wp\/v2\/product_brand?post=1392"},{"taxonomy":"product_cat","embeddable":true,"href":"https:\/\/sinobreaker.com\/ko\/wp-json\/wp\/v2\/product_cat?post=1392"},{"taxonomy":"product_tag","embeddable":true,"href":"https:\/\/sinobreaker.com\/ko\/wp-json\/wp\/v2\/product_tag?post=1392"}],"curies":[{"name":"wp","href":"https:\/\/api.w.org\/{rel}","templated":true}]}}