{"id":1395,"date":"2025-08-23T06:53:50","date_gmt":"2025-08-23T06:53:50","guid":{"rendered":"https:\/\/sinobreaker.com\/?post_type=product&#038;p=1395"},"modified":"2026-02-09T18:24:15","modified_gmt":"2026-02-09T18:24:15","slug":"ht-2-%eb%b0%a9%ec%88%98-%eb%b6%84%eb%b0%b0-%eb%b0%95%ec%8a%a4","status":"publish","type":"product","link":"https:\/\/sinobreaker.com\/ko\/products\/ht-2-waterproof-distribution-box\/","title":{"rendered":"HT-2 \ubc29\uc218 \ubc30\uc804\ud568"},"content":{"rendered":"<style>\n  .product-section h2{font-size:1.6em;margin-top:1.2em;margin-bottom:0.6em;color:#0f172a}<br \/>\n  .product-section p{font-size:1.1em;line-height:1.7em;color:#1e293b}<br \/>\n  .product-section table{width:100%;border-collapse:collapse;margin:1em 0;font-size:1.05em}<br \/>\n  .product-section table th,.product-section table td{border:1px solid #cfcfcf;padding:10px 14px;text-align:left}<br \/>\n  .product-section table th{background:#f8fafc;font-weight:bold}<br \/>\n  .product-section details{margin:.5em 0;font-size:1.05em}<br \/>\n<\/style>\n<div class=\"product-section\">\n<h2>\uac1c\uc694<\/h2>\n<p>\uadf8\ub9ac\uace0 <strong>HT-2 \ubc29\uc218 \ubd84\ubc30 \ubc15\uc2a4<\/strong> \ucef4\ud329\ud2b8\ud55c <strong>2\ud68c\ub85c<\/strong> \uc194\ub8e8\uc158\uc73c\ub85c<br \/>\n<strong>\uce21\uba74 \uac1c\ubc29\ud615 \ud78c\uc9c0 \ucee4\ubc84<\/strong> \ubc30\uc120 \ubc0f \uc720\uc9c0\ubcf4\uc218 \uc2dc \uc811\uadfc\uc131\uc744 \uac1c\uc120\ud569\ub2c8\ub2e4. \ud2b9\uc9d5<br \/>\nan <strong>ABS<\/strong> \ubc14\ub2e5 \uc258\uacfc \ud45c\uba74 \ud504\ub808\uc784\uc774 \uc788\ub294 <strong>PC<\/strong> \ud22c\uba85 \ucee4\ubc84, \uc88b\uc740 \uacb0\ud569<br \/>\n\uae34 \uc11c\ube44\uc2a4 \uc218\uba85\uc744 \uc704\ud55c \uacac\uace0\ud568\uacfc \ub192\uc740 \ub0b4\ucda9\uaca9\uc131. \ud568\uaed8 <strong>IP65<\/strong> \uc530\ub9c1 \ubc0f \uac15\ud654 \uc7a0\uae08 \uc7a5\uce58<br \/>\n\ubc84\ud074 \uad6c\uc870\uc758 \uc778\ud074\ub85c\uc800\ub294 \uc2e4\ub0b4 \ubc0f \uc2e4\uc678 \uc0ac\uc6a9\uc5d0 \uc801\ud569\ud569\ub2c8\ub2e4. \ucee4\ubc84 \ud78c\uc9c0\ub294 115\u00b0 \uc774\uc0c1 \uc5f4\ub9ac\uba70 \ub2e4\uc74c\uacfc \uac19\uc774 \uc0ac\uc6a9\ud560 \uc218 \uc788\uc2b5\ub2c8\ub2e4.<br \/>\n\ucd5c\ub300 \uac01\ub3c4\ub85c \uace0\uc815\ud560 \uc218 \uc788\uc73c\uba70, \uac04\ud3b8\ud55c \uc124\uce58\ub97c \uc704\ud574 \uc561\uc138\uc11c\ub9ac \ub9c8\uc6b4\ud305 \ud329\uc774 \uc81c\uacf5\ub429\ub2c8\ub2e4. \ub354 \ub9ce\uc740 \ubaa8\ub378\uc744 \ubcf4\ub824\uba74<br \/>\n<a href=\"\/ko\/%ec%a0%9c%ed%92%88-2\/%eb%b0%a9%ec%88%98-%eb%b0%b0%ec%a0%84%ed%95%a8\/\">\ubc29\uc218 \ubc30\uc804\ud568 \uc2dc\ub9ac\uc988<\/a>.<\/p>\n<p>\uadf8\ub9ac\uace0 <strong>HT-2 \ubc29\uc218 \ubd84\ubc30 \ubc15\uc2a4<\/strong> \ub97c \uc7a5\ucc29\ud560 \uc218 \uc788\uc2b5\ub2c8\ub2e4.<br \/>\n<a href=\"\/ko\/%ec%a0%9c%ed%92%88-2\/dc-%ed%93%a8%ec%a6%88\/\">DC \ud4e8\uc988<\/a>, <a href=\"\/ko\/%ec%a0%9c%ed%92%88-2\/dc-spd\/\">SPD<\/a>,<br \/>\n<a href=\"\/ko\/%ec%a0%9c%ed%92%88-2\/dc-%ec%8a%a4%ec%9c%84%ec%b9%98-%eb%8b%a8%eb%a1%9c%ea%b8%b0\/\">\uc2a4\uc704\uce58 \ub2e8\ub85c\uae30<\/a>\ub610\ub294<br \/>\n<a href=\"\/ko\/%ec%a0%9c%ed%92%88-2\/dc-circuit-breaker\/\">DC \ud68c\ub85c \ucc28\ub2e8\uae30<\/a> \uae30\ubcf8 \ubcf4\ud638 \ub610\ub294 \uc18c\ud615 PV \uacb0\ud569\uae30 \uc0ac\uc6a9\uc744 \uc704\ud55c \uac83\uc785\ub2c8\ub2e4.<\/p>\n<h2 id=\"specification\">HT-2 \ubc29\uc218 \ubc30\uc804\ud568 \uc0ac\uc591<\/h2>\n<table>\n<thead>\n<tr>\n<th>\ub9e4\uac1c\ubcc0\uc218<\/th>\n<th>\uac00\uce58<\/th>\n<\/tr>\n<\/thead>\n<tbody>\n<tr>\n<td>\ubaa8\ub378<\/td>\n<td>HT-2<\/td>\n<\/tr>\n<tr>\n<td>\ud68c\ub85c \uc218<\/td>\n<td>\uc591\ubc29\ud5a5(\ub2e8\uc77c \ud589)<\/td>\n<\/tr>\n<tr>\n<td>\uc804\uccb4 \uce58\uc218(L\u00d7W\u00d7H)<\/td>\n<td>56 \u00d7 125 \u00d7 88 mm<\/td>\n<\/tr>\n<tr>\n<td>\uc81c\ub85c \/ \uadf8\ub77c\uc6b4\ub4dc \ud589<\/td>\n<td>- (\ubbf8\uc7a5\ucc29)<\/td>\n<\/tr>\n<tr>\n<td>\ubcf4\ud638 \ub4f1\uae09<\/td>\n<td>IP65 - \ucc38\uc870 <a href=\"https:\/\/en.wikipedia.org\/wiki\/IP_Code\" target=\"_blank\" rel=\"noopener\">IP \ucf54\ub4dc<\/a> \/<br \/>\n<a href=\"https:\/\/www.iec.ch\/standards\" target=\"_blank\" rel=\"noopener\">IEC 60529<\/a><\/td>\n<\/tr>\n<tr>\n<td>\uc7ac\ub8cc<\/td>\n<td>ABS \ubca0\uc774\uc2a4 \ubc0f \ud504\ub808\uc784, PC \ud22c\uba85 \ucee4\ubc84<\/td>\n<\/tr>\n<tr>\n<td>\uc678\ubd80 \uc0c1\uc790 \ud06c\uae30(L\u00d7W\u00d7H)<\/td>\n<td>540 \u00d7 320 \u00d7 480mm<\/td>\n<\/tr>\n<tr>\n<td>\ucd1d \uc911\ub7c9(\uc0c1\uc790 \uc804\uccb4)<\/td>\n<td>11.8kg<\/td>\n<\/tr>\n<tr>\n<td>\ud3ec\uc7a5 \uc218\ub7c9<\/td>\n<td>100\uac1c<\/td>\n<\/tr>\n<tr>\n<td>\uac1c\ubc29\ud615<\/td>\n<td>\uce21\uba74 \uac1c\ubc29(\ud78c\uc9c0\ud615 \ucee4\ubc84 &gt;115\u00b0)<\/td>\n<\/tr>\n<tr>\n<td>\uad6c\uc870\uc801 \ud2b9\uc9d5<\/td>\n<td>\uc7a0\uae08 \ubc84\ud074 \uad6c\uc870, \uba40\ud2f0 \ub9c1 \ub179\uc544\uc6c3, \ud68c\ub85c \ubc30\ud50c, \ub290\uc2a8\ud55c \ud504\ub808\uc784 \ub098\uc0ac(\ud480\ub9ac\uc9c0 \uc54a\uc74c), \uad6c\ub9ac \ub2e8\uc790 \uc5b4\uc148\ube14\ub9ac(960\u00b0C \uc5f4\uc120 \ud14c\uc2a4\ud2b8)<\/td>\n<\/tr>\n<tr>\n<td>\ud45c\uc900<\/td>\n<td>GB\/T 17466.1; GB\/T 17466.24; IEC 60529(IP65)<\/td>\n<\/tr>\n<\/tbody>\n<\/table>\n<h2 id=\"diagram\">\ub2e4\uc774\uc5b4\uadf8\ub7a8<\/h2>\n<p>\uc758 \uc124\uce58 \ub2e4\uc774\uc5b4\uadf8\ub7a8\uc744 <strong>HT-2 \ubc29\uc218 \ubd84\ubc30 \ubc15\uc2a4<\/strong> (\uc804\uba74\/\uce21\uba74\/\ud6c4\uba74)\uc774 \uc139\uc158 \ubc14\ub85c \uc544\ub798\uc5d0 \uc788\uc2b5\ub2c8\ub2e4.<br \/>\n<img loading=\"lazy\" decoding=\"async\" class=\"alignnone  wp-image-1396\" src=\"https:\/\/sinobreaker.com\/wp-content\/uploads\/2025\/08\/HT-2D-300x186.png\" alt=\"HT-2 \ubc29\uc218 \ubd84\ubc30 \ubc15\uc2a4 \ub2e4\uc774\uc5b4\uadf8\ub7a8\" width=\"839\" height=\"520\" srcset=\"https:\/\/sinobreaker.com\/wp-content\/uploads\/2025\/08\/HT-2D-300x186.png 300w, https:\/\/sinobreaker.com\/wp-content\/uploads\/2025\/08\/HT-2D-600x372.png 600w, https:\/\/sinobreaker.com\/wp-content\/uploads\/2025\/08\/HT-2D.png 641w\" sizes=\"auto, (max-width: 839px) 100vw, 839px\" \/><\/p>\n<h2 id=\"faq\">\uc790\uc8fc \ubb3b\ub294 \uc9c8\ubb38<\/h2>\n<details>\n<summary>HT-2 \ubc29\uc218 \ubc30\uc804\ud568\uc758 \uc804\uccb4 \ud06c\uae30\ub294 \uc5b4\ub5bb\uac8c \ub418\ub098\uc694?<\/summary>\n<div>56 \u00d7 125 \u00d7 88mm(L\u00d7W\u00d7H).<\/div>\n<\/details>\n<details>\n<summary>HT-2\ub294 \uba87 \uac1c\uc758 \ud68c\ub85c\ub97c \uc9c0\uc6d0\ud558\ub098\uc694?<\/summary>\n<div>HT-2\ub294 2\uac1c\uc758 \ud68c\ub85c(\ub2e8\uc77c \ud589)\ub97c \uc9c0\uc6d0\ud569\ub2c8\ub2e4. \uc774 \ubaa8\ub378\uc5d0\ub294 \uc81c\ub85c\/\uc811\uc9c0 \ubc84\uc2a4\ubc14\uac00 \uc7a5\ucc29\ub418\uc5b4 \uc788\uc9c0 \uc54a\uc2b5\ub2c8\ub2e4.<\/div>\n<\/details>\n<details>\n<summary>HT-2\ub294 \uc2e4\uc678 \ud658\uacbd\uc5d0 \uc801\ud569\ud569\ub2c8\uae4c?<\/summary>\n<div>\uc608. <strong>HT-2 \ubc29\uc218 \ubd84\ubc30 \ubc15\uc2a4<\/strong> \ub294 \uc530\ub9c1 \uc2a4\ud2b8\ub9bd\uacfc \uacac\uace0\ud55c ABS\/PC \uc18c\uc7ac\ub85c IP65 \ub4f1\uae09\uc744 \ubc1b\uc558\uc2b5\ub2c8\ub2e4,<br \/>\n\uc2e4\ub0b4 \ubc0f \uc2e4\uc678 \uc0ac\uc6a9\uc5d0 \ubaa8\ub450 \uc801\ud569\ud569\ub2c8\ub2e4(\ucc38\uc870:<br \/>\n<a href=\"https:\/\/en.wikipedia.org\/wiki\/IP_Code\" target=\"_blank\" rel=\"noopener\">IP \ucf54\ub4dc<\/a> \/<br \/>\n<a href=\"https:\/\/www.iec.ch\/standards\" target=\"_blank\" rel=\"noopener\">IEC 60529<\/a>).<\/div>\n<\/details>\n<details>\n<summary>HT-2\ub97c PV \ucef4\ubc14\uc774\ub108 \ubc15\uc2a4\ub85c \uad6c\uc131\ud560 \uc218 \uc788\ub098\uc694?<\/summary>\n<div>\uc608. \ub2e4\uc74c\uc744 \uac16\ucd98 \uacbd\uc6b0 <a href=\"\/ko\/%ec%a0%9c%ed%92%88-2\/dc-%ed%93%a8%ec%a6%88\/\">DC \ud4e8\uc988<\/a>,<br \/>\n<a href=\"\/ko\/%ec%a0%9c%ed%92%88-2\/dc-spd\/\">\uc11c\uc9c0 \ubcf4\ud638 \uc7a5\uce58(SPD)<\/a>\ubc0f<br \/>\n<a href=\"\/ko\/%ec%a0%9c%ed%92%88-2\/dc-%ec%8a%a4%ec%9c%84%ec%b9%98-%eb%8b%a8%eb%a1%9c%ea%b8%b0\/\">DC \uc2a4\uc704\uce58 \ub2e8\ub85c\uae30<\/a> \ub610\ub294<br \/>\n<a href=\"\/ko\/%ec%a0%9c%ed%92%88-2\/dc-circuit-breaker\/\">DC \ud68c\ub85c \ucc28\ub2e8\uae30<\/a>HT-2\ub294 \uc18c\ud615 \ud0dc\uc591\uad11 \uacb0\ud569\uae30 \uc194\ub8e8\uc158\uc73c\ub85c \uc0ac\uc6a9\ud560 \uc218 \uc788\uc2b5\ub2c8\ub2e4.<br \/>\n\ucc38\uc870 <a href=\"\/ko\/solutions\/pv-%ec%bb%b4%eb%b0%94%ec%9d%b4%eb%84%88-%eb%b0%95%ec%8a%a4\/\">\ud0dc\uc591\uad11 \ucef4\ubc14\uc774\ub108 \ubc15\uc2a4 \uc194\ub8e8\uc158<\/a> \ub97c \ud074\ub9ad\ud558\uc138\uc694.<\/div>\n<\/details>\n<\/div>","protected":false},"excerpt":{"rendered":"<ul data-start=\"209\" data-end=\"494\">\n<li data-start=\"209\" data-end=\"305\">\n<p data-start=\"211\" data-end=\"305\"><strong data-start=\"211\" data-end=\"248\">\uc591\ubc29\ud5a5 \ubc29\uc218 \ubc30\uc804\ud568<\/strong> \uc640 \ud568\uaed8 <strong data-start=\"254\" data-end=\"285\">\uce21\uba74 \uac1c\ubc29\ud615(\ud78c\uc9c0\ud615) \ucee4\ubc84<\/strong> \ub97c \ud074\ub9ad\ud558\uba74 \ube60\ub974\uac8c \uc561\uc138\uc2a4\ud560 \uc218 \uc788\uc2b5\ub2c8\ub2e4.<\/p>\n<\/li>\n<li data-start=\"306\" data-end=\"395\">\n<p data-start=\"308\" data-end=\"395\"><strong data-start=\"308\" data-end=\"316\">IP65<\/strong> \ubc00\ubd09, ABS \ubca0\uc774\uc2a4 + PC \ud22c\uba85 \ucee4\ubc84, \ub0b4\ucda9\uaca9\uc131 \ubc0f \ub0b4\ud6c4\uc131.<\/p>\n<\/li>\n<li data-start=\"396\" data-end=\"494\">\n<p data-start=\"398\" data-end=\"494\">\uae30\ubcf8 \ubc30\ud3ec \ub610\ub294 \ucef4\ud329\ud2b8 \uc9c0\uc6d0 <strong data-start=\"437\" data-end=\"452\">PV \uacb0\ud569\uae30<\/strong> \ud4e8\uc988\/SPD\/\ub2e8\ub85c\uae30\/\ucc28\ub2e8\uae30\ub85c \uc124\uc815\ud569\ub2c8\ub2e4.<\/p>\n<\/li>\n<\/ul>","protected":false},"featured_media":1397,"comment_status":"open","ping_status":"closed","template":"","meta":[],"product_brand":[],"product_cat":[29],"product_tag":[],"class_list":{"0":"post-1395","1":"product","2":"type-product","3":"status-publish","4":"has-post-thumbnail","6":"product_cat-waterproof-distribution-box","8":"first","9":"instock","10":"shipping-taxable","11":"product-type-simple"},"_links":{"self":[{"href":"https:\/\/sinobreaker.com\/ko\/wp-json\/wp\/v2\/product\/1395","targetHints":{"allow":["GET"]}}],"collection":[{"href":"https:\/\/sinobreaker.com\/ko\/wp-json\/wp\/v2\/product"}],"about":[{"href":"https:\/\/sinobreaker.com\/ko\/wp-json\/wp\/v2\/types\/product"}],"replies":[{"embeddable":true,"href":"https:\/\/sinobreaker.com\/ko\/wp-json\/wp\/v2\/comments?post=1395"}],"wp:featuredmedia":[{"embeddable":true,"href":"https:\/\/sinobreaker.com\/ko\/wp-json\/wp\/v2\/media\/1397"}],"wp:attachment":[{"href":"https:\/\/sinobreaker.com\/ko\/wp-json\/wp\/v2\/media?parent=1395"}],"wp:term":[{"taxonomy":"product_brand","embeddable":true,"href":"https:\/\/sinobreaker.com\/ko\/wp-json\/wp\/v2\/product_brand?post=1395"},{"taxonomy":"product_cat","embeddable":true,"href":"https:\/\/sinobreaker.com\/ko\/wp-json\/wp\/v2\/product_cat?post=1395"},{"taxonomy":"product_tag","embeddable":true,"href":"https:\/\/sinobreaker.com\/ko\/wp-json\/wp\/v2\/product_tag?post=1395"}],"curies":[{"name":"wp","href":"https:\/\/api.w.org\/{rel}","templated":true}]}}