{"id":1401,"date":"2025-08-23T07:01:34","date_gmt":"2025-08-23T07:01:34","guid":{"rendered":"https:\/\/sinobreaker.com\/?post_type=product&#038;p=1401"},"modified":"2026-02-10T16:58:08","modified_gmt":"2026-02-10T16:58:08","slug":"ht-8-%eb%b0%a9%ec%88%98-%eb%b6%84%eb%b0%b0-%eb%b0%95%ec%8a%a4","status":"publish","type":"product","link":"https:\/\/sinobreaker.com\/ko\/products\/ht-8-waterproof-distribution-box\/","title":{"rendered":"HT-8 \ubc29\uc218 \ubc30\uc804\ud568"},"content":{"rendered":"<style>\n  .product-section h2{font-size:1.6em;margin-top:1.2em;margin-bottom:0.6em;color:#0f172a}<br \/>\n  .product-section p{font-size:1.1em;line-height:1.7em;color:#1e293b}<br \/>\n  .product-section table{width:100%;border-collapse:collapse;margin:1em 0;font-size:1.05em}<br \/>\n  .product-section table th,.product-section table td{border:1px solid #cfcfcf;padding:10px 14px;text-align:left}<br \/>\n  .product-section table th{background:#f8fafc;font-weight:bold}<br \/>\n  .product-section details{margin:.5em 0;font-size:1.05em}<br \/>\n<\/style>\n<div class=\"product-section\">\n<h2>\uac1c\uc694<\/h2>\n<p>\uadf8\ub9ac\uace0 <strong>HT-8 \ubc29\uc218 \ubd84\ubc30 \ubc15\uc2a4<\/strong> \uc81c\uacf5 <strong>8\uac1c \ud68c\ub85c<\/strong> \ucef4\ud329\ud2b8\ud55c 1\uc5f4 \uc778\ud074\ub85c\uc800\uc5d0\uc11c<br \/>\n\uc640 <strong>\uce21\uba74 \uac1c\ubc29 \ud78c\uc9c0\ud615 \ucee4\ubc84<\/strong>. \uadf8\uac83\uc758 <strong>ABS \ubca0\uc774\uc2a4<\/strong> \uadf8\ub9ac\uace0 <strong>PC \ud22c\uba85 \ucee4\ubc84<\/strong><br \/>\n\ub294 \ub192\uc740 \uc778\uc131\uacfc \ub0b4\ucda9\uaca9\uc131\uc744 \uc81c\uacf5\ud558\uace0 <strong>IP65 \ub4f1\uae09<\/strong> \uc5d0 \ub300\ud55c \uc548\uc815\uc801\uc778 \uc131\ub2a5\uc744 \ubcf4\uc7a5\ud569\ub2c8\ub2e4.<br \/>\n\uc5f4\uc545\ud55c \ud658\uacbd\uc758 \uba3c\uc9c0\uc640 \ubb3c\ub85c\ubd80\ud130 \ubcf4\ud638\ud569\ub2c8\ub2e4. \uc7a0\uae08 \ubc84\ud074 \ub514\uc790\uc778, \uad6c\ub9ac \ub2e8\uc790 \uc5b4\uc148\ube14\ub9ac(960\u00b0C \uc5f4\uc120 \ud14c\uc2a4\ud2b8)\uac00 \uc7a5\ucc29\ub418\uc5b4 \uc788\uc2b5\ub2c8\ub2e4,<br \/>\n\ucf00\uc774\ube14 \uc778\uc785\uc744 \uc704\ud55c \uc5ec\ub7ec \uac1c\uc758 \ub109\uc544\uc6c3\uc744 \uac16\ucd98 HT-8\uc740 \uc2e4\ub0b4 \ubc0f \uc2e4\uc678 \uc804\uae30 \ubc30\uc804\uc744 \uc704\ud55c \ub0b4\uad6c\uc131\uc774 \ub6f0\uc5b4\ub098\uace0 \ub2e4\uc591\ud55c \uc6a9\ub3c4\ub85c \uc0ac\uc6a9\ud560 \uc218 \uc788\uc2b5\ub2c8\ub2e4.<br \/>\n\uc804\uccb4 \uc2dc\ub9ac\uc988\ub97c \ubcf4\ub824\uba74 <a href=\"\/ko\/%ec%a0%9c%ed%92%88-2\/%eb%b0%a9%ec%88%98-%eb%b0%b0%ec%a0%84%ed%95%a8\/\">\ubc29\uc218 \ubc30\uc804\ud568 \uc2dc\ub9ac\uc988<\/a>.<\/p>\n<p>\uadf8\ub9ac\uace0 <strong>HT-8 \ubc29\uc218 \ubd84\ubc30 \ubc15\uc2a4<\/strong> \ub85c \uad6c\uc131\ud560 \uc218 \uc788\uc2b5\ub2c8\ub2e4.<br \/>\n<a href=\"\/ko\/%ec%a0%9c%ed%92%88-2\/dc-%ed%93%a8%ec%a6%88\/\">DC \ud4e8\uc988<\/a>, <a href=\"\/ko\/%ec%a0%9c%ed%92%88-2\/dc-spd\/\">SPD<\/a>,<br \/>\n<a href=\"\/ko\/%ec%a0%9c%ed%92%88-2\/dc-%ec%8a%a4%ec%9c%84%ec%b9%98-%eb%8b%a8%eb%a1%9c%ea%b8%b0\/\">\uc2a4\uc704\uce58 \ub2e8\ub85c\uae30<\/a>\ub610\ub294<br \/>\n<a href=\"\/ko\/%ec%a0%9c%ed%92%88-2\/dc-circuit-breaker\/\">DC \ud68c\ub85c \ucc28\ub2e8\uae30<\/a>\ub97c \uc0ac\uc6a9\ud558\uc5ec \uc77c\ubc18 \ubc30\ud3ec \ubc0f<br \/>\n<a href=\"\/ko\/solutions\/pv-%ec%bb%b4%eb%b0%94%ec%9d%b4%eb%84%88-%eb%b0%95%ec%8a%a4\/\">PV \ucef4\ubc14\uc774\ub108 \ubc15\uc2a4 \uc560\ud50c\ub9ac\ucf00\uc774\uc158<\/a>.<\/p>\n<h2 id=\"specification\">HT-8 \ubc29\uc218 \ubc30\uc804\ud568 \uc0ac\uc591<\/h2>\n<table>\n<thead>\n<tr>\n<th>\ub9e4\uac1c\ubcc0\uc218<\/th>\n<th>\uac00\uce58<\/th>\n<\/tr>\n<\/thead>\n<tbody>\n<tr>\n<td>\ubaa8\ub378<\/td>\n<td>HT-8<\/td>\n<\/tr>\n<tr>\n<td>\ud68c\ub85c \uc218<\/td>\n<td>8\ubc29\ud5a5(\ub2e8\uc77c \ud589)<\/td>\n<\/tr>\n<tr>\n<td>\uc804\uccb4 \uce58\uc218(L\u00d7W\u00d7H)<\/td>\n<td>183 \u00d7 170 \u00d7 95mm<\/td>\n<\/tr>\n<tr>\n<td>\uc81c\ub85c \/ \uc811\uc9c0 \ud589 \uad6c\uba4d<\/td>\n<td>\uc81c\ub85c \ud589: 5\ud640 \/ \uc811\uc9c0 \ud589: 5\ud640<\/td>\n<\/tr>\n<tr>\n<td>\ubcf4\ud638 \ub4f1\uae09<\/td>\n<td>IP65 - \ucc38\uc870 <a href=\"https:\/\/en.wikipedia.org\/wiki\/IP_Code\" target=\"_blank\" rel=\"noopener\">IP \ucf54\ub4dc<\/a> \/<br \/>\n<a href=\"https:\/\/www.iec.ch\/standards\" target=\"_blank\" rel=\"noopener\">IEC 60529<\/a><\/td>\n<\/tr>\n<tr>\n<td>\uc7ac\ub8cc<\/td>\n<td>ABS \ubca0\uc774\uc2a4 \ubc0f \ud504\ub808\uc784, PC \ud22c\uba85 \ucee4\ubc84<\/td>\n<\/tr>\n<tr>\n<td>\uc678\ubd80 \uc0c1\uc790 \ud06c\uae30(L\u00d7W\u00d7H)<\/td>\n<td>520 \u00d7 390 \u00d7 545mm<\/td>\n<\/tr>\n<tr>\n<td>\ucd1d \uc911\ub7c9(\uc0c1\uc790 \uc804\uccb4)<\/td>\n<td>17.8kg<\/td>\n<\/tr>\n<tr>\n<td>\ud3ec\uc7a5 \uc218\ub7c9<\/td>\n<td>30\uac1c<\/td>\n<\/tr>\n<tr>\n<td>\uac1c\ubc29\ud615<\/td>\n<td>\uce21\uba74 \uac1c\ubc29(\ud78c\uc9c0\ud615 \ucee4\ubc84 &gt;115\u00b0)<\/td>\n<\/tr>\n<tr>\n<td>\uad6c\uc870\uc801 \ud2b9\uc9d5<\/td>\n<td>\uc7a0\uae08 \ubc84\ud074 \uad6c\uc870, \ud78c\uc9c0 \ucee4\ubc84, \ud68c\ub85c \ubc30\ud50c, \uad6c\ub9ac \ub2e8\uc790 \uc5b4\uc148\ube14\ub9ac, \uba40\ud2f0 \ub9c1 \ub179\uc544\uc6c3<\/td>\n<\/tr>\n<tr>\n<td>\ud45c\uc900<\/td>\n<td>GB\/T 17466.1; GB\/T 17466.24; IEC 60529(IP65)<\/td>\n<\/tr>\n<\/tbody>\n<\/table>\n<h2 id=\"diagram\">\ub2e4\uc774\uc5b4\uadf8\ub7a8<\/h2>\n<p>\uc544\ub798\uc758 \uc124\uce58 \ub2e4\uc774\uc5b4\uadf8\ub7a8\uc740 <strong>HT-8 \ubc29\uc218 \ubd84\ubc30 \ubc15\uc2a4<\/strong> (\uc804\uba74\/\uce21\uba74\/\ud6c4\uba74).<br \/>\n<img loading=\"lazy\" decoding=\"async\" class=\"alignnone  wp-image-1402\" src=\"https:\/\/sinobreaker.com\/wp-content\/uploads\/2025\/08\/HT-8D-300x208.png\" alt=\"HT-8 \ubc29\uc218 \ubd84\ubc30 \ubc15\uc2a4 \ub2e4\uc774\uc5b4\uadf8\ub7a8\" width=\"695\" height=\"482\" srcset=\"https:\/\/sinobreaker.com\/wp-content\/uploads\/2025\/08\/HT-8D-300x208.png 300w, https:\/\/sinobreaker.com\/wp-content\/uploads\/2025\/08\/HT-8D.png 587w\" sizes=\"auto, (max-width: 695px) 100vw, 695px\" \/><\/p>\n<h2 id=\"faq\">\uc790\uc8fc \ubb3b\ub294 \uc9c8\ubb38<\/h2>\n<details>\n<summary>HT-8 \ubc29\uc218 \ubc30\uc804\ud568\uc758 \uc804\uccb4 \ud06c\uae30\ub294 \uc5b4\ub5bb\uac8c \ub418\ub098\uc694?<\/summary>\n<div>183 \u00d7 170 \u00d7 95mm(L\u00d7W\u00d7H).<\/div>\n<\/details>\n<details>\n<summary>HT-8\uc740 \uba87 \uac1c\uc758 \ud68c\ub85c\ub97c \uc9c0\uc6d0\ud558\ub098\uc694?<\/summary>\n<div>HT-8\uc740 \ub2e8\uc77c \ud589 \ub808\uc774\uc544\uc6c3\uc5d0\uc11c 8\uac1c\uc758 \ud68c\ub85c\ub97c \uc9c0\uc6d0\ud569\ub2c8\ub2e4. \uc81c\ub85c \ud589: 5\ud640, \uc811\uc9c0 \ud589: 5\ud640.<\/div>\n<\/details>\n<details>\n<summary>HT-8\uc740 \uc2e4\uc678\uc6a9\uc73c\ub85c \uc801\ud569\ud55c\uac00\uc694?<\/summary>\n<div>\uc608. <strong>HT-8 \ubc29\uc218 \ubd84\ubc30 \ubc15\uc2a4<\/strong> \ub294 IP65 \ub4f1\uae09\uc774\uba70 ABS\/PC \uc18c\uc7ac\ub85c \uc81c\uc791\ub418\uc5b4 \uc2e4\ub0b4 \ubc0f \uc2e4\uc678 \uc124\uce58\uc5d0 \ubaa8\ub450 \uc801\ud569\ud569\ub2c8\ub2e4.<br \/>\n(\ucc38\uace0: <a href=\"https:\/\/en.wikipedia.org\/wiki\/IP_Code\" target=\"_blank\" rel=\"noopener\">IP \ucf54\ub4dc<\/a> \/<br \/>\n<a href=\"https:\/\/www.iec.ch\/standards\" target=\"_blank\" rel=\"noopener\">IEC 60529<\/a>).<\/div>\n<\/details>\n<details>\n<summary>HT-8\uc744 PV \ucef4\ubc14\uc774\ub108 \ubc15\uc2a4\ub85c \uad6c\uc131\ud560 \uc218 \uc788\ub098\uc694?<\/summary>\n<div>\uc608. \ub2e4\uc74c\uacfc \ud1b5\ud569\ub41c \uacbd\uc6b0 <a href=\"\/ko\/%ec%a0%9c%ed%92%88-2\/dc-%ed%93%a8%ec%a6%88\/\">DC \ud4e8\uc988<\/a>,<br \/>\n<a href=\"\/ko\/%ec%a0%9c%ed%92%88-2\/dc-spd\/\">\uc11c\uc9c0 \ubcf4\ud638 \uc7a5\uce58(SPD)<\/a>\ubc0f<br \/>\n<a href=\"\/ko\/%ec%a0%9c%ed%92%88-2\/dc-%ec%8a%a4%ec%9c%84%ec%b9%98-%eb%8b%a8%eb%a1%9c%ea%b8%b0\/\">DC \uc2a4\uc704\uce58 \ub2e8\ub85c\uae30<\/a> \ub610\ub294<br \/>\n<a href=\"\/ko\/%ec%a0%9c%ed%92%88-2\/dc-circuit-breaker\/\">DC \ud68c\ub85c \ucc28\ub2e8\uae30<\/a>HT-8\uc740 PV \ucef4\ubc14\uc774\ub108 \ubc15\uc2a4 \uc194\ub8e8\uc158\uc73c\ub85c \uc801\uc6a9\ud560 \uc218 \uc788\uc2b5\ub2c8\ub2e4.<\/div>\n<\/details>\n<\/div>","protected":false},"excerpt":{"rendered":"<ul data-start=\"120\" data-end=\"466\">\n<li data-start=\"120\" data-end=\"231\">\n<p data-start=\"122\" data-end=\"231\"><strong data-start=\"122\" data-end=\"159\">8\ubc29\ud5a5 \ubc29\uc218 \ubc30\uc804\ud568<\/strong> \uc640 \ud568\uaed8 <strong data-start=\"165\" data-end=\"194\">\uce21\uba74 \uac1c\ubc29 \ud78c\uc9c0\ud615 \ucee4\ubc84<\/strong> \ub97c \uc0ac\uc6a9\ud558\uc5ec \uc27d\uac8c \uc791\ub3d9\ud558\uace0 \uac80\uc0ac\ud560 \uc218 \uc788\uc2b5\ub2c8\ub2e4.<\/p>\n<\/li>\n<li data-start=\"232\" data-end=\"346\">\n<p data-start=\"234\" data-end=\"346\">\ud568\uaed8 \uad6c\ucd95 <strong data-start=\"245\" data-end=\"268\">IP65 ABS\/PC \ud558\uc6b0\uc9d5<\/strong>\uc7a0\uae08 \ubc84\ud074 \uad6c\uc870\uc640 \uba40\ud2f0 \ub9c1 \ub179\uc544\uc6c3\uc73c\ub85c \uc720\uc5f0\ud55c \uc124\uce58\uac00 \uac00\ub2a5\ud569\ub2c8\ub2e4.<\/p>\n<\/li>\n<li data-start=\"347\" data-end=\"466\">\n<p data-start=\"349\" data-end=\"466\">\ub2e4\uc74c\uacfc\uc758 \ud1b5\ud569\uc744 \uc9c0\uc6d0\ud569\ub2c8\ub2e4. <strong data-start=\"375\" data-end=\"414\">\ud4e8\uc988, SPD, \ub2e8\ub85c\uae30 \ub610\ub294 \ucc28\ub2e8\uae30<\/strong> \uc8fc\uac70\uc6a9, \uc0c1\uc5c5\uc6a9 \ubc0f PV \uacb0\ud569\uae30\uc6a9\uc785\ub2c8\ub2e4.<\/p>\n<\/li>\n<\/ul>","protected":false},"featured_media":1403,"comment_status":"open","ping_status":"closed","template":"","meta":[],"product_brand":[],"product_cat":[29],"product_tag":[],"class_list":{"0":"post-1401","1":"product","2":"type-product","3":"status-publish","4":"has-post-thumbnail","6":"product_cat-waterproof-distribution-box","8":"first","9":"instock","10":"shipping-taxable","11":"product-type-simple"},"_links":{"self":[{"href":"https:\/\/sinobreaker.com\/ko\/wp-json\/wp\/v2\/product\/1401","targetHints":{"allow":["GET"]}}],"collection":[{"href":"https:\/\/sinobreaker.com\/ko\/wp-json\/wp\/v2\/product"}],"about":[{"href":"https:\/\/sinobreaker.com\/ko\/wp-json\/wp\/v2\/types\/product"}],"replies":[{"embeddable":true,"href":"https:\/\/sinobreaker.com\/ko\/wp-json\/wp\/v2\/comments?post=1401"}],"wp:featuredmedia":[{"embeddable":true,"href":"https:\/\/sinobreaker.com\/ko\/wp-json\/wp\/v2\/media\/1403"}],"wp:attachment":[{"href":"https:\/\/sinobreaker.com\/ko\/wp-json\/wp\/v2\/media?parent=1401"}],"wp:term":[{"taxonomy":"product_brand","embeddable":true,"href":"https:\/\/sinobreaker.com\/ko\/wp-json\/wp\/v2\/product_brand?post=1401"},{"taxonomy":"product_cat","embeddable":true,"href":"https:\/\/sinobreaker.com\/ko\/wp-json\/wp\/v2\/product_cat?post=1401"},{"taxonomy":"product_tag","embeddable":true,"href":"https:\/\/sinobreaker.com\/ko\/wp-json\/wp\/v2\/product_tag?post=1401"}],"curies":[{"name":"wp","href":"https:\/\/api.w.org\/{rel}","templated":true}]}}