{"id":1408,"date":"2025-08-23T07:09:57","date_gmt":"2025-08-23T07:09:57","guid":{"rendered":"https:\/\/sinobreaker.com\/?post_type=product&#038;p=1408"},"modified":"2025-08-25T10:02:12","modified_gmt":"2025-08-25T10:02:12","slug":"ht-15-%eb%b0%a9%ec%88%98-%eb%b6%84%eb%b0%b0-%eb%b0%95%ec%8a%a4","status":"publish","type":"product","link":"https:\/\/sinobreaker.com\/ko\/products\/ht-15-waterproof-distribution-box\/","title":{"rendered":"HT-15 \ubc29\uc218 \ubc30\uc804\ud568"},"content":{"rendered":"<style>\n  .product-section h2{font-size:1.6em;margin-top:1.2em;margin-bottom:0.6em;color:#0f172a}<br \/>\n  .product-section p{font-size:1.1em;line-height:1.7em;color:#1e293b}<br \/>\n  .product-section table{width:100%;border-collapse:collapse;margin:1em 0;font-size:1.05em}<br \/>\n  .product-section table th,.product-section table td{border:1px solid #cfcfcf;padding:10px 14px;text-align:left}<br \/>\n  .product-section table th{background:#f8fafc;font-weight:bold}<br \/>\n  .product-section details{margin:.5em 0;font-size:1.05em}<br \/>\n<\/style>\n<div class=\"product-section\">\n<h2>\uac1c\uc694<\/h2>\n<p>\uadf8\ub9ac\uace0 <strong>HT-15 \ubc29\uc218 \ubc30\uc804\ud568<\/strong> \uc81c\uacf5 <strong>15\uac1c \ud68c\ub85c<\/strong> \ub0b4\uad6c\uc131 \uc788\ub294 \uc778\ud074\ub85c\uc800\uc5d0<br \/>\n<strong>\uce21\uba74 \uac1c\ubc29 \ud78c\uc9c0\ud615 \ucee4\ubc84<\/strong>. . <strong>ABS \ubca0\uc774\uc2a4<\/strong> \uadf8\ub9ac\uace0 <strong>PC \ud22c\uba85 \ucee4\ubc84<\/strong>,<br \/>\n\uc778\ud074\ub85c\uc800\ub294 \ub0b4\ucda9\uaca9\uc131\uacfc \uc7a5\uae30\uc801\uc778 \ub0b4\uad6c\uc131\uc744 \uc81c\uacf5\ud569\ub2c8\ub2e4. \ud3c9\uac00 <strong>IP65<\/strong>\uba3c\uc9c0\ub85c\ubd80\ud130 \ubcf4\ud638\ud569\ub2c8\ub2e4.<br \/>\n\ubc29\uc218 \uae30\ub2a5\uc774 \uc788\uc5b4 \uc2e4\ub0b4 \ubc0f \uc2e4\uc678 \ud658\uacbd \ubaa8\ub450\uc5d0 \uc801\ud569\ud569\ub2c8\ub2e4. \uac15\ud654\ub41c \uc7a0\uae08 \ubc84\ud074 \uad6c\uc870, \uad6c\ub9ac \ub2e8\uc790<br \/>\n\uc870\ub9bd(960\u00b0C \uc5f4\uc120 \ud14c\uc2a4\ud2b8) \ubc0f \uba40\ud2f0 \ub9c1 \ub179\uc544\uc6c3\uc73c\ub85c \uc124\uce58 \uc548\uc804\uc131\uacfc \ud3b8\uc758\uc131\uc744 \ub192\uc600\uc2b5\ub2c8\ub2e4. \uc804\uccb4 \ubcf4\uae30<br \/>\n\uc2dc\ub9ac\uc988\uc5d0 \ub300\ud55c \uc790\uc138\ud55c \ub0b4\uc6a9\uc740 <a href=\"\/ko\/%ec%a0%9c%ed%92%88-2\/%eb%b0%a9%ec%88%98-%eb%b0%b0%ec%a0%84%ed%95%a8\/\">\ubc29\uc218 \ubc30\uc804\ud568 \uc2dc\ub9ac\uc988<\/a>.<\/p>\n<p>\uadf8\ub9ac\uace0 <strong>HT-15 \ubc29\uc218 \ubc30\uc804\ud568<\/strong> \ub97c \uc7a5\ucc29\ud560 \uc218 \uc788\uc2b5\ub2c8\ub2e4.<br \/>\n<a href=\"\/ko\/%ec%a0%9c%ed%92%88-2\/dc-%ed%93%a8%ec%a6%88\/\">DC \ud4e8\uc988<\/a>, <a href=\"\/ko\/%ec%a0%9c%ed%92%88-2\/dc-spd\/\">\uc11c\uc9c0 \ubcf4\ud638 \uc7a5\uce58(SPD)<\/a>,<br \/>\n<a href=\"\/ko\/%ec%a0%9c%ed%92%88-2\/dc-%ec%8a%a4%ec%9c%84%ec%b9%98-%eb%8b%a8%eb%a1%9c%ea%b8%b0\/\">\uc2a4\uc704\uce58 \ub2e8\ub85c\uae30<\/a>\ub610\ub294<br \/>\n<a href=\"\/ko\/%ec%a0%9c%ed%92%88-2\/dc-circuit-breaker\/\">DC \ud68c\ub85c \ucc28\ub2e8\uae30<\/a>\ub97c \ud1b5\ud574 \ub300\uaddc\ubaa8 \uc8fc\uac70\uc6a9, \uc0c1\uc5c5\uc6a9 \uc560\ud50c\ub9ac\ucf00\uc774\uc158\uc5d0 \uc801\uc6a9\ud560 \uc218 \uc788\uc2b5\ub2c8\ub2e4,<br \/>\n\uadf8\ub9ac\uace0 <a href=\"\/ko\/solutions\/pv-%ec%bb%b4%eb%b0%94%ec%9d%b4%eb%84%88-%eb%b0%95%ec%8a%a4\/\">\ud0dc\uc591\uad11 \ucef4\ubc14\uc774\ub108 \ubc15\uc2a4 \uc194\ub8e8\uc158<\/a>.<\/p>\n<h2 id=\"specification\">HT-15 \ubc29\uc218 \ubc30\uc804\ud568 \uc0ac\uc591<\/h2>\n<table>\n<thead>\n<tr>\n<th>\ub9e4\uac1c\ubcc0\uc218<\/th>\n<th>\uac00\uce58<\/th>\n<\/tr>\n<\/thead>\n<tbody>\n<tr>\n<td>\ubaa8\ub378<\/td>\n<td>HT-15<\/td>\n<\/tr>\n<tr>\n<td>\ud68c\ub85c \uc218<\/td>\n<td>15\ubc29\ud5a5(\ub2e8\uc77c \ud589)<\/td>\n<\/tr>\n<tr>\n<td>\uc804\uccb4 \uce58\uc218(L\u00d7W\u00d7H)<\/td>\n<td>280 \u00d7 225 \u00d7 110mm<\/td>\n<\/tr>\n<tr>\n<td>\uc81c\ub85c \/ \uc811\uc9c0 \ud589 \uad6c\uba4d<\/td>\n<td>\uc81c\ub85c \ud589: 10\ud640 \/ \uadf8\ub77c\uc6b4\ub4dc \ud589: 10\ud640<\/td>\n<\/tr>\n<tr>\n<td>\ubcf4\ud638 \ub4f1\uae09<\/td>\n<td>IP65 - \ucc38\uc870 <a href=\"https:\/\/en.wikipedia.org\/wiki\/IP_Code\" target=\"_blank\" rel=\"noopener\">IP \ucf54\ub4dc<\/a> \/<br \/>\n<a href=\"https:\/\/www.iec.ch\/standards\" target=\"_blank\" rel=\"noopener\">IEC 60529<\/a><\/td>\n<\/tr>\n<tr>\n<td>\uc7ac\ub8cc<\/td>\n<td>ABS \ubca0\uc774\uc2a4 \ubc0f \ud504\ub808\uc784, PC \ud22c\uba85 \ucee4\ubc84<\/td>\n<\/tr>\n<tr>\n<td>\uc678\ubd80 \uc0c1\uc790 \ud06c\uae30(L\u00d7W\u00d7H)<\/td>\n<td>600 \u00d7 440 \u00d7 560mm<\/td>\n<\/tr>\n<tr>\n<td>\ucd1d \uc911\ub7c9(\uc0c1\uc790 \uc804\uccb4)<\/td>\n<td>21.0kg<\/td>\n<\/tr>\n<tr>\n<td>\ud3ec\uc7a5 \uc218\ub7c9<\/td>\n<td>16\uac1c<\/td>\n<\/tr>\n<tr>\n<td>\uac1c\ubc29\ud615<\/td>\n<td>\uce21\uba74 \uac1c\ubc29(\ud78c\uc9c0\ud615 \ucee4\ubc84 &gt;115\u00b0)<\/td>\n<\/tr>\n<tr>\n<td>\uad6c\uc870\uc801 \ud2b9\uc9d5<\/td>\n<td>\uc7a0\uae08 \ubc84\ud074 \uad6c\uc870, \ud78c\uc9c0 \ucee4\ubc84, \uad6c\ub9ac \ub2e8\uc790 \uc5b4\uc148\ube14\ub9ac, \ud68c\ub85c \ubc30\ud50c, \uba40\ud2f0 \ub9c1 \ub179\uc544\uc6c3<\/td>\n<\/tr>\n<tr>\n<td>\ud45c\uc900<\/td>\n<td>GB\/T 17466.1; GB\/T 17466.24; IEC 60529(IP65)<\/td>\n<\/tr>\n<\/tbody>\n<\/table>\n<h2 id=\"diagram\">\ub2e4\uc774\uc5b4\uadf8\ub7a8<\/h2>\n<p>\uc544\ub798\uc758 \uc124\uce58 \ub2e4\uc774\uc5b4\uadf8\ub7a8\uc740 <strong>HT-15 \ubc29\uc218 \ubc30\uc804\ud568<\/strong> (\uc804\uba74\/\uce21\uba74\/\ud6c4\uba74).<br \/>\n<img loading=\"lazy\" decoding=\"async\" class=\"alignnone  wp-image-1410\" src=\"https:\/\/sinobreaker.com\/wp-content\/uploads\/2025\/08\/HT-15D-300x185.png\" alt=\"HT-15 \ubc29\uc218 \ubc30\uc804\ud568 \ub2e4\uc774\uc5b4\uadf8\ub7a8\" width=\"688\" height=\"424\" srcset=\"https:\/\/sinobreaker.com\/wp-content\/uploads\/2025\/08\/HT-15D-300x185.png 300w, https:\/\/sinobreaker.com\/wp-content\/uploads\/2025\/08\/HT-15D-768x474.png 768w, https:\/\/sinobreaker.com\/wp-content\/uploads\/2025\/08\/HT-15D-600x371.png 600w, https:\/\/sinobreaker.com\/wp-content\/uploads\/2025\/08\/HT-15D.png 824w\" sizes=\"auto, (max-width: 688px) 100vw, 688px\" \/><\/p>\n<h2 id=\"faq\">\uc790\uc8fc \ubb3b\ub294 \uc9c8\ubb38<\/h2>\n<details>\n<summary>HT-15 \ubc29\uc218 \ubc30\uc804\ud568\uc758 \uc804\uccb4 \ud06c\uae30\ub294 \uc5b4\ub5bb\uac8c \ub418\ub098\uc694?<\/summary>\n<div>280 \u00d7 225 \u00d7 110mm(L\u00d7W\u00d7H).<\/div>\n<\/details>\n<details>\n<summary>HT-15\ub294 \uba87 \uac1c\uc758 \ud68c\ub85c\ub97c \uc9c0\uc6d0\ud558\ub098\uc694?<\/summary>\n<div>HT-15\ub294 \ub2e8\uc77c \ud589 \ub808\uc774\uc544\uc6c3\uc5d0\uc11c 15\uac1c\uc758 \ud68c\ub85c\ub97c \uc9c0\uc6d0\ud569\ub2c8\ub2e4. \uc81c\ub85c \ud589: 10\ud640, \uc811\uc9c0 \ud589: 10\ud640.<\/div>\n<\/details>\n<details>\n<summary>HT-15\ub294 \uc2e4\uc678 \ud658\uacbd\uc5d0 \uc801\ud569\ud55c\uac00\uc694?<\/summary>\n<div>\uc608. <strong>HT-15 \ubc29\uc218 \ubc30\uc804\ud568<\/strong> IP65 \ub4f1\uae09\uc73c\ub85c \uc2e4\ub0b4 \ubc0f \uc2e4\uc678 \uc560\ud50c\ub9ac\ucf00\uc774\uc158\uc5d0 \ubaa8\ub450 \uc801\ud569\ud569\ub2c8\ub2e4.<br \/>\n(\ucc38\uace0: <a href=\"https:\/\/en.wikipedia.org\/wiki\/IP_Code\" target=\"_blank\" rel=\"noopener\">IP \ucf54\ub4dc<\/a> \/<br \/>\n<a href=\"https:\/\/www.iec.ch\/standards\" target=\"_blank\" rel=\"noopener\">IEC 60529<\/a>).<\/div>\n<\/details>\n<details>\n<summary>HT-15\ub97c PV \ucef4\ubc14\uc774\ub108 \ubc15\uc2a4\ub85c \uad6c\uc131\ud560 \uc218 \uc788\ub098\uc694?<\/summary>\n<div>\uc608. \ub2e4\uc74c\uc744 \uac16\ucd98 \uacbd\uc6b0 <a href=\"\/ko\/%ec%a0%9c%ed%92%88-2\/dc-%ed%93%a8%ec%a6%88\/\">DC \ud4e8\uc988<\/a>,<br \/>\n<a href=\"\/ko\/%ec%a0%9c%ed%92%88-2\/dc-spd\/\">\uc11c\uc9c0 \ubcf4\ud638 \uc7a5\uce58(SPD)<\/a>\ubc0f<br \/>\n<a href=\"\/ko\/%ec%a0%9c%ed%92%88-2\/dc-%ec%8a%a4%ec%9c%84%ec%b9%98-%eb%8b%a8%eb%a1%9c%ea%b8%b0\/\">DC \uc2a4\uc704\uce58 \ub2e8\ub85c\uae30<\/a> \ub610\ub294<br \/>\n<a href=\"\/ko\/%ec%a0%9c%ed%92%88-2\/dc-circuit-breaker\/\">DC \ud68c\ub85c \ucc28\ub2e8\uae30<\/a>HT-15\ub294 PV \uacb0\ud569\uae30 \uc194\ub8e8\uc158\uc73c\ub85c \uc0ac\uc6a9\ud560 \uc218 \uc788\uc2b5\ub2c8\ub2e4.<\/div>\n<\/details>\n<\/div>","protected":false},"excerpt":{"rendered":"<ul data-start=\"110\" data-end=\"466\">\n<li data-start=\"110\" data-end=\"226\">\n<p data-start=\"112\" data-end=\"226\"><strong data-start=\"112\" data-end=\"150\">15\ubc29\ud5a5 \ubc29\uc218 \ubc30\uc804\ud568<\/strong> \uc640 \ud568\uaed8 <strong data-start=\"156\" data-end=\"185\">\uce21\uba74 \uac1c\ubc29 \ud78c\uc9c0\ud615 \ucee4\ubc84<\/strong> \ud3b8\ub9ac\ud55c \ubc30\uc120 \ubc0f \uc720\uc9c0\ubcf4\uc218\ub97c \uc704\ud574<\/p>\n<\/li>\n<li data-start=\"227\" data-end=\"348\">\n<p data-start=\"229\" data-end=\"348\"><strong data-start=\"229\" data-end=\"264\">ABS \ubca0\uc774\uc2a4 + PC \ud22c\uba85 \ucee4\ubc84<\/strong>\uac15\ud654 \uc7a0\uae08 \ubc84\ud074, \uc815\uaca9 <strong data-start=\"296\" data-end=\"304\">IP65<\/strong> \ubc29\uc9c4 \ubc0f \ubc29\uc218 \uae30\ub2a5\uc744 \uc81c\uacf5\ud569\ub2c8\ub2e4.<\/p>\n<\/li>\n<li data-start=\"349\" data-end=\"466\">\n<p data-start=\"351\" data-end=\"466\">\uc8fc\uac70\uc6a9, \uc0c1\uc5c5\uc6a9 \ubc0f <strong data-start=\"390\" data-end=\"409\">PV \ucef4\ubc14\uc774\ub108 \ubc15\uc2a4<\/strong> \ud4e8\uc988, SPD, \ub2e8\ub85c\uae30 \ub610\ub294 \ucc28\ub2e8\uae30\uac00 \uc788\ub294 \uc560\ud50c\ub9ac\ucf00\uc774\uc158.<\/p>\n<\/li>\n<\/ul>","protected":false},"featured_media":1409,"comment_status":"open","ping_status":"closed","template":"","meta":[],"product_brand":[],"product_cat":[29],"product_tag":[],"class_list":{"0":"post-1408","1":"product","2":"type-product","3":"status-publish","4":"has-post-thumbnail","6":"product_cat-waterproof-distribution-box","8":"first","9":"instock","10":"shipping-taxable","11":"product-type-simple"},"_links":{"self":[{"href":"https:\/\/sinobreaker.com\/ko\/wp-json\/wp\/v2\/product\/1408","targetHints":{"allow":["GET"]}}],"collection":[{"href":"https:\/\/sinobreaker.com\/ko\/wp-json\/wp\/v2\/product"}],"about":[{"href":"https:\/\/sinobreaker.com\/ko\/wp-json\/wp\/v2\/types\/product"}],"replies":[{"embeddable":true,"href":"https:\/\/sinobreaker.com\/ko\/wp-json\/wp\/v2\/comments?post=1408"}],"wp:featuredmedia":[{"embeddable":true,"href":"https:\/\/sinobreaker.com\/ko\/wp-json\/wp\/v2\/media\/1409"}],"wp:attachment":[{"href":"https:\/\/sinobreaker.com\/ko\/wp-json\/wp\/v2\/media?parent=1408"}],"wp:term":[{"taxonomy":"product_brand","embeddable":true,"href":"https:\/\/sinobreaker.com\/ko\/wp-json\/wp\/v2\/product_brand?post=1408"},{"taxonomy":"product_cat","embeddable":true,"href":"https:\/\/sinobreaker.com\/ko\/wp-json\/wp\/v2\/product_cat?post=1408"},{"taxonomy":"product_tag","embeddable":true,"href":"https:\/\/sinobreaker.com\/ko\/wp-json\/wp\/v2\/product_tag?post=1408"}],"curies":[{"name":"wp","href":"https:\/\/api.w.org\/{rel}","templated":true}]}}