{"id":1009,"date":"2025-08-18T06:43:40","date_gmt":"2025-08-18T06:43:40","guid":{"rendered":"https:\/\/sinobreaker.com\/?post_type=product&#038;p=1009"},"modified":"2025-09-22T06:49:38","modified_gmt":"2025-09-22T06:49:38","slug":"10x85mm-232a1500vdc-50ka-cfpv-pv-fusiveis-solares","status":"publish","type":"product","link":"https:\/\/sinobreaker.com\/pt\/products\/10x85mm-1500vdc-cfpv-pv-solar-fuses\/","title":{"rendered":"10x85mm 2~32A1500VDC 50kA CFPV Fus\u00edveis solares fotovoltaicos"},"content":{"rendered":"<p>A s\u00e9rie de fus\u00edveis solares CFPV PV 10x85mm 2~32A1500VDC 50kA foi projetada especificamente para sistemas de gera\u00e7\u00e3o de energia solar fotovoltaica (PV), fornecendo prote\u00e7\u00e3o confi\u00e1vel com uma tens\u00e3o nominal alta de at\u00e9 1500V DC e corrente nominal de at\u00e9 50A. Esses fus\u00edveis s\u00e3o ideais para conex\u00e3o com pain\u00e9is fotovoltaicos e baterias para proteger sistemas de fluxo vari\u00e1vel, oferecendo prote\u00e7\u00e3o contra interrup\u00e7\u00e3o de curto-circuito em esta\u00e7\u00f5es fotovoltaicas e sistemas de gera\u00e7\u00e3o de energia. Com uma impressionante capacidade de interrup\u00e7\u00e3o de 50kA, essa s\u00e9rie de fus\u00edveis \u00e9 um componente essencial para garantir a seguran\u00e7a e a efici\u00eancia das aplica\u00e7\u00f5es de energia solar.<\/p>\n<p><strong>Principais recursos<\/strong><\/p>\n<ul>\n<li><strong>Compatibilidade com alta tens\u00e3o<\/strong>: Suporta at\u00e9 1500 V CC, atendendo aos requisitos dos sistemas solares de alta tens\u00e3o.<\/li>\n<li><strong>Ampla faixa de corrente<\/strong>: Corrente nominal de 2A a 32A, com op\u00e7\u00f5es de at\u00e9 50A, para atender a v\u00e1rias aplica\u00e7\u00f5es fotovoltaicas.<\/li>\n<li><strong>Capacidade de ruptura excepcional<\/strong>: Com uma capacidade de interrup\u00e7\u00e3o nominal de 50kA, ele oferece prote\u00e7\u00e3o confi\u00e1vel contra curto-circuito.<\/li>\n<li><strong>Conformidade com a classe GPV<\/strong>: Certificado como Classe GPV (Fus\u00edvel Fotovoltaico), em conformidade com as normas IEC 60269-6, especificamente para prote\u00e7\u00e3o fotovoltaica.<\/li>\n<li><strong>Tempo de resposta r\u00e1pido<\/strong>: Uma constante de tempo de 1-3 ms garante uma prote\u00e7\u00e3o r\u00e1pida e eficiente do circuito.<\/li>\n<\/ul>\n<p>&nbsp;<\/p>\n<p><strong>Caracter\u00edsticas el\u00e9tricas<\/strong><\/p>\n<p>Aqui est\u00e1 a tabela de par\u00e2metros para o\u00a0<strong>Fus\u00edvel s\u00e9rie EDFH 1500V<\/strong>\u00a0com base nas informa\u00e7\u00f5es fornecidas:<\/p>\n<table>\n<thead>\n<tr>\n<th>N\u00famero de s\u00e9rie<\/th>\n<th>Modelo<\/th>\n<th>Corrente nominal (A)<\/th>\n<th>Perda de pot\u00eancia (Watts) a 0,8 pol.<\/th>\n<th>Perda de pot\u00eancia (Watts) a 1,0 pol.<\/th>\n<th>Integral de energia pr\u00e9-arco I\u00b2t (A\u00b2s)<\/th>\n<th>Integral de energia total I\u00b2t (A\u00b2s)<\/th>\n<\/tr>\n<\/thead>\n<tbody>\n<tr>\n<td>1<\/td>\n<td>1500VDC\/10X85\/2A<\/td>\n<td>2<\/td>\n<td>1.7<\/td>\n<td>3.20<\/td>\n<td>4<\/td>\n<td>8<\/td>\n<\/tr>\n<tr>\n<td>2<\/td>\n<td>1500VDC\/10X85\/3A<\/td>\n<td>3<\/td>\n<td>1.77<\/td>\n<td>3.32<\/td>\n<td>6<\/td>\n<td>11<\/td>\n<\/tr>\n<tr>\n<td>3<\/td>\n<td>1500VDC\/10X85\/4A<\/td>\n<td>4<\/td>\n<td>1.69<\/td>\n<td>3.19<\/td>\n<td>8<\/td>\n<td>14<\/td>\n<\/tr>\n<tr>\n<td>4<\/td>\n<td>1500VDC\/10X85\/5A<\/td>\n<td>5<\/td>\n<td>1.71<\/td>\n<td>3.22<\/td>\n<td>11<\/td>\n<td>22<\/td>\n<\/tr>\n<tr>\n<td>5<\/td>\n<td>1500VDC\/10X85\/6A<\/td>\n<td>6<\/td>\n<td>1.73<\/td>\n<td>3.25<\/td>\n<td>15<\/td>\n<td>30<\/td>\n<\/tr>\n<tr>\n<td>6<\/td>\n<td>1500VDC\/10X85\/8A<\/td>\n<td>8<\/td>\n<td>1.79<\/td>\n<td>3.36<\/td>\n<td>9<\/td>\n<td>55<\/td>\n<\/tr>\n<tr>\n<td>7<\/td>\n<td>1500VDC\/10X85\/10A<\/td>\n<td>10<\/td>\n<td>1.99<\/td>\n<td>3.74<\/td>\n<td>10<\/td>\n<td>98<\/td>\n<\/tr>\n<tr>\n<td>8<\/td>\n<td>1500VDC\/10X85\/12A<\/td>\n<td>12<\/td>\n<td>2.28<\/td>\n<td>4.95<\/td>\n<td>12<\/td>\n<td>120<\/td>\n<\/tr>\n<tr>\n<td>9<\/td>\n<td>1500VDC\/10X85\/15A<\/td>\n<td>15<\/td>\n<td>2.63<\/td>\n<td>4.95<\/td>\n<td>14<\/td>\n<td>170<\/td>\n<\/tr>\n<tr>\n<td>10<\/td>\n<td>1500VDC\/10X85\/16A<\/td>\n<td>16<\/td>\n<td>2.69<\/td>\n<td>5.06<\/td>\n<td>16<\/td>\n<td>190<\/td>\n<\/tr>\n<tr>\n<td>11<\/td>\n<td>1500VDC\/10X85\/20A<\/td>\n<td>20<\/td>\n<td>3<\/td>\n<td>5.65<\/td>\n<td>24<\/td>\n<td>260<\/td>\n<\/tr>\n<tr>\n<td>12<\/td>\n<td>1500VDC\/10X85\/25A<\/td>\n<td>25<\/td>\n<td>4.35<\/td>\n<td>7.9<\/td>\n<td>34<\/td>\n<td>400<\/td>\n<\/tr>\n<tr>\n<td>13<\/td>\n<td>1500VDC\/10X85\/30A<\/td>\n<td>30<\/td>\n<td>4.68<\/td>\n<td>8.5<\/td>\n<td>50<\/td>\n<td>500<\/td>\n<\/tr>\n<tr>\n<td>14<\/td>\n<td>1500VDC\/10X85\/32A<\/td>\n<td>32<\/td>\n<td>5.01<\/td>\n<td>9.1<\/td>\n<td>54<\/td>\n<td>550<\/td>\n<\/tr>\n<\/tbody>\n<\/table>\n<p>&nbsp;<\/p>\n<p><strong>Cen\u00e1rios de aplicativos<\/strong><\/p>\n<p>Os fus\u00edveis solares CFPV PV 10x85mm 2~32A1500VDC 50kA s\u00e3o ideais para uso em:<\/p>\n<ul>\n<li><strong>Sistemas de gera\u00e7\u00e3o de energia solar<\/strong>: Protege as instala\u00e7\u00f5es fotovoltaicas, isolando falhas e evitando danos aos equipamentos conectados.<\/li>\n<li><strong>Pain\u00e9is fotovoltaicos e conex\u00f5es de bateria<\/strong>: Oferece prote\u00e7\u00e3o de corrente est\u00e1vel para sistemas de carregamento de baterias vinculados a pain\u00e9is fotovoltaicos.<\/li>\n<li><strong>Esta\u00e7\u00f5es fotovoltaicas<\/strong>: Essencial para gerenciar a seguran\u00e7a e a confiabilidade das usinas de energia fotovoltaica com altas correntes de falha.<\/li>\n<\/ul>\n<p>Esses fus\u00edveis s\u00e3o uma op\u00e7\u00e3o confi\u00e1vel para aplica\u00e7\u00f5es de energia solar fotovoltaica, fornecendo prote\u00e7\u00e3o, durabilidade e seguran\u00e7a aprimoradas para uma gera\u00e7\u00e3o de energia solar duradoura.<\/p>","protected":false},"excerpt":{"rendered":"<ul>\n<li><strong>Tens\u00e3o nominal<\/strong>: 1500V DC<\/li>\n<li><strong>Capacidade de ruptura<\/strong>: 50KA<\/li>\n<li><strong>Classe<\/strong>: GPV<\/li>\n<li><strong>Padr\u00f5es de conformidade<\/strong>: UL248-19 \/ IEC60269-6 \/ GB\/T13539-6<\/li>\n<li>10x85mm 2~32A1500VDC 50kA CFPV Fus\u00edveis solares fotovoltaicos<\/li>\n<\/ul>","protected":false},"featured_media":1021,"comment_status":"open","ping_status":"closed","template":"","meta":[],"product_brand":[],"product_cat":[26],"product_tag":[],"class_list":{"0":"post-1009","1":"product","2":"type-product","3":"status-publish","4":"has-post-thumbnail","6":"product_cat-dc-fuse","8":"first","9":"instock","10":"shipping-taxable","11":"product-type-simple"},"_links":{"self":[{"href":"https:\/\/sinobreaker.com\/pt\/wp-json\/wp\/v2\/product\/1009","targetHints":{"allow":["GET"]}}],"collection":[{"href":"https:\/\/sinobreaker.com\/pt\/wp-json\/wp\/v2\/product"}],"about":[{"href":"https:\/\/sinobreaker.com\/pt\/wp-json\/wp\/v2\/types\/product"}],"replies":[{"embeddable":true,"href":"https:\/\/sinobreaker.com\/pt\/wp-json\/wp\/v2\/comments?post=1009"}],"wp:featuredmedia":[{"embeddable":true,"href":"https:\/\/sinobreaker.com\/pt\/wp-json\/wp\/v2\/media\/1021"}],"wp:attachment":[{"href":"https:\/\/sinobreaker.com\/pt\/wp-json\/wp\/v2\/media?parent=1009"}],"wp:term":[{"taxonomy":"product_brand","embeddable":true,"href":"https:\/\/sinobreaker.com\/pt\/wp-json\/wp\/v2\/product_brand?post=1009"},{"taxonomy":"product_cat","embeddable":true,"href":"https:\/\/sinobreaker.com\/pt\/wp-json\/wp\/v2\/product_cat?post=1009"},{"taxonomy":"product_tag","embeddable":true,"href":"https:\/\/sinobreaker.com\/pt\/wp-json\/wp\/v2\/product_tag?post=1009"}],"curies":[{"name":"wp","href":"https:\/\/api.w.org\/{rel}","templated":true}]}}