{"id":1011,"date":"2025-08-18T07:12:13","date_gmt":"2025-08-18T07:12:13","guid":{"rendered":"https:\/\/sinobreaker.com\/?post_type=product&#038;p=1011"},"modified":"2026-04-25T08:38:28","modified_gmt":"2026-04-25T08:38:28","slug":"1p-50a-1500v-50ka-14x85mm-dc-fuse-holder","status":"publish","type":"product","link":"https:\/\/sinobreaker.com\/pt\/products\/1p-50a-1500v-50ka-14x85mm-dc-fuse-holder\/","title":{"rendered":"CFPV-63T 1P 50A 1500V 50kA 14x85mm Porta-fus\u00edvel CC sem indicador"},"content":{"rendered":"<div class=\"benefits\">\n<p><strong>Aplica\u00e7\u00e3o do produto<\/strong><\/p>\n<p>Essa s\u00e9rie de fus\u00edveis \u00e9 adequada para o sistema de gera\u00e7\u00e3o de energia solar fotovoltaica, com tens\u00e3o nominal de at\u00e9 1500 V, corrente nominal de 50 A, conectada a pain\u00e9is fotovoltaicos e baterias, para carregar o sistema de fluxo vari\u00e1vel para prote\u00e7\u00e3o contra interrup\u00e7\u00e3o de curto-circuito na esta\u00e7\u00e3o fotovoltaica e no sistema de gera\u00e7\u00e3o de energia fotovoltaica. A capacidade nominal de interrup\u00e7\u00e3o \u00e9 de 50KA e os produtos est\u00e3o em conformidade com a norma UL248-19 IEC 60269-6.<\/p>\n<p>&nbsp;<\/p>\n<p><strong>Benef\u00edcios do produto<\/strong><\/p>\n<\/div>\n<ul>\n<li>Temperatura ambiente: -40\u2103 + 90\u2103<\/li>\n<li>Altura de instala\u00e7\u00e3o do equipamento: menos de 2.000 m (se quiser usar mais do que essa altura, informe-nos com anteced\u00eancia, pois podemos projetar de acordo com suas necessidades).<\/li>\n<li>O elo do fus\u00edvel \u00e9 feito de prata pura, soldagem com baixo teor de estanho e encapsulado em porcelana de alta resist\u00eancia. O tubo do fus\u00edvel \u00e9 preenchido com areia de quartzo de alta pureza com processamento qu\u00edmico como meio de arco.<\/li>\n<\/ul>","protected":false},"excerpt":{"rendered":"<ul>\n<li>Com luz ou n\u00e3o para escolher<\/li>\n<li>Instala\u00e7\u00e3o do trilho Din35, f\u00e1cil de instalar<\/li>\n<li>Bloco de terminais ajust\u00e1vel, firma de fia\u00e7\u00e3o<\/li>\n<li>Carca\u00e7a retardante de fogo, resist\u00eancia a altas temperaturas<\/li>\n<li>Instala\u00e7\u00e3o flex\u00edvel, f\u00e1cil de substituir<\/li>\n<li>1500V 50A<\/li>\n<li>Elo fus\u00edvel 1P 10*85mm<\/li>\n<li>Toque seguro dos dedos<\/li>\n<\/ul>","protected":false},"featured_media":1022,"comment_status":"open","ping_status":"closed","template":"","meta":[],"product_brand":[],"product_cat":[26],"product_tag":[],"class_list":{"0":"post-1011","1":"product","2":"type-product","3":"status-publish","4":"has-post-thumbnail","6":"product_cat-dc-fuse","8":"first","9":"instock","10":"shipping-taxable","11":"product-type-simple"},"_links":{"self":[{"href":"https:\/\/sinobreaker.com\/pt\/wp-json\/wp\/v2\/product\/1011","targetHints":{"allow":["GET"]}}],"collection":[{"href":"https:\/\/sinobreaker.com\/pt\/wp-json\/wp\/v2\/product"}],"about":[{"href":"https:\/\/sinobreaker.com\/pt\/wp-json\/wp\/v2\/types\/product"}],"replies":[{"embeddable":true,"href":"https:\/\/sinobreaker.com\/pt\/wp-json\/wp\/v2\/comments?post=1011"}],"wp:featuredmedia":[{"embeddable":true,"href":"https:\/\/sinobreaker.com\/pt\/wp-json\/wp\/v2\/media\/1022"}],"wp:attachment":[{"href":"https:\/\/sinobreaker.com\/pt\/wp-json\/wp\/v2\/media?parent=1011"}],"wp:term":[{"taxonomy":"product_brand","embeddable":true,"href":"https:\/\/sinobreaker.com\/pt\/wp-json\/wp\/v2\/product_brand?post=1011"},{"taxonomy":"product_cat","embeddable":true,"href":"https:\/\/sinobreaker.com\/pt\/wp-json\/wp\/v2\/product_cat?post=1011"},{"taxonomy":"product_tag","embeddable":true,"href":"https:\/\/sinobreaker.com\/pt\/wp-json\/wp\/v2\/product_tag?post=1011"}],"curies":[{"name":"wp","href":"https:\/\/api.w.org\/{rel}","templated":true}]}}