{"id":1032,"date":"2025-08-18T09:08:35","date_gmt":"2025-08-18T09:08:35","guid":{"rendered":"https:\/\/sinobreaker.com\/?post_type=product&#038;p=1032"},"modified":"2025-08-18T09:09:17","modified_gmt":"2025-08-18T09:09:17","slug":"10x38mm-1a32a-1000vdc-20ka-pv-solar-fuses","status":"publish","type":"product","link":"https:\/\/sinobreaker.com\/pt\/products\/10x38mm-1a32a-1000vdc-20ka-pv-solar-fuses\/","title":{"rendered":"Fus\u00edveis solares fotovoltaicos 10x38mm 1A~32A 1000VDC 20kA"},"content":{"rendered":"<p>O fus\u00edvel fotovoltaico (PV) de 10x38 mm \u00e9 uma solu\u00e7\u00e3o de prote\u00e7\u00e3o altamente confi\u00e1vel projetada para atender aos exigentes requisitos dos sistemas de energia solar. Projetado para um desempenho superior em CC, esse fus\u00edvel \u00e9 ideal para aplica\u00e7\u00f5es em ambientes de tr\u00e2nsito ferrovi\u00e1rio e ve\u00edculos motorizados em geral, gra\u00e7as ao seu design robusto que suporta alta vibra\u00e7\u00e3o e impacto (at\u00e9 20g). Com seu tamanho compacto e baixa perda de pot\u00eancia otimizada, o fus\u00edvel garante uma opera\u00e7\u00e3o eficiente e segura, mesmo em condi\u00e7\u00f5es extremas.<\/p>\n<p>&nbsp;<\/p>\n<p><strong>Caracter\u00edsticas do produto:<\/strong><\/p>\n<ul>\n<li><strong>Classifica\u00e7\u00f5es de corrente e tens\u00e3o:<\/strong>\u00a01~32A, 1000V DC<\/li>\n<li><strong>Capacidade de ruptura:<\/strong>\u00a020kA @ 1000V CC, garantindo prote\u00e7\u00e3o segura em aplica\u00e7\u00f5es de alta corrente<\/li>\n<li><strong>Design compacto:<\/strong>\u00a0Economiza espa\u00e7o nas instala\u00e7\u00f5es e oferece prote\u00e7\u00e3o de alto desempenho<\/li>\n<li><strong>Baixa tens\u00e3o de arco e passagem de energia (I\u00b2t):<\/strong>\u00a0Minimiza o risco de danos aos componentes conectados<\/li>\n<li><strong>Faixa de temperatura:<\/strong>\u00a0A temperatura de armazenamento operacional varia de -40\u00b0C a 120\u00b0C, sem condensa\u00e7\u00e3o, garantindo a durabilidade em diversos ambientes<\/li>\n<li><strong>Toler\u00e2ncia \u00e0 altitude:<\/strong>\u00a0Classificado para altitudes entre 2.000 m e 4.500 m, com ajustes para considera\u00e7\u00f5es de isolamento e dissipa\u00e7\u00e3o de calor em altitudes mais elevadas<\/li>\n<li><strong>Resist\u00eancia a vibra\u00e7\u00f5es e choques:<\/strong>\u00a0Testado para desempenho confi\u00e1vel em ambientes de alta vibra\u00e7\u00e3o<\/li>\n<\/ul>\n<p><strong>Considera\u00e7\u00f5es ambientais:<\/strong><\/p>\n<ul>\n<li><strong>Ajustes de altitude:<\/strong>\u00a0Projetado para manter o desempenho at\u00e9 4.500 m; nessas altitudes, o aumento da temperatura e os ajustes de isolamento s\u00e3o levados em conta para aumentar a confiabilidade.<\/li>\n<li><strong>Resist\u00eancia \u00e0 umidade:<\/strong>\u00a0Opera com efici\u00eancia em ambientes com umidade relativa de at\u00e9 90% a 20\u00b0C e tolera condi\u00e7\u00f5es de armazenamento entre -40\u00b0C e 80\u00b0C.<\/li>\n<\/ul>\n<p>&nbsp;<\/p>","protected":false},"excerpt":{"rendered":"<ul>\n<li>1~32A 1000VDC<\/li>\n<li>Capacidade de interrup\u00e7\u00e3o: 20kA<\/li>\n<li>Design compacto<\/li>\n<li>Baixa perda de energia<\/li>\n<li>Excelente desempenho de CC<\/li>\n<\/ul>","protected":false},"featured_media":1034,"comment_status":"open","ping_status":"closed","template":"","meta":[],"product_brand":[],"product_cat":[26],"product_tag":[],"class_list":{"0":"post-1032","1":"product","2":"type-product","3":"status-publish","4":"has-post-thumbnail","6":"product_cat-dc-fuse","8":"first","9":"instock","10":"shipping-taxable","11":"product-type-simple"},"_links":{"self":[{"href":"https:\/\/sinobreaker.com\/pt\/wp-json\/wp\/v2\/product\/1032","targetHints":{"allow":["GET"]}}],"collection":[{"href":"https:\/\/sinobreaker.com\/pt\/wp-json\/wp\/v2\/product"}],"about":[{"href":"https:\/\/sinobreaker.com\/pt\/wp-json\/wp\/v2\/types\/product"}],"replies":[{"embeddable":true,"href":"https:\/\/sinobreaker.com\/pt\/wp-json\/wp\/v2\/comments?post=1032"}],"wp:featuredmedia":[{"embeddable":true,"href":"https:\/\/sinobreaker.com\/pt\/wp-json\/wp\/v2\/media\/1034"}],"wp:attachment":[{"href":"https:\/\/sinobreaker.com\/pt\/wp-json\/wp\/v2\/media?parent=1032"}],"wp:term":[{"taxonomy":"product_brand","embeddable":true,"href":"https:\/\/sinobreaker.com\/pt\/wp-json\/wp\/v2\/product_brand?post=1032"},{"taxonomy":"product_cat","embeddable":true,"href":"https:\/\/sinobreaker.com\/pt\/wp-json\/wp\/v2\/product_cat?post=1032"},{"taxonomy":"product_tag","embeddable":true,"href":"https:\/\/sinobreaker.com\/pt\/wp-json\/wp\/v2\/product_tag?post=1032"}],"curies":[{"name":"wp","href":"https:\/\/api.w.org\/{rel}","templated":true}]}}