{"id":1035,"date":"2025-08-18T09:13:44","date_gmt":"2025-08-18T09:13:44","guid":{"rendered":"https:\/\/sinobreaker.com\/?post_type=product&#038;p=1035"},"modified":"2025-08-18T09:16:33","modified_gmt":"2025-08-18T09:16:33","slug":"cfpv-32-1000v-32a-10x38mm-1p-pv-fuse-holder-without-light","status":"publish","type":"product","link":"https:\/\/sinobreaker.com\/pt\/products\/cfpv-32-1000v-32a-10x38mm-1p-pv-fuse-holder-without-light\/","title":{"rendered":"CFPV-32 Suporte de fus\u00edvel PV 1000V 32A 10x38mm 1P sem luz"},"content":{"rendered":"<div class=\"benefits\">\n<p>CFPV series Solar PV Panel String Fuse &amp; Holder DC protection 12A,15A, 20A ,32A with LED Indicator for fast diagnostics when an array of panels is not working.<\/p>\n<p>A pair of solar PV fuses protect your precious solar panels from short circuits. Rated at 12A, 15A or 20A\u00a0 32A and suitable for photovoltaic systems with a maximum voltage of 1000V. It can be used from a single panel or a large string of 20 panels in series. LED Indicator is included, when the fuse fails and the solar panel is not working the red LED lights are turned on<\/p>\n<p>The Fuse Holder was designed and manufactured, complying with the standard IEC60947-3.<\/p>\n<p>The Rated Current is up to 32A, rated voltage is up to 1000V DC.<\/p>\n<p>It is applied for PV DC combiner box, inverter etc, with the main function of over-current protection and effective disconnection.<\/p>\n<p>Applications: off-grid, grid-tie, hybrid systems and solar parks.<\/p>\n<\/div>\n<div class=\"benefits\">\n<p><strong>Benef\u00edcios do produto<\/strong><\/p>\n<\/div>\n<ul>\n<li>Instala\u00e7\u00e3o do trilho Din35, f\u00e1cil de instalar<\/li>\n<li>Bloco de terminais ajust\u00e1vel, firma de fia\u00e7\u00e3o<\/li>\n<li>Carca\u00e7a retardante de fogo, resist\u00eancia a altas temperaturas<\/li>\n<li>Instala\u00e7\u00e3o flex\u00edvel, f\u00e1cil de substituir<\/li>\n<\/ul>","protected":false},"excerpt":{"rendered":"<ul>\n<li>Instala\u00e7\u00e3o do trilho Din35, f\u00e1cil de instalar<\/li>\n<li>Bloco de terminais ajust\u00e1vel, firma de fia\u00e7\u00e3o<\/li>\n<li>Instala\u00e7\u00e3o flex\u00edvel, f\u00e1cil de substituir<\/li>\n<li>1000V 32A<\/li>\n<li>1P 10*38mm fuse link<\/li>\n<li>Toque seguro dos dedos<\/li>\n<li><\/li>\n<\/ul>","protected":false},"featured_media":1036,"comment_status":"open","ping_status":"closed","template":"","meta":[],"product_brand":[],"product_cat":[26],"product_tag":[],"class_list":{"0":"post-1035","1":"product","2":"type-product","3":"status-publish","4":"has-post-thumbnail","6":"product_cat-dc-fuse","8":"first","9":"instock","10":"shipping-taxable","11":"product-type-simple"},"_links":{"self":[{"href":"https:\/\/sinobreaker.com\/pt\/wp-json\/wp\/v2\/product\/1035","targetHints":{"allow":["GET"]}}],"collection":[{"href":"https:\/\/sinobreaker.com\/pt\/wp-json\/wp\/v2\/product"}],"about":[{"href":"https:\/\/sinobreaker.com\/pt\/wp-json\/wp\/v2\/types\/product"}],"replies":[{"embeddable":true,"href":"https:\/\/sinobreaker.com\/pt\/wp-json\/wp\/v2\/comments?post=1035"}],"wp:featuredmedia":[{"embeddable":true,"href":"https:\/\/sinobreaker.com\/pt\/wp-json\/wp\/v2\/media\/1036"}],"wp:attachment":[{"href":"https:\/\/sinobreaker.com\/pt\/wp-json\/wp\/v2\/media?parent=1035"}],"wp:term":[{"taxonomy":"product_brand","embeddable":true,"href":"https:\/\/sinobreaker.com\/pt\/wp-json\/wp\/v2\/product_brand?post=1035"},{"taxonomy":"product_cat","embeddable":true,"href":"https:\/\/sinobreaker.com\/pt\/wp-json\/wp\/v2\/product_cat?post=1035"},{"taxonomy":"product_tag","embeddable":true,"href":"https:\/\/sinobreaker.com\/pt\/wp-json\/wp\/v2\/product_tag?post=1035"}],"curies":[{"name":"wp","href":"https:\/\/api.w.org\/{rel}","templated":true}]}}