{"id":1037,"date":"2025-08-18T09:13:58","date_gmt":"2025-08-18T09:13:58","guid":{"rendered":"https:\/\/sinobreaker.com\/?post_type=product&#038;p=1037"},"modified":"2026-02-05T04:57:22","modified_gmt":"2026-02-05T04:57:22","slug":"cfpv-32i-1000v-32a-10x38mm-1p-pv-porta-fusivel-com-luz","status":"publish","type":"product","link":"https:\/\/sinobreaker.com\/pt\/products\/cfpv-32i-1000v-32a-10x38mm-1p-pv-fuse-holder-with-light\/","title":{"rendered":"CFPV-32I Suporte de fus\u00edvel PV 1000V 32A 10x38mm 1P com luz"},"content":{"rendered":"<p class=\"ds-markdown-paragraph\">O\u00a0<strong>Suporte de fus\u00edvel solar fotovoltaico de 1000 V CC (10x38 mm, 1 polo com luz)<\/strong>\u00a0\u00e9 um\u00a0<strong>Certificado pela TUV<\/strong>\u00a0dispositivo de prote\u00e7\u00e3o projetado para\u00a0<strong>Caixas combinadoras de CC<\/strong>\u00a0em sistemas solares fotovoltaicos. Ele garante\u00a0<strong>trope\u00e7o instant\u00e2neo<\/strong>\u00a0durante sobrecargas ou curtos-circuitos, protegendo pain\u00e9is fotovoltaicos, inversores e outros componentes do circuito CC. Compat\u00edvel com\u00a0<strong>Fus\u00edveis de 10x38 mm<\/strong>\u00a0(6A-32A), ele suporta\u00a0<strong>Montagem em trilho DIN<\/strong>\u00a0e se re\u00fane\u00a0<strong>IEC 60269-1\/6<\/strong>\u00a0padr\u00f5es para aplica\u00e7\u00f5es fotovoltaicas.<\/p>\n<hr \/>\n<h3><strong>Principais recursos:<\/strong><\/h3>\n<p class=\"ds-markdown-paragraph\">\u00a0<strong>Tens\u00e3o nominal de 1000V CC<\/strong>\u00a0- Ideal para sistemas fotovoltaicos de alta tens\u00e3o.<br \/>\n<strong>Capacidade de interrup\u00e7\u00e3o de 20kA<\/strong>\u00a0- Garante a interrup\u00e7\u00e3o confi\u00e1vel de falhas.<br \/>\n<strong>Ampla faixa de fus\u00edveis<\/strong>\u00a0- Suporta de 6A a 30A (fus\u00edveis substitu\u00edveis de 10x38 mm).<br \/>\n<strong>Montagem em trilho DIN<\/strong>\u00a0- F\u00e1cil instala\u00e7\u00e3o em caixas combinadoras.<br \/>\n<strong>Certifica\u00e7\u00e3o TUV<\/strong>\u00a0- Em conformidade com\u00a0<strong>IEC 60269-6 (gPV)<\/strong>\u00a0para aplica\u00e7\u00f5es solares.<br \/>\n<strong>Indicador visual<\/strong>\u00a0- A luz sinaliza o status do fus\u00edvel para diagn\u00f3sticos r\u00e1pidos.<br \/>\n<strong>Design robusto<\/strong>\u00a0- Opera em\u00a0<strong>-40\u00b0C a +90\u00b0C<\/strong>\u00a0e at\u00e9\u00a0<strong>2000m de altitude<\/strong>.<\/p>\n<hr \/>\n<h3><strong>Aplicativos:<\/strong><\/h3>\n<ul>\n<li>\n<p class=\"ds-markdown-paragraph\">Prote\u00e7\u00e3o contra sobrecorrente para\u00a0<strong>Strings e matrizes fotovoltaicas<\/strong>.<\/p>\n<\/li>\n<li>\n<p class=\"ds-markdown-paragraph\">Prote\u00e7\u00e3o contra curto-circuito em\u00a0<strong>inversores, controladores de carga e sistemas de bateria<\/strong>.<\/p>\n<\/li>\n<li>\n<p class=\"ds-markdown-paragraph\">Compat\u00edvel com\u00a0<strong>Sistemas fotovoltaicos de 1500V<\/strong>\u00a0(op\u00e7\u00f5es personaliz\u00e1veis dispon\u00edveis).<\/p>\n<\/li>\n<\/ul>","protected":false},"excerpt":{"rendered":"<ul>\n<li>Tens\u00e3o nominal: DC 1000V<\/li>\n<li>Corrente nominal: 32A<\/li>\n<li>Tamanho do fus\u00edvel em linha: 10x38 mm (pode ser substitu\u00eddo).<\/li>\n<li>Faixa de amperes do fus\u00edvel: 6A, 8A, 10A, 12A, 15A, 20A, 25A, 30A, 32A<\/li>\n<li>Capacidade nominal de interrup\u00e7\u00e3o: 20kA<\/li>\n<li>Suporte de montagem: Trilho DIN 35mm<\/li>\n<li>com luz<\/li>\n<\/ul>","protected":false},"featured_media":1038,"comment_status":"open","ping_status":"closed","template":"","meta":[],"product_brand":[],"product_cat":[26],"product_tag":[],"class_list":{"0":"post-1037","1":"product","2":"type-product","3":"status-publish","4":"has-post-thumbnail","6":"product_cat-dc-fuse","8":"first","9":"instock","10":"shipping-taxable","11":"product-type-simple"},"_links":{"self":[{"href":"https:\/\/sinobreaker.com\/pt\/wp-json\/wp\/v2\/product\/1037","targetHints":{"allow":["GET"]}}],"collection":[{"href":"https:\/\/sinobreaker.com\/pt\/wp-json\/wp\/v2\/product"}],"about":[{"href":"https:\/\/sinobreaker.com\/pt\/wp-json\/wp\/v2\/types\/product"}],"replies":[{"embeddable":true,"href":"https:\/\/sinobreaker.com\/pt\/wp-json\/wp\/v2\/comments?post=1037"}],"wp:featuredmedia":[{"embeddable":true,"href":"https:\/\/sinobreaker.com\/pt\/wp-json\/wp\/v2\/media\/1038"}],"wp:attachment":[{"href":"https:\/\/sinobreaker.com\/pt\/wp-json\/wp\/v2\/media?parent=1037"}],"wp:term":[{"taxonomy":"product_brand","embeddable":true,"href":"https:\/\/sinobreaker.com\/pt\/wp-json\/wp\/v2\/product_brand?post=1037"},{"taxonomy":"product_cat","embeddable":true,"href":"https:\/\/sinobreaker.com\/pt\/wp-json\/wp\/v2\/product_cat?post=1037"},{"taxonomy":"product_tag","embeddable":true,"href":"https:\/\/sinobreaker.com\/pt\/wp-json\/wp\/v2\/product_tag?post=1037"}],"curies":[{"name":"wp","href":"https:\/\/api.w.org\/{rel}","templated":true}]}}