{"id":1049,"date":"2025-08-18T09:37:35","date_gmt":"2025-08-18T09:37:35","guid":{"rendered":"https:\/\/sinobreaker.com\/?post_type=product&#038;p=1049"},"modified":"2025-08-18T09:59:36","modified_gmt":"2025-08-18T09:59:36","slug":"cfpv-h3-250-500a-1000v-dc-fusivel","status":"publish","type":"product","link":"https:\/\/sinobreaker.com\/pt\/produtos\/cfpv-h3-250-500a-1000v-dc-fusivel\/","title":{"rendered":"Fus\u00edvel CFPV-H3 250-500A 1000V CC"},"content":{"rendered":"<p class=\"ds-markdown-paragraph\">SINODO\u00a0 <strong>Fus\u00edvel fotovoltaico de 1500V CC<\/strong>\u00a0\u00e9 especialmente projetado para\u00a0<strong>sistemas de gera\u00e7\u00e3o de energia solar<\/strong>, fornecendo\u00a0<strong>Prote\u00e7\u00e3o contra curto-circuito<\/strong>\u00a0para pain\u00e9is fotovoltaicos, bancos de baterias e sistemas de carregamento de fluxo vari\u00e1vel. Com um\u00a0<strong>alta capacidade de interrup\u00e7\u00e3o de 50kA<\/strong>\u00a0e conformidade com\u00a0<strong>IEC 60269-6 E GB\/T 13539.6<\/strong>Esse fus\u00edvel garante seguran\u00e7a e estabilidade em aplica\u00e7\u00f5es fotovoltaicas.<\/p>\n<h3><strong>Principais recursos<\/strong><\/h3>\n<p class=\"ds-markdown-paragraph\"><img decoding=\"async\" class=\"emoji\" role=\"img\" draggable=\"false\" src=\"https:\/\/s.w.org\/images\/core\/emoji\/16.0.1\/svg\/2714.svg\" alt=\"\u2714\" \/>\u00a0<strong>Ampla faixa de tens\u00e3o e corrente<\/strong>\u00a0- Classificado para at\u00e9\u00a0<strong>1500V CC<\/strong>\u00a0e\u00a0<strong>500A<\/strong>ideal para instala\u00e7\u00f5es solares de alta pot\u00eancia.<br \/>\n<img decoding=\"async\" class=\"emoji\" role=\"img\" draggable=\"false\" src=\"https:\/\/s.w.org\/images\/core\/emoji\/16.0.1\/svg\/2714.svg\" alt=\"\u2714\" \/>\u00a0<strong>Capacidade de ruptura ultra-alta<\/strong> - Garante a interrup\u00e7\u00e3o segura de 5<strong>0kA correntes de curto-circuito<\/strong>Protegendo equipamentos cr\u00edticos.<br \/>\n<img decoding=\"async\" class=\"emoji\" role=\"img\" draggable=\"false\" src=\"https:\/\/s.w.org\/images\/core\/emoji\/16.0.1\/svg\/2714.svg\" alt=\"\u2714\" \/>\u00a0<strong>Adaptabilidade ambiental robusta<\/strong>\u00a0- Funciona em temperaturas extremas de\u00a0<strong>-40\u00b0C a +90\u00b0C<\/strong>adequado para condi\u00e7\u00f5es externas adversas.<br \/>\n<img decoding=\"async\" class=\"emoji\" role=\"img\" draggable=\"false\" src=\"https:\/\/s.w.org\/images\/core\/emoji\/16.0.1\/svg\/2714.svg\" alt=\"\u2714\" \/>\u00a0<strong>Compatibilidade com altas altitudes<\/strong>\u00a0- Uso padr\u00e3o at\u00e9\u00a0<strong>2000m<\/strong>\u00a0(personaliz\u00e1vel para altitudes mais elevadas mediante solicita\u00e7\u00e3o).<br \/>\n<img decoding=\"async\" class=\"emoji\" role=\"img\" draggable=\"false\" src=\"https:\/\/s.w.org\/images\/core\/emoji\/16.0.1\/svg\/2714.svg\" alt=\"\u2714\" \/>\u00a0<strong>Conformidade confi\u00e1vel<\/strong>\u00a0- Atende aos padr\u00f5es internacionais (<strong>IEC E GB\/T<\/strong>) para garantia de qualidade e seguran\u00e7a.<\/p>\n<h3><strong>Aplicativos<\/strong><\/h3>\n<ul>\n<li>\n<p class=\"ds-markdown-paragraph\"><strong>Matrizes solares fotovoltaicas e sistemas de armazenamento de baterias<\/strong><\/p>\n<\/li>\n<li>\n<p class=\"ds-markdown-paragraph\"><strong>Esta\u00e7\u00f5es de energia fotovoltaica e inversores<\/strong><\/p>\n<\/li>\n<li>\n<p class=\"ds-markdown-paragraph\"><strong>Caixas combinadoras de CC e controladores de carga<\/strong><\/p>\n<\/li>\n<li>\n<p class=\"ds-markdown-paragraph\"><strong>Infraestrutura de energia renov\u00e1vel<\/strong><\/p>\n<\/li>\n<\/ul>","protected":false},"excerpt":{"rendered":"<ul>\n<li>Classifica\u00e7\u00e3o de tens\u00e3o: 1500V DC<\/li>\n<li><strong data-start=\"575\" data-end=\"594\">Classifica\u00e7\u00f5es atuais<\/strong>: 250-500A<\/li>\n<li>Altitude: At\u00e9 2000m<\/li>\n<li>Classe de opera\u00e7\u00e3o: gPV<\/li>\n<li>Constante de tempo: 1-3ms<\/li>\n<li>Capacidade de interrup\u00e7\u00e3o: 50KA<\/li>\n<\/ul>","protected":false},"featured_media":1050,"comment_status":"open","ping_status":"closed","template":"","meta":[],"product_brand":[],"product_cat":[26],"product_tag":[],"class_list":{"0":"post-1049","1":"product","2":"type-product","3":"status-publish","4":"has-post-thumbnail","6":"product_cat-dc-fuse","8":"first","9":"instock","10":"shipping-taxable","11":"product-type-simple"},"_links":{"self":[{"href":"https:\/\/sinobreaker.com\/pt\/wp-json\/wp\/v2\/product\/1049","targetHints":{"allow":["GET"]}}],"collection":[{"href":"https:\/\/sinobreaker.com\/pt\/wp-json\/wp\/v2\/product"}],"about":[{"href":"https:\/\/sinobreaker.com\/pt\/wp-json\/wp\/v2\/types\/product"}],"replies":[{"embeddable":true,"href":"https:\/\/sinobreaker.com\/pt\/wp-json\/wp\/v2\/comments?post=1049"}],"wp:featuredmedia":[{"embeddable":true,"href":"https:\/\/sinobreaker.com\/pt\/wp-json\/wp\/v2\/media\/1050"}],"wp:attachment":[{"href":"https:\/\/sinobreaker.com\/pt\/wp-json\/wp\/v2\/media?parent=1049"}],"wp:term":[{"taxonomy":"product_brand","embeddable":true,"href":"https:\/\/sinobreaker.com\/pt\/wp-json\/wp\/v2\/product_brand?post=1049"},{"taxonomy":"product_cat","embeddable":true,"href":"https:\/\/sinobreaker.com\/pt\/wp-json\/wp\/v2\/product_cat?post=1049"},{"taxonomy":"product_tag","embeddable":true,"href":"https:\/\/sinobreaker.com\/pt\/wp-json\/wp\/v2\/product_tag?post=1049"}],"curies":[{"name":"wp","href":"https:\/\/api.w.org\/{rel}","templated":true}]}}