{"id":1051,"date":"2025-08-18T09:53:35","date_gmt":"2025-08-18T09:53:35","guid":{"rendered":"https:\/\/sinobreaker.com\/?post_type=product&#038;p=1051"},"modified":"2025-08-18T09:59:15","modified_gmt":"2025-08-18T09:59:15","slug":"cfpv-h00b-16a-500a-1000v-dc-fuse-holder","status":"publish","type":"product","link":"https:\/\/sinobreaker.com\/pt\/products\/cfpv-h00b-16a-500a-1000v-dc-fuse-holder\/","title":{"rendered":"CFPV-H00B Porta-fus\u00edvel de 16A-500A 1000V CC"},"content":{"rendered":"<p>Aplica\u00e7\u00e3o do produto<br \/>\nEssa s\u00e9rie de fus\u00edveis \u00e9 adequada para sistemas de gera\u00e7\u00e3o de energia solar fotovoltaica, com tens\u00e3o nominal de at\u00e9 1000V e corrente m\u00e1xima de 630A, conectados a pain\u00e9is fotovoltaicos e baterias, para carregar o sistema de fluxo vari\u00e1vel para prote\u00e7\u00e3o contra interrup\u00e7\u00e3o de curto-circuito em esta\u00e7\u00f5es fotovoltaicas e sistemas de gera\u00e7\u00e3o de energia fotovoltaica.<\/p>\n<p>Benef\u00edcios do produto<br \/>\nTemperatura ambiente: -40C- + 90C<br \/>\nAltura de instala\u00e7\u00e3o do equipamento: menos de 2.000 m (se quiser usar mais do que essa altura, informe-nos com anteced\u00eancia, pois podemos projetar de acordo com suas necessidades).<\/p>\n<p>Caracter\u00edsticas el\u00e9tricas<\/p>","protected":false},"excerpt":{"rendered":"<ul>\n<li>Temperatura ambiente: -40C- + 90C<\/li>\n<li>Altura de instala\u00e7\u00e3o do equipamento: menos de 2.000 m (se quiser usar mais do que essa altura, informe-nos com anteced\u00eancia, pois podemos projetar de acordo com suas necessidades).<\/li>\n<li>h00B para CFPV-H00 16-125A 1000V DC FUSE<\/li>\n<li>H1B para CFPV-H1 32-200A 1000V CC<\/li>\n<li>H2b para CFPV-H2 160-250A 1000V DC FUSE<\/li>\n<li>H3b para CFPV-h3 250-500A 1000V DC FUSE<\/li>\n<\/ul>","protected":false},"featured_media":1052,"comment_status":"open","ping_status":"closed","template":"","meta":[],"product_brand":[],"product_cat":[26],"product_tag":[],"class_list":{"0":"post-1051","1":"product","2":"type-product","3":"status-publish","4":"has-post-thumbnail","6":"product_cat-dc-fuse","8":"first","9":"instock","10":"shipping-taxable","11":"product-type-simple"},"_links":{"self":[{"href":"https:\/\/sinobreaker.com\/pt\/wp-json\/wp\/v2\/product\/1051","targetHints":{"allow":["GET"]}}],"collection":[{"href":"https:\/\/sinobreaker.com\/pt\/wp-json\/wp\/v2\/product"}],"about":[{"href":"https:\/\/sinobreaker.com\/pt\/wp-json\/wp\/v2\/types\/product"}],"replies":[{"embeddable":true,"href":"https:\/\/sinobreaker.com\/pt\/wp-json\/wp\/v2\/comments?post=1051"}],"wp:featuredmedia":[{"embeddable":true,"href":"https:\/\/sinobreaker.com\/pt\/wp-json\/wp\/v2\/media\/1052"}],"wp:attachment":[{"href":"https:\/\/sinobreaker.com\/pt\/wp-json\/wp\/v2\/media?parent=1051"}],"wp:term":[{"taxonomy":"product_brand","embeddable":true,"href":"https:\/\/sinobreaker.com\/pt\/wp-json\/wp\/v2\/product_brand?post=1051"},{"taxonomy":"product_cat","embeddable":true,"href":"https:\/\/sinobreaker.com\/pt\/wp-json\/wp\/v2\/product_cat?post=1051"},{"taxonomy":"product_tag","embeddable":true,"href":"https:\/\/sinobreaker.com\/pt\/wp-json\/wp\/v2\/product_tag?post=1051"}],"curies":[{"name":"wp","href":"https:\/\/api.w.org\/{rel}","templated":true}]}}