{"id":1063,"date":"2025-08-18T10:12:55","date_gmt":"2025-08-18T10:12:55","guid":{"rendered":"https:\/\/sinobreaker.com\/?post_type=product&#038;p=1063"},"modified":"2025-08-18T10:13:20","modified_gmt":"2025-08-18T10:13:20","slug":"pv-fuse-holder-for-35a-630a-1500v-dc-fuse","status":"publish","type":"product","link":"https:\/\/sinobreaker.com\/pt\/products\/pv-fuse-holder-for-35a-630a-1500v-dc-fuse\/","title":{"rendered":"Suporte de fus\u00edvel fotovoltaico para fus\u00edvel de 35A-630A 1500V CC"},"content":{"rendered":"<p><strong>Aplica\u00e7\u00e3o do produto<\/strong><br \/>\nThis series of fuse is suitable for solar photovoltaic power generation system,ratedvoltage up to 1500V,maximum current to 630A,connected with photovoltaic panels and batteries ,to charge variable flow system for short circuit breaking protection inphotovoltaic station and photovoltaic power generation system.the rated breakingcapacity is 50KA,products confirms to lEC 60269-6 GB\/T13539.6<\/p>\n<p><strong>Benef\u00edcios do produto<\/strong><br \/>\nTemperatura ambiente: -40C- + 90C<br \/>\nAltura de instala\u00e7\u00e3o do equipamento: menos de 2.000 m (se quiser usar mais do que essa altura, informe-nos com anteced\u00eancia, pois podemos projetar de acordo com suas necessidades).<\/p>","protected":false},"excerpt":{"rendered":"<ul>\n<li>Temperatura ambiente: -40C- + 90C<\/li>\n<li>Altura de instala\u00e7\u00e3o do equipamento: menos de 2.000 m (se quiser usar mais do que essa altura, informe-nos com anteced\u00eancia, pois podemos projetar de acordo com suas necessidades).<\/li>\n<\/ul>","protected":false},"featured_media":1064,"comment_status":"open","ping_status":"closed","template":"","meta":[],"product_brand":[],"product_cat":[26],"product_tag":[],"class_list":{"0":"post-1063","1":"product","2":"type-product","3":"status-publish","4":"has-post-thumbnail","6":"product_cat-dc-fuse","8":"first","9":"instock","10":"shipping-taxable","11":"product-type-simple"},"_links":{"self":[{"href":"https:\/\/sinobreaker.com\/pt\/wp-json\/wp\/v2\/product\/1063","targetHints":{"allow":["GET"]}}],"collection":[{"href":"https:\/\/sinobreaker.com\/pt\/wp-json\/wp\/v2\/product"}],"about":[{"href":"https:\/\/sinobreaker.com\/pt\/wp-json\/wp\/v2\/types\/product"}],"replies":[{"embeddable":true,"href":"https:\/\/sinobreaker.com\/pt\/wp-json\/wp\/v2\/comments?post=1063"}],"wp:featuredmedia":[{"embeddable":true,"href":"https:\/\/sinobreaker.com\/pt\/wp-json\/wp\/v2\/media\/1064"}],"wp:attachment":[{"href":"https:\/\/sinobreaker.com\/pt\/wp-json\/wp\/v2\/media?parent=1063"}],"wp:term":[{"taxonomy":"product_brand","embeddable":true,"href":"https:\/\/sinobreaker.com\/pt\/wp-json\/wp\/v2\/product_brand?post=1063"},{"taxonomy":"product_cat","embeddable":true,"href":"https:\/\/sinobreaker.com\/pt\/wp-json\/wp\/v2\/product_cat?post=1063"},{"taxonomy":"product_tag","embeddable":true,"href":"https:\/\/sinobreaker.com\/pt\/wp-json\/wp\/v2\/product_tag?post=1063"}],"curies":[{"name":"wp","href":"https:\/\/api.w.org\/{rel}","templated":true}]}}