{"id":1367,"date":"2025-08-23T03:47:09","date_gmt":"2025-08-23T03:47:09","guid":{"rendered":"https:\/\/sinobreaker.com\/?post_type=product&#038;p=1367"},"modified":"2025-08-23T04:31:38","modified_gmt":"2025-08-23T04:31:38","slug":"a-4-caixa-de-distribuicao-a-prova-dagua","status":"publish","type":"product","link":"https:\/\/sinobreaker.com\/pt\/products\/at-4-waterproof-distribution-box\/","title":{"rendered":"Caixa de distribui\u00e7\u00e3o \u00e0 prova d'\u00e1gua AT-4"},"content":{"rendered":"<h2>Vis\u00e3o geral<\/h2>\n<p>O <strong>Caixa de distribui\u00e7\u00e3o \u00e0 prova d'\u00e1gua AT-4<\/strong> fornece <strong>4 circuitos<\/strong> em um gabinete compacto de uma \u00fanica fileira.<br \/>\nSuas <strong>abertura inferior<\/strong> simplifica a instala\u00e7\u00e3o e a manuten\u00e7\u00e3o, enquanto o <strong>IP65<\/strong> A veda\u00e7\u00e3o garante<br \/>\nopera\u00e7\u00e3o confi\u00e1vel em ambientes internos e externos adversos. A caixa usa <strong>PC\/ABS<\/strong> novo material com<br \/>\nestrutura de fivela refor\u00e7ada, posi\u00e7\u00e3o reservada para trava antifurto, design de defletor de circuito e terminal de cobre de alta qualidade<br \/>\n(teste de fio quente a 960 \u00b0C).<br \/>\nPara obter uma vis\u00e3o geral da s\u00e9rie completa, consulte o<br \/>\n<a href=\"\/pt\/produtos\/caixa-de-distribuicao-a-prova-dagua\/\">S\u00e9rie AT (abertura inferior)<\/a>.<\/p>\n<h2 id=\"specification\">Especifica\u00e7\u00e3o da caixa de distribui\u00e7\u00e3o \u00e0 prova d'\u00e1gua AT-4<\/h2>\n<table>\n<thead>\n<tr>\n<th>Par\u00e2metro<\/th>\n<th>Valor<\/th>\n<\/tr>\n<\/thead>\n<tbody>\n<tr>\n<td>Modelo<\/td>\n<td>AT-4<\/td>\n<\/tr>\n<tr>\n<td>N\u00famero de circuitos<\/td>\n<td>4 vias (fila \u00fanica)<\/td>\n<\/tr>\n<tr>\n<td>Dimens\u00f5es gerais (C\u00d7L\u00d7A)<\/td>\n<td>128 \u00d7 200 \u00d7 100 mm<\/td>\n<\/tr>\n<tr>\n<td>Zero \/ buracos na linha do solo<\/td>\n<td>3 \/ 3<\/td>\n<\/tr>\n<tr>\n<td>\u00cdndice de prote\u00e7\u00e3o<\/td>\n<td>IP65 - veja <a href=\"https:\/\/en.wikipedia.org\/wiki\/IP_Code\" target=\"_blank\" rel=\"noopener\">C\u00f3digo IP<\/a><br \/>\ne <a href=\"https:\/\/www.iec.ch\/standards\" target=\"_blank\" rel=\"noopener\">IEC 60529<\/a><\/td>\n<\/tr>\n<tr>\n<td>Material<\/td>\n<td>PC\/ABS<\/td>\n<\/tr>\n<tr>\n<td>Tamanho da caixa externa (C\u00d7L\u00d7A)<\/td>\n<td>545 \u00d7 425 \u00d7 555 mm<\/td>\n<\/tr>\n<tr>\n<td>Peso bruto (caixa inteira)<\/td>\n<td>21,5 kg<\/td>\n<\/tr>\n<tr>\n<td>Quantidade da embalagem<\/td>\n<td>40 unidades<\/td>\n<\/tr>\n<tr>\n<td>Tipo de abertura<\/td>\n<td>Abertura inferior<\/td>\n<\/tr>\n<tr>\n<td>Padr\u00f5es (estrutura\/estrutura)<\/td>\n<td>GB\/T 17466.1; GB\/T 17466.24<\/td>\n<\/tr>\n<\/tbody>\n<\/table>\n<h2 id=\"diagram\">Caixa de distribui\u00e7\u00e3o \u00e0 prova d'\u00e1gua AT-4 Diagrama<\/h2>\n<p><img loading=\"lazy\" decoding=\"async\" class=\"alignnone wp-image-1368\" src=\"https:\/\/sinobreaker.com\/wp-content\/uploads\/2025\/08\/AT-4D-300x151.png\" alt=\"Diagrama da caixa de distribui\u00e7\u00e3o \u00e0 prova d&#039;\u00e1gua AT-4\" width=\"644\" height=\"324\" srcset=\"https:\/\/sinobreaker.com\/wp-content\/uploads\/2025\/08\/AT-4D-300x151.png 300w, https:\/\/sinobreaker.com\/wp-content\/uploads\/2025\/08\/AT-4D-768x387.png 768w, https:\/\/sinobreaker.com\/wp-content\/uploads\/2025\/08\/AT-4D-600x302.png 600w, https:\/\/sinobreaker.com\/wp-content\/uploads\/2025\/08\/AT-4D.png 784w\" sizes=\"auto, (max-width: 644px) 100vw, 644px\" \/><\/p>\n<h2 id=\"faq\">Perguntas frequentes sobre a caixa de distribui\u00e7\u00e3o \u00e0 prova d'\u00e1gua AT-4<\/h2>\n<details>\n<summary>O AT-4 pode ser configurado como uma caixa combinadora fotovoltaica?<\/summary>\n<div>Sim. Quando equipado com<br \/>\n<a href=\"\/pt\/produtos\/fusivel-dc\/\">Fus\u00edvel CC<\/a>,<br \/>\n<a href=\"\/pt\/produtos\/dc-spd\/\">Dispositivo de prote\u00e7\u00e3o contra surtos (SPD)<\/a>e um<br \/>\n<a href=\"\/pt\/produtos\/chave-seccionadora-dc\/\">Chave seccionadora CC<\/a> ou<br \/>\n<a href=\"\/pt\/produtos\/disjuntor-de-corrente-continua\/\">Disjuntor CC<\/a>,<br \/>\nO AT-4 pode funcionar como uma caixa combinadora fotovoltaica compacta.<br \/>\nPara op\u00e7\u00f5es em n\u00edvel de sistema, consulte<br \/>\n<a href=\"\/pt\/solutions\/caixa-combinadora-fotovoltaica\/\">Solu\u00e7\u00f5es de caixas combinadoras fotovoltaicas<\/a>.<\/div>\n<\/details>\n<details>\n<summary>Quais s\u00e3o as dimens\u00f5es gerais do AT-4?<\/summary>\n<div>128 \u00d7 200 \u00d7 100 mm (C\u00d7L\u00d7A).<\/div>\n<\/details>\n<details>\n<summary>O AT-4 \u00e9 adequado para aplica\u00e7\u00f5es externas?<\/summary>\n<div>Sim. O AT-4 tem classifica\u00e7\u00e3o IP65 com tiras de veda\u00e7\u00e3o \u00e0 prova d'\u00e1gua (refer\u00eancia:<br \/>\n<a href=\"https:\/\/en.wikipedia.org\/wiki\/IP_Code\" target=\"_blank\" rel=\"noopener\">C\u00f3digo IP<\/a> \/<br \/>\n<a href=\"https:\/\/www.iec.ch\/standards\" target=\"_blank\" rel=\"noopener\">IEC 60529<\/a>), adequado para uso em ambientes internos e externos.<\/div>\n<\/details>\n<details>\n<summary>Quantos circuitos s\u00e3o suportados pelo AT-4?<\/summary>\n<div>4 circuitos em um layout de linha \u00fanica. Linha zero: 3 furos; linha de terra: 3 furos.<\/div>\n<\/details>\n<p class=\"note\">Componentes relacionados:<br \/>\n<a href=\"\/pt\/produtos\/fusivel-dc\/\">Fus\u00edvel CC<\/a> -<br \/>\n<a href=\"\/pt\/produtos\/dc-spd\/\">DC SPD<\/a> -<br \/>\n<a href=\"\/pt\/produtos\/chave-seccionadora-dc\/\">Chave seccionadora CC<\/a> -<br \/>\n<a href=\"\/pt\/produtos\/disjuntor-de-corrente-continua\/\">Disjuntor CC<\/a><\/p>","protected":false},"excerpt":{"rendered":"<ul>\n<li data-start=\"182\" data-end=\"275\">\n<p data-start=\"185\" data-end=\"275\">Compacto <strong data-start=\"193\" data-end=\"230\">Caixa de distribui\u00e7\u00e3o \u00e0 prova d'\u00e1gua de 4 vias<\/strong>Prote\u00e7\u00e3o IP65 para um desempenho confi\u00e1vel.<\/p>\n<\/li>\n<li data-start=\"276\" data-end=\"343\">\n<p data-start=\"279\" data-end=\"343\">Design com abertura inferior para facilitar a instala\u00e7\u00e3o e a manuten\u00e7\u00e3o.<\/p>\n<\/li>\n<li data-start=\"344\" data-end=\"424\">\n<p data-start=\"347\" data-end=\"424\">Carca\u00e7a de PC\/ABS de alta resist\u00eancia, adequada para aplica\u00e7\u00f5es internas e externas.<\/p>\n<\/li>\n<\/ul>","protected":false},"featured_media":1369,"comment_status":"open","ping_status":"closed","template":"","meta":[],"product_brand":[],"product_cat":[29],"product_tag":[],"class_list":{"0":"post-1367","1":"product","2":"type-product","3":"status-publish","4":"has-post-thumbnail","6":"product_cat-waterproof-distribution-box","8":"first","9":"instock","10":"shipping-taxable","11":"product-type-simple"},"_links":{"self":[{"href":"https:\/\/sinobreaker.com\/pt\/wp-json\/wp\/v2\/product\/1367","targetHints":{"allow":["GET"]}}],"collection":[{"href":"https:\/\/sinobreaker.com\/pt\/wp-json\/wp\/v2\/product"}],"about":[{"href":"https:\/\/sinobreaker.com\/pt\/wp-json\/wp\/v2\/types\/product"}],"replies":[{"embeddable":true,"href":"https:\/\/sinobreaker.com\/pt\/wp-json\/wp\/v2\/comments?post=1367"}],"wp:featuredmedia":[{"embeddable":true,"href":"https:\/\/sinobreaker.com\/pt\/wp-json\/wp\/v2\/media\/1369"}],"wp:attachment":[{"href":"https:\/\/sinobreaker.com\/pt\/wp-json\/wp\/v2\/media?parent=1367"}],"wp:term":[{"taxonomy":"product_brand","embeddable":true,"href":"https:\/\/sinobreaker.com\/pt\/wp-json\/wp\/v2\/product_brand?post=1367"},{"taxonomy":"product_cat","embeddable":true,"href":"https:\/\/sinobreaker.com\/pt\/wp-json\/wp\/v2\/product_cat?post=1367"},{"taxonomy":"product_tag","embeddable":true,"href":"https:\/\/sinobreaker.com\/pt\/wp-json\/wp\/v2\/product_tag?post=1367"}],"curies":[{"name":"wp","href":"https:\/\/api.w.org\/{rel}","templated":true}]}}