{"id":1395,"date":"2025-08-23T06:53:50","date_gmt":"2025-08-23T06:53:50","guid":{"rendered":"https:\/\/sinobreaker.com\/?post_type=product&#038;p=1395"},"modified":"2026-02-09T18:24:15","modified_gmt":"2026-02-09T18:24:15","slug":"ht-2-waterproof-distribution-box","status":"publish","type":"product","link":"https:\/\/sinobreaker.com\/pt\/products\/ht-2-waterproof-distribution-box\/","title":{"rendered":"Caixa de distribui\u00e7\u00e3o \u00e0 prova d'\u00e1gua HT-2"},"content":{"rendered":"<style>\n  .product-section h2{font-size:1.6em;margin-top:1.2em;margin-bottom:0.6em;color:#0f172a}<br \/>\n  .product-section p{font-size:1.1em;line-height:1.7em;color:#1e293b}<br \/>\n  .product-section table{width:100%;border-collapse:collapse;margin:1em 0;font-size:1.05em}<br \/>\n  .product-section table th,.product-section table td{border:1px solid #cfcfcf;padding:10px 14px;text-align:left}<br \/>\n  .product-section table th{background:#f8fafc;font-weight:bold}<br \/>\n  .product-section details{margin:.5em 0;font-size:1.05em}<br \/>\n<\/style>\n<div class=\"product-section\">\n<h2>Vis\u00e3o geral<\/h2>\n<p>O <strong>Caixa de distribui\u00e7\u00e3o \u00e0 prova d'\u00e1gua HT-2<\/strong> oferece um sistema compacto <strong>2 circuitos<\/strong> com uma solu\u00e7\u00e3o<br \/>\n<strong>Abertura lateral, tampa articulada<\/strong> que melhora a acessibilidade durante a fia\u00e7\u00e3o e a manuten\u00e7\u00e3o. Ele apresenta<br \/>\ne <strong>ABS<\/strong> estrutura de fundo e superf\u00edcie com um <strong>PC<\/strong> tampa transparente, combinando bem<br \/>\ndureza e alta resist\u00eancia ao impacto para uma longa vida \u00fatil. Com <strong>IP65<\/strong> veda\u00e7\u00e3o e uma trava refor\u00e7ada<br \/>\nCom uma estrutura de fivela, o gabinete \u00e9 adequado para uso interno e externo. A dobradi\u00e7a da tampa abre &gt;115\u00b0 e pode ser<br \/>\nO sistema \u00e9 fixado no \u00e2ngulo m\u00e1ximo, e um pacote de acess\u00f3rios de montagem \u00e9 fornecido para facilitar a instala\u00e7\u00e3o. Para obter mais modelos, visite o site<br \/>\n<a href=\"\/pt\/produtos\/caixa-de-distribuicao-a-prova-dagua\/\">S\u00e9rie de caixas de distribui\u00e7\u00e3o \u00e0 prova d'\u00e1gua<\/a>.<\/p>\n<p>O <strong>Caixa de distribui\u00e7\u00e3o \u00e0 prova d'\u00e1gua HT-2<\/strong> pode ser equipado com<br \/>\n<a href=\"\/pt\/produtos\/fusivel-dc\/\">Fus\u00edvel CC<\/a>, <a href=\"\/pt\/produtos\/dc-spd\/\">DPS<\/a>,<br \/>\n<a href=\"\/pt\/produtos\/chave-seccionadora-dc\/\">Chave seccionadora<\/a>ou<br \/>\n<a href=\"\/pt\/produtos\/disjuntor-de-corrente-continua\/\">Disjuntor CC<\/a> para prote\u00e7\u00e3o b\u00e1sica ou uso de combinador fotovoltaico compacto.<\/p>\n<h2 id=\"specification\">Especifica\u00e7\u00e3o da caixa de distribui\u00e7\u00e3o \u00e0 prova d'\u00e1gua HT-2<\/h2>\n<table>\n<thead>\n<tr>\n<th>Par\u00e2metro<\/th>\n<th>Valor<\/th>\n<\/tr>\n<\/thead>\n<tbody>\n<tr>\n<td>Modelo<\/td>\n<td>HT-2<\/td>\n<\/tr>\n<tr>\n<td>N\u00famero de circuitos<\/td>\n<td>2 vias (fila \u00fanica)<\/td>\n<\/tr>\n<tr>\n<td>Dimens\u00f5es gerais (C\u00d7L\u00d7A)<\/td>\n<td>56 \u00d7 125 \u00d7 88 mm<\/td>\n<\/tr>\n<tr>\n<td>Zero \/ Linha do solo<\/td>\n<td>- (n\u00e3o equipado)<\/td>\n<\/tr>\n<tr>\n<td>\u00cdndice de prote\u00e7\u00e3o<\/td>\n<td>IP65 - veja <a href=\"https:\/\/en.wikipedia.org\/wiki\/IP_Code\" target=\"_blank\" rel=\"noopener\">C\u00f3digo IP<\/a> \/<br \/>\n<a href=\"https:\/\/www.iec.ch\/standards\" target=\"_blank\" rel=\"noopener\">IEC 60529<\/a><\/td>\n<\/tr>\n<tr>\n<td>Material<\/td>\n<td>Base e estrutura em ABS; tampa transparente em PC<\/td>\n<\/tr>\n<tr>\n<td>Tamanho da caixa externa (C\u00d7L\u00d7A)<\/td>\n<td>540 \u00d7 320 \u00d7 480 mm<\/td>\n<\/tr>\n<tr>\n<td>Peso bruto (caixa inteira)<\/td>\n<td>11,8 kg<\/td>\n<\/tr>\n<tr>\n<td>Quantidade da embalagem<\/td>\n<td>100 unidades<\/td>\n<\/tr>\n<tr>\n<td>Tipo de abertura<\/td>\n<td>Abertura lateral (tampa articulada &gt;115\u00b0)<\/td>\n<\/tr>\n<tr>\n<td>Caracter\u00edsticas estruturais<\/td>\n<td>Estrutura de fivela de bloqueio; aberturas com v\u00e1rios an\u00e9is; defletor de circuito; parafuso de estrutura solto (sem afrouxamento); conjunto de terminais de cobre (teste de fio quente de 960 \u00b0C)<\/td>\n<\/tr>\n<tr>\n<td>Padr\u00f5es<\/td>\n<td>GB\/T 17466.1; GB\/T 17466.24; IEC 60529 (IP65)<\/td>\n<\/tr>\n<\/tbody>\n<\/table>\n<h2 id=\"diagram\">Diagrama<\/h2>\n<p>Coloque o diagrama de instala\u00e7\u00e3o do <strong>Caixa de distribui\u00e7\u00e3o \u00e0 prova d'\u00e1gua HT-2<\/strong> (frente\/lado\/verso) diretamente sob esta se\u00e7\u00e3o<br \/>\n<img loading=\"lazy\" decoding=\"async\" class=\"alignnone  wp-image-1396\" src=\"https:\/\/sinobreaker.com\/wp-content\/uploads\/2025\/08\/HT-2D-300x186.png\" alt=\"Diagrama da caixa de distribui\u00e7\u00e3o \u00e0 prova d&#039;\u00e1gua HT-2\" width=\"839\" height=\"520\" srcset=\"https:\/\/sinobreaker.com\/wp-content\/uploads\/2025\/08\/HT-2D-300x186.png 300w, https:\/\/sinobreaker.com\/wp-content\/uploads\/2025\/08\/HT-2D-600x372.png 600w, https:\/\/sinobreaker.com\/wp-content\/uploads\/2025\/08\/HT-2D.png 641w\" sizes=\"auto, (max-width: 839px) 100vw, 839px\" \/><\/p>\n<h2 id=\"faq\">PERGUNTAS FREQUENTES<\/h2>\n<details>\n<summary>Quais s\u00e3o as dimens\u00f5es gerais da caixa de distribui\u00e7\u00e3o \u00e0 prova d'\u00e1gua HT-2?<\/summary>\n<div>56 \u00d7 125 \u00d7 88 mm (C\u00d7L\u00d7A).<\/div>\n<\/details>\n<details>\n<summary>Quantos circuitos o HT-2 suporta?<\/summary>\n<div>O HT-2 suporta 2 circuitos (fila \u00fanica). Os barramentos zero\/terra n\u00e3o s\u00e3o equipados nesse modelo.<\/div>\n<\/details>\n<details>\n<summary>O HT-2 \u00e9 adequado para aplica\u00e7\u00f5es externas?<\/summary>\n<div>Sim. <strong>Caixa de distribui\u00e7\u00e3o \u00e0 prova d'\u00e1gua HT-2<\/strong> tem classifica\u00e7\u00e3o IP65 com tiras de veda\u00e7\u00e3o e materiais ABS\/PC robustos,<br \/>\nadequado para uso interno e externo (refer\u00eancia:<br \/>\n<a href=\"https:\/\/en.wikipedia.org\/wiki\/IP_Code\" target=\"_blank\" rel=\"noopener\">C\u00f3digo IP<\/a> \/<br \/>\n<a href=\"https:\/\/www.iec.ch\/standards\" target=\"_blank\" rel=\"noopener\">IEC 60529<\/a>).<\/div>\n<\/details>\n<details>\n<summary>O HT-2 pode ser configurado como uma caixa combinadora fotovoltaica?<\/summary>\n<div>Sim. Quando equipado com <a href=\"\/pt\/produtos\/fusivel-dc\/\">Fus\u00edvel CC<\/a>,<br \/>\n<a href=\"\/pt\/produtos\/dc-spd\/\">Dispositivo de prote\u00e7\u00e3o contra surtos (SPD)<\/a>e um<br \/>\n<a href=\"\/pt\/produtos\/chave-seccionadora-dc\/\">Chave seccionadora CC<\/a> ou<br \/>\n<a href=\"\/pt\/produtos\/disjuntor-de-corrente-continua\/\">Disjuntor CC<\/a>O HT-2 pode servir como uma solu\u00e7\u00e3o compacta de combinador fotovoltaico.<br \/>\nVeja <a href=\"\/pt\/solutions\/caixa-combinadora-fotovoltaica\/\">Solu\u00e7\u00f5es de caixas combinadoras fotovoltaicas<\/a> para exemplos de sistemas.<\/div>\n<\/details>\n<\/div>","protected":false},"excerpt":{"rendered":"<ul data-start=\"209\" data-end=\"494\">\n<li data-start=\"209\" data-end=\"305\">\n<p data-start=\"211\" data-end=\"305\"><strong data-start=\"211\" data-end=\"248\">Caixa de distribui\u00e7\u00e3o \u00e0 prova d'\u00e1gua de 2 vias<\/strong> com <strong data-start=\"254\" data-end=\"285\">tampa de abertura lateral (articulada)<\/strong> para acesso r\u00e1pido.<\/p>\n<\/li>\n<li data-start=\"306\" data-end=\"395\">\n<p data-start=\"308\" data-end=\"395\"><strong data-start=\"308\" data-end=\"316\">IP65<\/strong> veda\u00e7\u00e3o, base em ABS + tampa transparente em PC, resistente a impactos e intemp\u00e9ries.<\/p>\n<\/li>\n<li data-start=\"396\" data-end=\"494\">\n<p data-start=\"398\" data-end=\"494\">Suporta distribui\u00e7\u00e3o b\u00e1sica ou compacta <strong data-start=\"437\" data-end=\"452\">Combinador fotovoltaico<\/strong> Configura\u00e7\u00e3o com fus\u00edvel\/SPD\/disjuntor\/disjuntor.<\/p>\n<\/li>\n<\/ul>","protected":false},"featured_media":1397,"comment_status":"open","ping_status":"closed","template":"","meta":[],"product_brand":[],"product_cat":[29],"product_tag":[],"class_list":{"0":"post-1395","1":"product","2":"type-product","3":"status-publish","4":"has-post-thumbnail","6":"product_cat-waterproof-distribution-box","8":"first","9":"instock","10":"shipping-taxable","11":"product-type-simple"},"_links":{"self":[{"href":"https:\/\/sinobreaker.com\/pt\/wp-json\/wp\/v2\/product\/1395","targetHints":{"allow":["GET"]}}],"collection":[{"href":"https:\/\/sinobreaker.com\/pt\/wp-json\/wp\/v2\/product"}],"about":[{"href":"https:\/\/sinobreaker.com\/pt\/wp-json\/wp\/v2\/types\/product"}],"replies":[{"embeddable":true,"href":"https:\/\/sinobreaker.com\/pt\/wp-json\/wp\/v2\/comments?post=1395"}],"wp:featuredmedia":[{"embeddable":true,"href":"https:\/\/sinobreaker.com\/pt\/wp-json\/wp\/v2\/media\/1397"}],"wp:attachment":[{"href":"https:\/\/sinobreaker.com\/pt\/wp-json\/wp\/v2\/media?parent=1395"}],"wp:term":[{"taxonomy":"product_brand","embeddable":true,"href":"https:\/\/sinobreaker.com\/pt\/wp-json\/wp\/v2\/product_brand?post=1395"},{"taxonomy":"product_cat","embeddable":true,"href":"https:\/\/sinobreaker.com\/pt\/wp-json\/wp\/v2\/product_cat?post=1395"},{"taxonomy":"product_tag","embeddable":true,"href":"https:\/\/sinobreaker.com\/pt\/wp-json\/wp\/v2\/product_tag?post=1395"}],"curies":[{"name":"wp","href":"https:\/\/api.w.org\/{rel}","templated":true}]}}