{"id":1398,"date":"2025-08-23T06:58:03","date_gmt":"2025-08-23T06:58:03","guid":{"rendered":"https:\/\/sinobreaker.com\/?post_type=product&#038;p=1398"},"modified":"2025-08-23T06:58:33","modified_gmt":"2025-08-23T06:58:33","slug":"caixa-de-distribuicao-a-prova-dagua-ht-5","status":"publish","type":"product","link":"https:\/\/sinobreaker.com\/pt\/products\/ht-5-waterproof-distribution-box\/","title":{"rendered":"Caixa de distribui\u00e7\u00e3o \u00e0 prova d'\u00e1gua HT-5"},"content":{"rendered":"<style>\n  .product-section h2{font-size:1.6em;margin-top:1.2em;margin-bottom:0.6em;color:#0f172a}<br \/>  .product-section p{font-size:1.1em;line-height:1.7em;color:#1e293b}<br \/>  .product-section table{width:100%;border-collapse:collapse;margin:1em 0;font-size:1.05em}<br \/>  .product-section table th,.product-section table td{border:1px solid #cfcfcf;padding:10px 14px;text-align:left}<br \/>  .product-section table th{background:#f8fafc;font-weight:bold}<br \/>  .product-section details{margin:.5em 0;font-size:1.05em}<br \/><\/style>\n<div class=\"product-section\">\n<h2>Vis\u00e3o geral<\/h2>\n<p>O <strong>Caixa de distribui\u00e7\u00e3o \u00e0 prova d'\u00e1gua HT-5<\/strong> fornece <strong>5 circuitos<\/strong> em um gabinete compacto<br \/>\ncom um <strong>Abertura lateral, tampa articulada<\/strong>. Projetado com um <strong>ABS<\/strong> base e<br \/>\n<strong>Tampa transparente para PC<\/strong>O gabinete oferece alta tenacidade, boa resist\u00eancia a impactos e longa vida \u00fatil.<br \/>\nconfiabilidade. Com <strong>Prote\u00e7\u00e3o IP65<\/strong> e design de fivela de trava refor\u00e7ada, o HT-5 \u00e9 adequado para uso em ambientes internos e externos.<br \/>\ne aplica\u00e7\u00f5es externas. Defletores de circuito, conjunto de terminais de cobre (testado a 960 \u00b0C) e kit de montagem de acess\u00f3rios<br \/>\ntornam a instala\u00e7\u00e3o segura e conveniente. Para modelos adicionais, consulte a se\u00e7\u00e3o<br \/>\n<a href=\"\/pt\/produtos\/caixa-de-distribuicao-a-prova-dagua\/\">S\u00e9rie de caixas de distribui\u00e7\u00e3o \u00e0 prova d'\u00e1gua<\/a>.<\/p>\n<p>O <strong>Caixa de distribui\u00e7\u00e3o \u00e0 prova d'\u00e1gua HT-5<\/strong> pode ser integrado com<br \/>\n<a href=\"\/pt\/produtos\/fusivel-dc\/\">Fus\u00edvel CC<\/a>, <a href=\"\/pt\/produtos\/dc-spd\/\">DPS<\/a>,<br \/>\n<a href=\"\/pt\/produtos\/chave-seccionadora-dc\/\">Chave seccionadora<\/a>ou<br \/>\n<a href=\"\/pt\/produtos\/disjuntor-de-corrente-continua\/\">Disjuntor CC<\/a>permitindo o uso em pequenos sistemas combinadores fotovoltaicos<br \/>\ne configura\u00e7\u00f5es de distribui\u00e7\u00e3o residencial\/comercial.<\/p>\n<h2 id=\"specification\">Especifica\u00e7\u00e3o da caixa de distribui\u00e7\u00e3o \u00e0 prova d'\u00e1gua HT-5<\/h2>\n<table>\n<thead>\n<tr>\n<th>Par\u00e2metro<\/th>\n<th>Valor<\/th>\n<\/tr>\n<\/thead>\n<tbody>\n<tr>\n<td>Modelo<\/td>\n<td>HT-5<\/td>\n<\/tr>\n<tr>\n<td>N\u00famero de circuitos<\/td>\n<td>5 vias (fila \u00fanica)<\/td>\n<\/tr>\n<tr>\n<td>Dimens\u00f5es gerais (C\u00d7L\u00d7A)<\/td>\n<td>129 \u00d7 170 \u00d7 95 mm<\/td>\n<\/tr>\n<tr>\n<td>Zero \/ buracos na linha do solo<\/td>\n<td>Linha zero: 3 furos \/ Linha do solo: 3 furos<\/td>\n<\/tr>\n<tr>\n<td>\u00cdndice de prote\u00e7\u00e3o<\/td>\n<td>IP65 - veja <a href=\"https:\/\/en.wikipedia.org\/wiki\/IP_Code\" target=\"_blank\" rel=\"noopener\">C\u00f3digo IP<\/a> \/<br \/>\n<a href=\"https:\/\/www.iec.ch\/standards\" target=\"_blank\" rel=\"noopener\">IEC 60529<\/a><\/td>\n<\/tr>\n<tr>\n<td>Material<\/td>\n<td>Base e estrutura em ABS; tampa transparente em PC<\/td>\n<\/tr>\n<tr>\n<td>Tamanho da caixa externa (C\u00d7L\u00d7A)<\/td>\n<td>555 \u00d7 365 \u00d7 520 mm<\/td>\n<\/tr>\n<tr>\n<td>Peso bruto (caixa inteira)<\/td>\n<td>18,2 kg<\/td>\n<\/tr>\n<tr>\n<td>Quantidade da embalagem<\/td>\n<td>40 unidades<\/td>\n<\/tr>\n<tr>\n<td>Tipo de abertura<\/td>\n<td>Abertura lateral (tampa articulada &gt;115\u00b0)<\/td>\n<\/tr>\n<tr>\n<td>Caracter\u00edsticas estruturais<\/td>\n<td>Estrutura com fivela de travamento; tampa articulada; defletor de circuito; conjunto de terminais de cobre; aberturas com v\u00e1rios an\u00e9is<\/td>\n<\/tr>\n<tr>\n<td>Padr\u00f5es<\/td>\n<td>GB\/T 17466.1; GB\/T 17466.24; IEC 60529 (IP65)<\/td>\n<\/tr>\n<\/tbody>\n<\/table>\n<h2 id=\"diagram\">Diagrama<\/h2>\n<p>Abaixo est\u00e1 o diagrama de instala\u00e7\u00e3o do <strong>Caixa de distribui\u00e7\u00e3o \u00e0 prova d'\u00e1gua HT-5<\/strong> (frente \/ lateral \/ verso).<br \/>\n<img loading=\"lazy\" decoding=\"async\" class=\"alignnone wp-image-1400\" src=\"https:\/\/sinobreaker.com\/wp-content\/uploads\/2025\/08\/HT-5D-300x186.png\" alt=\"diagrama da caixa de distribui\u00e7\u00e3o \u00e0 prova d&#039;\u00e1gua\" width=\"685\" height=\"425\" srcset=\"https:\/\/sinobreaker.com\/wp-content\/uploads\/2025\/08\/HT-5D-300x186.png 300w, https:\/\/sinobreaker.com\/wp-content\/uploads\/2025\/08\/HT-5D-600x371.png 600w, https:\/\/sinobreaker.com\/wp-content\/uploads\/2025\/08\/HT-5D.png 659w\" sizes=\"auto, (max-width: 685px) 100vw, 685px\" \/><\/p>\n<h2 id=\"faq\">PERGUNTAS FREQUENTES<\/h2>\n<details>\n<summary>Quais s\u00e3o as dimens\u00f5es gerais da caixa de distribui\u00e7\u00e3o \u00e0 prova d'\u00e1gua HT-5?<\/summary>\n<div>129 \u00d7 170 \u00d7 95 mm (C\u00d7L\u00d7A).<\/div>\n<\/details>\n<details>\n<summary>Quantos circuitos o HT-5 suporta?<\/summary>\n<div>O HT-5 suporta 5 circuitos em um layout de linha \u00fanica. Linha zero: 3 furos; linha de terra: 3 furos.<\/div>\n<\/details>\n<details>\n<summary>O HT-5 \u00e9 adequado para aplica\u00e7\u00f5es externas?<\/summary>\n<div>Sim. <strong>Caixa de distribui\u00e7\u00e3o \u00e0 prova d'\u00e1gua HT-5<\/strong> tem classifica\u00e7\u00e3o IP65 com tiras de veda\u00e7\u00e3o, adequado para uso em ambientes internos e externos<br \/>\n(refer\u00eancia: <a href=\"https:\/\/en.wikipedia.org\/wiki\/IP_Code\" target=\"_blank\" rel=\"noopener\">C\u00f3digo IP<\/a> \/<br \/>\n<a href=\"https:\/\/www.iec.ch\/standards\" target=\"_blank\" rel=\"noopener\">IEC 60529<\/a>).<\/div>\n<\/details>\n<details>\n<summary>O HT-5 pode ser configurado como uma caixa combinadora fotovoltaica?<\/summary>\n<div>Sim. Quando equipado com <a href=\"\/pt\/produtos\/fusivel-dc\/\">Fus\u00edvel CC<\/a>,<br \/>\n<a href=\"\/pt\/produtos\/dc-spd\/\">Dispositivo de prote\u00e7\u00e3o contra surtos (SPD)<\/a>e um<br \/>\n<a href=\"\/pt\/produtos\/chave-seccionadora-dc\/\">Chave seccionadora CC<\/a> ou<br \/>\n<a href=\"\/pt\/produtos\/disjuntor-de-corrente-continua\/\">Disjuntor CC<\/a>O HT-5 pode servir como uma pequena solu\u00e7\u00e3o de combinador fotovoltaico.<\/div>\n<\/details>\n<\/div>","protected":false},"excerpt":{"rendered":"<ul>\n<li data-start=\"173\" data-end=\"281\">\n<p data-start=\"175\" data-end=\"281\"><strong data-start=\"175\" data-end=\"212\">Caixa de distribui\u00e7\u00e3o \u00e0 prova d'\u00e1gua de 5 vias<\/strong> com <strong data-start=\"218\" data-end=\"247\">tampa articulada de abertura lateral<\/strong> para facilitar a fia\u00e7\u00e3o e a inspe\u00e7\u00e3o.<\/p>\n<\/li>\n<li data-start=\"282\" data-end=\"390\">\n<p data-start=\"284\" data-end=\"390\"><strong data-start=\"284\" data-end=\"307\">Caixa IP65 em ABS\/PC<\/strong> garante impermeabilidade, resist\u00eancia \u00e0 poeira e alta resist\u00eancia a impactos para uma longa vida \u00fatil.<\/p>\n<\/li>\n<li data-start=\"391\" data-end=\"509\">\n<p data-start=\"393\" data-end=\"509\">Adequado para integra\u00e7\u00e3o com <strong data-start=\"423\" data-end=\"462\">fus\u00edvel, SPD, seccionadora ou disjuntor<\/strong> em aplica\u00e7\u00f5es de combinador ou distribui\u00e7\u00e3o fotovoltaica.<\/p>\n<\/li>\n<\/ul>","protected":false},"featured_media":1399,"comment_status":"open","ping_status":"closed","template":"","meta":[],"product_brand":[],"product_cat":[29],"product_tag":[],"class_list":{"0":"post-1398","1":"product","2":"type-product","3":"status-publish","4":"has-post-thumbnail","6":"product_cat-waterproof-distribution-box","8":"first","9":"instock","10":"shipping-taxable","11":"product-type-simple"},"_links":{"self":[{"href":"https:\/\/sinobreaker.com\/pt\/wp-json\/wp\/v2\/product\/1398","targetHints":{"allow":["GET"]}}],"collection":[{"href":"https:\/\/sinobreaker.com\/pt\/wp-json\/wp\/v2\/product"}],"about":[{"href":"https:\/\/sinobreaker.com\/pt\/wp-json\/wp\/v2\/types\/product"}],"replies":[{"embeddable":true,"href":"https:\/\/sinobreaker.com\/pt\/wp-json\/wp\/v2\/comments?post=1398"}],"wp:featuredmedia":[{"embeddable":true,"href":"https:\/\/sinobreaker.com\/pt\/wp-json\/wp\/v2\/media\/1399"}],"wp:attachment":[{"href":"https:\/\/sinobreaker.com\/pt\/wp-json\/wp\/v2\/media?parent=1398"}],"wp:term":[{"taxonomy":"product_brand","embeddable":true,"href":"https:\/\/sinobreaker.com\/pt\/wp-json\/wp\/v2\/product_brand?post=1398"},{"taxonomy":"product_cat","embeddable":true,"href":"https:\/\/sinobreaker.com\/pt\/wp-json\/wp\/v2\/product_cat?post=1398"},{"taxonomy":"product_tag","embeddable":true,"href":"https:\/\/sinobreaker.com\/pt\/wp-json\/wp\/v2\/product_tag?post=1398"}],"curies":[{"name":"wp","href":"https:\/\/api.w.org\/{rel}","templated":true}]}}