{"id":1408,"date":"2025-08-23T07:09:57","date_gmt":"2025-08-23T07:09:57","guid":{"rendered":"https:\/\/sinobreaker.com\/?post_type=product&#038;p=1408"},"modified":"2025-08-25T10:02:12","modified_gmt":"2025-08-25T10:02:12","slug":"caixa-de-distribuicao-a-prova-dagua-ht-15","status":"publish","type":"product","link":"https:\/\/sinobreaker.com\/pt\/products\/ht-15-waterproof-distribution-box\/","title":{"rendered":"Caixa de distribui\u00e7\u00e3o \u00e0 prova d'\u00e1gua HT-15"},"content":{"rendered":"<style>\n  .product-section h2{font-size:1.6em;margin-top:1.2em;margin-bottom:0.6em;color:#0f172a}<br \/>\n  .product-section p{font-size:1.1em;line-height:1.7em;color:#1e293b}<br \/>\n  .product-section table{width:100%;border-collapse:collapse;margin:1em 0;font-size:1.05em}<br \/>\n  .product-section table th,.product-section table td{border:1px solid #cfcfcf;padding:10px 14px;text-align:left}<br \/>\n  .product-section table th{background:#f8fafc;font-weight:bold}<br \/>\n  .product-section details{margin:.5em 0;font-size:1.05em}<br \/>\n<\/style>\n<div class=\"product-section\">\n<h2>Vis\u00e3o geral<\/h2>\n<p>O <strong>Caixa de distribui\u00e7\u00e3o \u00e0 prova d'\u00e1gua HT-15<\/strong> fornece <strong>15 circuitos<\/strong> em um gabinete dur\u00e1vel com um<br \/>\n<strong>tampa articulada de abertura lateral<\/strong>. Constru\u00eddo com um <strong>Base em ABS<\/strong> e <strong>Tampa transparente para PC<\/strong>,<br \/>\nO gabinete oferece resist\u00eancia a impactos e durabilidade a longo prazo. Classifica\u00e7\u00e3o <strong>IP65<\/strong>O sistema de prote\u00e7\u00e3o contra poeira<br \/>\ne \u00e1gua, tornando-o adequado para ambientes internos e externos. Estrutura de fivela com trava refor\u00e7ada, terminal de cobre<br \/>\n(teste de fio quente de 960 \u00b0C) e as aberturas com v\u00e1rios an\u00e9is aumentam a seguran\u00e7a e a conveni\u00eancia da instala\u00e7\u00e3o. Para obter o<br \/>\ns\u00e9rie, consulte a <a href=\"\/pt\/produtos\/caixa-de-distribuicao-a-prova-dagua\/\">S\u00e9rie de caixas de distribui\u00e7\u00e3o \u00e0 prova d'\u00e1gua<\/a>.<\/p>\n<p>O <strong>Caixa de distribui\u00e7\u00e3o \u00e0 prova d'\u00e1gua HT-15<\/strong> pode ser equipado com<br \/>\n<a href=\"\/pt\/produtos\/fusivel-dc\/\">Fus\u00edvel CC<\/a>, <a href=\"\/pt\/produtos\/dc-spd\/\">Dispositivo de prote\u00e7\u00e3o contra surtos (SPD)<\/a>,<br \/>\n<a href=\"\/pt\/produtos\/chave-seccionadora-dc\/\">Chave seccionadora<\/a>ou<br \/>\n<a href=\"\/pt\/produtos\/disjuntor-de-corrente-continua\/\">Disjuntor CC<\/a>permitindo aplica\u00e7\u00f5es em ambientes residenciais e comerciais maiores,<br \/>\ne <a href=\"\/pt\/solutions\/caixa-combinadora-fotovoltaica\/\">Solu\u00e7\u00f5es de caixas combinadoras fotovoltaicas<\/a>.<\/p>\n<h2 id=\"specification\">Especifica\u00e7\u00e3o da caixa de distribui\u00e7\u00e3o \u00e0 prova d'\u00e1gua HT-15<\/h2>\n<table>\n<thead>\n<tr>\n<th>Par\u00e2metro<\/th>\n<th>Valor<\/th>\n<\/tr>\n<\/thead>\n<tbody>\n<tr>\n<td>Modelo<\/td>\n<td>HT-15<\/td>\n<\/tr>\n<tr>\n<td>N\u00famero de circuitos<\/td>\n<td>15 vias (fila \u00fanica)<\/td>\n<\/tr>\n<tr>\n<td>Dimens\u00f5es gerais (C\u00d7L\u00d7A)<\/td>\n<td>280 \u00d7 225 \u00d7 110 mm<\/td>\n<\/tr>\n<tr>\n<td>Zero \/ buracos na linha do solo<\/td>\n<td>Linha zero: 10 furos \/ Linha do solo: 10 furos<\/td>\n<\/tr>\n<tr>\n<td>\u00cdndice de prote\u00e7\u00e3o<\/td>\n<td>IP65 - veja <a href=\"https:\/\/en.wikipedia.org\/wiki\/IP_Code\" target=\"_blank\" rel=\"noopener\">C\u00f3digo IP<\/a> \/<br \/>\n<a href=\"https:\/\/www.iec.ch\/standards\" target=\"_blank\" rel=\"noopener\">IEC 60529<\/a><\/td>\n<\/tr>\n<tr>\n<td>Material<\/td>\n<td>Base e estrutura em ABS; tampa transparente em PC<\/td>\n<\/tr>\n<tr>\n<td>Tamanho da caixa externa (C\u00d7L\u00d7A)<\/td>\n<td>600 \u00d7 440 \u00d7 560 mm<\/td>\n<\/tr>\n<tr>\n<td>Peso bruto (caixa inteira)<\/td>\n<td>21,0 kg<\/td>\n<\/tr>\n<tr>\n<td>Quantidade da embalagem<\/td>\n<td>16 unidades<\/td>\n<\/tr>\n<tr>\n<td>Tipo de abertura<\/td>\n<td>Abertura lateral (tampa articulada &gt;115\u00b0)<\/td>\n<\/tr>\n<tr>\n<td>Caracter\u00edsticas estruturais<\/td>\n<td>Estrutura com fivela de travamento; tampa articulada; conjunto de terminais de cobre; defletor de circuito; aberturas com v\u00e1rios an\u00e9is<\/td>\n<\/tr>\n<tr>\n<td>Padr\u00f5es<\/td>\n<td>GB\/T 17466.1; GB\/T 17466.24; IEC 60529 (IP65)<\/td>\n<\/tr>\n<\/tbody>\n<\/table>\n<h2 id=\"diagram\">Diagrama<\/h2>\n<p>Abaixo est\u00e1 o diagrama de instala\u00e7\u00e3o do <strong>Caixa de distribui\u00e7\u00e3o \u00e0 prova d'\u00e1gua HT-15<\/strong> (frente \/ lateral \/ verso).<br \/>\n<img loading=\"lazy\" decoding=\"async\" class=\"alignnone  wp-image-1410\" src=\"https:\/\/sinobreaker.com\/wp-content\/uploads\/2025\/08\/HT-15D-300x185.png\" alt=\"Diagrama da caixa de distribui\u00e7\u00e3o \u00e0 prova d&#039;\u00e1gua HT-15\" width=\"688\" height=\"424\" srcset=\"https:\/\/sinobreaker.com\/wp-content\/uploads\/2025\/08\/HT-15D-300x185.png 300w, https:\/\/sinobreaker.com\/wp-content\/uploads\/2025\/08\/HT-15D-768x474.png 768w, https:\/\/sinobreaker.com\/wp-content\/uploads\/2025\/08\/HT-15D-600x371.png 600w, https:\/\/sinobreaker.com\/wp-content\/uploads\/2025\/08\/HT-15D.png 824w\" sizes=\"auto, (max-width: 688px) 100vw, 688px\" \/><\/p>\n<h2 id=\"faq\">PERGUNTAS FREQUENTES<\/h2>\n<details>\n<summary>Quais s\u00e3o as dimens\u00f5es gerais da caixa de distribui\u00e7\u00e3o \u00e0 prova d'\u00e1gua HT-15?<\/summary>\n<div>280 \u00d7 225 \u00d7 110 mm (C\u00d7L\u00d7A).<\/div>\n<\/details>\n<details>\n<summary>Quantos circuitos o HT-15 suporta?<\/summary>\n<div>O HT-15 suporta 15 circuitos em um layout de fileira \u00fanica. Linha zero: 10 furos; linha de aterramento: 10 furos.<\/div>\n<\/details>\n<details>\n<summary>O HT-15 \u00e9 adequado para aplica\u00e7\u00f5es externas?<\/summary>\n<div>Sim. <strong>Caixa de distribui\u00e7\u00e3o \u00e0 prova d'\u00e1gua HT-15<\/strong> tem classifica\u00e7\u00e3o IP65, adequado para aplica\u00e7\u00f5es internas e externas<br \/>\n(refer\u00eancia: <a href=\"https:\/\/en.wikipedia.org\/wiki\/IP_Code\" target=\"_blank\" rel=\"noopener\">C\u00f3digo IP<\/a> \/<br \/>\n<a href=\"https:\/\/www.iec.ch\/standards\" target=\"_blank\" rel=\"noopener\">IEC 60529<\/a>).<\/div>\n<\/details>\n<details>\n<summary>O HT-15 pode ser configurado como uma caixa combinadora fotovoltaica?<\/summary>\n<div>Sim. Quando equipado com <a href=\"\/pt\/produtos\/fusivel-dc\/\">Fus\u00edvel CC<\/a>,<br \/>\n<a href=\"\/pt\/produtos\/dc-spd\/\">Dispositivo de prote\u00e7\u00e3o contra surtos (SPD)<\/a>e um<br \/>\n<a href=\"\/pt\/produtos\/chave-seccionadora-dc\/\">Chave seccionadora CC<\/a> ou<br \/>\n<a href=\"\/pt\/produtos\/disjuntor-de-corrente-continua\/\">Disjuntor CC<\/a>O HT-15 pode ser usado como uma solu\u00e7\u00e3o de combinador fotovoltaico.<\/div>\n<\/details>\n<\/div>","protected":false},"excerpt":{"rendered":"<ul data-start=\"110\" data-end=\"466\">\n<li data-start=\"110\" data-end=\"226\">\n<p data-start=\"112\" data-end=\"226\"><strong data-start=\"112\" data-end=\"150\">Caixa de distribui\u00e7\u00e3o \u00e0 prova d'\u00e1gua de 15 vias<\/strong> com <strong data-start=\"156\" data-end=\"185\">tampa articulada de abertura lateral<\/strong> para facilitar a fia\u00e7\u00e3o e a manuten\u00e7\u00e3o.<\/p>\n<\/li>\n<li data-start=\"227\" data-end=\"348\">\n<p data-start=\"229\" data-end=\"348\"><strong data-start=\"229\" data-end=\"264\">Base em ABS + tampa transparente em PC<\/strong>, fivela com trava refor\u00e7ada, classificada <strong data-start=\"296\" data-end=\"304\">IP65<\/strong> para confiabilidade \u00e0 prova de poeira e \u00e0 prova d'\u00e1gua.<\/p>\n<\/li>\n<li data-start=\"349\" data-end=\"466\">\n<p data-start=\"351\" data-end=\"466\">Ideal para uso residencial, comercial e <strong data-start=\"390\" data-end=\"409\">Caixa combinadora fotovoltaica<\/strong> aplica\u00e7\u00f5es com fus\u00edvel, SPD, seccionadora ou disjuntor.<\/p>\n<\/li>\n<\/ul>","protected":false},"featured_media":1409,"comment_status":"open","ping_status":"closed","template":"","meta":[],"product_brand":[],"product_cat":[29],"product_tag":[],"class_list":{"0":"post-1408","1":"product","2":"type-product","3":"status-publish","4":"has-post-thumbnail","6":"product_cat-waterproof-distribution-box","8":"first","9":"instock","10":"shipping-taxable","11":"product-type-simple"},"_links":{"self":[{"href":"https:\/\/sinobreaker.com\/pt\/wp-json\/wp\/v2\/product\/1408","targetHints":{"allow":["GET"]}}],"collection":[{"href":"https:\/\/sinobreaker.com\/pt\/wp-json\/wp\/v2\/product"}],"about":[{"href":"https:\/\/sinobreaker.com\/pt\/wp-json\/wp\/v2\/types\/product"}],"replies":[{"embeddable":true,"href":"https:\/\/sinobreaker.com\/pt\/wp-json\/wp\/v2\/comments?post=1408"}],"wp:featuredmedia":[{"embeddable":true,"href":"https:\/\/sinobreaker.com\/pt\/wp-json\/wp\/v2\/media\/1409"}],"wp:attachment":[{"href":"https:\/\/sinobreaker.com\/pt\/wp-json\/wp\/v2\/media?parent=1408"}],"wp:term":[{"taxonomy":"product_brand","embeddable":true,"href":"https:\/\/sinobreaker.com\/pt\/wp-json\/wp\/v2\/product_brand?post=1408"},{"taxonomy":"product_cat","embeddable":true,"href":"https:\/\/sinobreaker.com\/pt\/wp-json\/wp\/v2\/product_cat?post=1408"},{"taxonomy":"product_tag","embeddable":true,"href":"https:\/\/sinobreaker.com\/pt\/wp-json\/wp\/v2\/product_tag?post=1408"}],"curies":[{"name":"wp","href":"https:\/\/api.w.org\/{rel}","templated":true}]}}