{"id":1442,"date":"2025-08-25T07:31:37","date_gmt":"2025-08-25T07:31:37","guid":{"rendered":"https:\/\/sinobreaker.com\/?post_type=product&#038;p=1442"},"modified":"2025-08-25T07:42:02","modified_gmt":"2025-08-25T07:42:02","slug":"caixa-combinadora-fotovoltaica-1-entrada-1-saida-1000vdc","status":"publish","type":"product","link":"https:\/\/sinobreaker.com\/pt\/products\/pv-combiner-box-1-in-1-out-1000vdc\/","title":{"rendered":"Caixa combinadora fotovoltaica 1 entrada 1 sa\u00edda 1000VDC | S\u00e9rie HS com fus\u00edvel, SPD e interruptor"},"content":{"rendered":"<section id=\"overview\">\n<h2>S\u00e9rie HS - Caixa combinadora fotovoltaica 1 entrada 1 sa\u00edda 1000VDC<\/h2>\n<p>O <strong>S\u00e9rie HS<\/strong> <strong>caixa combinadora fotovoltaica 1 entrada 1 sa\u00edda<\/strong> foi projetado para circuitos fotovoltaicos de string \u00fanica que exigem prote\u00e7\u00e3o confi\u00e1vel contra sobrecorrente, sobretens\u00e3o e isolamento seguro. Ele integra um<br \/>\n<a href=\"\/pt\/fusivel-dc\/\">Fus\u00edvel CC<\/a>, a <a href=\"\/pt\/dc-spd\/\">SPD Tipo 2<\/a>e um <a href=\"\/pt\/dc-disconnector\/\">Chave seccionadora CC<\/a>.<br \/>\nO gabinete robusto do PC \u00e9 classificado como <strong>IP65<\/strong> e <strong>IK09<\/strong> para uso externo.<\/p>\n<p>Explore mais modelos no site <a href=\"\/pt\/caixa-combinadora-fotovoltaica\/\">P\u00e1gina de destino da PV Combiner Box<\/a>e saiba mais sobre produ\u00e7\u00e3o e OEM no site<br \/>\n<a href=\"\/pt\/pv-combiner-manufacturer\/\">P\u00e1gina do fabricante da PV Combiner Box<\/a>. Para variantes baseadas em disjuntores, consulte <a href=\"\/pt\/dc-breaker\/\">Disjuntores CC (MCB)<\/a>. Precisa de uma cota\u00e7\u00e3o? <a href=\"\/pt\/entre-em-contato-conosco\/\">Entre em contato conosco<\/a>.<\/p>\n<\/section>\n<section id=\"key-features\">\n<h3>Principais recursos<\/h3>\n<ul>\n<li><strong>Topologia:<\/strong> Caixa combinadora fotovoltaica 1 entrada 1 sa\u00edda (string fotovoltaica \u00fanica)<\/li>\n<li><strong>Tens\u00e3o do sistema:<\/strong> 1000V CC<\/li>\n<li><strong>Conjunto de prote\u00e7\u00e3o:<\/strong> <a href=\"\/pt\/fusivel-dc\/\">Fus\u00edvel CC de 10\u00d738 mm<\/a> (tip. 16 A), <a href=\"\/pt\/dc-spd\/\">SPD Tipo 2<\/a> (40 kA), <a href=\"\/pt\/dc-disconnector\/\">Chave seccionadora CC<\/a> (32 A)<\/li>\n<li><strong>Anexo:<\/strong> PC, <strong>IP65<\/strong> entrada e <strong>IK09<\/strong> classifica\u00e7\u00e3o de impacto<\/li>\n<li><strong>Fia\u00e7\u00e3o:<\/strong> Prensa-cabos de entrada PG09 e sa\u00edda PG21; condutor 2,5-16 mm\u00b2<\/li>\n<li><strong>Padr\u00f5es:<\/strong> DPS alinhado com<br \/>\n<a href=\"https:\/\/www.iec.ch\/\" target=\"_blank\" rel=\"nofollow noopener\">IEC\/EN 61643-31<\/a>;<br \/>\nconformidade com o mercado por meio de <a href=\"https:\/\/single-market-economy.ec.europa.eu\/single-market\/european-standards\/harmonised-standards_en\" target=\"_blank\" rel=\"nofollow noopener\">Normas harmonizadas CE<\/a><br \/>\ne <a href=\"https:\/\/www.ul.com\/\" target=\"_blank\" rel=\"nofollow noopener\">UL<\/a> considera\u00e7\u00f5es (quando aplic\u00e1vel).<\/li>\n<\/ul>\n<\/section>\n<section id=\"specifications\">\n<h3>Especifica\u00e7\u00f5es t\u00e9cnicas<\/h3>\n<table>\n<thead>\n<tr>\n<th>Especifica\u00e7\u00e3o<\/th>\n<th>Valor<\/th>\n<\/tr>\n<\/thead>\n<tbody>\n<tr>\n<td>S\u00e9rie<\/td>\n<td>HS<\/td>\n<\/tr>\n<tr>\n<td>Entrada \/ Sa\u00edda<\/td>\n<td>1 entrada \/ 1 sa\u00edda (corda \u00fanica)<\/td>\n<\/tr>\n<tr>\n<td>Tens\u00e3o m\u00e1xima do sistema<\/td>\n<td>1000V CC<\/td>\n<\/tr>\n<tr>\n<td>Corrente m\u00e1xima de curto-circuito CC (por entrada)<\/td>\n<td>16 A (vari\u00e1vel)<\/td>\n<\/tr>\n<tr>\n<td>Corrente m\u00e1xima de sa\u00edda<\/td>\n<td>32 A<\/td>\n<\/tr>\n<tr>\n<td>Dispositivo de prote\u00e7\u00e3o contra surtos<\/td>\n<td>Tipo 2, 40 kA, IEC\/EN 61643-31<\/td>\n<\/tr>\n<tr>\n<td>Fus\u00edvel<\/td>\n<td>10\u00d738 mm Fus\u00edvel CC, tipo 16 A, indicador LED opcional<\/td>\n<\/tr>\n<tr>\n<td>Chave seccionadora<\/td>\n<td>Chave seccionadora CC, 32 A, isolamento de 1200 V<\/td>\n<\/tr>\n<tr>\n<td>Gabinete<\/td>\n<td>PC<\/td>\n<\/tr>\n<tr>\n<td>\u00cdndice de prote\u00e7\u00e3o<\/td>\n<td>IP65<\/td>\n<\/tr>\n<tr>\n<td>Resist\u00eancia ao impacto<\/td>\n<td>IK09<\/td>\n<\/tr>\n<tr>\n<td>Dimens\u00f5es (L\u00d7A\u00d7P)<\/td>\n<td>218 \u00d7 200 \u00d7 100 mm<\/td>\n<\/tr>\n<tr>\n<td>Entradas de cabos<\/td>\n<td>PG09 (entrada), PG21 (sa\u00edda)<\/td>\n<\/tr>\n<tr>\n<td>Tamanho do condutor<\/td>\n<td>2,5-16 mm\u00b2<\/td>\n<\/tr>\n<tr>\n<td>Temperatura operacional<\/td>\n<td>-20 \u2103 ~ +60 \u2103<\/td>\n<\/tr>\n<tr>\n<td>Umidade<\/td>\n<td>\u2264 99%<\/td>\n<\/tr>\n<tr>\n<td>Altitude<\/td>\n<td>\u2264 2000 m<\/td>\n<\/tr>\n<tr>\n<td>Instala\u00e7\u00e3o<\/td>\n<td>Montagem na parede<\/td>\n<\/tr>\n<\/tbody>\n<\/table>\n<\/section>\n<section id=\"wiring-diagram\">\n<h3>Diagrama de fia\u00e7\u00e3o<\/h3>\n<figure><!-- Replace with actual diagram asset --><img loading=\"lazy\" decoding=\"async\" class=\"alignnone wp-image-1443\" src=\"https:\/\/sinobreaker.com\/wp-content\/uploads\/2025\/08\/DHS1-1D-300x122.png\" alt=\"Diagrama HS1-1\" width=\"689\" height=\"280\" srcset=\"https:\/\/sinobreaker.com\/wp-content\/uploads\/2025\/08\/DHS1-1D-300x122.png 300w, https:\/\/sinobreaker.com\/wp-content\/uploads\/2025\/08\/DHS1-1D-600x244.png 600w, https:\/\/sinobreaker.com\/wp-content\/uploads\/2025\/08\/DHS1-1D.png 615w\" sizes=\"auto, (max-width: 689px) 100vw, 689px\" \/><figcaption>Cadeia fotovoltaica \u2192 Fus\u00edvel \u2192 SPD \u2192 Chave seccionadora CC \u2192 MPPT\/Inversor<\/figcaption><\/figure>\n<\/section>\n<section id=\"applications\">\n<h3>Aplicativos<\/h3>\n<ul>\n<li>FV residencial em telhados (corda \u00fanica)<\/li>\n<li>Pequenos pain\u00e9is fotovoltaicos de C&amp;I que exigem prote\u00e7\u00e3o contra surtos e isolamento<\/li>\n<li>Instala\u00e7\u00f5es externas que exigem IP65 e IK09<\/li>\n<\/ul>\n<p>Componentes relacionados: <a href=\"\/pt\/fusivel-dc\/\">Fus\u00edvel CC<\/a>, <a href=\"\/pt\/dc-spd\/\">DC SPD<\/a>, <a href=\"\/pt\/dc-disconnector\/\">Chave seccionadora CC<\/a>, <a href=\"\/pt\/dc-breaker\/\">Disjuntor CC<\/a>.<\/p>\n<\/section>\n<section id=\"faq\">\n<h3>PERGUNTAS FREQUENTES<\/h3>\n<div class=\"faq-item\">\n<h4>O que \u00e9 uma caixa combinadora fotovoltaica 1 in 1 out?<\/h4>\n<p>Uma caixa combinadora para uma \u00fanica cadeia fotovoltaica, integrando um fus\u00edvel CC, um SPD Tipo 2 e uma chave seccionadora CC para isolamento e seguran\u00e7a de manuten\u00e7\u00e3o. Veja a <a href=\"\/pt\/caixa-combinadora-fotovoltaica\/\">P\u00e1gina de destino da PV Combiner Box<\/a> para mais modelos.<\/p>\n<\/div>\n<div class=\"faq-item\">\n<h4>Ele atende aos padr\u00f5es de prote\u00e7\u00e3o contra surtos?<\/h4>\n<p>Sim. O SPD est\u00e1 alinhado com <a href=\"https:\/\/www.iec.ch\/\" target=\"_blank\" rel=\"nofollow noopener\">IEC\/EN 61643-31<\/a>. O acesso ao mercado pode exigir <a href=\"https:\/\/single-market-economy.ec.europa.eu\/single-market\/european-standards\/harmonised-standards_en\" target=\"_blank\" rel=\"nofollow noopener\">Normas harmonizadas CE<\/a> e <a href=\"https:\/\/www.ul.com\/\" target=\"_blank\" rel=\"nofollow noopener\">UL<\/a> conformidade, quando aplic\u00e1vel.<\/p>\n<\/div>\n<div class=\"faq-item\">\n<h4>Quais cabos podem ser conectados?<\/h4>\n<p>Os prensa-cabos de entrada PG09 e de sa\u00edda PG21 aceitam condutores de 2,5 a 16 mm\u00b2.<\/p>\n<\/div>\n<div class=\"faq-item\">\n<h4>Onde posso obter informa\u00e7\u00f5es sobre pre\u00e7os ou OEM?<\/h4>\n<p><a href=\"\/pt\/entre-em-contato-conosco\/\">Entre em contato conosco<\/a> para obter uma cota\u00e7\u00e3o e visitar nossa <a href=\"\/pt\/pv-combiner-manufacturer\/\">p\u00e1gina do fabricante<\/a> para obter detalhes sobre produ\u00e7\u00e3o e OEM.<\/p>\n<\/div>\n<\/section>\n<section id=\"cta\">\n<h3>Solicite uma cota\u00e7\u00e3o<\/h3>\n<p>Informe a corrente de sua string fotovoltaica e o tamanho do cabo; configuraremos os fus\u00edveis e os prensa-cabos de acordo. <a href=\"\/pt\/entre-em-contato-conosco\/\">Obter uma cota\u00e7\u00e3o \u2192<\/a><\/p>\n<\/section>","protected":false},"excerpt":{"rendered":"<p>(1) <strong data-start=\"441\" data-end=\"471\">Caixa combinadora fotovoltaica 1 entrada 1 sa\u00edda<\/strong> para <strong data-start=\"476\" data-end=\"487\">1000VDC<\/strong> sistemas.<br data-start=\"496\" data-end=\"499\" \/>(2) Integrado <strong data-start=\"514\" data-end=\"563\">Fus\u00edvel CC + SPD tipo 2 + chave seccionadora CC<\/strong> para sobrecorrente, sobretens\u00e3o e isolamento seguro.<br data-start=\"606\" data-end=\"609\" \/>(3) Ao ar livre <strong data-start=\"621\" data-end=\"636\">IP65 \/ IK09<\/strong> Gabinete para PC, montagem na parede, prensa-cabos PG 2,5-16 mm\u00b2.<\/p>","protected":false},"featured_media":1444,"comment_status":"open","ping_status":"closed","template":"","meta":[],"product_brand":[],"product_cat":[30],"product_tag":[],"class_list":{"0":"post-1442","1":"product","2":"type-product","3":"status-publish","4":"has-post-thumbnail","6":"product_cat-pv-combiner-box","8":"first","9":"instock","10":"shipping-taxable","11":"product-type-simple"},"_links":{"self":[{"href":"https:\/\/sinobreaker.com\/pt\/wp-json\/wp\/v2\/product\/1442","targetHints":{"allow":["GET"]}}],"collection":[{"href":"https:\/\/sinobreaker.com\/pt\/wp-json\/wp\/v2\/product"}],"about":[{"href":"https:\/\/sinobreaker.com\/pt\/wp-json\/wp\/v2\/types\/product"}],"replies":[{"embeddable":true,"href":"https:\/\/sinobreaker.com\/pt\/wp-json\/wp\/v2\/comments?post=1442"}],"wp:featuredmedia":[{"embeddable":true,"href":"https:\/\/sinobreaker.com\/pt\/wp-json\/wp\/v2\/media\/1444"}],"wp:attachment":[{"href":"https:\/\/sinobreaker.com\/pt\/wp-json\/wp\/v2\/media?parent=1442"}],"wp:term":[{"taxonomy":"product_brand","embeddable":true,"href":"https:\/\/sinobreaker.com\/pt\/wp-json\/wp\/v2\/product_brand?post=1442"},{"taxonomy":"product_cat","embeddable":true,"href":"https:\/\/sinobreaker.com\/pt\/wp-json\/wp\/v2\/product_cat?post=1442"},{"taxonomy":"product_tag","embeddable":true,"href":"https:\/\/sinobreaker.com\/pt\/wp-json\/wp\/v2\/product_tag?post=1442"}],"curies":[{"name":"wp","href":"https:\/\/api.w.org\/{rel}","templated":true}]}}