{"id":1446,"date":"2025-08-25T09:03:43","date_gmt":"2025-08-25T09:03:43","guid":{"rendered":"https:\/\/sinobreaker.com\/?post_type=product&#038;p=1446"},"modified":"2025-08-25T09:04:10","modified_gmt":"2025-08-25T09:04:10","slug":"caixa-combinadora-fotovoltaica-2-entradas-1-saida-1000vdc","status":"publish","type":"product","link":"https:\/\/sinobreaker.com\/pt\/products\/pv-combiner-box-2-in-1-out-1000vdc\/","title":{"rendered":"Caixa combinadora fotovoltaica 2 em 1 sa\u00edda 1000 VDC | S\u00e9rie HS com fus\u00edvel, SPD e interruptor"},"content":{"rendered":"<section id=\"overview\">\n<h2>S\u00e9rie HS - Caixa combinadora fotovoltaica 2 em 1 sa\u00edda 1000 VDC<\/h2>\n<p>O <strong>S\u00e9rie HS<\/strong> <strong>Caixa combinadora fotovoltaica 2 em 1 sa\u00edda<\/strong> foi projetado para pequenos sistemas fotovoltaicos que exigem prote\u00e7\u00e3o de entrada de string dupla com supress\u00e3o de surtos e isolamento seguro. Ele integra um<br \/>\n<a href=\"\/pt\/fusivel-dc\/\">Fus\u00edvel CC<\/a>, a <a href=\"\/pt\/dc-spd\/\">SPD Tipo 2<\/a>e um <a href=\"\/pt\/dc-disconnector\/\">Chave seccionadora CC<\/a>.<br \/>\nSeu gabinete de PC pronto para uso externo (<strong>IP65<\/strong>, <strong>IK09<\/strong>) garante uma opera\u00e7\u00e3o confi\u00e1vel em ambientes adversos.<\/p>\n<p>Veja a linha completa no site <a href=\"\/pt\/caixa-combinadora-fotovoltaica\/\">P\u00e1gina de destino da PV Combiner Box<\/a>ou saiba mais sobre nossa produ\u00e7\u00e3o no site<br \/>\n<a href=\"\/pt\/pv-combiner-manufacturer\/\">p\u00e1gina do fabricante<\/a>. Para alternativas equipadas com disjuntor, verifique <a href=\"\/pt\/dc-breaker\/\">Disjuntores CC<\/a>. Para consultas de OEM, <a href=\"\/pt\/entre-em-contato-conosco\/\">Entre em contato conosco<\/a>.<\/p>\n<\/section>\n<section id=\"key-features\">\n<h3>Principais recursos<\/h3>\n<ul>\n<li><strong>Topologia:<\/strong> 2 em 1 sa\u00edda (cadeias fotovoltaicas duplas combinadas em 1 sa\u00edda)<\/li>\n<li><strong>Tens\u00e3o do sistema:<\/strong> 1000V CC<\/li>\n<li><strong>Conjunto de prote\u00e7\u00e3o:<\/strong> <a href=\"\/pt\/fusivel-dc\/\">Fus\u00edveis CC de 10\u00d738 mm<\/a> (tip. 16 A cada), <a href=\"\/pt\/dc-spd\/\">SPD Tipo 2<\/a> (40 kA), <a href=\"\/pt\/dc-disconnector\/\">Chave seccionadora CC<\/a> (32 A)<\/li>\n<li><strong>Anexo:<\/strong> Policarbonato, <strong>IP65<\/strong> entrada e <strong>IK09<\/strong> prote\u00e7\u00e3o contra impactos<\/li>\n<li><strong>Fia\u00e7\u00e3o:<\/strong> Prensa-cabos de entrada PG09 e sa\u00edda PG21; condutores de 2,5 a 16 mm\u00b2.<\/li>\n<li><strong>Padr\u00f5es:<\/strong> SPD testado para<br \/>\n<a href=\"https:\/\/www.iec.ch\/\" target=\"_blank\" rel=\"nofollow noopener\">IEC\/EN 61643-31<\/a>;<br \/>\nem conformidade com <a href=\"https:\/\/single-market-economy.ec.europa.eu\/single-market\/european-standards\/harmonised-standards_en\" target=\"_blank\" rel=\"nofollow noopener\">Normas harmonizadas CE<\/a><br \/>\ne <a href=\"https:\/\/www.ul.com\/\" target=\"_blank\" rel=\"nofollow noopener\">UL<\/a> requisitos (quando aplic\u00e1vel).<\/li>\n<\/ul>\n<\/section>\n<section id=\"specifications\">\n<h3>Especifica\u00e7\u00f5es t\u00e9cnicas<\/h3>\n<table>\n<thead>\n<tr>\n<th>Especifica\u00e7\u00e3o<\/th>\n<th>Valor<\/th>\n<\/tr>\n<\/thead>\n<tbody>\n<tr>\n<td>S\u00e9rie<\/td>\n<td>HS<\/td>\n<\/tr>\n<tr>\n<td>Entrada \/ Sa\u00edda<\/td>\n<td>2 entradas \/ 1 sa\u00edda (2 cordas combinadas)<\/td>\n<\/tr>\n<tr>\n<td>Tens\u00e3o m\u00e1xima do sistema<\/td>\n<td>1000V CC<\/td>\n<\/tr>\n<tr>\n<td>Corrente m\u00e1xima de curto-circuito CC (por entrada)<\/td>\n<td>16 A (configur\u00e1vel)<\/td>\n<\/tr>\n<tr>\n<td>Corrente m\u00e1xima de sa\u00edda<\/td>\n<td>32 A<\/td>\n<\/tr>\n<tr>\n<td>Dispositivo de prote\u00e7\u00e3o contra surtos<\/td>\n<td>DPS tipo 2, 40 kA, IEC\/EN 61643-31<\/td>\n<\/tr>\n<tr>\n<td>Fus\u00edvel<\/td>\n<td>2 fus\u00edveis CC de 10\u00d738 mm, tipo 16 A, indicador LED opcional<\/td>\n<\/tr>\n<tr>\n<td>Chave seccionadora<\/td>\n<td>Chave seccionadora CC, 32 A, isolamento de 1200 V<\/td>\n<\/tr>\n<tr>\n<td>Gabinete<\/td>\n<td>PC<\/td>\n<\/tr>\n<tr>\n<td>\u00cdndice de prote\u00e7\u00e3o<\/td>\n<td>IP65<\/td>\n<\/tr>\n<tr>\n<td>Resist\u00eancia ao impacto<\/td>\n<td>IK09<\/td>\n<\/tr>\n<tr>\n<td>Dimens\u00f5es (L\u00d7A\u00d7P)<\/td>\n<td>aprox. 240 \u00d7 220 \u00d7 110 mm<\/td>\n<\/tr>\n<tr>\n<td>Entradas de cabos<\/td>\n<td>PG09 (entradas), PG21 (sa\u00edda)<\/td>\n<\/tr>\n<tr>\n<td>Tamanho do condutor<\/td>\n<td>2,5-16 mm\u00b2<\/td>\n<\/tr>\n<tr>\n<td>Temperatura operacional<\/td>\n<td>-20 \u2103 ~ +60 \u2103<\/td>\n<\/tr>\n<tr>\n<td>Umidade<\/td>\n<td>\u2264 99%<\/td>\n<\/tr>\n<tr>\n<td>Altitude<\/td>\n<td>\u2264 2000 m<\/td>\n<\/tr>\n<tr>\n<td>Instala\u00e7\u00e3o<\/td>\n<td>Montagem na parede<\/td>\n<\/tr>\n<\/tbody>\n<\/table>\n<\/section>\n<section id=\"wiring-diagram\">\n<h3>Diagrama de fia\u00e7\u00e3o<\/h3>\n<figure><img loading=\"lazy\" decoding=\"async\" class=\"alignnone  wp-image-1447\" src=\"https:\/\/sinobreaker.com\/wp-content\/uploads\/2025\/08\/HS2-1D-300x111.png\" alt=\"Diagrama da caixa combinadora fotovoltaica 2 entradas 1 sa\u00edda 1000VDC\" width=\"630\" height=\"233\" srcset=\"https:\/\/sinobreaker.com\/wp-content\/uploads\/2025\/08\/HS2-1D-300x111.png 300w, https:\/\/sinobreaker.com\/wp-content\/uploads\/2025\/08\/HS2-1D-18x7.png 18w, https:\/\/sinobreaker.com\/wp-content\/uploads\/2025\/08\/HS2-1D-600x222.png 600w, https:\/\/sinobreaker.com\/wp-content\/uploads\/2025\/08\/HS2-1D.png 680w\" sizes=\"auto, (max-width: 630px) 100vw, 630px\" \/><figcaption>Duas cadeias fotovoltaicas \u2192 fus\u00edveis CC \u2192 SPD \u2192 chave seccionadora CC \u2192 MPPT\/Inversor<\/figcaption><\/figure>\n<\/section>\n<section id=\"applications\">\n<h3>Aplicativos<\/h3>\n<ul>\n<li>Pain\u00e9is fotovoltaicos residenciais com strings duplos<\/li>\n<li>Sistemas fotovoltaicos comerciais de pequeno porte que exigem prote\u00e7\u00e3o de 2 entradas<\/li>\n<li>Instala\u00e7\u00f5es fotovoltaicas externas que necessitam de gabinetes IP65 \/ IK09<\/li>\n<\/ul>\n<p>Componentes relacionados: <a href=\"\/pt\/fusivel-dc\/\">Fus\u00edvel CC<\/a>, <a href=\"\/pt\/dc-spd\/\">DC SPD<\/a>, <a href=\"\/pt\/dc-disconnector\/\">Chave seccionadora CC<\/a>, <a href=\"\/pt\/dc-breaker\/\">Disjuntor CC<\/a>.<\/p>\n<\/section>\n<section id=\"faq\">\n<h3>PERGUNTAS FREQUENTES<\/h3>\n<div class=\"faq-item\">\n<h4>O que \u00e9 uma caixa combinadora fotovoltaica 2 em 1 fora?<\/h4>\n<p>\u00c9 uma caixa combinadora para dois strings fotovoltaicos combinados em uma \u00fanica sa\u00edda, integrando fus\u00edveis, SPD Tipo 2 e uma chave seccionadora CC. Veja a <a href=\"\/pt\/caixa-combinadora-fotovoltaica\/\">P\u00e1gina de destino da PV Combiner Box<\/a> para mais modelos.<\/p>\n<\/div>\n<div class=\"faq-item\">\n<h4>Como ele protege as cadeias fotovoltaicas duplas?<\/h4>\n<p>Cada string tem seu pr\u00f3prio fus\u00edvel CC, al\u00e9m de um SPD compartilhado e um interruptor seccionador para isolamento e prote\u00e7\u00e3o contra surtos.<\/p>\n<\/div>\n<div class=\"faq-item\">\n<h4>Quais s\u00e3o os tamanhos de cabos suportados?<\/h4>\n<p>Os prensa-cabos de entrada PG09 e de sa\u00edda PG21 suportam condutores de 2,5 a 16 mm\u00b2.<\/p>\n<\/div>\n<div class=\"faq-item\">\n<h4>Onde posso obter informa\u00e7\u00f5es sobre OEM e pre\u00e7os?<\/h4>\n<p><a href=\"\/pt\/entre-em-contato-conosco\/\">Entre em contato conosco<\/a> para obter cota\u00e7\u00f5es e visitar nossa <a href=\"\/pt\/pv-combiner-manufacturer\/\">p\u00e1gina do fabricante<\/a> para obter detalhes de OEM.<\/p>\n<\/div>\n<\/section>\n<section id=\"cta\">\n<h3>Solicite uma cota\u00e7\u00e3o<\/h3>\n<p>Forne\u00e7a suas classifica\u00e7\u00f5es de string fotovoltaica e configuraremos os fus\u00edveis e os prensa-cabos de acordo. <a href=\"\/pt\/entre-em-contato-conosco\/\">Obter uma cota\u00e7\u00e3o \u2192<\/a><\/p>\n<\/section>","protected":false},"excerpt":{"rendered":"<p data-start=\"232\" data-end=\"336\">(1) <strong data-start=\"410\" data-end=\"440\">Caixa combinadora fotovoltaica 2 entradas 1 sa\u00edda<\/strong> para <strong data-start=\"445\" data-end=\"456\">1000VDC<\/strong> Matrizes fotovoltaicas.<br data-start=\"467\" data-end=\"470\" \/>(2) Integrado <strong data-start=\"485\" data-end=\"534\">Fus\u00edvel CC + SPD tipo 2 + chave seccionadora CC<\/strong> para prote\u00e7\u00e3o e isolamento de entrada de string dupla.<br data-start=\"582\" data-end=\"585\" \/>(3) Resistente <strong data-start=\"596\" data-end=\"611\">IP65 \/ IK09<\/strong> Gabinete para PC, montado na parede, com prensa-cabos PG de 2,5 a 16 mm\u00b2.<\/p>","protected":false},"featured_media":1448,"comment_status":"open","ping_status":"closed","template":"","meta":[],"product_brand":[],"product_cat":[30],"product_tag":[],"class_list":{"0":"post-1446","1":"product","2":"type-product","3":"status-publish","4":"has-post-thumbnail","6":"product_cat-pv-combiner-box","8":"first","9":"instock","10":"shipping-taxable","11":"product-type-simple"},"_links":{"self":[{"href":"https:\/\/sinobreaker.com\/pt\/wp-json\/wp\/v2\/product\/1446","targetHints":{"allow":["GET"]}}],"collection":[{"href":"https:\/\/sinobreaker.com\/pt\/wp-json\/wp\/v2\/product"}],"about":[{"href":"https:\/\/sinobreaker.com\/pt\/wp-json\/wp\/v2\/types\/product"}],"replies":[{"embeddable":true,"href":"https:\/\/sinobreaker.com\/pt\/wp-json\/wp\/v2\/comments?post=1446"}],"wp:featuredmedia":[{"embeddable":true,"href":"https:\/\/sinobreaker.com\/pt\/wp-json\/wp\/v2\/media\/1448"}],"wp:attachment":[{"href":"https:\/\/sinobreaker.com\/pt\/wp-json\/wp\/v2\/media?parent=1446"}],"wp:term":[{"taxonomy":"product_brand","embeddable":true,"href":"https:\/\/sinobreaker.com\/pt\/wp-json\/wp\/v2\/product_brand?post=1446"},{"taxonomy":"product_cat","embeddable":true,"href":"https:\/\/sinobreaker.com\/pt\/wp-json\/wp\/v2\/product_cat?post=1446"},{"taxonomy":"product_tag","embeddable":true,"href":"https:\/\/sinobreaker.com\/pt\/wp-json\/wp\/v2\/product_tag?post=1446"}],"curies":[{"name":"wp","href":"https:\/\/api.w.org\/{rel}","templated":true}]}}