{"id":1449,"date":"2025-08-25T09:12:52","date_gmt":"2025-08-25T09:12:52","guid":{"rendered":"https:\/\/sinobreaker.com\/?post_type=product&#038;p=1449"},"modified":"2025-08-31T14:50:04","modified_gmt":"2025-08-31T14:50:04","slug":"caixa-combinadora-pv-3-em-1-saida","status":"publish","type":"product","link":"https:\/\/sinobreaker.com\/pt\/products\/pv-combiner-box-3-in-1-out\/","title":{"rendered":"Caixa combinadora fotovoltaica 3 em 1 sa\u00edda 1000 VDC | S\u00e9rie HS com fus\u00edvel, SPD e interruptor"},"content":{"rendered":"<section id=\"overview\">\n<h2>S\u00e9rie HS - Caixa combinadora fotovoltaica 3 em 1 sa\u00edda 1000VDC<\/h2>\n<p>O <strong>S\u00e9rie HS<\/strong> <strong>caixa combinadora pv 3 em 1 sa\u00edda<\/strong> foi projetado para matrizes fotovoltaicas de tr\u00eas cordas, combinando tr\u00eas entradas CC em uma sa\u00edda protegida. Ele integra<br \/>\n<a href=\"\/pt\/fusivel-dc\/\">Fus\u00edveis CC<\/a>, a <a href=\"\/pt\/dc-spd\/\">SPD Tipo 2<\/a>e um <a href=\"\/pt\/dc-disconnector\/\">Chave seccionadora CC<\/a>garantindo prote\u00e7\u00e3o confi\u00e1vel contra surtos, isolamento de sobrecorrente e manuten\u00e7\u00e3o segura.<\/p>\n<p>Saiba mais sobre os modelos no site <a href=\"\/pt\/caixa-combinadora-fotovoltaica\/\">P\u00e1gina de destino da PV Combiner Box<\/a>e explore nossa produ\u00e7\u00e3o no <a href=\"\/pt\/pv-combiner-manufacturer\/\">p\u00e1gina do fabricante<\/a>. Para variantes baseadas em disjuntor, verifique <a href=\"\/pt\/dc-breaker\/\">Disjuntores CC<\/a>. Para OEM ou pre\u00e7os, <a href=\"\/pt\/entre-em-contato-conosco\/\">Entre em contato conosco<\/a>.<\/p>\n<\/section>\n<section id=\"key-features\">\n<h3>Principais recursos<\/h3>\n<ul>\n<li><strong>Topologia:<\/strong> 3 entradas e 1 sa\u00edda (entradas triplas de string fotovoltaica)<\/li>\n<li><strong>Tens\u00e3o do sistema:<\/strong> 1000V CC<\/li>\n<li><strong>Dispositivos de prote\u00e7\u00e3o:<\/strong> 3 \u00d7 <a href=\"\/pt\/fusivel-dc\/\">Fus\u00edveis CC de 10\u00d738 mm<\/a> (tip. 16 A cada), <a href=\"\/pt\/dc-spd\/\">SPD Tipo 2<\/a> (40 kA), <a href=\"\/pt\/dc-disconnector\/\">Chave seccionadora CC<\/a> (32 A)<\/li>\n<li><strong>Anexo:<\/strong> Policarbonato, <strong>IP65<\/strong> entrada e <strong>IK09<\/strong> classifica\u00e7\u00e3o de impacto<\/li>\n<li><strong>Fia\u00e7\u00e3o:<\/strong> Prensa-cabos de entradas PG09 e sa\u00eddas PG21, condutores de 2,5 a 16 mm\u00b2.<\/li>\n<li><strong>Padr\u00f5es:<\/strong> SPD testado para<br \/>\n<a href=\"https:\/\/www.iec.ch\/\" target=\"_blank\" rel=\"nofollow noopener\">IEC\/EN 61643-31<\/a>em conformidade com<br \/>\n<a href=\"https:\/\/single-market-economy.ec.europa.eu\/single-market\/european-standards\/harmonised-standards_en\" target=\"_blank\" rel=\"nofollow noopener\">Padr\u00f5es CE<\/a><br \/>\ne <a href=\"https:\/\/www.ul.com\/\" target=\"_blank\" rel=\"nofollow noopener\">UL<\/a> diretrizes (quando aplic\u00e1vel).<\/li>\n<\/ul>\n<\/section>\n<section id=\"specifications\">\n<h3>Especifica\u00e7\u00f5es t\u00e9cnicas<\/h3>\n<table>\n<thead>\n<tr>\n<th>Especifica\u00e7\u00e3o<\/th>\n<th>Valor<\/th>\n<\/tr>\n<\/thead>\n<tbody>\n<tr>\n<td>S\u00e9rie<\/td>\n<td>HS<\/td>\n<\/tr>\n<tr>\n<td>Entrada \/ Sa\u00edda<\/td>\n<td>3 entradas \/ 1 sa\u00edda (corda tripla combinada)<\/td>\n<\/tr>\n<tr>\n<td>Tens\u00e3o m\u00e1xima do sistema<\/td>\n<td>1000V CC<\/td>\n<\/tr>\n<tr>\n<td>Corrente m\u00e1xima de curto-circuito CC (por entrada)<\/td>\n<td>16 A (configur\u00e1vel)<\/td>\n<\/tr>\n<tr>\n<td>Corrente m\u00e1xima de sa\u00edda<\/td>\n<td>48 A<\/td>\n<\/tr>\n<tr>\n<td>Dispositivo de prote\u00e7\u00e3o contra surtos<\/td>\n<td>SPD tipo 2, 40 kA<\/td>\n<\/tr>\n<tr>\n<td>Fus\u00edvel<\/td>\n<td>3 \u00d7 10\u00d738 mm Fus\u00edveis CC, tipo 16 A<\/td>\n<\/tr>\n<tr>\n<td>Chave seccionadora<\/td>\n<td>Chave seccionadora CC, 32-63 A<\/td>\n<\/tr>\n<tr>\n<td>Gabinete<\/td>\n<td>PC, IP65<\/td>\n<\/tr>\n<tr>\n<td>Resist\u00eancia ao impacto<\/td>\n<td>IK09<\/td>\n<\/tr>\n<tr>\n<td>Dimens\u00f5es<\/td>\n<td>~260 \u00d7 230 \u00d7 110 mm<\/td>\n<\/tr>\n<tr>\n<td>Entradas de cabos<\/td>\n<td>Entradas PG09; sa\u00edda PG21<\/td>\n<\/tr>\n<tr>\n<td>Tamanho do condutor<\/td>\n<td>2,5-16 mm\u00b2<\/td>\n<\/tr>\n<tr>\n<td>Temperatura operacional<\/td>\n<td>-20 \u2103 ~ +60 \u2103<\/td>\n<\/tr>\n<tr>\n<td>Umidade<\/td>\n<td>\u2264 99%<\/td>\n<\/tr>\n<tr>\n<td>Altitude<\/td>\n<td>\u2264 2000 m<\/td>\n<\/tr>\n<tr>\n<td>Instala\u00e7\u00e3o<\/td>\n<td>Montagem na parede<\/td>\n<\/tr>\n<\/tbody>\n<\/table>\n<\/section>\n<section id=\"wiring-diagram\">\n<h3>Diagrama de fia\u00e7\u00e3o<\/h3>\n<figure><img loading=\"lazy\" decoding=\"async\" class=\"alignnone wp-image-1450\" src=\"https:\/\/sinobreaker.com\/wp-content\/uploads\/2025\/08\/HS3-1D-300x160.png\" alt=\"Diagrama da caixa combinadora fotovoltaica 3 em 1 de sa\u00edda\" width=\"546\" height=\"291\" srcset=\"https:\/\/sinobreaker.com\/wp-content\/uploads\/2025\/08\/HS3-1D-300x160.png 300w, https:\/\/sinobreaker.com\/wp-content\/uploads\/2025\/08\/HS3-1D-18x10.png 18w, https:\/\/sinobreaker.com\/wp-content\/uploads\/2025\/08\/HS3-1D-600x320.png 600w, https:\/\/sinobreaker.com\/wp-content\/uploads\/2025\/08\/HS3-1D.png 682w\" sizes=\"auto, (max-width: 546px) 100vw, 546px\" \/><figcaption>Tr\u00eas strings fotovoltaicas \u2192 fus\u00edveis CC \u2192 SPD \u2192 chave seccionadora CC \u2192 Inversor<\/figcaption><\/figure>\n<\/section>\n<section id=\"applications\">\n<h3>Aplicativos<\/h3>\n<ul>\n<li>Matrizes fotovoltaicas residenciais com tr\u00eas strings<\/li>\n<li>Sistemas fotovoltaicos comerciais de pequeno porte que combinam tr\u00eas entradas<\/li>\n<li>Instala\u00e7\u00f5es externas que exigem gabinetes IP65\/IK09<\/li>\n<\/ul>\n<p>Veja os componentes relacionados: <a href=\"\/pt\/fusivel-dc\/\">Fus\u00edvel CC<\/a>, <a href=\"\/pt\/dc-spd\/\">Dispositivos de prote\u00e7\u00e3o contra surtos<\/a>, <a href=\"\/pt\/dc-disconnector\/\">Chaves seccionadoras CC<\/a>, <a href=\"\/pt\/dc-breaker\/\">Disjuntores CC<\/a>.<\/p>\n<\/section>\n<section id=\"faq\">\n<h3>PERGUNTAS FREQUENTES<\/h3>\n<div class=\"faq-item\">\n<h4>O que \u00e9 uma caixa combinadora fotovoltaica 3 em 1 fora?<\/h4>\n<p>Uma caixa combinadora projetada para combinar tr\u00eas strings fotovoltaicas em uma sa\u00edda, com fus\u00edveis, SPD e uma chave seccionadora CC para seguran\u00e7a e prote\u00e7\u00e3o contra surtos.<\/p>\n<\/div>\n<div class=\"faq-item\">\n<h4>Quais prote\u00e7\u00f5es est\u00e3o inclu\u00eddas?<\/h4>\n<p>Cada string tem um fus\u00edvel dedicado, al\u00e9m de prote\u00e7\u00e3o contra surtos compartilhada e um seccionador para isolamento.<\/p>\n<\/div>\n<div class=\"faq-item\">\n<h4>Ele \u00e9 adequado para uso externo?<\/h4>\n<p>Sim, com inv\u00f3lucro de PC com classifica\u00e7\u00e3o IP65 e IK09, projetado para condi\u00e7\u00f5es adversas.<\/p>\n<\/div>\n<div class=\"faq-item\">\n<h4>Onde posso encontrar os pre\u00e7os?<\/h4>\n<p><a href=\"\/pt\/entre-em-contato-conosco\/\">Entre em contato conosco<\/a> para obter uma cota\u00e7\u00e3o, ou visite nosso <a href=\"\/pt\/pv-combiner-manufacturer\/\">p\u00e1gina do fabricante<\/a> para obter detalhes.<\/p>\n<\/div>\n<\/section>\n<section id=\"cta\">\n<h3>Solicite uma cota\u00e7\u00e3o<\/h3>\n<p>Envie-nos as especifica\u00e7\u00f5es de seu painel fotovoltaico (corrente de string e tamanho do cabo) e forneceremos fus\u00edveis e componentes sob medida. <a href=\"\/pt\/entre-em-contato-conosco\/\">Solicite uma cota\u00e7\u00e3o \u2192<\/a><\/p>\n<\/section>","protected":false},"excerpt":{"rendered":"<p>(1) <strong data-start=\"328\" data-end=\"358\">Caixa combinadora fotovoltaica 3 entradas 1 sa\u00edda<\/strong> para <strong data-start=\"363\" data-end=\"374\">1000VDC<\/strong> Sistemas fotovoltaicos.<\/p>\n<p><br data-start=\"386\" data-end=\"389\" \/>(2) Integrado <strong data-start=\"404\" data-end=\"457\">3\u00d7 fus\u00edveis CC + SPD tipo 2 + chave seccionadora CC<\/strong> para prote\u00e7\u00e3o contra surtos e curto-circuitos.<\/p>\n<p><br data-start=\"497\" data-end=\"500\" \/>(3) Pronto para uso externo <strong data-start=\"518\" data-end=\"533\">IP65 \/ IK09<\/strong> Gabinete para PC, montado na parede, prensa-cabos PG de 2,5 a 16 mm\u00b2.<\/p>","protected":false},"featured_media":1451,"comment_status":"open","ping_status":"closed","template":"","meta":[],"product_brand":[],"product_cat":[30],"product_tag":[],"class_list":{"0":"post-1449","1":"product","2":"type-product","3":"status-publish","4":"has-post-thumbnail","6":"product_cat-pv-combiner-box","8":"first","9":"instock","10":"shipping-taxable","11":"product-type-simple"},"_links":{"self":[{"href":"https:\/\/sinobreaker.com\/pt\/wp-json\/wp\/v2\/product\/1449","targetHints":{"allow":["GET"]}}],"collection":[{"href":"https:\/\/sinobreaker.com\/pt\/wp-json\/wp\/v2\/product"}],"about":[{"href":"https:\/\/sinobreaker.com\/pt\/wp-json\/wp\/v2\/types\/product"}],"replies":[{"embeddable":true,"href":"https:\/\/sinobreaker.com\/pt\/wp-json\/wp\/v2\/comments?post=1449"}],"wp:featuredmedia":[{"embeddable":true,"href":"https:\/\/sinobreaker.com\/pt\/wp-json\/wp\/v2\/media\/1451"}],"wp:attachment":[{"href":"https:\/\/sinobreaker.com\/pt\/wp-json\/wp\/v2\/media?parent=1449"}],"wp:term":[{"taxonomy":"product_brand","embeddable":true,"href":"https:\/\/sinobreaker.com\/pt\/wp-json\/wp\/v2\/product_brand?post=1449"},{"taxonomy":"product_cat","embeddable":true,"href":"https:\/\/sinobreaker.com\/pt\/wp-json\/wp\/v2\/product_cat?post=1449"},{"taxonomy":"product_tag","embeddable":true,"href":"https:\/\/sinobreaker.com\/pt\/wp-json\/wp\/v2\/product_tag?post=1449"}],"curies":[{"name":"wp","href":"https:\/\/api.w.org\/{rel}","templated":true}]}}