{"id":1453,"date":"2025-08-25T09:18:38","date_gmt":"2025-08-25T09:18:38","guid":{"rendered":"https:\/\/sinobreaker.com\/?post_type=product&#038;p=1453"},"modified":"2025-08-25T09:19:21","modified_gmt":"2025-08-25T09:19:21","slug":"caixa-combinadora-fotovoltaica-2-entradas-2-saidas","status":"publish","type":"product","link":"https:\/\/sinobreaker.com\/pt\/products\/pv-combiner-box-2-in-2-out\/","title":{"rendered":"Caixa combinadora fotovoltaica 2 entradas 2 sa\u00eddas 1000 VDC | S\u00e9rie HS com fus\u00edvel, SPD e interruptor"},"content":{"rendered":"<section id=\"overview\">\n<h2>S\u00e9rie HS - Caixa combinadora fotovoltaica 2 entradas 2 sa\u00eddas 1000 VDC<\/h2>\n<p>O <strong>S\u00e9rie HS<\/strong> <strong>caixa combinadora fotovoltaica 2 entradas 2 sa\u00eddas<\/strong> foi projetado para entradas de string fotovoltaica dupla com sa\u00eddas independentes. Cada string \u00e9 protegida por um <a href=\"\/pt\/fusivel-dc\/\">Fus\u00edvel CC<\/a>, com acr\u00e9scimo de <a href=\"\/pt\/dc-spd\/\">Prote\u00e7\u00e3o contra surtos do tipo 2<\/a> e um <a href=\"\/pt\/dc-disconnector\/\">Chave seccionadora CC<\/a> para opera\u00e7\u00e3o e manuten\u00e7\u00e3o seguras.<\/p>\n<p>Encontre a linha completa no site <a href=\"\/pt\/caixa-combinadora-fotovoltaica\/\">P\u00e1gina de destino da PV Combiner Box<\/a>e visite o <a href=\"\/pt\/pv-combiner-manufacturer\/\">p\u00e1gina do fabricante<\/a> para obter informa\u00e7\u00f5es sobre OEM. Para alternativas baseadas em disjuntores, consulte <a href=\"\/pt\/dc-breaker\/\">Modelos de disjuntores CC<\/a>. Para consultas sobre OEM\/pre\u00e7os, <a href=\"\/pt\/entre-em-contato-conosco\/\">Entre em contato conosco<\/a>.<\/p>\n<\/section>\n<section id=\"key-features\">\n<h3>Principais recursos<\/h3>\n<ul>\n<li><strong>Topologia:<\/strong> 2 entradas 2 sa\u00eddas (entradas PV duplas com sa\u00eddas protegidas separadas)<\/li>\n<li><strong>Tens\u00e3o do sistema:<\/strong> 1000V CC<\/li>\n<li><strong>Dispositivos de prote\u00e7\u00e3o:<\/strong> 2 \u00d7 <a href=\"\/pt\/fusivel-dc\/\">Fus\u00edveis CC de 10\u00d738 mm<\/a> (16 A), <a href=\"\/pt\/dc-spd\/\">SPD Tipo 2<\/a> (40 kA), <a href=\"\/pt\/dc-disconnector\/\">Chave seccionadora CC<\/a><\/li>\n<li><strong>Anexo:<\/strong> Policarbonato, <strong>IP65<\/strong> entrada e <strong>IK09<\/strong> prote\u00e7\u00e3o contra impactos<\/li>\n<li><strong>Fia\u00e7\u00e3o:<\/strong> Entradas PG09 e sa\u00eddas PG21, faixa de condutores de 2,5 a 16 mm\u00b2<\/li>\n<li><strong>Padr\u00f5es:<\/strong> SPD testado para<br \/>\n<a href=\"https:\/\/www.iec.ch\/\" target=\"_blank\" rel=\"nofollow noopener\">IEC\/EN 61643-31<\/a>em conformidade com<br \/>\n<a href=\"https:\/\/single-market-economy.ec.europa.eu\/single-market\/european-standards\/harmonised-standards_en\" target=\"_blank\" rel=\"nofollow noopener\">CE<\/a> e<br \/>\n<a href=\"https:\/\/www.ul.com\/\" target=\"_blank\" rel=\"nofollow noopener\">UL<\/a> requisitos, quando aplic\u00e1vel.<\/li>\n<\/ul>\n<\/section>\n<section id=\"specifications\">\n<h3>Especifica\u00e7\u00f5es t\u00e9cnicas<\/h3>\n<table>\n<thead>\n<tr>\n<th>Especifica\u00e7\u00e3o<\/th>\n<th>Valor<\/th>\n<\/tr>\n<\/thead>\n<tbody>\n<tr>\n<td>S\u00e9rie<\/td>\n<td>HS<\/td>\n<\/tr>\n<tr>\n<td>Entrada \/ Sa\u00edda<\/td>\n<td>2 entradas \/ 2 sa\u00eddas (independente)<\/td>\n<\/tr>\n<tr>\n<td>Tens\u00e3o m\u00e1xima do sistema<\/td>\n<td>1000V CC<\/td>\n<\/tr>\n<tr>\n<td>Corrente m\u00e1xima de entrada<\/td>\n<td>16 A por corda<\/td>\n<\/tr>\n<tr>\n<td>Corrente m\u00e1xima de sa\u00edda<\/td>\n<td>32 Um total<\/td>\n<\/tr>\n<tr>\n<td>Dispositivo de prote\u00e7\u00e3o contra surtos<\/td>\n<td>SPD tipo 2, 40 kA<\/td>\n<\/tr>\n<tr>\n<td>Fus\u00edvel<\/td>\n<td>2 fus\u00edveis CC de 10\u00d738 mm, tipo 16 A<\/td>\n<\/tr>\n<tr>\n<td>Chave seccionadora<\/td>\n<td>Chave seccionadora CC, 32 A<\/td>\n<\/tr>\n<tr>\n<td>Gabinete<\/td>\n<td>PC, IP65<\/td>\n<\/tr>\n<tr>\n<td>Resist\u00eancia ao impacto<\/td>\n<td>IK09<\/td>\n<\/tr>\n<tr>\n<td>Dimens\u00f5es<\/td>\n<td>~240 \u00d7 220 \u00d7 110 mm<\/td>\n<\/tr>\n<tr>\n<td>Entradas de cabos<\/td>\n<td>Entradas PG09, sa\u00eddas PG21<\/td>\n<\/tr>\n<tr>\n<td>Tamanho do condutor<\/td>\n<td>2,5-16 mm\u00b2<\/td>\n<\/tr>\n<tr>\n<td>Temperatura operacional<\/td>\n<td>-20 \u2103 ~ +60 \u2103<\/td>\n<\/tr>\n<tr>\n<td>Umidade<\/td>\n<td>\u2264 99%<\/td>\n<\/tr>\n<tr>\n<td>Altitude<\/td>\n<td>\u2264 2000 m<\/td>\n<\/tr>\n<tr>\n<td>Instala\u00e7\u00e3o<\/td>\n<td>Montagem na parede<\/td>\n<\/tr>\n<\/tbody>\n<\/table>\n<\/section>\n<section id=\"wiring-diagram\">\n<h3>Diagrama de fia\u00e7\u00e3o<\/h3>\n<figure><img loading=\"lazy\" decoding=\"async\" class=\"alignnone wp-image-1455\" src=\"https:\/\/sinobreaker.com\/wp-content\/uploads\/2025\/08\/HS2-2D-300x250.png\" alt=\"Diagrama da caixa combinadora fotovoltaica de 2 entradas e 2 sa\u00eddas\" width=\"461\" height=\"384\" srcset=\"https:\/\/sinobreaker.com\/wp-content\/uploads\/2025\/08\/HS2-2D-300x250.png 300w, https:\/\/sinobreaker.com\/wp-content\/uploads\/2025\/08\/HS2-2D-14x12.png 14w, https:\/\/sinobreaker.com\/wp-content\/uploads\/2025\/08\/HS2-2D-600x499.png 600w, https:\/\/sinobreaker.com\/wp-content\/uploads\/2025\/08\/HS2-2D.png 679w\" sizes=\"auto, (max-width: 461px) 100vw, 461px\" \/><figcaption>Duas cadeias fotovoltaicas \u2192 Fus\u00edveis \u2192 SPD \u2192 Chave seccionadora CC \u2192 Sa\u00eddas independentes para o inversor<\/figcaption><\/figure>\n<\/section>\n<section id=\"applications\">\n<h3>Aplicativos<\/h3>\n<ul>\n<li>Sistemas fotovoltaicos residenciais de string duplo<\/li>\n<li>Sistemas comerciais de telhado que exigem 2 sa\u00eddas<\/li>\n<li>Aplica\u00e7\u00f5es solares externas que exigem prote\u00e7\u00e3o IP65\/IK09<\/li>\n<\/ul>\n<p>Veja os componentes relacionados:<\/p>\n<\/section>","protected":false},"excerpt":{"rendered":"<p>(1) <strong data-start=\"372\" data-end=\"402\">Caixa combinadora fotovoltaica 2 entradas 2 sa\u00eddas<\/strong> para <strong data-start=\"407\" data-end=\"418\">1000VDC<\/strong> pain\u00e9is solares fotovoltaicos.<br data-start=\"435\" data-end=\"438\" \/>(2) Integrado <strong data-start=\"453\" data-end=\"508\">fus\u00edveis duplos de CC + SPD tipo 2 + chave seccionadora de CC<\/strong> para prote\u00e7\u00e3o e isolamento de cordas.<br data-start=\"545\" data-end=\"548\" \/>(3) Gabinete de PC IP65 \/ IK09, classificado para uso externo, prensa-cabos PG para condutores de 2,5 a 16 mm\u00b2.<\/p>","protected":false},"featured_media":1454,"comment_status":"open","ping_status":"closed","template":"","meta":[],"product_brand":[],"product_cat":[30],"product_tag":[],"class_list":{"0":"post-1453","1":"product","2":"type-product","3":"status-publish","4":"has-post-thumbnail","6":"product_cat-pv-combiner-box","8":"first","9":"instock","10":"shipping-taxable","11":"product-type-simple"},"_links":{"self":[{"href":"https:\/\/sinobreaker.com\/pt\/wp-json\/wp\/v2\/product\/1453","targetHints":{"allow":["GET"]}}],"collection":[{"href":"https:\/\/sinobreaker.com\/pt\/wp-json\/wp\/v2\/product"}],"about":[{"href":"https:\/\/sinobreaker.com\/pt\/wp-json\/wp\/v2\/types\/product"}],"replies":[{"embeddable":true,"href":"https:\/\/sinobreaker.com\/pt\/wp-json\/wp\/v2\/comments?post=1453"}],"wp:featuredmedia":[{"embeddable":true,"href":"https:\/\/sinobreaker.com\/pt\/wp-json\/wp\/v2\/media\/1454"}],"wp:attachment":[{"href":"https:\/\/sinobreaker.com\/pt\/wp-json\/wp\/v2\/media?parent=1453"}],"wp:term":[{"taxonomy":"product_brand","embeddable":true,"href":"https:\/\/sinobreaker.com\/pt\/wp-json\/wp\/v2\/product_brand?post=1453"},{"taxonomy":"product_cat","embeddable":true,"href":"https:\/\/sinobreaker.com\/pt\/wp-json\/wp\/v2\/product_cat?post=1453"},{"taxonomy":"product_tag","embeddable":true,"href":"https:\/\/sinobreaker.com\/pt\/wp-json\/wp\/v2\/product_tag?post=1453"}],"curies":[{"name":"wp","href":"https:\/\/api.w.org\/{rel}","templated":true}]}}