{"id":1456,"date":"2025-08-25T09:23:25","date_gmt":"2025-08-25T09:23:25","guid":{"rendered":"https:\/\/sinobreaker.com\/?post_type=product&#038;p=1456"},"modified":"2025-08-25T09:23:25","modified_gmt":"2025-08-25T09:23:25","slug":"caixa-combinadora-fotovoltaica-4-entradas-e-2-saidas","status":"publish","type":"product","link":"https:\/\/sinobreaker.com\/pt\/products\/pv-combiner-box-4-in-2-out\/","title":{"rendered":"Caixa combinadora fotovoltaica 4 entradas 2 sa\u00eddas 1000 VDC | S\u00e9rie HS com fus\u00edvel, SPD e interruptor"},"content":{"rendered":"<section id=\"overview\">\n<h2>S\u00e9rie HS - Caixa combinadora fotovoltaica 4 entradas e 2 sa\u00eddas 1000 VDC<\/h2>\n<p>O <strong>S\u00e9rie HS<\/strong> <strong>caixa combinadora fotovoltaica 4 entradas e 2 sa\u00eddas<\/strong> foi projetado para sistemas fotovoltaicos que combinam quatro entradas CC em duas sa\u00eddas independentes. Ele integra<br \/>\n<a href=\"\/pt\/fusivel-dc\/\">Fus\u00edveis CC<\/a>, a <a href=\"\/pt\/dc-spd\/\">SPD Tipo 2<\/a>e um <a href=\"\/pt\/dc-disconnector\/\">Chave seccionadora CC<\/a>garantindo prote\u00e7\u00e3o contra sobrecorrente, supress\u00e3o de surtos e isolamento seguro durante a manuten\u00e7\u00e3o.<\/p>\n<p>Explore mais modelos no site <a href=\"\/pt\/caixa-combinadora-fotovoltaica\/\">P\u00e1gina de destino da PV Combiner Box<\/a>e descubra nossos servi\u00e7os de OEM no site <a href=\"\/pt\/pv-combiner-manufacturer\/\">p\u00e1gina do fabricante<\/a>. Para variantes baseadas em disjuntores, consulte <a href=\"\/pt\/dc-breaker\/\">Modelos de disjuntores CC<\/a>. Entre em contato conosco para obter cota\u00e7\u00f5es atrav\u00e9s do <a href=\"\/pt\/entre-em-contato-conosco\/\">p\u00e1gina de contato<\/a>.<\/p>\n<\/section>\n<section id=\"key-features\">\n<h3>Principais recursos<\/h3>\n<ul>\n<li><strong>Topologia:<\/strong> 4 in 2 out (quatro entradas de string fotovoltaica, duas sa\u00eddas)<\/li>\n<li><strong>Tens\u00e3o do sistema:<\/strong> 1000V CC<\/li>\n<li><strong>Dispositivos de prote\u00e7\u00e3o:<\/strong> 4 \u00d7 <a href=\"\/pt\/fusivel-dc\/\">Fus\u00edveis CC de 10\u00d738 mm<\/a> (16 A), <a href=\"\/pt\/dc-spd\/\">SPD Tipo 2<\/a> (40 kA), <a href=\"\/pt\/dc-disconnector\/\">Chave seccionadora CC<\/a><\/li>\n<li><strong>Anexo:<\/strong> Policarbonato, <strong>IP65<\/strong> entrada e <strong>IK09<\/strong> prote\u00e7\u00e3o contra impactos<\/li>\n<li><strong>Fia\u00e7\u00e3o:<\/strong> Entradas PG09 e sa\u00eddas PG21, faixa de condutores 2,5-16 mm\u00b2<\/li>\n<li><strong>Padr\u00f5es:<\/strong> SPD testado para<br \/>\n<a href=\"https:\/\/www.iec.ch\/\" target=\"_blank\" rel=\"nofollow noopener\">IEC\/EN 61643-31<\/a>em conformidade com<br \/>\n<a href=\"https:\/\/single-market-economy.ec.europa.eu\/single-market\/european-standards\/harmonised-standards_en\" target=\"_blank\" rel=\"nofollow noopener\">CE<\/a> e<br \/>\n<a href=\"https:\/\/www.ul.com\/\" target=\"_blank\" rel=\"nofollow noopener\">UL<\/a> (quando aplic\u00e1vel).<\/li>\n<\/ul>\n<\/section>\n<section id=\"specifications\">\n<h3>Especifica\u00e7\u00f5es t\u00e9cnicas<\/h3>\n<table>\n<thead>\n<tr>\n<th>Especifica\u00e7\u00e3o<\/th>\n<th>Valor<\/th>\n<\/tr>\n<\/thead>\n<tbody>\n<tr>\n<td>S\u00e9rie<\/td>\n<td>HS<\/td>\n<\/tr>\n<tr>\n<td>Entrada \/ Sa\u00edda<\/td>\n<td>4 entradas \/ 2 sa\u00eddas (sa\u00eddas independentes)<\/td>\n<\/tr>\n<tr>\n<td>Tens\u00e3o m\u00e1xima do sistema<\/td>\n<td>1000V CC<\/td>\n<\/tr>\n<tr>\n<td>Corrente m\u00e1xima de entrada<\/td>\n<td>16 A por corda<\/td>\n<\/tr>\n<tr>\n<td>Corrente m\u00e1xima de sa\u00edda<\/td>\n<td>2 \u00d7 32 A<\/td>\n<\/tr>\n<tr>\n<td>Dispositivo de prote\u00e7\u00e3o contra surtos<\/td>\n<td>SPD tipo 2, 40 kA<\/td>\n<\/tr>\n<tr>\n<td>Fus\u00edvel<\/td>\n<td>4 \u00d7 10\u00d738 mm Fus\u00edveis CC, tipo 16 A<\/td>\n<\/tr>\n<tr>\n<td>Chave seccionadora<\/td>\n<td>Chave seccionadora CC, 32-63 A<\/td>\n<\/tr>\n<tr>\n<td>Gabinete<\/td>\n<td>PC, IP65<\/td>\n<\/tr>\n<tr>\n<td>Resist\u00eancia ao impacto<\/td>\n<td>IK09<\/td>\n<\/tr>\n<tr>\n<td>Dimens\u00f5es<\/td>\n<td>~300 \u00d7 260 \u00d7 120 mm<\/td>\n<\/tr>\n<tr>\n<td>Entradas de cabos<\/td>\n<td>Entradas PG09, sa\u00eddas PG21<\/td>\n<\/tr>\n<tr>\n<td>Tamanho do condutor<\/td>\n<td>2,5-16 mm\u00b2<\/td>\n<\/tr>\n<tr>\n<td>Temperatura operacional<\/td>\n<td>-20 \u2103 ~ +60 \u2103<\/td>\n<\/tr>\n<tr>\n<td>Umidade<\/td>\n<td>\u2264 99%<\/td>\n<\/tr>\n<tr>\n<td>Altitude<\/td>\n<td>\u2264 2000 m<\/td>\n<\/tr>\n<tr>\n<td>Instala\u00e7\u00e3o<\/td>\n<td>Montagem na parede<\/td>\n<\/tr>\n<\/tbody>\n<\/table>\n<\/section>\n<section id=\"wiring-diagram\">\n<h3>Diagrama de fia\u00e7\u00e3o<\/h3>\n<figure><img loading=\"lazy\" decoding=\"async\" class=\"alignnone size-medium wp-image-1457\" src=\"https:\/\/sinobreaker.com\/wp-content\/uploads\/2025\/08\/HS4-2D-300x266.png\" alt=\"Diagrama da caixa combinadora fotovoltaica de 4 entradas e 2 sa\u00eddas\" width=\"300\" height=\"266\" srcset=\"https:\/\/sinobreaker.com\/wp-content\/uploads\/2025\/08\/HS4-2D-300x266.png 300w, https:\/\/sinobreaker.com\/wp-content\/uploads\/2025\/08\/HS4-2D-14x12.png 14w, https:\/\/sinobreaker.com\/wp-content\/uploads\/2025\/08\/HS4-2D-600x532.png 600w, https:\/\/sinobreaker.com\/wp-content\/uploads\/2025\/08\/HS4-2D.png 675w\" sizes=\"auto, (max-width: 300px) 100vw, 300px\" \/><figcaption>Quatro strings fotovoltaicas \u2192 Fus\u00edveis \u2192 SPD \u2192 Chave seccionadora CC \u2192 Duas sa\u00eddas independentes<\/figcaption><\/figure>\n<\/section>\n<section id=\"applications\">\n<h3>Aplicativos<\/h3>\n<ul>\n<li>Sistemas fotovoltaicos residenciais e comerciais de pequeno porte com 4 strings<\/li>\n<li>Matrizes de telhado m\u00e9dias que exigem sa\u00eddas duplas protegidas<\/li>\n<li>Projetos solares externos com requisitos IP65\/IK09<\/li>\n<\/ul>\n<p>Veja tamb\u00e9m: <a href=\"\/pt\/fusivel-dc\/\">Fus\u00edveis CC<\/a>, <a href=\"\/pt\/dc-spd\/\">Dispositivos de prote\u00e7\u00e3o contra surtos<\/a>, <a href=\"\/pt\/dc-disconnector\/\">Chaves seccionadoras CC<\/a>, <a href=\"\/pt\/dc-breaker\/\">Disjuntores CC<\/a>.<\/p>\n<\/section>\n<section id=\"faq\">\n<h3>PERGUNTAS FREQUENTES<\/h3>\n<div class=\"faq-item\">\n<h4>O que \u00e9 uma caixa combinadora fotovoltaica de 4 entradas e 2 sa\u00eddas?<\/h4>\n<p>Uma caixa combinadora para quatro entradas de string fotovoltaica e duas sa\u00eddas, com fus\u00edveis, SPD e uma chave seccionadora para prote\u00e7\u00e3o e isolamento.<\/p>\n<\/div>\n<div class=\"faq-item\">\n<h4>Ele oferece prote\u00e7\u00e3o contra surtos?<\/h4>\n<p>Sim, ele inclui um SPD Tipo 2 com classifica\u00e7\u00e3o de 40 kA, testado de acordo com os padr\u00f5es IEC\/EN 61643-31.<\/p>\n<\/div>\n<div class=\"faq-item\">\n<h4>Ele \u00e9 adequado para uso externo?<\/h4>\n<p>Sim, o gabinete \u00e9 de policarbonato, resistente \u00e0 entrada IP65 e ao impacto IK09.<\/p>\n<\/div>\n<div class=\"faq-item\">\n<h4>Quantas sa\u00eddas ele fornece?<\/h4>\n<p>Duas sa\u00eddas independentes, cada uma protegida por fus\u00edveis e conectada por meio da chave seccionadora.<\/p>\n<\/div>\n<\/section>\n<section id=\"cta\">\n<h3>Solicite uma cota\u00e7\u00e3o<\/h3>\n<p>Forne\u00e7a sua configura\u00e7\u00e3o de string fotovoltaica e n\u00f3s proporemos a caixa combinadora HS correta. <a href=\"\/pt\/entre-em-contato-conosco\/\">Solicite uma cota\u00e7\u00e3o \u2192<\/a><\/p>\n<\/section>","protected":false},"excerpt":{"rendered":"<p>(1) <strong data-start=\"315\" data-end=\"345\">Caixa combinadora fotovoltaica 4 entradas e 2 sa\u00eddas<\/strong> para <strong data-start=\"350\" data-end=\"361\">1000VDC<\/strong> sistemas solares fotovoltaicos.<br data-start=\"379\" data-end=\"382\" \/>(2) Integrado <strong data-start=\"397\" data-end=\"450\">4\u00d7 fus\u00edveis CC + SPD tipo 2 + chave seccionadora CC<\/strong> para seguran\u00e7a de string, supress\u00e3o de surtos e isolamento.<br data-start=\"503\" data-end=\"506\" \/>(3) \u00c0 prova de intemp\u00e9ries <strong data-start=\"523\" data-end=\"538\">IP65 \/ IK09<\/strong> caixa de policarbonato, montada na parede, com prensa-cabos PG de 2,5 a 16 mm\u00b2.<\/p>","protected":false},"featured_media":1458,"comment_status":"open","ping_status":"closed","template":"","meta":[],"product_brand":[],"product_cat":[30],"product_tag":[],"class_list":{"0":"post-1456","1":"product","2":"type-product","3":"status-publish","4":"has-post-thumbnail","6":"product_cat-pv-combiner-box","8":"first","9":"instock","10":"shipping-taxable","11":"product-type-simple"},"_links":{"self":[{"href":"https:\/\/sinobreaker.com\/pt\/wp-json\/wp\/v2\/product\/1456","targetHints":{"allow":["GET"]}}],"collection":[{"href":"https:\/\/sinobreaker.com\/pt\/wp-json\/wp\/v2\/product"}],"about":[{"href":"https:\/\/sinobreaker.com\/pt\/wp-json\/wp\/v2\/types\/product"}],"replies":[{"embeddable":true,"href":"https:\/\/sinobreaker.com\/pt\/wp-json\/wp\/v2\/comments?post=1456"}],"wp:featuredmedia":[{"embeddable":true,"href":"https:\/\/sinobreaker.com\/pt\/wp-json\/wp\/v2\/media\/1458"}],"wp:attachment":[{"href":"https:\/\/sinobreaker.com\/pt\/wp-json\/wp\/v2\/media?parent=1456"}],"wp:term":[{"taxonomy":"product_brand","embeddable":true,"href":"https:\/\/sinobreaker.com\/pt\/wp-json\/wp\/v2\/product_brand?post=1456"},{"taxonomy":"product_cat","embeddable":true,"href":"https:\/\/sinobreaker.com\/pt\/wp-json\/wp\/v2\/product_cat?post=1456"},{"taxonomy":"product_tag","embeddable":true,"href":"https:\/\/sinobreaker.com\/pt\/wp-json\/wp\/v2\/product_tag?post=1456"}],"curies":[{"name":"wp","href":"https:\/\/api.w.org\/{rel}","templated":true}]}}