{"id":1465,"date":"2025-08-25T09:38:37","date_gmt":"2025-08-25T09:38:37","guid":{"rendered":"https:\/\/sinobreaker.com\/?post_type=product&#038;p=1465"},"modified":"2025-08-25T09:39:22","modified_gmt":"2025-08-25T09:39:22","slug":"caixa-combinadora-fotovoltaica-de-2-fios","status":"publish","type":"product","link":"https:\/\/sinobreaker.com\/pt\/products\/2-string-pv-combiner-box\/","title":{"rendered":"Caixa combinadora fotovoltaica de 2 strings de 1000 VDC | S\u00e9rie HD com fus\u00edvel, SPD e disjuntor"},"content":{"rendered":"<section id=\"overview\">\n<h2>S\u00e9rie HD - Caixa combinadora fotovoltaica de 2 strings 1000 VDC<\/h2>\n<p>O <strong>S\u00e9rie HD<\/strong> <strong>Caixa combinadora fotovoltaica de 2 fios<\/strong> foi projetado para entradas de string fotovoltaica dupla em pain\u00e9is solares de 1000 VDC. Cada string \u00e9 protegida por um <a href=\"\/pt\/fusivel-dc\/\">Fus\u00edvel CC<\/a>, com um <a href=\"\/pt\/dc-spd\/\">SPD Tipo 2<\/a> e um <a href=\"\/pt\/dc-breaker\/\">Disjuntor CC (MCB)<\/a> para isolamento seguro e prote\u00e7\u00e3o contra surtos.<\/p>\n<p>Veja todas as op\u00e7\u00f5es dispon\u00edveis no <a href=\"\/pt\/caixa-combinadora-fotovoltaica\/\">P\u00e1gina de destino da PV Combiner Box<\/a>e visite nossa <a href=\"\/pt\/pv-combiner-manufacturer\/\">p\u00e1gina do fabricante<\/a> para recursos de OEM. Para modelos baseados em switch, explore a <a href=\"\/pt\/dc-disconnector\/\">Chave seccionadora CC<\/a> alcance. Para cota\u00e7\u00f5es, <a href=\"\/pt\/entre-em-contato-conosco\/\">Entre em contato conosco<\/a>.<\/p>\n<\/section>\n<section id=\"key-features\">\n<h3>Principais recursos<\/h3>\n<ul>\n<li><strong>Topologia:<\/strong> 2 cordas (2 entradas \/ 1 sa\u00edda)<\/li>\n<li><strong>Tens\u00e3o do sistema:<\/strong> 1000V CC<\/li>\n<li><strong>Dispositivos de prote\u00e7\u00e3o:<\/strong> 2 \u00d7 <a href=\"\/pt\/fusivel-dc\/\">Fus\u00edveis CC<\/a> (tip. 16 A), <a href=\"\/pt\/dc-spd\/\">SPD Tipo 2<\/a> (40 kA), <a href=\"\/pt\/dc-breaker\/\">Disjuntor CC (MCB)<\/a> (32 A)<\/li>\n<li><strong>Anexo:<\/strong> Policarbonato, <strong>IP65<\/strong> entrada e <strong>IK09<\/strong> classifica\u00e7\u00e3o de impacto<\/li>\n<li><strong>Fia\u00e7\u00e3o:<\/strong> Entradas PG09, sa\u00edda PG21; condutores de 2,5 a 16 mm\u00b2.<\/li>\n<li><strong>Padr\u00f5es:<\/strong> SPD testado para<br \/>\n<a href=\"https:\/\/www.iec.ch\/\" target=\"_blank\" rel=\"nofollow noopener\">IEC\/EN 61643-31<\/a>CE e<br \/>\n<a href=\"https:\/\/www.ul.com\/\" target=\"_blank\" rel=\"nofollow noopener\">UL<\/a> em conformidade (quando aplic\u00e1vel).<\/li>\n<\/ul>\n<\/section>\n<section id=\"specifications\">\n<h3>Especifica\u00e7\u00f5es t\u00e9cnicas<\/h3>\n<table>\n<thead>\n<tr>\n<th>Especifica\u00e7\u00e3o<\/th>\n<th>Valor<\/th>\n<\/tr>\n<\/thead>\n<tbody>\n<tr>\n<td>S\u00e9rie<\/td>\n<td>HD<\/td>\n<\/tr>\n<tr>\n<td>Entrada \/ Sa\u00edda<\/td>\n<td>2 cordas (2 entradas \/ 1 sa\u00edda)<\/td>\n<\/tr>\n<tr>\n<td>Tens\u00e3o m\u00e1xima do sistema<\/td>\n<td>1000V CC<\/td>\n<\/tr>\n<tr>\n<td>Corrente m\u00e1xima de entrada<\/td>\n<td>16 A por corda<\/td>\n<\/tr>\n<tr>\n<td>Corrente m\u00e1xima de sa\u00edda<\/td>\n<td>32 A<\/td>\n<\/tr>\n<tr>\n<td>Dispositivo de prote\u00e7\u00e3o contra surtos<\/td>\n<td>SPD tipo 2, 40 kA<\/td>\n<\/tr>\n<tr>\n<td>Fus\u00edvel<\/td>\n<td>2 fus\u00edveis CC de 10\u00d738 mm, tipo 16 A<\/td>\n<\/tr>\n<tr>\n<td>Disjuntor<\/td>\n<td>Disjuntor CC (MCB), 32 A<\/td>\n<\/tr>\n<tr>\n<td>Gabinete<\/td>\n<td>PC, IP65<\/td>\n<\/tr>\n<tr>\n<td>Resist\u00eancia ao impacto<\/td>\n<td>IK09<\/td>\n<\/tr>\n<tr>\n<td>Dimens\u00f5es<\/td>\n<td>~240 \u00d7 220 \u00d7 110 mm<\/td>\n<\/tr>\n<tr>\n<td>Entradas de cabos<\/td>\n<td>Entradas PG09; sa\u00edda PG21<\/td>\n<\/tr>\n<tr>\n<td>Tamanho do condutor<\/td>\n<td>2,5-16 mm\u00b2<\/td>\n<\/tr>\n<tr>\n<td>Temperatura operacional<\/td>\n<td>-20 \u2103 ~ +60 \u2103<\/td>\n<\/tr>\n<tr>\n<td>Umidade<\/td>\n<td>\u2264 99%<\/td>\n<\/tr>\n<tr>\n<td>Altitude<\/td>\n<td>\u2264 2000 m<\/td>\n<\/tr>\n<tr>\n<td>Instala\u00e7\u00e3o<\/td>\n<td>Montagem na parede<\/td>\n<\/tr>\n<\/tbody>\n<\/table>\n<\/section>\n<section id=\"wiring-diagram\">\n<h3>Diagrama de fia\u00e7\u00e3o<\/h3>\n<figure><img loading=\"lazy\" decoding=\"async\" class=\"alignnone wp-image-1466\" src=\"https:\/\/sinobreaker.com\/wp-content\/uploads\/2025\/08\/HD2-1D-300x131.png\" alt=\"Diagrama da caixa combinadora fotovoltaica de 2 strings\" width=\"433\" height=\"189\" srcset=\"https:\/\/sinobreaker.com\/wp-content\/uploads\/2025\/08\/HD2-1D-300x131.png 300w, https:\/\/sinobreaker.com\/wp-content\/uploads\/2025\/08\/HD2-1D-18x8.png 18w, https:\/\/sinobreaker.com\/wp-content\/uploads\/2025\/08\/HD2-1D-600x263.png 600w, https:\/\/sinobreaker.com\/wp-content\/uploads\/2025\/08\/HD2-1D.png 690w\" sizes=\"auto, (max-width: 433px) 100vw, 433px\" \/><figcaption>Duas cadeias fotovoltaicas \u2192 Fus\u00edveis \u2192 SPD \u2192 Disjuntor CC \u2192 Inversor<\/figcaption><\/figure>\n<\/section>\n<section id=\"applications\">\n<h3>Aplicativos<\/h3>\n<ul>\n<li>Pequenos pain\u00e9is fotovoltaicos residenciais com dois strings<\/li>\n<li>Telhados fotovoltaicos comerciais com isolamento baseado em disjuntor<\/li>\n<li>Instala\u00e7\u00f5es fotovoltaicas externas com requisitos IP65\/IK09<\/li>\n<\/ul>\n<p>Veja tamb\u00e9m: <a href=\"\/pt\/fusivel-dc\/\">Fus\u00edveis CC<\/a>, <a href=\"\/pt\/dc-spd\/\">Dispositivos de prote\u00e7\u00e3o contra surtos<\/a>, <a href=\"\/pt\/dc-disconnector\/\">Chaves seccionadoras CC<\/a>, <a href=\"\/pt\/dc-breaker\/\">Disjuntores CC<\/a>.<\/p>\n<\/section>\n<section id=\"faq\">\n<h3>PERGUNTAS FREQUENTES<\/h3>\n<div class=\"faq-item\">\n<h4>O que \u00e9 uma caixa combinadora fotovoltaica de 2 fios?<\/h4>\n<p>Uma caixa combinadora projetada para duas cadeias fotovoltaicas, integrando fus\u00edveis, SPD e um disjuntor CC para prote\u00e7\u00e3o e isolamento.<\/p>\n<\/div>\n<div class=\"faq-item\">\n<h4>Ele inclui um disjuntor?<\/h4>\n<p>Sim, os modelos da s\u00e9rie HD usam um disjuntor CC (MCB) em vez de uma chave seccionadora.<\/p>\n<\/div>\n<div class=\"faq-item\">\n<h4>Ele \u00e9 adequado para uso externo?<\/h4>\n<p>Sim, com classifica\u00e7\u00e3o de entrada IP65 e de impacto IK09, o gabinete foi desenvolvido para ambientes externos.<\/p>\n<\/div>\n<div class=\"faq-item\">\n<h4>Onde posso encontrar OEM\/pre\u00e7o?<\/h4>\n<p>Visite nosso <a href=\"\/pt\/pv-combiner-manufacturer\/\">p\u00e1gina do fabricante<\/a> ou <a href=\"\/pt\/entre-em-contato-conosco\/\">Entre em contato conosco<\/a> para cita\u00e7\u00f5es.<\/p>\n<\/div>\n<\/section>\n<section id=\"cta\">\n<h3>Solicite uma cota\u00e7\u00e3o<\/h3>\n<p>Forne\u00e7a as especifica\u00e7\u00f5es de seu sistema fotovoltaico e n\u00f3s configuraremos a caixa combinadora HD-2\/1 de acordo. <a href=\"\/pt\/entre-em-contato-conosco\/\">Solicite uma cota\u00e7\u00e3o \u2192<\/a><\/p>\n<\/section>","protected":false},"excerpt":{"rendered":"<p>(1) <strong data-start=\"359\" data-end=\"387\">Caixa combinadora fotovoltaica de 2 fios<\/strong> para <strong data-start=\"392\" data-end=\"403\">1000VDC<\/strong> Sistemas fotovoltaicos.<br data-start=\"415\" data-end=\"418\" \/>(2) Integrado <strong data-start=\"431\" data-end=\"480\">fus\u00edveis CC duplos + SPD Tipo 2 + disjuntor CC (MCB)<\/strong> para prote\u00e7\u00e3o contra surtos e sobrecorrente.<br data-start=\"518\" data-end=\"521\" \/>(3) Ao ar livre <strong data-start=\"533\" data-end=\"548\">IP65 \/ IK09<\/strong> gabinete com prensa-cabos PG, capacidade para condutores de 2,5 a 16 mm\u00b2.<\/p>","protected":false},"featured_media":1467,"comment_status":"open","ping_status":"closed","template":"","meta":[],"product_brand":[],"product_cat":[30],"product_tag":[],"class_list":{"0":"post-1465","1":"product","2":"type-product","3":"status-publish","4":"has-post-thumbnail","6":"product_cat-pv-combiner-box","8":"first","9":"instock","10":"shipping-taxable","11":"product-type-simple"},"_links":{"self":[{"href":"https:\/\/sinobreaker.com\/pt\/wp-json\/wp\/v2\/product\/1465","targetHints":{"allow":["GET"]}}],"collection":[{"href":"https:\/\/sinobreaker.com\/pt\/wp-json\/wp\/v2\/product"}],"about":[{"href":"https:\/\/sinobreaker.com\/pt\/wp-json\/wp\/v2\/types\/product"}],"replies":[{"embeddable":true,"href":"https:\/\/sinobreaker.com\/pt\/wp-json\/wp\/v2\/comments?post=1465"}],"wp:featuredmedia":[{"embeddable":true,"href":"https:\/\/sinobreaker.com\/pt\/wp-json\/wp\/v2\/media\/1467"}],"wp:attachment":[{"href":"https:\/\/sinobreaker.com\/pt\/wp-json\/wp\/v2\/media?parent=1465"}],"wp:term":[{"taxonomy":"product_brand","embeddable":true,"href":"https:\/\/sinobreaker.com\/pt\/wp-json\/wp\/v2\/product_brand?post=1465"},{"taxonomy":"product_cat","embeddable":true,"href":"https:\/\/sinobreaker.com\/pt\/wp-json\/wp\/v2\/product_cat?post=1465"},{"taxonomy":"product_tag","embeddable":true,"href":"https:\/\/sinobreaker.com\/pt\/wp-json\/wp\/v2\/product_tag?post=1465"}],"curies":[{"name":"wp","href":"https:\/\/api.w.org\/{rel}","templated":true}]}}