{"id":1468,"date":"2025-08-25T09:43:37","date_gmt":"2025-08-25T09:43:37","guid":{"rendered":"https:\/\/sinobreaker.com\/?post_type=product&#038;p=1468"},"modified":"2025-08-25T09:43:37","modified_gmt":"2025-08-25T09:43:37","slug":"caixa-combinadora-de-pv-de-fio-duplo","status":"publish","type":"product","link":"https:\/\/sinobreaker.com\/pt\/products\/dual-string-pv-combiner-box\/","title":{"rendered":"Caixa combinadora fotovoltaica de filamento duplo de 1000 VDC | S\u00e9rie HD com fus\u00edvel, SPD e disjuntor"},"content":{"rendered":"<section id=\"overview\">\n<h2>S\u00e9rie HD - Caixa combinadora fotovoltaica de filamento duplo 1000VDC<\/h2>\n<p>O <strong>S\u00e9rie HD<\/strong> <strong>caixa combinadora de pv de fio duplo<\/strong> foi projetado para entradas de string fotovoltaica dupla com sa\u00eddas duplas independentes em sistemas de 1000 VDC. Cada string \u00e9 protegida por fus\u00edvel individualmente, enquanto um fus\u00edvel compartilhado <a href=\"\/pt\/dc-spd\/\">SPD Tipo 2<\/a> e <a href=\"\/pt\/dc-breaker\/\">Disjuntor CC (MCB)<\/a> garantem a supress\u00e3o segura de surtos e o isolamento do circuito.<\/p>\n<p>Veja a linha completa de produtos em nosso <a href=\"\/pt\/caixa-combinadora-fotovoltaica\/\">P\u00e1gina de destino da PV Combiner Box<\/a>e explore as informa\u00e7\u00f5es de OEM no <a href=\"\/pt\/pv-combiner-manufacturer\/\">p\u00e1gina do fabricante<\/a>. Para alternativas de chaves seccionadoras, verifique a <a href=\"\/pt\/dc-disconnector\/\">Chave seccionadora CC<\/a>. Para cota\u00e7\u00f5es, por favor <a href=\"\/pt\/entre-em-contato-conosco\/\">Entre em contato conosco<\/a>.<\/p>\n<\/section>\n<section id=\"key-features\">\n<h3>Principais recursos<\/h3>\n<ul>\n<li><strong>Topologia:<\/strong> Fio duplo (2 entradas \/ 2 sa\u00eddas)<\/li>\n<li><strong>Tens\u00e3o do sistema:<\/strong> 1000V CC<\/li>\n<li><strong>Dispositivos de prote\u00e7\u00e3o:<\/strong> 2 \u00d7 <a href=\"\/pt\/fusivel-dc\/\">Fus\u00edveis CC de 10\u00d738 mm<\/a>, <a href=\"\/pt\/dc-spd\/\">SPD Tipo 2<\/a> (40 kA), <a href=\"\/pt\/dc-breaker\/\">Disjuntor CC (MCB)<\/a><\/li>\n<li><strong>Anexo:<\/strong> Policarbonato, <strong>IP65<\/strong> entrada e <strong>IK09<\/strong> resist\u00eancia ao impacto<\/li>\n<li><strong>Fia\u00e7\u00e3o:<\/strong> Entradas PG09 e sa\u00eddas PG21, cabos de 2,5-16 mm\u00b2<\/li>\n<li><strong>Padr\u00f5es:<\/strong> SPD testado para<br \/>\n<a href=\"https:\/\/www.iec.ch\/\" target=\"_blank\" rel=\"nofollow noopener\">IEC\/EN 61643-31<\/a>em conformidade com<br \/>\n<a href=\"https:\/\/single-market-economy.ec.europa.eu\/single-market\/european-standards\/harmonised-standards_en\" target=\"_blank\" rel=\"nofollow noopener\">CE<\/a> e<br \/>\n<a href=\"https:\/\/www.ul.com\/\" target=\"_blank\" rel=\"nofollow noopener\">UL<\/a>.<\/li>\n<\/ul>\n<\/section>\n<section id=\"specifications\">\n<h3>Especifica\u00e7\u00f5es t\u00e9cnicas<\/h3>\n<table>\n<thead>\n<tr>\n<th>Especifica\u00e7\u00e3o<\/th>\n<th>Valor<\/th>\n<\/tr>\n<\/thead>\n<tbody>\n<tr>\n<td>S\u00e9rie<\/td>\n<td>HD<\/td>\n<\/tr>\n<tr>\n<td>Entrada \/ Sa\u00edda<\/td>\n<td>2 cordas (2 entradas \/ 2 sa\u00eddas)<\/td>\n<\/tr>\n<tr>\n<td>Tens\u00e3o m\u00e1xima do sistema<\/td>\n<td>1000V CC<\/td>\n<\/tr>\n<tr>\n<td>Corrente m\u00e1xima de entrada<\/td>\n<td>16 A por corda<\/td>\n<\/tr>\n<tr>\n<td>Corrente m\u00e1xima de sa\u00edda<\/td>\n<td>2 \u00d7 16 A<\/td>\n<\/tr>\n<tr>\n<td>Dispositivo de prote\u00e7\u00e3o contra surtos<\/td>\n<td>SPD tipo 2, 40 kA<\/td>\n<\/tr>\n<tr>\n<td>Fus\u00edvel<\/td>\n<td>2 fus\u00edveis CC de 10\u00d738 mm, tipo 16 A<\/td>\n<\/tr>\n<tr>\n<td>Disjuntor<\/td>\n<td>Disjuntor CC (MCB), 32 A<\/td>\n<\/tr>\n<tr>\n<td>Gabinete<\/td>\n<td>PC, IP65<\/td>\n<\/tr>\n<tr>\n<td>Resist\u00eancia ao impacto<\/td>\n<td>IK09<\/td>\n<\/tr>\n<tr>\n<td>Dimens\u00f5es<\/td>\n<td>~240 \u00d7 220 \u00d7 110 mm<\/td>\n<\/tr>\n<tr>\n<td>Entradas de cabos<\/td>\n<td>Entradas PG09; sa\u00eddas PG21<\/td>\n<\/tr>\n<tr>\n<td>Tamanho do condutor<\/td>\n<td>2,5-16 mm\u00b2<\/td>\n<\/tr>\n<tr>\n<td>Temperatura operacional<\/td>\n<td>-20 \u2103 ~ +60 \u2103<\/td>\n<\/tr>\n<tr>\n<td>Umidade<\/td>\n<td>\u2264 99%<\/td>\n<\/tr>\n<tr>\n<td>Altitude<\/td>\n<td>\u2264 2000 m<\/td>\n<\/tr>\n<tr>\n<td>Instala\u00e7\u00e3o<\/td>\n<td>Montagem na parede<\/td>\n<\/tr>\n<\/tbody>\n<\/table>\n<\/section>\n<section id=\"wiring-diagram\">\n<h3>Diagrama de fia\u00e7\u00e3o<\/h3>\n<figure><img loading=\"lazy\" decoding=\"async\" class=\"alignnone size-medium wp-image-1469\" src=\"https:\/\/sinobreaker.com\/wp-content\/uploads\/2025\/08\/HD2-2D-300x250.png\" alt=\"Diagrama da caixa combinadora fotovoltaica de filamento duplo\" width=\"300\" height=\"250\" srcset=\"https:\/\/sinobreaker.com\/wp-content\/uploads\/2025\/08\/HD2-2D-300x250.png 300w, https:\/\/sinobreaker.com\/wp-content\/uploads\/2025\/08\/HD2-2D-14x12.png 14w, https:\/\/sinobreaker.com\/wp-content\/uploads\/2025\/08\/HD2-2D-600x500.png 600w, https:\/\/sinobreaker.com\/wp-content\/uploads\/2025\/08\/HD2-2D.png 687w\" sizes=\"auto, (max-width: 300px) 100vw, 300px\" \/><figcaption>Duas cadeias fotovoltaicas \u2192 Fus\u00edveis \u2192 SPD \u2192 Disjuntor CC \u2192 Sa\u00eddas duplas<\/figcaption><\/figure>\n<\/section>\n<section id=\"applications\">\n<h3>Aplicativos<\/h3>\n<ul>\n<li>Matrizes fotovoltaicas residenciais de string duplo com duas sa\u00eddas<\/li>\n<li>Telhados comerciais com prote\u00e7\u00e3o baseada em disjuntor<\/li>\n<li>Instala\u00e7\u00f5es solares externas que exigem inv\u00f3lucro IP65\/IK09<\/li>\n<\/ul>\n<p>Veja tamb\u00e9m: <a href=\"\/pt\/fusivel-dc\/\">Fus\u00edveis CC<\/a>, <a href=\"\/pt\/dc-spd\/\">Dispositivos de prote\u00e7\u00e3o contra surtos<\/a>, <a href=\"\/pt\/dc-disconnector\/\">Chaves seccionadoras CC<\/a>, <a href=\"\/pt\/dc-breaker\/\">Disjuntores CC<\/a>.<\/p>\n<\/section>\n<section id=\"faq\">\n<h3>PERGUNTAS FREQUENTES<\/h3>\n<div class=\"faq-item\">\n<h4>O que \u00e9 uma caixa combinadora fotovoltaica de fio duplo?<\/h4>\n<p>Uma caixa combinadora com duas entradas fotovoltaicas e duas sa\u00eddas protegidas, equipada com fus\u00edveis, SPD e um disjuntor CC.<\/p>\n<\/div>\n<div class=\"faq-item\">\n<h4>Ele usa um disjuntor?<\/h4>\n<p>Sim, os modelos da s\u00e9rie HD integram um disjuntor CC (MCB), ao contr\u00e1rio dos modelos HS que usam chaves seccionadoras.<\/p>\n<\/div>\n<div class=\"faq-item\">\n<h4>Ele \u00e9 classificado para uso externo?<\/h4>\n<p>Sim, o compartimento tem classifica\u00e7\u00e3o IP65 e IK09 para aplica\u00e7\u00f5es solares externas.<\/p>\n<\/div>\n<div class=\"faq-item\">\n<h4>Qual \u00e9 a diferen\u00e7a em rela\u00e7\u00e3o a um modelo 2 em 1 fora?<\/h4>\n<p>A string dupla (2 entradas e 2 sa\u00eddas) fornece duas sa\u00eddas independentes, enquanto a 2 entradas e 1 sa\u00edda combina duas entradas em uma sa\u00edda.<\/p>\n<\/div>\n<\/section>\n<section id=\"cta\">\n<h3>Solicite uma cota\u00e7\u00e3o<\/h3>\n<p>Entre em contato conosco com os detalhes do seu sistema fotovoltaico e configuraremos a caixa combinadora HD de string duplo de acordo. <a href=\"\/pt\/entre-em-contato-conosco\/\">Solicite uma cota\u00e7\u00e3o \u2192<\/a><\/p>\n<\/section>","protected":false},"excerpt":{"rendered":"<p>(1) <strong data-start=\"409\" data-end=\"440\">Caixa combinadora fotovoltaica de fio duplo<\/strong> para <strong data-start=\"445\" data-end=\"456\">1000VDC<\/strong> sistemas solares fotovoltaicos.<br data-start=\"474\" data-end=\"477\" \/>(2) Equipado com <strong data-start=\"495\" data-end=\"542\">2\u00d7 fus\u00edveis CC + SPD tipo 2 + disjuntor CC (MCB)<\/strong> para prote\u00e7\u00e3o de sa\u00edda dupla.<br data-start=\"570\" data-end=\"573\" \/>(3) Ao ar livre <strong data-start=\"585\" data-end=\"600\">IP65 \/ IK09<\/strong> Gabinete para PC, prensa-cabos PG para conex\u00e3o de cabos de 2,5 a 16 mm\u00b2.<\/p>","protected":false},"featured_media":1470,"comment_status":"open","ping_status":"closed","template":"","meta":[],"product_brand":[],"product_cat":[30],"product_tag":[],"class_list":{"0":"post-1468","1":"product","2":"type-product","3":"status-publish","4":"has-post-thumbnail","6":"product_cat-pv-combiner-box","8":"first","9":"instock","10":"shipping-taxable","11":"product-type-simple"},"_links":{"self":[{"href":"https:\/\/sinobreaker.com\/pt\/wp-json\/wp\/v2\/product\/1468","targetHints":{"allow":["GET"]}}],"collection":[{"href":"https:\/\/sinobreaker.com\/pt\/wp-json\/wp\/v2\/product"}],"about":[{"href":"https:\/\/sinobreaker.com\/pt\/wp-json\/wp\/v2\/types\/product"}],"replies":[{"embeddable":true,"href":"https:\/\/sinobreaker.com\/pt\/wp-json\/wp\/v2\/comments?post=1468"}],"wp:featuredmedia":[{"embeddable":true,"href":"https:\/\/sinobreaker.com\/pt\/wp-json\/wp\/v2\/media\/1470"}],"wp:attachment":[{"href":"https:\/\/sinobreaker.com\/pt\/wp-json\/wp\/v2\/media?parent=1468"}],"wp:term":[{"taxonomy":"product_brand","embeddable":true,"href":"https:\/\/sinobreaker.com\/pt\/wp-json\/wp\/v2\/product_brand?post=1468"},{"taxonomy":"product_cat","embeddable":true,"href":"https:\/\/sinobreaker.com\/pt\/wp-json\/wp\/v2\/product_cat?post=1468"},{"taxonomy":"product_tag","embeddable":true,"href":"https:\/\/sinobreaker.com\/pt\/wp-json\/wp\/v2\/product_tag?post=1468"}],"curies":[{"name":"wp","href":"https:\/\/api.w.org\/{rel}","templated":true}]}}