{"id":1471,"date":"2025-08-25T09:47:28","date_gmt":"2025-08-25T09:47:28","guid":{"rendered":"https:\/\/sinobreaker.com\/?post_type=product&#038;p=1471"},"modified":"2025-08-25T09:48:22","modified_gmt":"2025-08-25T09:48:22","slug":"caixa-combinadora-fotovoltaica-de-3-fios","status":"publish","type":"product","link":"https:\/\/sinobreaker.com\/pt\/products\/3-string-pv-combiner-box\/","title":{"rendered":"Caixa combinadora fotovoltaica de 3 strings de 1000 VDC | S\u00e9rie HD com fus\u00edvel, SPD e disjuntor"},"content":{"rendered":"<section id=\"overview\">\n<h2>S\u00e9rie HD - Caixa combinadora fotovoltaica de 3 strings 1000 VDC<\/h2>\n<p>O <strong>S\u00e9rie HD<\/strong> <strong>Caixa combinadora fotovoltaica de 3 fios<\/strong> foi projetado para pain\u00e9is solares que exigem prote\u00e7\u00e3o de entrada de tr\u00eas strings de at\u00e9 1000 VDC. Cada string \u00e9 protegida por um <a href=\"\/pt\/fusivel-dc\/\">Fus\u00edvel CC<\/a>, com <a href=\"\/pt\/dc-spd\/\">Prote\u00e7\u00e3o contra surtos do tipo 2<\/a> e um <a href=\"\/pt\/dc-breaker\/\">Disjuntor CC (MCB)<\/a> para isolamento do circuito e prote\u00e7\u00e3o contra sobrecarga.<\/p>\n<p>Explore outras op\u00e7\u00f5es em nosso <a href=\"\/pt\/caixa-combinadora-fotovoltaica\/\">P\u00e1gina de destino da PV Combiner Box<\/a> ou visite o site <a href=\"\/pt\/pv-combiner-manufacturer\/\">p\u00e1gina do fabricante<\/a> para obter detalhes do OEM. Para alternativas baseadas em switch, verifique <a href=\"\/pt\/dc-disconnector\/\">Seccionadores CC<\/a>. Para cita\u00e7\u00f5es, <a href=\"\/pt\/entre-em-contato-conosco\/\">Entre em contato conosco<\/a>.<\/p>\n<\/section>\n<section id=\"key-features\">\n<h3>Principais recursos<\/h3>\n<ul>\n<li><strong>Topologia:<\/strong> 3 cordas (3 entradas \/ 1 sa\u00edda)<\/li>\n<li><strong>Tens\u00e3o do sistema:<\/strong> 1000V CC<\/li>\n<li><strong>Dispositivos de prote\u00e7\u00e3o:<\/strong> 3 \u00d7 <a href=\"\/pt\/fusivel-dc\/\">Fus\u00edveis CC de 10\u00d738 mm<\/a>, <a href=\"\/pt\/dc-spd\/\">SPD Tipo 2<\/a> (40 kA), <a href=\"\/pt\/dc-breaker\/\">Disjuntor CC<\/a> (32-63 A)<\/li>\n<li><strong>Anexo:<\/strong> Policarbonato, <strong>IP65<\/strong> entrada e <strong>IK09<\/strong> classifica\u00e7\u00e3o de impacto<\/li>\n<li><strong>Fia\u00e7\u00e3o:<\/strong> Entradas PG09, sa\u00edda PG21; condutores de 2,5 a 16 mm\u00b2.<\/li>\n<li><strong>Padr\u00f5es:<\/strong> SPD testado para<br \/>\n<a href=\"https:\/\/www.iec.ch\/\" target=\"_blank\" rel=\"nofollow noopener\">IEC\/EN 61643-31<\/a>em conformidade com<br \/>\n<a href=\"https:\/\/single-market-economy.ec.europa.eu\/single-market\/european-standards\/harmonised-standards_en\" target=\"_blank\" rel=\"nofollow noopener\">CE<\/a> e<br \/>\n<a href=\"https:\/\/www.ul.com\/\" target=\"_blank\" rel=\"nofollow noopener\">UL<\/a>.<\/li>\n<\/ul>\n<\/section>\n<section id=\"specifications\">\n<h3>Especifica\u00e7\u00f5es t\u00e9cnicas<\/h3>\n<table>\n<thead>\n<tr>\n<th>Especifica\u00e7\u00e3o<\/th>\n<th>Valor<\/th>\n<\/tr>\n<\/thead>\n<tbody>\n<tr>\n<td>S\u00e9rie<\/td>\n<td>HD<\/td>\n<\/tr>\n<tr>\n<td>Entrada \/ Sa\u00edda<\/td>\n<td>3 cordas (3 entradas \/ 1 sa\u00edda)<\/td>\n<\/tr>\n<tr>\n<td>Tens\u00e3o m\u00e1xima do sistema<\/td>\n<td>1000V CC<\/td>\n<\/tr>\n<tr>\n<td>Corrente m\u00e1xima de entrada<\/td>\n<td>16 A por corda<\/td>\n<\/tr>\n<tr>\n<td>Corrente m\u00e1xima de sa\u00edda<\/td>\n<td>48 A<\/td>\n<\/tr>\n<tr>\n<td>Dispositivo de prote\u00e7\u00e3o contra surtos<\/td>\n<td>SPD tipo 2, 40 kA<\/td>\n<\/tr>\n<tr>\n<td>Fus\u00edvel<\/td>\n<td>3 \u00d7 10\u00d738 mm Fus\u00edveis CC, tipo 16 A<\/td>\n<\/tr>\n<tr>\n<td>Disjuntor<\/td>\n<td>Disjuntor CC (MCB), 32-63 A<\/td>\n<\/tr>\n<tr>\n<td>Gabinete<\/td>\n<td>PC, IP65<\/td>\n<\/tr>\n<tr>\n<td>Resist\u00eancia ao impacto<\/td>\n<td>IK09<\/td>\n<\/tr>\n<tr>\n<td>Dimens\u00f5es<\/td>\n<td>~260 \u00d7 230 \u00d7 110 mm<\/td>\n<\/tr>\n<tr>\n<td>Entradas de cabos<\/td>\n<td>Entradas PG09; sa\u00edda PG21<\/td>\n<\/tr>\n<tr>\n<td>Tamanho do condutor<\/td>\n<td>2,5-16 mm\u00b2<\/td>\n<\/tr>\n<tr>\n<td>Temperatura operacional<\/td>\n<td>-20 \u2103 ~ +60 \u2103<\/td>\n<\/tr>\n<tr>\n<td>Umidade<\/td>\n<td>\u2264 99%<\/td>\n<\/tr>\n<tr>\n<td>Altitude<\/td>\n<td>\u2264 2000 m<\/td>\n<\/tr>\n<tr>\n<td>Instala\u00e7\u00e3o<\/td>\n<td>Montagem na parede<\/td>\n<\/tr>\n<\/tbody>\n<\/table>\n<\/section>\n<section id=\"wiring-diagram\">\n<h3>Diagrama de fia\u00e7\u00e3o<\/h3>\n<figure><img loading=\"lazy\" decoding=\"async\" class=\"alignnone wp-image-1472\" src=\"https:\/\/sinobreaker.com\/wp-content\/uploads\/2025\/08\/HD3-1D-300x173.png\" alt=\"Diagrama da caixa combinadora fotovoltaica de 3 strings\" width=\"503\" height=\"290\" srcset=\"https:\/\/sinobreaker.com\/wp-content\/uploads\/2025\/08\/HD3-1D-300x173.png 300w, https:\/\/sinobreaker.com\/wp-content\/uploads\/2025\/08\/HD3-1D-18x10.png 18w, https:\/\/sinobreaker.com\/wp-content\/uploads\/2025\/08\/HD3-1D-600x346.png 600w, https:\/\/sinobreaker.com\/wp-content\/uploads\/2025\/08\/HD3-1D.png 700w\" sizes=\"auto, (max-width: 503px) 100vw, 503px\" \/><figcaption>Tr\u00eas strings fotovoltaicas \u2192 Fus\u00edveis \u2192 SPD \u2192 Disjuntor CC \u2192 Inversor<\/figcaption><\/figure>\n<\/section>\n<section id=\"applications\">\n<h3>Aplicativos<\/h3>\n<ul>\n<li>Matrizes fotovoltaicas residenciais e comerciais de pequeno porte com 3 strings<\/li>\n<li>Telhados solares que exigem isolamento baseado em disjuntor<\/li>\n<li>Projetos solares externos que precisam de prote\u00e7\u00e3o IP65 \/ IK09<\/li>\n<\/ul>\n<p>Relacionado: <a href=\"\/pt\/fusivel-dc\/\">Fus\u00edvel CC<\/a>, <a href=\"\/pt\/dc-spd\/\">Dispositivos de prote\u00e7\u00e3o contra surtos<\/a>, <a href=\"\/pt\/dc-disconnector\/\">Chaves seccionadoras CC<\/a>, <a href=\"\/pt\/dc-breaker\/\">Disjuntores CC<\/a>.<\/p>\n<\/section>\n<section id=\"faq\">\n<h3>PERGUNTAS FREQUENTES<\/h3>\n<div class=\"faq-item\">\n<h4>O que \u00e9 uma caixa combinadora fotovoltaica de 3 fios?<\/h4>\n<p>Uma caixa combinadora projetada para tr\u00eas strings fotovoltaicas, fornecendo prote\u00e7\u00e3o de fus\u00edvel, SPD e disjuntor de at\u00e9 1000 VDC.<\/p>\n<\/div>\n<div class=\"faq-item\">\n<h4>Ele usa um disjuntor?<\/h4>\n<p>Sim, os modelos da s\u00e9rie HD integram um disjuntor CC (MCB) para isolamento seguro, ao contr\u00e1rio dos modelos HS que usam chaves seccionadoras.<\/p>\n<\/div>\n<div class=\"faq-item\">\n<h4>Quais classifica\u00e7\u00f5es de corrente s\u00e3o suportadas?<\/h4>\n<p>Os fus\u00edveis s\u00e3o normalmente classificados em 16 A por string, enquanto o disjuntor suporta 32-63 A.<\/p>\n<\/div>\n<div class=\"faq-item\">\n<h4>Ele \u00e9 classificado para uso externo?<\/h4>\n<p>Sim, o gabinete tem classifica\u00e7\u00e3o de entrada IP65 e de impacto IK09, projetado para sistemas solares externos.<\/p>\n<\/div>\n<\/section>\n<section id=\"cta\">\n<h3>Solicite uma cota\u00e7\u00e3o<\/h3>\n<p>Envie-nos as especifica\u00e7\u00f5es do seu painel fotovoltaico e configuraremos a caixa combinadora de 3 strings de acordo. <a href=\"\/pt\/entre-em-contato-conosco\/\">Solicite uma cota\u00e7\u00e3o \u2192<\/a><\/p>\n<\/section>","protected":false},"excerpt":{"rendered":"<p>(1) <strong data-start=\"348\" data-end=\"376\">Caixa combinadora fotovoltaica de 3 fios<\/strong> para <strong data-start=\"381\" data-end=\"392\">1000VDC<\/strong> sistemas solares fotovoltaicos.<br data-start=\"410\" data-end=\"413\" \/>(2) Equipado com <strong data-start=\"431\" data-end=\"478\">3\u00d7 fus\u00edveis CC + SPD tipo 2 + disjuntor CC (MCB)<\/strong> para uma prote\u00e7\u00e3o confi\u00e1vel.<br data-start=\"503\" data-end=\"506\" \/>(3) Resistente <strong data-start=\"517\" data-end=\"532\">IP65 \/ IK09<\/strong> Gabinete para PC, montado na parede, prensa-cabos PG para cabos de 2,5 a 16 mm\u00b2.<\/p>","protected":false},"featured_media":1473,"comment_status":"open","ping_status":"closed","template":"","meta":[],"product_brand":[],"product_cat":[30],"product_tag":[],"class_list":{"0":"post-1471","1":"product","2":"type-product","3":"status-publish","4":"has-post-thumbnail","6":"product_cat-pv-combiner-box","8":"first","9":"instock","10":"shipping-taxable","11":"product-type-simple"},"_links":{"self":[{"href":"https:\/\/sinobreaker.com\/pt\/wp-json\/wp\/v2\/product\/1471","targetHints":{"allow":["GET"]}}],"collection":[{"href":"https:\/\/sinobreaker.com\/pt\/wp-json\/wp\/v2\/product"}],"about":[{"href":"https:\/\/sinobreaker.com\/pt\/wp-json\/wp\/v2\/types\/product"}],"replies":[{"embeddable":true,"href":"https:\/\/sinobreaker.com\/pt\/wp-json\/wp\/v2\/comments?post=1471"}],"wp:featuredmedia":[{"embeddable":true,"href":"https:\/\/sinobreaker.com\/pt\/wp-json\/wp\/v2\/media\/1473"}],"wp:attachment":[{"href":"https:\/\/sinobreaker.com\/pt\/wp-json\/wp\/v2\/media?parent=1471"}],"wp:term":[{"taxonomy":"product_brand","embeddable":true,"href":"https:\/\/sinobreaker.com\/pt\/wp-json\/wp\/v2\/product_brand?post=1471"},{"taxonomy":"product_cat","embeddable":true,"href":"https:\/\/sinobreaker.com\/pt\/wp-json\/wp\/v2\/product_cat?post=1471"},{"taxonomy":"product_tag","embeddable":true,"href":"https:\/\/sinobreaker.com\/pt\/wp-json\/wp\/v2\/product_tag?post=1471"}],"curies":[{"name":"wp","href":"https:\/\/api.w.org\/{rel}","templated":true}]}}