{"id":1475,"date":"2025-08-25T09:55:54","date_gmt":"2025-08-25T09:55:54","guid":{"rendered":"https:\/\/sinobreaker.com\/?post_type=product&#038;p=1475"},"modified":"2025-08-25T09:55:54","modified_gmt":"2025-08-25T09:55:54","slug":"4-string-pv-combiner-box-dual-outputs","status":"publish","type":"product","link":"https:\/\/sinobreaker.com\/pt\/products\/4-string-pv-combiner-box-dual-outputs\/","title":{"rendered":"Caixa combinadora fotovoltaica de 4 strings com sa\u00eddas duplas de 1000 VDC | S\u00e9rie HD com fus\u00edvel, SPD e disjuntor"},"content":{"rendered":"<section id=\"overview\">\n<h2>S\u00e9rie HD - Caixa combinadora fotovoltaica de 4 strings com sa\u00eddas duplas de 1000 VCC<\/h2>\n<p>O <strong>S\u00e9rie HD<\/strong> <strong>Caixa combinadora fotovoltaica de 4 cordas com sa\u00eddas duplas<\/strong> foi projetado para matrizes fotovoltaicas de m\u00e9dia escala. Ele aceita quatro entradas de string e fornece duas sa\u00eddas independentes. Cada string \u00e9 protegida individualmente por um <a href=\"\/pt\/fusivel-dc\/\">Fus\u00edvel CC<\/a>, e o sistema integra um <a href=\"\/pt\/dc-spd\/\">SPD Tipo 2<\/a> e um <a href=\"\/pt\/dc-breaker\/\">Disjuntor CC<\/a> para supress\u00e3o de surtos e isolamento de circuitos.<\/p>\n<p>Explore a linha completa de produtos em nosso <a href=\"\/pt\/caixa-combinadora-fotovoltaica\/\">P\u00e1gina de destino da PV Combiner Box<\/a>, e saiba mais sobre os servi\u00e7os OEM no site <a href=\"\/pt\/pv-combiner-manufacturer\/\">p\u00e1gina do fabricante<\/a>. Para alternativas baseadas em switch, consulte o <a href=\"\/pt\/dc-disconnector\/\">Chave seccionadora CC<\/a>. Para pre\u00e7os, <a href=\"\/pt\/entre-em-contato-conosco\/\">Entre em contato conosco<\/a>.<\/p>\n<\/section>\n<section id=\"key-features\">\n<h3>Principais recursos<\/h3>\n<ul>\n<li><strong>Topologia:<\/strong> 4 cordas (4 entradas \/ 2 sa\u00eddas)<\/li>\n<li><strong>Tens\u00e3o do sistema:<\/strong> 1000V CC<\/li>\n<li><strong>Dispositivos de prote\u00e7\u00e3o:<\/strong> 4 \u00d7 <a href=\"\/pt\/fusivel-dc\/\">Fus\u00edveis CC de 10\u00d738 mm<\/a>, <a href=\"\/pt\/dc-spd\/\">SPD Tipo 2<\/a> (40 kA), <a href=\"\/pt\/dc-breaker\/\">Disjuntor CC (MCB)<\/a><\/li>\n<li><strong>Anexo:<\/strong> PC, <strong>IP65<\/strong> entrada, <strong>IK09<\/strong> resist\u00eancia ao impacto<\/li>\n<li><strong>Fia\u00e7\u00e3o:<\/strong> Entradas PG09, sa\u00eddas duplas PG21; faixa de condutores 2,5-16 mm\u00b2<\/li>\n<li><strong>Padr\u00f5es:<\/strong> SPD testado para<br \/>\n<a href=\"https:\/\/www.iec.ch\/\" target=\"_blank\" rel=\"nofollow noopener\">IEC\/EN 61643-31<\/a>em conformidade com<br \/>\n<a href=\"https:\/\/single-market-economy.ec.europa.eu\/single-market\/european-standards\/harmonised-standards_en\" target=\"_blank\" rel=\"nofollow noopener\">CE<\/a> e<br \/>\n<a href=\"https:\/\/www.ul.com\/\" target=\"_blank\" rel=\"nofollow noopener\">UL<\/a>.<\/li>\n<\/ul>\n<\/section>\n<section id=\"specifications\">\n<h3>Especifica\u00e7\u00f5es t\u00e9cnicas<\/h3>\n<table>\n<thead>\n<tr>\n<th>Especifica\u00e7\u00e3o<\/th>\n<th>Valor<\/th>\n<\/tr>\n<\/thead>\n<tbody>\n<tr>\n<td>S\u00e9rie<\/td>\n<td>HD<\/td>\n<\/tr>\n<tr>\n<td>Entrada \/ Sa\u00edda<\/td>\n<td>4 cordas (4 entradas \/ 2 sa\u00eddas)<\/td>\n<\/tr>\n<tr>\n<td>Tens\u00e3o m\u00e1xima do sistema<\/td>\n<td>1000V CC<\/td>\n<\/tr>\n<tr>\n<td>Corrente m\u00e1xima de entrada<\/td>\n<td>16 A por corda<\/td>\n<\/tr>\n<tr>\n<td>Corrente m\u00e1xima de sa\u00edda<\/td>\n<td>2 \u00d7 32 A<\/td>\n<\/tr>\n<tr>\n<td>Dispositivo de prote\u00e7\u00e3o contra surtos<\/td>\n<td>SPD tipo 2, 40 kA<\/td>\n<\/tr>\n<tr>\n<td>Fus\u00edvel<\/td>\n<td>4 \u00d7 10\u00d738 mm Fus\u00edveis CC, tipo 16 A<\/td>\n<\/tr>\n<tr>\n<td>Disjuntor<\/td>\n<td>Disjuntor CC (MCB), 32-63 A<\/td>\n<\/tr>\n<tr>\n<td>Gabinete<\/td>\n<td>PC, IP65<\/td>\n<\/tr>\n<tr>\n<td>Resist\u00eancia ao impacto<\/td>\n<td>IK09<\/td>\n<\/tr>\n<tr>\n<td>Dimens\u00f5es<\/td>\n<td>~300 \u00d7 260 \u00d7 120 mm<\/td>\n<\/tr>\n<tr>\n<td>Entradas de cabos<\/td>\n<td>Entradas PG09; sa\u00eddas PG21<\/td>\n<\/tr>\n<tr>\n<td>Tamanho do condutor<\/td>\n<td>2,5-16 mm\u00b2<\/td>\n<\/tr>\n<tr>\n<td>Temperatura operacional<\/td>\n<td>-20 \u2103 ~ +60 \u2103<\/td>\n<\/tr>\n<tr>\n<td>Umidade<\/td>\n<td>\u2264 99%<\/td>\n<\/tr>\n<tr>\n<td>Altitude<\/td>\n<td>\u2264 2000 m<\/td>\n<\/tr>\n<tr>\n<td>Instala\u00e7\u00e3o<\/td>\n<td>Montagem na parede<\/td>\n<\/tr>\n<\/tbody>\n<\/table>\n<\/section>\n<section id=\"wiring-diagram\">\n<h3>Diagrama de fia\u00e7\u00e3o<\/h3>\n<figure><img loading=\"lazy\" decoding=\"async\" class=\"alignnone  wp-image-1476\" src=\"https:\/\/sinobreaker.com\/wp-content\/uploads\/2025\/08\/HD4-2D-300x253.png\" alt=\"Diagrama da caixa combinadora fotovoltaica de 4 cordas\" width=\"458\" height=\"386\" srcset=\"https:\/\/sinobreaker.com\/wp-content\/uploads\/2025\/08\/HD4-2D-300x253.png 300w, https:\/\/sinobreaker.com\/wp-content\/uploads\/2025\/08\/HD4-2D-14x12.png 14w, https:\/\/sinobreaker.com\/wp-content\/uploads\/2025\/08\/HD4-2D-600x506.png 600w, https:\/\/sinobreaker.com\/wp-content\/uploads\/2025\/08\/HD4-2D.png 673w\" sizes=\"auto, (max-width: 458px) 100vw, 458px\" \/><figcaption>Quatro strings fotovoltaicas \u2192 Fus\u00edveis \u2192 SPD \u2192 Disjuntor CC \u2192 Duas sa\u00eddas<\/figcaption><\/figure>\n<\/section>\n<section id=\"applications\">\n<h3>Aplicativos<\/h3>\n<ul>\n<li>Telhados fotovoltaicos comerciais com 4 strings<\/li>\n<li>Matrizes solares que exigem sa\u00eddas duplas para flexibilidade<\/li>\n<li>Projetos fotovoltaicos externos com necessidades de prote\u00e7\u00e3o IP65\/IK09<\/li>\n<\/ul>\n<p>Relacionado: <a href=\"\/pt\/fusivel-dc\/\">Fus\u00edveis CC<\/a>, <a href=\"\/pt\/dc-spd\/\">Dispositivos de prote\u00e7\u00e3o contra surtos<\/a>, <a href=\"\/pt\/dc-disconnector\/\">Chaves seccionadoras CC<\/a>, <a href=\"\/pt\/dc-breaker\/\">Disjuntores CC<\/a>.<\/p>\n<\/section>\n<section id=\"faq\">\n<h3>PERGUNTAS FREQUENTES<\/h3>\n<div class=\"faq-item\">\n<h4>O que \u00e9 uma caixa combinadora fotovoltaica de 4 cordas com sa\u00eddas duplas?<\/h4>\n<p>Uma caixa combinadora que aceita quatro entradas de string fotovoltaica e fornece duas sa\u00eddas protegidas, integrando fus\u00edveis, SPD e um disjuntor.<\/p>\n<\/div>\n<div class=\"faq-item\">\n<h4>Ele inclui prote\u00e7\u00e3o contra surtos?<\/h4>\n<p>Sim, ele inclui um SPD Tipo 2 com classifica\u00e7\u00e3o de 40 kA.<\/p>\n<\/div>\n<div class=\"faq-item\">\n<h4>Ele \u00e9 classificado para uso externo?<\/h4>\n<p>Sim, o inv\u00f3lucro de policarbonato tem classifica\u00e7\u00e3o IP65 e IK09 para ambientes externos.<\/p>\n<\/div>\n<div class=\"faq-item\">\n<h4>Qual \u00e9 a diferen\u00e7a em rela\u00e7\u00e3o aos modelos 4 em 1 fora?<\/h4>\n<p>Esse modelo oferece duas sa\u00eddas, enquanto as vers\u00f5es 4 em 1 sa\u00edda combinam todas as cadeias de caracteres em uma \u00fanica sa\u00edda.<\/p>\n<\/div>\n<\/section>\n<section id=\"cta\">\n<h3>Solicite uma cota\u00e7\u00e3o<\/h3>\n<p>Entre em contato conosco com as especifica\u00e7\u00f5es do seu sistema fotovoltaico e configuraremos a caixa combinadora de sa\u00edda dupla HD 4 string de acordo. <a href=\"\/pt\/entre-em-contato-conosco\/\">Solicite uma cota\u00e7\u00e3o \u2192<\/a><\/p>\n<\/section>","protected":false},"excerpt":{"rendered":"<p>(1) <strong data-start=\"415\" data-end=\"461\">Caixa combinadora fotovoltaica de 4 cordas com sa\u00eddas duplas<\/strong> para <strong data-start=\"466\" data-end=\"477\">1000VDC<\/strong> Sistemas fotovoltaicos.<br data-start=\"489\" data-end=\"492\" \/>(2) Integrado <strong data-start=\"507\" data-end=\"554\">4 \u00d7 fus\u00edveis CC + SPD tipo 2 + disjuntor CC (MCB)<\/strong> para prote\u00e7\u00e3o contra surtos e sobrecorrente.<br data-start=\"592\" data-end=\"595\" \/>(3) Ao ar livre <strong data-start=\"607\" data-end=\"622\">IP65 \/ IK09<\/strong> Gabinete para PC, sa\u00eddas duplas, prensa-cabos PG para condutores de 2,5 a 16 mm\u00b2.<\/p>","protected":false},"featured_media":1477,"comment_status":"open","ping_status":"closed","template":"","meta":[],"product_brand":[],"product_cat":[30],"product_tag":[],"class_list":{"0":"post-1475","1":"product","2":"type-product","3":"status-publish","4":"has-post-thumbnail","6":"product_cat-pv-combiner-box","8":"first","9":"instock","10":"shipping-taxable","11":"product-type-simple"},"_links":{"self":[{"href":"https:\/\/sinobreaker.com\/pt\/wp-json\/wp\/v2\/product\/1475","targetHints":{"allow":["GET"]}}],"collection":[{"href":"https:\/\/sinobreaker.com\/pt\/wp-json\/wp\/v2\/product"}],"about":[{"href":"https:\/\/sinobreaker.com\/pt\/wp-json\/wp\/v2\/types\/product"}],"replies":[{"embeddable":true,"href":"https:\/\/sinobreaker.com\/pt\/wp-json\/wp\/v2\/comments?post=1475"}],"wp:featuredmedia":[{"embeddable":true,"href":"https:\/\/sinobreaker.com\/pt\/wp-json\/wp\/v2\/media\/1477"}],"wp:attachment":[{"href":"https:\/\/sinobreaker.com\/pt\/wp-json\/wp\/v2\/media?parent=1475"}],"wp:term":[{"taxonomy":"product_brand","embeddable":true,"href":"https:\/\/sinobreaker.com\/pt\/wp-json\/wp\/v2\/product_brand?post=1475"},{"taxonomy":"product_cat","embeddable":true,"href":"https:\/\/sinobreaker.com\/pt\/wp-json\/wp\/v2\/product_cat?post=1475"},{"taxonomy":"product_tag","embeddable":true,"href":"https:\/\/sinobreaker.com\/pt\/wp-json\/wp\/v2\/product_tag?post=1475"}],"curies":[{"name":"wp","href":"https:\/\/api.w.org\/{rel}","templated":true}]}}