{"id":1478,"date":"2025-08-25T10:01:10","date_gmt":"2025-08-25T10:01:10","guid":{"rendered":"https:\/\/sinobreaker.com\/?post_type=product&#038;p=1478"},"modified":"2025-08-25T10:01:11","modified_gmt":"2025-08-25T10:01:11","slug":"caixa-combinadora-fotovoltaica-de-6-fios","status":"publish","type":"product","link":"https:\/\/sinobreaker.com\/pt\/products\/6-string-pv-combiner-box\/","title":{"rendered":"Caixa combinadora fotovoltaica de 6 strings com sa\u00eddas duplas de 1000 VDC | S\u00e9rie HD com fus\u00edvel, SPD e disjuntor"},"content":{"rendered":"<section id=\"overview\">\n<h2>S\u00e9rie HD - Caixa combinadora fotovoltaica de 6 strings com sa\u00eddas duplas de 1000 VCC<\/h2>\n<p>O <strong>S\u00e9rie HD<\/strong> <strong>Caixa combinadora fotovoltaica de 6 cordas com sa\u00eddas duplas<\/strong> foi projetado para matrizes fotovoltaicas residenciais e comerciais maiores. Ele suporta seis entradas de string CC e fornece duas sa\u00eddas independentes. Cada entrada \u00e9 protegida por um fus\u00edvel individual, com um <a href=\"\/pt\/dc-spd\/\">SPD Tipo 2<\/a> e um <a href=\"\/pt\/dc-breaker\/\">Disjuntor CC (MCB)<\/a> garantindo opera\u00e7\u00e3o segura, supress\u00e3o de surtos e isolamento confi\u00e1vel.<\/p>\n<p>Explore nossa linha completa de produtos no site <a href=\"\/pt\/caixa-combinadora-fotovoltaica\/\">P\u00e1gina de destino da PV Combiner Box<\/a>e visite nossa <a href=\"\/pt\/pv-combiner-manufacturer\/\">p\u00e1gina do fabricante<\/a> para obter detalhes do OEM. Para alternativas de chaves seccionadoras, consulte a se\u00e7\u00e3o <a href=\"\/pt\/dc-disconnector\/\">Seccionador CC<\/a>. Para solicitar pre\u00e7os, <a href=\"\/pt\/entre-em-contato-conosco\/\">Entre em contato conosco<\/a>.<\/p>\n<\/section>\n<section id=\"key-features\">\n<h3>Principais recursos<\/h3>\n<ul>\n<li><strong>Topologia:<\/strong> 6 cordas (6 entradas \/ 2 sa\u00eddas)<\/li>\n<li><strong>Tens\u00e3o do sistema:<\/strong> 1000V CC<\/li>\n<li><strong>Dispositivos de prote\u00e7\u00e3o:<\/strong> 6 \u00d7 <a href=\"\/pt\/fusivel-dc\/\">Fus\u00edveis CC de 10\u00d738 mm<\/a>, <a href=\"\/pt\/dc-spd\/\">SPD Tipo 2<\/a> (40 kA), <a href=\"\/pt\/dc-breaker\/\">Disjuntor CC (MCB)<\/a> (63 A)<\/li>\n<li><strong>Anexo:<\/strong> Policarbonato, <strong>IP65<\/strong> entrada e <strong>IK09<\/strong> prote\u00e7\u00e3o contra impactos<\/li>\n<li><strong>Fia\u00e7\u00e3o:<\/strong> Entradas PG09, sa\u00eddas duplas PG21, condutores de 2,5 a 16 mm\u00b2.<\/li>\n<li><strong>Padr\u00f5es:<\/strong> SPD testado para<br \/>\n<a href=\"https:\/\/www.iec.ch\/\" target=\"_blank\" rel=\"nofollow noopener\">IEC\/EN 61643-31<\/a>em conformidade com<br \/>\n<a href=\"https:\/\/single-market-economy.ec.europa.eu\/single-market\/european-standards\/harmonised-standards_en\" target=\"_blank\" rel=\"nofollow noopener\">CE<\/a> e<br \/>\n<a href=\"https:\/\/www.ul.com\/\" target=\"_blank\" rel=\"nofollow noopener\">UL<\/a>.<\/li>\n<\/ul>\n<\/section>\n<section id=\"specifications\">\n<h3>Especifica\u00e7\u00f5es t\u00e9cnicas<\/h3>\n<table>\n<thead>\n<tr>\n<th>Especifica\u00e7\u00e3o<\/th>\n<th>Valor<\/th>\n<\/tr>\n<\/thead>\n<tbody>\n<tr>\n<td>S\u00e9rie<\/td>\n<td>HD<\/td>\n<\/tr>\n<tr>\n<td>Entrada \/ Sa\u00edda<\/td>\n<td>6 cordas (6 entradas \/ 2 sa\u00eddas)<\/td>\n<\/tr>\n<tr>\n<td>Tens\u00e3o m\u00e1xima do sistema<\/td>\n<td>1000V CC<\/td>\n<\/tr>\n<tr>\n<td>Corrente m\u00e1xima de entrada<\/td>\n<td>16 A por corda<\/td>\n<\/tr>\n<tr>\n<td>Corrente m\u00e1xima de sa\u00edda<\/td>\n<td>2 \u00d7 48 A<\/td>\n<\/tr>\n<tr>\n<td>Dispositivo de prote\u00e7\u00e3o contra surtos<\/td>\n<td>SPD tipo 2, 40 kA<\/td>\n<\/tr>\n<tr>\n<td>Fus\u00edvel<\/td>\n<td>6 \u00d7 10\u00d738 mm Fus\u00edveis CC, tipo 16 A<\/td>\n<\/tr>\n<tr>\n<td>Disjuntor<\/td>\n<td>Disjuntor CC (MCB), 63 A<\/td>\n<\/tr>\n<tr>\n<td>Gabinete<\/td>\n<td>PC, IP65<\/td>\n<\/tr>\n<tr>\n<td>Resist\u00eancia ao impacto<\/td>\n<td>IK09<\/td>\n<\/tr>\n<tr>\n<td>Dimens\u00f5es<\/td>\n<td>~340 \u00d7 280 \u00d7 130 mm<\/td>\n<\/tr>\n<tr>\n<td>Entradas de cabos<\/td>\n<td>Entradas PG09; sa\u00eddas duplas PG21<\/td>\n<\/tr>\n<tr>\n<td>Tamanho do condutor<\/td>\n<td>2,5-16 mm\u00b2<\/td>\n<\/tr>\n<tr>\n<td>Temperatura operacional<\/td>\n<td>-20 \u2103 ~ +60 \u2103<\/td>\n<\/tr>\n<tr>\n<td>Umidade<\/td>\n<td>\u2264 99%<\/td>\n<\/tr>\n<tr>\n<td>Altitude<\/td>\n<td>\u2264 2000 m<\/td>\n<\/tr>\n<tr>\n<td>Instala\u00e7\u00e3o<\/td>\n<td>Montagem na parede<\/td>\n<\/tr>\n<\/tbody>\n<\/table>\n<\/section>\n<section id=\"wiring-diagram\">\n<h3>Diagrama de fia\u00e7\u00e3o<\/h3>\n<figure>Caixa combinadora fotovoltaica de 6 fios<figcaption>Seis strings fotovoltaicas \u2192 Fus\u00edveis \u2192 SPD \u2192 Disjuntor CC \u2192 Sa\u00eddas duplas<\/figcaption><\/figure>\n<\/section>\n<section id=\"applications\">\n<h3>Aplicativos<\/h3>\n<ul>\n<li>Pain\u00e9is fotovoltaicos residenciais de m\u00e9dio a grande porte com 6 strings<\/li>\n<li>Sistemas fotovoltaicos comerciais montados no telhado e no solo<\/li>\n<li>Projetos externos que exigem gabinetes IP65 \/ IK09<\/li>\n<\/ul>\n<p>Relacionado: <a href=\"\/pt\/fusivel-dc\/\">Fus\u00edveis CC<\/a>, <a href=\"\/pt\/dc-spd\/\">Dispositivos de prote\u00e7\u00e3o contra surtos<\/a>, <a href=\"\/pt\/dc-disconnector\/\">Chaves seccionadoras CC<\/a>, <a href=\"\/pt\/dc-breaker\/\">Disjuntores CC<\/a>.<\/p>\n<\/section>\n<section id=\"faq\">\n<h3>PERGUNTAS FREQUENTES<\/h3>\n<div class=\"faq-item\">\n<h4>O que \u00e9 uma caixa combinadora fotovoltaica de 6 cordas com sa\u00eddas duplas?<\/h4>\n<p>Uma caixa combinadora que suporta seis entradas fotovoltaicas e fornece duas sa\u00eddas, com fus\u00edveis, SPD e disjuntor integrados.<\/p>\n<\/div>\n<div class=\"faq-item\">\n<h4>Ele oferece prote\u00e7\u00e3o contra surtos?<\/h4>\n<p>Sim, ele integra um SPD Tipo 2 com classifica\u00e7\u00e3o de 40 kA.<\/p>\n<\/div>\n<div class=\"faq-item\">\n<h4>Ele \u00e9 classificado para uso externo?<\/h4>\n<p>Sim, o gabinete do PC tem classifica\u00e7\u00e3o IP65 e IK09 para aplica\u00e7\u00f5es solares externas.<\/p>\n<\/div>\n<div class=\"faq-item\">\n<h4>O que o torna diferente dos modelos menores?<\/h4>\n<p>O HD-6\/2 suporta o maior n\u00famero de strings da s\u00e9rie, ideal para conjuntos fotovoltaicos maiores que precisam de sa\u00eddas duplas.<\/p>\n<\/div>\n<\/section>\n<section id=\"cta\">\n<h3>Solicite uma cota\u00e7\u00e3o<\/h3>\n<p>Compartilhe os detalhes do seu painel fotovoltaico e configuraremos a caixa combinadora HD-6\/2 de acordo com eles. <a href=\"\/pt\/entre-em-contato-conosco\/\">Solicite uma cota\u00e7\u00e3o \u2192<\/a><\/p>\n<\/section>","protected":false},"excerpt":{"rendered":"<p>(1) <strong data-start=\"441\" data-end=\"487\">Caixa combinadora fotovoltaica de 6 cordas com sa\u00eddas duplas<\/strong> para <strong data-start=\"492\" data-end=\"503\">1000VDC<\/strong> sistemas solares fotovoltaicos.<br data-start=\"521\" data-end=\"524\" \/>(2) Integrado <strong data-start=\"539\" data-end=\"586\">6 \u00d7 fus\u00edveis CC + SPD tipo 2 + disjuntor CC (MCB)<\/strong> para m\u00e1xima confiabilidade.<br data-start=\"611\" data-end=\"614\" \/>(3) Servi\u00e7o pesado <strong data-start=\"629\" data-end=\"644\">IP65 \/ IK09<\/strong> Caixa para PC, montada na parede, sa\u00eddas duplas com prensa-cabos PG de 2,5 a 16 mm\u00b2.<\/p>","protected":false},"featured_media":1480,"comment_status":"open","ping_status":"closed","template":"","meta":[],"product_brand":[],"product_cat":[30],"product_tag":[],"class_list":{"0":"post-1478","1":"product","2":"type-product","3":"status-publish","4":"has-post-thumbnail","6":"product_cat-pv-combiner-box","8":"first","9":"instock","10":"shipping-taxable","11":"product-type-simple"},"_links":{"self":[{"href":"https:\/\/sinobreaker.com\/pt\/wp-json\/wp\/v2\/product\/1478","targetHints":{"allow":["GET"]}}],"collection":[{"href":"https:\/\/sinobreaker.com\/pt\/wp-json\/wp\/v2\/product"}],"about":[{"href":"https:\/\/sinobreaker.com\/pt\/wp-json\/wp\/v2\/types\/product"}],"replies":[{"embeddable":true,"href":"https:\/\/sinobreaker.com\/pt\/wp-json\/wp\/v2\/comments?post=1478"}],"wp:featuredmedia":[{"embeddable":true,"href":"https:\/\/sinobreaker.com\/pt\/wp-json\/wp\/v2\/media\/1480"}],"wp:attachment":[{"href":"https:\/\/sinobreaker.com\/pt\/wp-json\/wp\/v2\/media?parent=1478"}],"wp:term":[{"taxonomy":"product_brand","embeddable":true,"href":"https:\/\/sinobreaker.com\/pt\/wp-json\/wp\/v2\/product_brand?post=1478"},{"taxonomy":"product_cat","embeddable":true,"href":"https:\/\/sinobreaker.com\/pt\/wp-json\/wp\/v2\/product_cat?post=1478"},{"taxonomy":"product_tag","embeddable":true,"href":"https:\/\/sinobreaker.com\/pt\/wp-json\/wp\/v2\/product_tag?post=1478"}],"curies":[{"name":"wp","href":"https:\/\/api.w.org\/{rel}","templated":true}]}}