{"id":992,"date":"2025-08-17T09:48:57","date_gmt":"2025-08-17T09:48:57","guid":{"rendered":"https:\/\/sinobreaker.com\/?post_type=product&#038;p=992"},"modified":"2025-08-18T08:47:00","modified_gmt":"2025-08-18T08:47:00","slug":"14x85mm-3050a-1500vdc-50ka-gpv-pv-solar-fuses","status":"publish","type":"product","link":"https:\/\/sinobreaker.com\/pt\/products\/14x85mm-3050a-1500vdc-50ka-gpv-pv-solar-fuses\/","title":{"rendered":"14x85mm 30~50A 1500VDC 50kA CFPV Fus\u00edveis solares fotovoltaicos"},"content":{"rendered":"<p>A s\u00e9rie de fus\u00edveis fotovoltaicos de 14x85 mm foi projetada especificamente para sistemas de gera\u00e7\u00e3o de energia solar fotovoltaica (PV), fornecendo prote\u00e7\u00e3o confi\u00e1vel com uma tens\u00e3o nominal alta de at\u00e9 1500V CC e corrente nominal de at\u00e9 50A. Esses fus\u00edveis s\u00e3o ideais para conex\u00e3o com pain\u00e9is fotovoltaicos e baterias para proteger sistemas de fluxo vari\u00e1vel, oferecendo prote\u00e7\u00e3o contra interrup\u00e7\u00e3o de curto-circuito em esta\u00e7\u00f5es fotovoltaicas e sistemas de gera\u00e7\u00e3o de energia. Com uma impressionante capacidade de interrup\u00e7\u00e3o de 50kA, essa s\u00e9rie de fus\u00edveis \u00e9 um componente essencial para garantir a seguran\u00e7a e a efici\u00eancia das aplica\u00e7\u00f5es de energia solar.<\/p>\n<p><strong>Principais recursos<\/strong><\/p>\n<ul>\n<li><strong>Compatibilidade com alta tens\u00e3o<\/strong>: Suporta at\u00e9 1500 V CC, atendendo aos requisitos dos sistemas solares de alta tens\u00e3o.<\/li>\n<li><strong>Ampla faixa de corrente<\/strong>: Corrente nominal de 30A a 50A, com op\u00e7\u00f5es de at\u00e9 50A, para atender a v\u00e1rias aplica\u00e7\u00f5es fotovoltaicas.<\/li>\n<li><strong>Capacidade de ruptura excepcional<\/strong>: Com uma capacidade de interrup\u00e7\u00e3o nominal de 50kA, ele oferece prote\u00e7\u00e3o confi\u00e1vel contra curto-circuito.<\/li>\n<li><strong>Conformidade com a classe GPV<\/strong>: Certificado como Classe GPV (Fus\u00edvel Fotovoltaico), em conformidade com as normas IEC 60269-6, especificamente para prote\u00e7\u00e3o fotovoltaica.<\/li>\n<li><strong>Tempo de resposta r\u00e1pido<\/strong>: Uma constante de tempo de 1-3 ms garante uma prote\u00e7\u00e3o r\u00e1pida e eficiente do circuito.<\/li>\n<\/ul>\n<p>&nbsp;<\/p>\n<p><strong>Caracter\u00edsticas el\u00e9tricas<\/strong><\/p>\n<div class=\"horizontal-scroll-wrapper\">\n<div class=\"table-block-component\">\n<div class=\"table-block\">\n<div class=\"table-content not-end-of-paragraph\">\n<table width=\"1046\" data-sourcepos=\"3:1-9:106\">\n<tbody>\n<tr data-sourcepos=\"3:1-3:81\">\n<th data-sourcepos=\"3:1-3:15\">N\u00famero de s\u00e9rie<\/th>\n<th data-sourcepos=\"3:17-3:23\">Modelo<\/th>\n<th data-sourcepos=\"3:25-3:43\">Corrente nominal (A)<\/th>\n<th data-sourcepos=\"3:45-3:60\">Perda de watts (W)<\/th>\n<th data-sourcepos=\"3:62-3:79\">Integrais de energia<\/th>\n<\/tr>\n<tr data-sourcepos=\"5:1-5:103\">\n<td data-sourcepos=\"5:1-5:3\">1<\/td>\n<td data-sourcepos=\"5:5-5:23\">1500VDC\/14X85\/30A<\/td>\n<td data-sourcepos=\"5:25-5:28\">30<\/td>\n<td data-sourcepos=\"5:30-5:54\">0,8ln: 4,57, 1,0ln: 8,6<\/td>\n<td data-sourcepos=\"5:56-5:101\">Pr\u00e9-arco 12t(A25): 90, Total 12t(A2s): 720<\/td>\n<\/tr>\n<tr data-sourcepos=\"6:1-6:104\">\n<td data-sourcepos=\"6:1-6:3\">2<\/td>\n<td data-sourcepos=\"6:5-6:23\">1500VDC\/14X85\/32A<\/td>\n<td data-sourcepos=\"6:25-6:28\">32<\/td>\n<td data-sourcepos=\"6:30-6:55\">0,8ln: 4,72, 1,0ln: 8,85<\/td>\n<td data-sourcepos=\"6:57-6:102\">12t(A25) pr\u00e9-arco: 95, Total 12t(A2s): 730<\/td>\n<\/tr>\n<tr data-sourcepos=\"7:1-7:104\">\n<td data-sourcepos=\"7:1-7:3\">3<\/td>\n<td data-sourcepos=\"7:5-7:23\">1500VDC\/14X85\/35A<\/td>\n<td data-sourcepos=\"7:25-7:28\">35<\/td>\n<td data-sourcepos=\"7:30-7:55\">0,8ln: 5,12, 1,0ln: 9,35<\/td>\n<td data-sourcepos=\"7:57-7:102\">12t(A25) pr\u00e9-arco: 95, Total 12t(A2s): 750<\/td>\n<\/tr>\n<tr data-sourcepos=\"8:1-8:105\">\n<td data-sourcepos=\"8:1-8:3\">4<\/td>\n<td data-sourcepos=\"8:5-8:23\">1500VDC\/14X85\/40A<\/td>\n<td data-sourcepos=\"8:25-8:28\">40<\/td>\n<td data-sourcepos=\"8:30-8:55\">0,8ln: 6,63, 1,0ln: 12,5<\/td>\n<td data-sourcepos=\"8:57-8:103\">Pr\u00e9-arco de 12t (A25): 125, Total 12t (A2s): 800<\/td>\n<\/tr>\n<tr data-sourcepos=\"9:1-9:106\">\n<td data-sourcepos=\"9:1-9:3\">5<\/td>\n<td data-sourcepos=\"9:5-9:23\">1500VDC\/14X85\/50A<\/td>\n<td data-sourcepos=\"9:25-9:28\">50<\/td>\n<td data-sourcepos=\"9:30-9:56\">0,8ln: 7,25, 1,0ln: 13,65<\/td>\n<td data-sourcepos=\"9:58-9:104\">Pr\u00e9-arco 12t(A25): 125, Total 12t(A2s): 920<\/td>\n<\/tr>\n<\/tbody>\n<\/table>\n<\/div>\n<\/div>\n<\/div>\n<\/div>\n<p><strong>Cen\u00e1rios de aplicativos<\/strong><\/p>\n<p>Esse fus\u00edvel PV de 10x85 mm \u00e9 ideal para uso em:<\/p>\n<ul>\n<li><strong>Sistemas de gera\u00e7\u00e3o de energia solar<\/strong>: Protege as instala\u00e7\u00f5es fotovoltaicas, isolando falhas e evitando danos aos equipamentos conectados.<\/li>\n<li><strong>Pain\u00e9is fotovoltaicos e conex\u00f5es de bateria<\/strong>: Oferece prote\u00e7\u00e3o de corrente est\u00e1vel para sistemas de carregamento de baterias vinculados a pain\u00e9is fotovoltaicos.<\/li>\n<li><strong>Esta\u00e7\u00f5es fotovoltaicas<\/strong>: Essencial para gerenciar a seguran\u00e7a e a confiabilidade das usinas de energia fotovoltaica com altas correntes de falha.<\/li>\n<\/ul>\n<p>Esses fus\u00edveis s\u00e3o uma op\u00e7\u00e3o confi\u00e1vel para aplica\u00e7\u00f5es de energia solar fotovoltaica, fornecendo prote\u00e7\u00e3o, durabilidade e seguran\u00e7a aprimoradas para uma gera\u00e7\u00e3o de energia solar duradoura.<\/p>","protected":false},"excerpt":{"rendered":"<ul>\n<li><strong>Corrente nominal:<\/strong>30~50A<\/li>\n<li><strong>Tens\u00e3o nominal<\/strong>: 1500V DC<\/li>\n<li><strong>Capacidade de ruptura<\/strong>: 50KA<\/li>\n<li><strong>Classe<\/strong>: GPV<\/li>\n<li><strong>Padr\u00f5es de conformidade<\/strong>: UL248-19 \/ IEC60269-6 \/ GB\/T13539-6<\/li>\n<\/ul>","protected":false},"featured_media":1020,"comment_status":"closed","ping_status":"closed","template":"","meta":[],"product_brand":[],"product_cat":[26],"product_tag":[],"class_list":{"0":"post-992","1":"product","2":"type-product","3":"status-publish","4":"has-post-thumbnail","6":"product_cat-dc-fuse","8":"first","9":"instock","10":"shipping-taxable","11":"product-type-simple"},"_links":{"self":[{"href":"https:\/\/sinobreaker.com\/pt\/wp-json\/wp\/v2\/product\/992","targetHints":{"allow":["GET"]}}],"collection":[{"href":"https:\/\/sinobreaker.com\/pt\/wp-json\/wp\/v2\/product"}],"about":[{"href":"https:\/\/sinobreaker.com\/pt\/wp-json\/wp\/v2\/types\/product"}],"replies":[{"embeddable":true,"href":"https:\/\/sinobreaker.com\/pt\/wp-json\/wp\/v2\/comments?post=992"}],"wp:featuredmedia":[{"embeddable":true,"href":"https:\/\/sinobreaker.com\/pt\/wp-json\/wp\/v2\/media\/1020"}],"wp:attachment":[{"href":"https:\/\/sinobreaker.com\/pt\/wp-json\/wp\/v2\/media?parent=992"}],"wp:term":[{"taxonomy":"product_brand","embeddable":true,"href":"https:\/\/sinobreaker.com\/pt\/wp-json\/wp\/v2\/product_brand?post=992"},{"taxonomy":"product_cat","embeddable":true,"href":"https:\/\/sinobreaker.com\/pt\/wp-json\/wp\/v2\/product_cat?post=992"},{"taxonomy":"product_tag","embeddable":true,"href":"https:\/\/sinobreaker.com\/pt\/wp-json\/wp\/v2\/product_tag?post=992"}],"curies":[{"name":"wp","href":"https:\/\/api.w.org\/{rel}","templated":true}]}}